{"id":9548,"date":"2026-02-04T12:53:39","date_gmt":"2026-02-04T12:53:39","guid":{"rendered":"https:\/\/slimex.to\/zasady-vraceni-penez-a-zbozi\/"},"modified":"2026-03-10T15:20:30","modified_gmt":"2026-03-10T15:20:30","slug":"zasady-vraceni-penez-a-zbozi","status":"publish","type":"page","link":"https:\/\/slimex.to\/cs\/zasady-vraceni-penez-a-zbozi\/","title":{"rendered":"Z\u00e1sady vracen\u00ed pen\u011bz a zbo\u017e\u00ed"},"content":{"rendered":"\n<p><b>Toto je uk\u00e1zkov\u00e1 str\u00e1nka.<\/b><\/p>\n\n<h2 class=\"wp-block-heading\">P\u0159ehled<\/h2>\n\n<p>Na\u0161e z\u00e1sady vracen\u00ed pen\u011bz a zbo\u017e\u00ed plat\u00ed 30dn\u00ed. Pokud od va\u0161eho n\u00e1kupu uplynulo v\u00edce ne\u017e 30dn\u00ed, nem\u016f\u017eeme v\u00e1m nab\u00eddnout plnou n\u00e1hradu ani v\u00fdm\u011bnu. <\/p>\n\n<p>Aby bylo mo\u017en\u00e9 zbo\u017e\u00ed vr\u00e1tit, mus\u00ed b\u00fdt nepou\u017eit\u00e9 a ve stejn\u00e9m stavu, v jak\u00e9m jste jej obdr\u017eeli. Mus\u00ed b\u00fdt tak\u00e9 v p\u016fvodn\u00edm obalu. <\/p>\n\n<p>N\u011bkter\u00e9 druhy zbo\u017e\u00ed jsou z vr\u00e1cen\u00ed vyjmuty. Nelze vr\u00e1tit zbo\u017e\u00ed podl\u00e9haj\u00edc\u00ed rychl\u00e9 zk\u00e1ze, jako jsou potraviny, kv\u011btiny, noviny nebo \u010dasopisy. Nep\u0159ij\u00edm\u00e1me tak\u00e9 produkty, kter\u00e9 jsou intimn\u00edm nebo hygienick\u00fdm zbo\u017e\u00edm, nebezpe\u010dn\u00e9 materi\u00e1ly nebo ho\u0159lav\u00e9 kapaliny \u010di plyny.  <\/p>\n\n<p>Dal\u0161\u00ed polo\u017eky, kter\u00e9 nelze vr\u00e1tit:<\/p>\n\n<ul class=\"wp-block-list\">\n<li>D\u00e1rkov\u00e9 karty<\/li>\n<li>Softwarov\u00e9 produkty ke sta\u017een\u00ed<\/li>\n<li>N\u011bkter\u00e9 polo\u017eky pro zdrav\u00ed a osobn\u00ed p\u00e9\u010di<\/li>\n<\/ul>\n\n<p>K dokon\u010den\u00ed vr\u00e1cen\u00ed vy\u017eadujeme \u00fa\u010dtenku nebo doklad o koupi.<\/p>\n\n<p>Nepos\u00edlejte pros\u00edm sv\u016fj n\u00e1kup zp\u011bt v\u00fdrobci.<\/p>\n\n<p>Existuj\u00ed ur\u010dit\u00e9 situace, kdy jsou poskytov\u00e1ny pouze \u010d\u00e1ste\u010dn\u00e9 n\u00e1hrady:<\/p>\n\n<ul class=\"wp-block-list\">\n<li>Kniha se zjevn\u00fdmi zn\u00e1mkami pou\u017e\u00edv\u00e1n\u00ed<\/li>\n<li>CD, DVD, VHS kazeta, software, videohra, magnetofonov\u00e1 kazeta nebo vinylov\u00e1 deska, kter\u00e1 byla otev\u0159ena.<\/li>\n<li>Jak\u00e1koli polo\u017eka, kter\u00e1 nen\u00ed v p\u016fvodn\u00edm stavu, je po\u0161kozen\u00e1 nebo j\u00ed chyb\u00ed \u010d\u00e1sti z d\u016fvod\u016f, kter\u00e9 nevznikly na\u0161\u00ed chybou.<\/li>\n<li>Jak\u00e1koli polo\u017eka, kter\u00e1 je vr\u00e1cena v\u00edce ne\u017e 30dn\u00ed po doru\u010den\u00ed<\/li>\n<\/ul>\n\n<h2 class=\"wp-block-heading\">Vr\u00e1cen\u00ed pen\u011bz<\/h2>\n\n<p>Jakmile obdr\u017e\u00edme a zkontrolujeme vr\u00e1cen\u00e9 zbo\u017e\u00ed, za\u0161leme v\u00e1m e-mail s ozn\u00e1men\u00edm, \u017ee jsme jej obdr\u017eeli. Budeme v\u00e1s tak\u00e9 informovat o schv\u00e1len\u00ed nebo zam\u00edtnut\u00ed va\u0161\u00ed \u017e\u00e1dosti o vr\u00e1cen\u00ed pen\u011bz. <\/p>\n\n<p>Pokud bude va\u0161e \u017e\u00e1dost schv\u00e1lena, bude vr\u00e1cen\u00ed pen\u011bz zpracov\u00e1no a b\u011bhem ur\u010dit\u00e9ho po\u010dtu dn\u00ed bude automaticky p\u0159ips\u00e1n kredit na va\u0161i kreditn\u00ed kartu nebo p\u016fvodn\u00ed zp\u016fsob platby.<\/p>\n\n<h3 class=\"wp-block-heading\">Opo\u017ed\u011bn\u00e9 nebo chyb\u011bj\u00edc\u00ed refundace<\/h3>\n\n<p>Pokud jste refundaci je\u0161t\u011b neobdr\u017eeli, nejprve znovu zkontrolujte sv\u016fj bankovn\u00ed \u00fa\u010det.<\/p>\n\n<p>Pot\u00e9 kontaktujte spole\u010dnost vyd\u00e1vaj\u00edc\u00ed va\u0161i kreditn\u00ed kartu; m\u016f\u017ee trvat n\u011bjakou dobu, ne\u017e bude refundace ofici\u00e1ln\u011b za\u00fa\u010dtov\u00e1na.<\/p>\n\n<p>D\u00e1le kontaktujte svou banku. P\u0159ed za\u00fa\u010dtov\u00e1n\u00edm refundace \u010dasto prob\u00edh\u00e1 ur\u010dit\u00e1 doba zpracov\u00e1n\u00ed. <\/p>\n\n<p>Pokud jste toto v\u0161e provedli a refundaci jste st\u00e1le neobdr\u017eeli, kontaktujte n\u00e1s pros\u00edm na adrese {email address}.<\/p>\n\n<h3 class=\"wp-block-heading\">Zlevn\u011bn\u00e9 zbo\u017e\u00ed<\/h3>\n\n<p>Vr\u00e1cen\u00ed pen\u011bz je mo\u017en\u00e9 pouze u zbo\u017e\u00ed za b\u011b\u017enou cenu. Zlevn\u011bn\u00e9 zbo\u017e\u00ed nelze vr\u00e1tit. <\/p>\n\n<h2 class=\"wp-block-heading\">V\u00fdm\u011bna zbo\u017e\u00ed<\/h2>\n\n<p>Zbo\u017e\u00ed vym\u011b\u0148ujeme pouze v p\u0159\u00edpad\u011b, \u017ee je vadn\u00e9 nebo po\u0161kozen\u00e9. Pokud jej pot\u0159ebujete vym\u011bnit za stejnou polo\u017eku, po\u0161lete n\u00e1m e-mail na adresu {email address} a za\u0161lete zbo\u017e\u00ed na: {physical address}. <\/p>\n\n<h2 class=\"wp-block-heading\">D\u00e1rky<\/h2>\n\n<p>Pokud byla polo\u017eka p\u0159i n\u00e1kupu ozna\u010dena jako d\u00e1rek a odesl\u00e1na p\u0159\u00edmo v\u00e1m, obdr\u017e\u00edte d\u00e1rkov\u00fd kredit v hodnot\u011b vr\u00e1cen\u00e9ho zbo\u017e\u00ed. Po obdr\u017een\u00ed vr\u00e1cen\u00e9ho zbo\u017e\u00ed v\u00e1m bude zasl\u00e1n d\u00e1rkov\u00fd certifik\u00e1t. <\/p>\n\n<p>Pokud polo\u017eka nebyla p\u0159i n\u00e1kupu ozna\u010dena jako d\u00e1rek, nebo si d\u00e1rce nechal objedn\u00e1vku poslat k sob\u011b, aby v\u00e1m ji p\u0159edal pozd\u011bji, za\u0161leme refundaci d\u00e1rci a ten se o vr\u00e1cen\u00ed zbo\u017e\u00ed dozv\u00ed.<\/p>\n\n<h2 class=\"wp-block-heading\">Zas\u00edl\u00e1n\u00ed vr\u00e1cen\u00e9ho zbo\u017e\u00ed<\/h2>\n\n<p>Chcete-li produkt vr\u00e1tit, m\u011bli byste jej zaslat po\u0161tou na adresu: {physical address}.<\/p>\n\n<p>P\u0159i vr\u00e1cen\u00ed zbo\u017e\u00ed nesete odpov\u011bdnost za zaplacen\u00ed vlastn\u00edch n\u00e1klad\u016f na dopravu. N\u00e1klady na dopravu se nevracej\u00ed. Pokud v\u00e1m budou vr\u00e1ceny pen\u00edze, n\u00e1klady na zp\u011btnou dopravu budou od refundace ode\u010dteny.  <\/p>\n\n<p>V z\u00e1vislosti na tom, kde \u017eijete, se m\u016f\u017ee doba, za kterou k v\u00e1m vym\u011bn\u011bn\u00fd produkt doraz\u00ed, li\u0161it.<\/p>\n\n<p>Pokud vrac\u00edte dra\u017e\u0161\u00ed polo\u017eky, m\u016f\u017eete zv\u00e1\u017eit vyu\u017eit\u00ed sledovateln\u00e9 p\u0159epravn\u00ed slu\u017eby nebo zakoupen\u00ed poji\u0161t\u011bn\u00ed p\u0159epravy. Nezaru\u010dujeme, \u017ee va\u0161e vr\u00e1cen\u00e9 zbo\u017e\u00ed obdr\u017e\u00edme. <\/p>\n\n<h2 class=\"wp-block-heading\">Pot\u0159ebujete pomoc?<\/h2>\n\n<p>V p\u0159\u00edpad\u011b dotaz\u016f t\u00fdkaj\u00edc\u00edch se vracen\u00ed pen\u011bz a zbo\u017e\u00ed n\u00e1s kontaktujte na {email}.<\/p>\n","protected":false},"excerpt":{"rendered":"<p>Toto je uk\u00e1zkov\u00e1 str\u00e1nka. P\u0159ehled Na\u0161e z\u00e1sady vracen\u00ed pen\u011bz a zbo\u017e\u00ed plat\u00ed 30dn\u00ed. Pokud od va\u0161eho n\u00e1kupu uplynulo v\u00edce ne\u017e 30dn\u00ed, nem\u016f\u017eeme v\u00e1m nab\u00eddnout plnou n\u00e1hradu ani v\u00fdm\u011bnu. Aby bylo mo\u017en\u00e9 zbo\u017e\u00ed vr\u00e1tit, mus\u00ed b\u00fdt nepou\u017eit\u00e9 a ve stejn\u00e9m stavu, v jak\u00e9m jste jej obdr\u017eeli. Mus\u00ed b\u00fdt tak\u00e9 v p\u016fvodn\u00edm obalu. N\u011bkter\u00e9 druhy zbo\u017e\u00ed jsou &hellip; <\/p>\n<p class=\"more-link-wrap\"><a href=\"https:\/\/slimex.to\/cs\/zasady-vraceni-penez-a-zbozi\/\" class=\"more-link\"><i class=\"opal-icon-plus\" aria-hidden=\"true\"><\/i><span>Read More<span class=\"screen-reader-text\"> &#8222;Z\u00e1sady vracen\u00ed pen\u011bz a zbo\u017e\u00ed&#8220;<\/span><\/span><\/a><\/p>\n","protected":false},"author":1,"featured_media":0,"parent":0,"menu_order":0,"comment_status":"closed","ping_status":"closed","template":"","meta":{"inline_featured_image":false,"iawp_total_views":0,"footnotes":""},"class_list":["post-9548","page","type-page","status-publish","hentry"],"yoast_head":"<!-- This site is optimized with the Yoast SEO Premium plugin v27.2 (Yoast SEO v27.5) - https:\/\/yoast.com\/product\/yoast-seo-premium-wordpress\/ -->\n<title>Z\u00e1sady vracen\u00ed pen\u011bz a zbo\u017e\u00ed - SLIMEX<\/title>\n<meta name=\"robots\" content=\"index, follow, max-snippet:-1, max-image-preview:large, max-video-preview:-1\" \/>\n<link rel=\"canonical\" href=\"https:\/\/slimex.to\/cs\/zasady-vraceni-penez-a-zbozi\/\" \/>\n<meta property=\"og:locale\" content=\"cs_CZ\" \/>\n<meta property=\"og:type\" content=\"article\" \/>\n<meta property=\"og:title\" content=\"Z\u00e1sady vracen\u00ed pen\u011bz a zbo\u017e\u00ed\" \/>\n<meta property=\"og:description\" content=\"Toto je uk\u00e1zkov\u00e1 str\u00e1nka. P\u0159ehled Na\u0161e z\u00e1sady vracen\u00ed pen\u011bz a zbo\u017e\u00ed plat\u00ed 30dn\u00ed. Pokud od va\u0161eho n\u00e1kupu uplynulo v\u00edce ne\u017e 30dn\u00ed, nem\u016f\u017eeme v\u00e1m nab\u00eddnout plnou n\u00e1hradu ani v\u00fdm\u011bnu. Aby bylo mo\u017en\u00e9 zbo\u017e\u00ed vr\u00e1tit, mus\u00ed b\u00fdt nepou\u017eit\u00e9 a ve stejn\u00e9m stavu, v jak\u00e9m jste jej obdr\u017eeli. Mus\u00ed b\u00fdt tak\u00e9 v p\u016fvodn\u00edm obalu. N\u011bkter\u00e9 druhy zbo\u017e\u00ed jsou &hellip; Read More &quot;Z\u00e1sady vracen\u00ed pen\u011bz a zbo\u017e\u00ed&quot;\" \/>\n<meta property=\"og:url\" content=\"https:\/\/slimex.to\/cs\/zasady-vraceni-penez-a-zbozi\/\" \/>\n<meta property=\"og:site_name\" content=\"SLIMEX\" \/>\n<meta property=\"article:modified_time\" content=\"2026-03-10T15:20:30+00:00\" \/>\n<meta name=\"twitter:card\" content=\"summary_large_image\" \/>\n<meta name=\"twitter:label1\" content=\"Odhadovan\u00e1 doba \u010dten\u00ed\" \/>\n\t<meta name=\"twitter:data1\" content=\"4 minuty\" \/>\n<script type=\"application\/ld+json\" class=\"yoast-schema-graph\">{\"@context\":\"https:\\\/\\\/schema.org\",\"@graph\":[{\"@type\":\"WebPage\",\"@id\":\"https:\\\/\\\/slimex.to\\\/cs\\\/zasady-vraceni-penez-a-zbozi\\\/\",\"url\":\"https:\\\/\\\/slimex.to\\\/cs\\\/zasady-vraceni-penez-a-zbozi\\\/\",\"name\":\"Z\u00e1sady vracen\u00ed pen\u011bz a zbo\u017e\u00ed - SLIMEX\",\"isPartOf\":{\"@id\":\"https:\\\/\\\/slimex.to\\\/cs\\\/#website\"},\"datePublished\":\"2026-02-04T12:53:39+00:00\",\"dateModified\":\"2026-03-10T15:20:30+00:00\",\"breadcrumb\":{\"@id\":\"https:\\\/\\\/slimex.to\\\/cs\\\/zasady-vraceni-penez-a-zbozi\\\/#breadcrumb\"},\"inLanguage\":\"cs\",\"potentialAction\":[{\"@type\":\"ReadAction\",\"target\":[\"https:\\\/\\\/slimex.to\\\/cs\\\/zasady-vraceni-penez-a-zbozi\\\/\"]}]},{\"@type\":\"BreadcrumbList\",\"@id\":\"https:\\\/\\\/slimex.to\\\/cs\\\/zasady-vraceni-penez-a-zbozi\\\/#breadcrumb\",\"itemListElement\":[{\"@type\":\"ListItem\",\"position\":1,\"name\":\"Home\",\"item\":\"https:\\\/\\\/slimex.to\\\/cs\\\/domu\\\/\"},{\"@type\":\"ListItem\",\"position\":2,\"name\":\"Z\u00e1sady vracen\u00ed pen\u011bz a zbo\u017e\u00ed\"}]},{\"@type\":\"WebSite\",\"@id\":\"https:\\\/\\\/slimex.to\\\/cs\\\/#website\",\"url\":\"https:\\\/\\\/slimex.to\\\/cs\\\/\",\"name\":\"SLIMEX\",\"description\":\"Highest Quality Peptides\",\"publisher\":{\"@id\":\"https:\\\/\\\/slimex.to\\\/cs\\\/#organization\"},\"potentialAction\":[{\"@type\":\"SearchAction\",\"target\":{\"@type\":\"EntryPoint\",\"urlTemplate\":\"https:\\\/\\\/slimex.to\\\/cs\\\/?s={search_term_string}\"},\"query-input\":{\"@type\":\"PropertyValueSpecification\",\"valueRequired\":true,\"valueName\":\"search_term_string\"}}],\"inLanguage\":\"cs\"},{\"@type\":[\"Organization\",\"Place\",\"MedicalOrganization\"],\"@id\":\"https:\\\/\\\/slimex.to\\\/cs\\\/#organization\",\"name\":\"SLIMEX Peptides\",\"alternateName\":\"SLIMEX\",\"url\":\"https:\\\/\\\/slimex.to\\\/cs\\\/\",\"logo\":{\"@id\":\"https:\\\/\\\/slimex.to\\\/cs\\\/zasady-vraceni-penez-a-zbozi\\\/#local-main-organization-logo\"},\"image\":{\"@id\":\"https:\\\/\\\/slimex.to\\\/cs\\\/zasady-vraceni-penez-a-zbozi\\\/#local-main-organization-logo\"},\"description\":\"We are a medical online provider specializing in research peptides, including retatrutide, delivered with a focus on safety, quality, and evidence-based care.\",\"legalName\":\"CREDIT CREW s.r.o.\",\"foundingDate\":\"2024-08-20\",\"numberOfEmployees\":{\"@type\":\"QuantitativeValue\",\"minValue\":\"11\",\"maxValue\":\"50\"},\"address\":{\"@id\":\"https:\\\/\\\/slimex.to\\\/cs\\\/zasady-vraceni-penez-a-zbozi\\\/#local-main-place-address\"},\"telephone\":[],\"contactPoint\":{\"@type\":\"ContactPoint\",\"email\":\"info@slimex.to\"},\"openingHoursSpecification\":[],\"email\":\"info@slimex.to\",\"areaServed\":\"Europe\"},{\"@type\":\"PostalAddress\",\"@id\":\"https:\\\/\\\/slimex.to\\\/cs\\\/zasady-vraceni-penez-a-zbozi\\\/#local-main-place-address\",\"streetAddress\":\"Rybn\u00e1 716\\\/24\",\"addressLocality\":\"Prague\",\"postalCode\":\"11000\",\"addressRegion\":\"Czech republic\",\"addressCountry\":\"CZ\"},{\"@type\":\"ImageObject\",\"inLanguage\":\"cs\",\"@id\":\"https:\\\/\\\/slimex.to\\\/cs\\\/zasady-vraceni-penez-a-zbozi\\\/#local-main-organization-logo\",\"url\":\"https:\\\/\\\/slimex.to\\\/wp-content\\\/uploads\\\/2026\\\/01\\\/slimex-logo.png\",\"contentUrl\":\"https:\\\/\\\/slimex.to\\\/wp-content\\\/uploads\\\/2026\\\/01\\\/slimex-logo.png\",\"width\":725,\"height\":194,\"caption\":\"SLIMEX Peptides\"}]}<\/script>\n<meta name=\"geo.placename\" content=\"Prague\" \/>\n<meta name=\"geo.region\" content=\"\u010cesk\u00e1 republika\" \/>\n<!-- \/ Yoast SEO Premium plugin. -->","yoast_head_json":{"title":"Z\u00e1sady vracen\u00ed pen\u011bz a zbo\u017e\u00ed - SLIMEX","robots":{"index":"index","follow":"follow","max-snippet":"max-snippet:-1","max-image-preview":"max-image-preview:large","max-video-preview":"max-video-preview:-1"},"canonical":"https:\/\/slimex.to\/cs\/zasady-vraceni-penez-a-zbozi\/","og_locale":"cs_CZ","og_type":"article","og_title":"Z\u00e1sady vracen\u00ed pen\u011bz a zbo\u017e\u00ed","og_description":"Toto je uk\u00e1zkov\u00e1 str\u00e1nka. P\u0159ehled Na\u0161e z\u00e1sady vracen\u00ed pen\u011bz a zbo\u017e\u00ed plat\u00ed 30dn\u00ed. Pokud od va\u0161eho n\u00e1kupu uplynulo v\u00edce ne\u017e 30dn\u00ed, nem\u016f\u017eeme v\u00e1m nab\u00eddnout plnou n\u00e1hradu ani v\u00fdm\u011bnu. Aby bylo mo\u017en\u00e9 zbo\u017e\u00ed vr\u00e1tit, mus\u00ed b\u00fdt nepou\u017eit\u00e9 a ve stejn\u00e9m stavu, v jak\u00e9m jste jej obdr\u017eeli. Mus\u00ed b\u00fdt tak\u00e9 v p\u016fvodn\u00edm obalu. N\u011bkter\u00e9 druhy zbo\u017e\u00ed jsou &hellip; Read More \"Z\u00e1sady vracen\u00ed pen\u011bz a zbo\u017e\u00ed\"","og_url":"https:\/\/slimex.to\/cs\/zasady-vraceni-penez-a-zbozi\/","og_site_name":"SLIMEX","article_modified_time":"2026-03-10T15:20:30+00:00","twitter_card":"summary_large_image","twitter_misc":{"Odhadovan\u00e1 doba \u010dten\u00ed":"4 minuty"},"schema":{"@context":"https:\/\/schema.org","@graph":[{"@type":"WebPage","@id":"https:\/\/slimex.to\/cs\/zasady-vraceni-penez-a-zbozi\/","url":"https:\/\/slimex.to\/cs\/zasady-vraceni-penez-a-zbozi\/","name":"Z\u00e1sady vracen\u00ed pen\u011bz a zbo\u017e\u00ed - SLIMEX","isPartOf":{"@id":"https:\/\/slimex.to\/cs\/#website"},"datePublished":"2026-02-04T12:53:39+00:00","dateModified":"2026-03-10T15:20:30+00:00","breadcrumb":{"@id":"https:\/\/slimex.to\/cs\/zasady-vraceni-penez-a-zbozi\/#breadcrumb"},"inLanguage":"cs","potentialAction":[{"@type":"ReadAction","target":["https:\/\/slimex.to\/cs\/zasady-vraceni-penez-a-zbozi\/"]}]},{"@type":"BreadcrumbList","@id":"https:\/\/slimex.to\/cs\/zasady-vraceni-penez-a-zbozi\/#breadcrumb","itemListElement":[{"@type":"ListItem","position":1,"name":"Home","item":"https:\/\/slimex.to\/cs\/domu\/"},{"@type":"ListItem","position":2,"name":"Z\u00e1sady vracen\u00ed pen\u011bz a zbo\u017e\u00ed"}]},{"@type":"WebSite","@id":"https:\/\/slimex.to\/cs\/#website","url":"https:\/\/slimex.to\/cs\/","name":"SLIMEX","description":"Highest Quality Peptides","publisher":{"@id":"https:\/\/slimex.to\/cs\/#organization"},"potentialAction":[{"@type":"SearchAction","target":{"@type":"EntryPoint","urlTemplate":"https:\/\/slimex.to\/cs\/?s={search_term_string}"},"query-input":{"@type":"PropertyValueSpecification","valueRequired":true,"valueName":"search_term_string"}}],"inLanguage":"cs"},{"@type":["Organization","Place","MedicalOrganization"],"@id":"https:\/\/slimex.to\/cs\/#organization","name":"SLIMEX Peptides","alternateName":"SLIMEX","url":"https:\/\/slimex.to\/cs\/","logo":{"@id":"https:\/\/slimex.to\/cs\/zasady-vraceni-penez-a-zbozi\/#local-main-organization-logo"},"image":{"@id":"https:\/\/slimex.to\/cs\/zasady-vraceni-penez-a-zbozi\/#local-main-organization-logo"},"description":"We are a medical online provider specializing in research peptides, including retatrutide, delivered with a focus on safety, quality, and evidence-based care.","legalName":"CREDIT CREW s.r.o.","foundingDate":"2024-08-20","numberOfEmployees":{"@type":"QuantitativeValue","minValue":"11","maxValue":"50"},"address":{"@id":"https:\/\/slimex.to\/cs\/zasady-vraceni-penez-a-zbozi\/#local-main-place-address"},"telephone":[],"contactPoint":{"@type":"ContactPoint","email":"info@slimex.to"},"openingHoursSpecification":[],"email":"info@slimex.to","areaServed":"Europe"},{"@type":"PostalAddress","@id":"https:\/\/slimex.to\/cs\/zasady-vraceni-penez-a-zbozi\/#local-main-place-address","streetAddress":"Rybn\u00e1 716\/24","addressLocality":"Prague","postalCode":"11000","addressRegion":"Czech republic","addressCountry":"CZ"},{"@type":"ImageObject","inLanguage":"cs","@id":"https:\/\/slimex.to\/cs\/zasady-vraceni-penez-a-zbozi\/#local-main-organization-logo","url":"https:\/\/slimex.to\/wp-content\/uploads\/2026\/01\/slimex-logo.png","contentUrl":"https:\/\/slimex.to\/wp-content\/uploads\/2026\/01\/slimex-logo.png","width":725,"height":194,"caption":"SLIMEX Peptides"}]},"geo.placename":"Prague","geo.region":"\u010cesk\u00e1 republika"},"_links":{"self":[{"href":"https:\/\/slimex.to\/cs\/wp-json\/wp\/v2\/pages\/9548","targetHints":{"allow":["GET"]}}],"collection":[{"href":"https:\/\/slimex.to\/cs\/wp-json\/wp\/v2\/pages"}],"about":[{"href":"https:\/\/slimex.to\/cs\/wp-json\/wp\/v2\/types\/page"}],"author":[{"embeddable":true,"href":"https:\/\/slimex.to\/cs\/wp-json\/wp\/v2\/users\/1"}],"replies":[{"embeddable":true,"href":"https:\/\/slimex.to\/cs\/wp-json\/wp\/v2\/comments?post=9548"}],"version-history":[{"count":1,"href":"https:\/\/slimex.to\/cs\/wp-json\/wp\/v2\/pages\/9548\/revisions"}],"predecessor-version":[{"id":9549,"href":"https:\/\/slimex.to\/cs\/wp-json\/wp\/v2\/pages\/9548\/revisions\/9549"}],"wp:attachment":[{"href":"https:\/\/slimex.to\/cs\/wp-json\/wp\/v2\/media?parent=9548"}],"curies":[{"name":"wp","href":"https:\/\/api.w.org\/{rel}","templated":true}]}}