{"id":9551,"date":"2026-02-19T11:03:21","date_gmt":"2026-02-19T10:03:21","guid":{"rendered":"https:\/\/slimex.to\/obchodni-podminky\/"},"modified":"2026-04-20T23:22:23","modified_gmt":"2026-04-20T22:22:23","slug":"obchodni-podminky","status":"publish","type":"page","link":"https:\/\/slimex.to\/cs\/obchodni-podminky\/","title":{"rendered":"Obchodn\u00ed podm\u00ednky"},"content":{"rendered":"\t\t<div data-elementor-type=\"wp-page\" data-elementor-id=\"9551\" class=\"elementor elementor-9551 elementor-8553\">\n\t\t\t\t<div class=\"elementor-element elementor-element-9048aec e-flex e-con-boxed e-con e-parent\" data-id=\"9048aec\" data-element_type=\"container\" data-e-type=\"container\">\n\t\t\t\t\t<div class=\"e-con-inner\">\n\t\t\t\t<div class=\"elementor-element elementor-element-7bd8ff4 elementor-widget elementor-widget-text-editor\" data-id=\"7bd8ff4\" data-element_type=\"widget\" data-e-type=\"widget\" data-widget_type=\"text-editor.default\">\n\t\t\t\t\t        <div class=\"elementor-text-editor elementor-clearfix\"><p><strong>Datum \u00fa\u010dinnosti:<\/strong> 1.&nbsp;1.&nbsp;2026<\/p><p>Tyto obchodn\u00ed podm\u00ednky (\u201epodm\u00ednky\u201c) upravuj\u00ed pou\u017e\u00edv\u00e1n\u00ed webov\u00fdch str\u00e1nek <a href=\"https:\/\/slimex.to\/cs\/\">https:\/\/slimex.to<\/a> (d\u00e1le jen \u201ewebov\u00e9 str\u00e1nky\u201c), provozovan\u00fdch spole\u010dnost\u00ed CREDIT CREW s.r.o., \u0159\u00e1dn\u011b registrovanou podle z\u00e1kon\u016f \u010cesk\u00e9 republiky, se s\u00eddlem na adrese Rybn\u00e1 716\/24, 110 00 Praha 1, I\u010cO 23898496 (d\u00e1le jen \u201espole\u010dnost\u201c, \u201emy\u201c nebo \u201en\u00e1s\u201c).<\/p><p>P\u0159\u00edstupem na webov\u00e9 str\u00e1nky nebo zad\u00e1n\u00edm objedn\u00e1vky souhlas\u00edte s t\u00edm, \u017ee budete t\u011bmito podm\u00ednkami pr\u00e1vn\u011b v\u00e1z\u00e1ni.<\/p><h4>1. Rozsah a povaha produkt\u016f<\/h4><p>Spole\u010dnost nab\u00edz\u00ed ur\u010dit\u00e9 l\u00e9ka\u0159sk\u00e9, farmaceutick\u00e9, peptidov\u00e9 a v\u00fdzkumn\u00e9 produkty (d\u00e1le jen \u201eProdukty\u201c).<\/p><p><strong>Produkty mohou mimo jin\u00e9 zahrnovat:<\/strong><\/p><ul><li>L\u00e1tky na b\u00e1zi peptid\u016f<\/li><li>Produkty na b\u00e1zi hormon\u016f<\/li><li>Materi\u00e1ly pro laboratorn\u00ed nebo v\u00fdzkumn\u00e9 \u00fa\u010dely<\/li><\/ul><p><strong>N\u011bkter\u00e9 produkty mohou:<\/strong><\/p><ul><li>B\u00fdt schv\u00e1leny pouze v konkr\u00e9tn\u00edch jurisdikc\u00edch<\/li><li>B\u00fdt klasifikov\u00e1ny jako hodnocen\u00e9<\/li><li>B\u00fdt omezeny na v\u00fdzkumn\u00e9 nebo laboratorn\u00ed pou\u017eit\u00ed<\/li><li>Vy\u017eadovat pod\u00e1n\u00ed pod dohledem licencovan\u00e9ho l\u00e9ka\u0159e<\/li><\/ul><p><strong>Spole\u010dnost nezaru\u010duje, \u017ee jak\u00fdkoli produkt je schv\u00e1len, registrov\u00e1n nebo povolen v jurisdikci z\u00e1kazn\u00edka.<\/strong><\/p><h4>2. L\u00e9ka\u0159sk\u00e9 prohl\u00e1\u0161en\u00ed<\/h4><p>Obsah webov\u00fdch str\u00e1nek je poskytov\u00e1n pouze pro informa\u010dn\u00ed \u00fa\u010dely.<\/p><p><strong>Obsah:<\/strong><\/p><ul><li>Nep\u0159edstavuje l\u00e9ka\u0159skou pomoc<\/li><li>Nenahrazuje konzultaci s kvalifikovan\u00fdm zdravotnick\u00fdm pracovn\u00edkem<\/li><li>Neposkytuje diagn\u00f3zu ani doporu\u010den\u00ed k l\u00e9\u010db\u011b<\/li><\/ul><p><strong>Z\u00e1kazn\u00edci se mus\u00ed p\u0159ed n\u00e1kupem, manipulac\u00ed nebo pod\u00e1n\u00edm jak\u00e9hokoli produktu poradit s licencovan\u00fdm l\u00e9ka\u0159em nebo kvalifikovan\u00fdm poskytovatelem zdravotn\u00ed p\u00e9\u010de.<\/strong><\/p><p><strong>Spole\u010dnost nenese \u017e\u00e1dnou odpov\u011bdnost za l\u00e9ka\u0159sk\u00e1 rozhodnut\u00ed u\u010din\u011bn\u00e1 z\u00e1kazn\u00edky.<\/strong><\/p><h4>3. Zp\u016fsobilost<\/h4><p><strong>Odesl\u00e1n\u00edm objedn\u00e1vky prohla\u0161ujete, \u017ee:<\/strong><\/p><ul><li>Je v\u00e1m alespo\u0148 18 let (nebo jste dos\u00e1hli plnoletosti ve va\u0161\u00ed jurisdikci).<\/li><li>M\u00e1te z\u00e1konn\u00e9 povolen\u00ed k n\u00e1kupu produktu ve va\u0161\u00ed zemi.<\/li><li>Budete dodr\u017eovat v\u0161echny platn\u00e9 m\u00edstn\u00ed, n\u00e1rodn\u00ed i mezin\u00e1rodn\u00ed z\u00e1kony.<\/li><\/ul><p><strong>Spole\u010dnost si vyhrazuje pr\u00e1vo vy\u017e\u00e1dat si p\u0159ed vy\u0159\u00edzen\u00edm objedn\u00e1vky doklad toto\u017enosti, l\u00e9ka\u0159sk\u00fd p\u0159edpis, l\u00e9ka\u0159skou licenci nebo jinou dokumentaci.<\/strong><\/p><h4>4. Pouze pro v\u00fdzkumn\u00e9 \u00fa\u010dely (RUO)<\/h4><p>N\u011bkter\u00e9 produkty mohou b\u00fdt ozna\u010deny jako \u201ePouze pro v\u00fdzkumn\u00e9 \u00fa\u010dely\u201c (RUO).<\/p><p><strong>Produkty RUO:<\/strong><\/p><ul><li>Nejsou ur\u010deny k lidsk\u00e9 spot\u0159eb\u011b, pokud to nepovoluj\u00ed platn\u00e9 pr\u00e1vn\u00ed p\u0159edpisy.<\/li><li>Mus\u00ed s nimi manipulovat kvalifikovan\u00ed odborn\u00edci.<\/li><li>Jsou dod\u00e1v\u00e1ny v\u00fdhradn\u011b pro z\u00e1konn\u00e9 laboratorn\u00ed nebo v\u00fdzkumn\u00e9 \u00fa\u010dely.<\/li><\/ul><p><strong>Z\u00e1kazn\u00edci p\u0159eb\u00edraj\u00ed plnou odpov\u011bdnost za z\u00e1konn\u00e9 pou\u017eit\u00ed produkt\u016f RUO.<\/strong><\/p><h4>5. Objedn\u00e1vky a p\u0159ijet\u00ed<\/h4><p><strong>V\u0161echny objedn\u00e1vky podl\u00e9haj\u00ed:<\/strong><\/p><ul><li>Dostupnosti produkt\u016f<\/li><li>Potvrzen\u00ed platby<\/li><li>Kontrole souladu a rizik<\/li><\/ul><p><strong>Spole\u010dnost si vyhrazuje pr\u00e1vo:<\/strong><\/p><ul><li>Odm\u00edtnout nebo zru\u0161it jakoukoli objedn\u00e1vku<\/li><li>Omezit mno\u017estv\u00ed<\/li><li>Omezit prodej do ur\u010dit\u00fdch jurisdikc\u00ed<\/li><\/ul><p><strong>Potvrzen\u00ed objedn\u00e1vky nep\u0159edstavuje kone\u010dn\u00e9 p\u0159ijet\u00ed a\u017e do okam\u017eiku odesl\u00e1n\u00ed.<\/strong><\/p><h4>6. Ceny a platby<\/h4><p>V\u0161echny ceny jsou uvedeny ve zvolen\u00e9 m\u011bn\u011b a mohou zahrnovat nebo nezahrnovat DPH, jak je uvedeno.<\/p><p><strong>Spole\u010dnost si vyhrazuje pr\u00e1vo:<\/strong><\/p><ul><li>Upravovat ceny bez p\u0159edchoz\u00edho upozorn\u011bn\u00ed<\/li><li>Opravovat typografick\u00e9 nebo cenov\u00e9 chyby<\/li><\/ul><p><strong>Platba mus\u00ed b\u00fdt dokon\u010dena p\u0159ed odesl\u00e1n\u00edm. Akceptovan\u00e9 platebn\u00ed metody jsou uvedeny na webov\u00fdch str\u00e1nk\u00e1ch. <\/strong><\/p><h4>7. Doprava a doru\u010den\u00ed<\/h4><p>Spole\u010dnost zas\u00edl\u00e1 pouze do jurisdikc\u00ed, kde nen\u00ed z\u00e1silka v\u00fdslovn\u011b zak\u00e1z\u00e1na.<\/p><p><strong>Z\u00e1kazn\u00edci jsou v\u00fdhradn\u011b odpov\u011bdn\u00ed za:<\/strong><\/p><ul><li>Ov\u011b\u0159en\u00ed legality dovozu<\/li><li>\u00dahradu cla a dan\u00ed<\/li><li>Zaji\u0161t\u011bn\u00ed souladu s p\u0159edpisy ve sv\u00e9 jurisdikci<\/li><\/ul><p><strong>Dodac\u00ed lh\u016fty jsou pouze odhadovan\u00e9. Spole\u010dnost neodpov\u00edd\u00e1 za zpo\u017ed\u011bn\u00ed zp\u016fsoben\u00e1: <\/strong><\/p><ul><li>Celn\u00edmi org\u00e1ny<\/li><li>Regula\u010dn\u00edmi kontrolami<\/li><li>V\u00fdpadky kur\u00fdrn\u00edch slu\u017eeb<\/li><li>Ud\u00e1lostmi vy\u0161\u0161\u00ed moci<\/li><\/ul><p><strong>Nebezpe\u010d\u00ed ztr\u00e1ty p\u0159ech\u00e1z\u00ed na z\u00e1kazn\u00edka v okam\u017eiku doru\u010den\u00ed.<\/strong><\/p><h4>8. Skladov\u00e1n\u00ed a manipulace<\/h4><p><strong>Mnoho produkt\u016f vy\u017eaduje:<\/strong><\/p><ul><li>Chlazen\u00ed nebo kontrolovanou teplotu<\/li><li>Steriln\u00ed manipulaci<\/li><li>Odborn\u00e9 pod\u00e1n\u00ed<\/li><\/ul><p><strong>Spole\u010dnost neodpov\u00edd\u00e1 za:<\/strong><\/p><ul><li>Nespr\u00e1vn\u00e9 skladov\u00e1n\u00ed po doru\u010den\u00ed<\/li><li>Teplotn\u00ed v\u00fdkyvy po potvrzen\u00e9m doru\u010den\u00ed<\/li><li>Nespr\u00e1vnou rekonstituci nebo pod\u00e1n\u00ed<\/li><\/ul><h4>9. Vr\u00e1cen\u00ed zbo\u017e\u00ed a pen\u011bz<\/h4><p><strong>Vzhledem k citliv\u00e9 a l\u00e9ka\u0159sk\u00e9 povaze produkt\u016f:<\/strong><\/p><ul><li>Otev\u0159en\u00e9 produkty nelze vr\u00e1tit.<\/li><li>Produkty citliv\u00e9 na teplotu nelze vr\u00e1tit, pokud nejsou vadn\u00e9.<\/li><li>Reklamace mus\u00ed b\u00fdt pod\u00e1ny do 7 dn\u016f od p\u0159evzet\u00ed.<\/li><\/ul><p><strong>Pen\u00edze jsou vraceny a\u017e po kontrole a schv\u00e1len\u00ed.<\/strong><\/p><h4>10. Omezen\u00ed odpov\u011bdnosti<\/h4><p><strong>V maxim\u00e1ln\u00edm rozsahu povolen\u00e9m z\u00e1konem:<\/strong><\/p><ul><li>Spole\u010dnost neodpov\u00edd\u00e1 za nep\u0159\u00edm\u00e9, n\u00e1hodn\u00e9 nebo n\u00e1sledn\u00e9 \u0161kody.<\/li><li>Spole\u010dnost neodpov\u00edd\u00e1 za zneu\u017eit\u00ed, nespr\u00e1vn\u00e9 d\u00e1vkov\u00e1n\u00ed, pou\u017eit\u00ed mimo schv\u00e1len\u00e9 indikace (off-label) nebo neopr\u00e1vn\u011bn\u00e9 pod\u00e1n\u00ed.<\/li><li>Celkov\u00e1 odpov\u011bdnost nep\u0159es\u00e1hne \u010d\u00e1stku zaplacenou za produkt.<br>Nic v t\u011bchto podm\u00ednk\u00e1ch nevylu\u010duje odpov\u011bdnost, kterou nelze podle platn\u00fdch z\u00e1kon\u016f vylou\u010dit.<\/li><\/ul><h4>11. Od\u0161kodn\u011bn\u00ed<\/h4><p><strong>Souhlas\u00edte s t\u00edm, \u017ee od\u0161kodn\u00edte a zbav\u00edte odpov\u011bdnosti spole\u010dnost, jej\u00ed \u0159editele, zam\u011bstnance a p\u0159idru\u017een\u00e9 osoby za jak\u00e9koli n\u00e1roky, \u0161kody, z\u00e1vazky, n\u00e1klady nebo v\u00fddaje vznikl\u00e9 v d\u016fsledku:<\/strong><\/p><ul><li>Poru\u0161en\u00ed t\u011bchto podm\u00ednek<\/li><li>Neleg\u00e1ln\u00edho dovozu nebo pou\u017eit\u00ed<\/li><li>Nespr\u00e1vn\u00e9ho l\u00e9ka\u0159sk\u00e9ho pod\u00e1n\u00ed<\/li><li>Poru\u0161en\u00ed p\u0159edpis\u016f ve va\u0161\u00ed jurisdikci<\/li><\/ul><h4>12. Dodr\u017eov\u00e1n\u00ed p\u0159edpis\u016f<\/h4><p><strong>Z\u00e1kazn\u00edci jsou v\u00fdhradn\u011b odpov\u011bdn\u00ed za zaji\u0161t\u011bn\u00ed toho, \u017ee:<\/strong><\/p><ul><li>N\u00e1kup a pou\u017eit\u00ed jsou v souladu se z\u00e1konem<\/li><li>Dovoz je v souladu s m\u00edstn\u00edmi p\u0159edpisy<\/li><\/ul><p>Spole\u010dnost neprohla\u0161uje, \u017ee produkty jsou povoleny k prodeji v jak\u00e9koli konkr\u00e9tn\u00ed zemi.<\/p><h4>13. Du\u0161evn\u00ed vlastnictv\u00ed<\/h4><p>Ve\u0161ker\u00fd obsah webov\u00fdch str\u00e1nek, v\u010detn\u011b textu, grafiky, ochrann\u00fdch zn\u00e1mek a popis\u016f produkt\u016f, je v\u00fdhradn\u00edm vlastnictv\u00edm spole\u010dnosti.<\/p><p><strong>Neopr\u00e1vn\u011bn\u00e9 pou\u017eit\u00ed je zak\u00e1z\u00e1no.<\/strong><\/p><h4>14. Soukrom\u00ed a ochrana \u00fadaj\u016f<\/h4><p>Osobn\u00ed \u00fadaje jsou zpracov\u00e1v\u00e1ny v souladu s platn\u00fdmi z\u00e1kony o ochran\u011b osobn\u00edch \u00fadaj\u016f, v\u010detn\u011b GDPR, kde je to relevantn\u00ed.<\/p><p>Pou\u017e\u00edv\u00e1n\u00edm webov\u00fdch str\u00e1nek souhlas\u00edte se zpracov\u00e1n\u00edm \u00fadaj\u016f, jak je pops\u00e1no v Z\u00e1sad\u00e1ch ochrany osobn\u00edch \u00fadaj\u016f.<\/p><h4>15. Rozhodn\u00e9 pr\u00e1vo a jurisdikce<\/h4><p>Tyto podm\u00ednky se \u0159\u00edd\u00ed z\u00e1kony \u010cesk\u00e9 republiky.<\/p><p>Ve\u0161ker\u00e9 spory podl\u00e9haj\u00ed v\u00fdhradn\u00ed jurisdikci soud\u016f \u010cesk\u00e9 republiky.<\/p><h4>16. Zm\u011bny<\/h4><p>Spole\u010dnost si vyhrazuje pr\u00e1vo tyto podm\u00ednky kdykoli zm\u011bnit.<\/p><p>Revidovan\u00e9 podm\u00ednky nab\u00fdvaj\u00ed \u00fa\u010dinnosti zve\u0159ejn\u011bn\u00edm na webov\u00fdch str\u00e1nk\u00e1ch.<\/p><h4>17. Kontaktn\u00ed \u00fadaje<\/h4><p>CREDIT CREW s.r.o.<br>Rybn\u00e1 716\/24<br>110 00 Praha 1<br>\u010cesk\u00e1 republika<br>I\u010cO: 23898496<br>E-mail: info@slimex.to<\/p><\/div>\n        \t\t\t\t<\/div>\n\t\t\t\t\t<\/div>\n\t\t\t\t<\/div>\n\t\t\t\t<\/div>\n\t\t","protected":false},"excerpt":{"rendered":"<p>Datum \u00fa\u010dinnosti: 1.&nbsp;1.&nbsp;2026 Tyto obchodn\u00ed podm\u00ednky (\u201epodm\u00ednky\u201c) upravuj\u00ed pou\u017e\u00edv\u00e1n\u00ed webov\u00fdch str\u00e1nek https:\/\/slimex.to (d\u00e1le jen \u201ewebov\u00e9 str\u00e1nky\u201c), provozovan\u00fdch spole\u010dnost\u00ed CREDIT CREW s.r.o., \u0159\u00e1dn\u011b registrovanou podle z\u00e1kon\u016f \u010cesk\u00e9 republiky, se s\u00eddlem na adrese Rybn\u00e1 716\/24, 110 00 Praha 1, I\u010cO 23898496 (d\u00e1le jen \u201espole\u010dnost\u201c, \u201emy\u201c nebo \u201en\u00e1s\u201c). P\u0159\u00edstupem na webov\u00e9 str\u00e1nky nebo zad\u00e1n\u00edm objedn\u00e1vky souhlas\u00edte s t\u00edm, &hellip; <\/p>\n<p class=\"more-link-wrap\"><a href=\"https:\/\/slimex.to\/cs\/obchodni-podminky\/\" class=\"more-link\"><i class=\"opal-icon-plus\" aria-hidden=\"true\"><\/i><span>Read More<span class=\"screen-reader-text\"> &#8222;Obchodn\u00ed podm\u00ednky&#8220;<\/span><\/span><\/a><\/p>\n","protected":false},"author":1,"featured_media":0,"parent":0,"menu_order":0,"comment_status":"closed","ping_status":"closed","template":"","meta":{"inline_featured_image":false,"iawp_total_views":0,"footnotes":""},"class_list":["post-9551","page","type-page","status-publish","hentry"],"yoast_head":"<!-- This site is optimized with the Yoast SEO Premium plugin v27.2 (Yoast SEO v27.5) - https:\/\/yoast.com\/product\/yoast-seo-premium-wordpress\/ -->\n<title>Obchodn\u00ed podm\u00ednky - SLIMEX<\/title>\n<meta name=\"robots\" content=\"index, follow, max-snippet:-1, max-image-preview:large, max-video-preview:-1\" \/>\n<link rel=\"canonical\" href=\"https:\/\/slimex.to\/cs\/obchodni-podminky\/\" \/>\n<meta property=\"og:locale\" content=\"cs_CZ\" \/>\n<meta property=\"og:type\" content=\"article\" \/>\n<meta property=\"og:title\" content=\"Obchodn\u00ed podm\u00ednky\" \/>\n<meta property=\"og:description\" content=\"Datum \u00fa\u010dinnosti: 1.&nbsp;1.&nbsp;2026 Tyto obchodn\u00ed podm\u00ednky (\u201epodm\u00ednky\u201c) upravuj\u00ed pou\u017e\u00edv\u00e1n\u00ed webov\u00fdch str\u00e1nek https:\/\/slimex.to (d\u00e1le jen \u201ewebov\u00e9 str\u00e1nky\u201c), provozovan\u00fdch spole\u010dnost\u00ed CREDIT CREW s.r.o., \u0159\u00e1dn\u011b registrovanou podle z\u00e1kon\u016f \u010cesk\u00e9 republiky, se s\u00eddlem na adrese Rybn\u00e1 716\/24, 110 00 Praha 1, I\u010cO 23898496 (d\u00e1le jen \u201espole\u010dnost\u201c, \u201emy\u201c nebo \u201en\u00e1s\u201c). P\u0159\u00edstupem na webov\u00e9 str\u00e1nky nebo zad\u00e1n\u00edm objedn\u00e1vky souhlas\u00edte s t\u00edm, &hellip; Read More &quot;Obchodn\u00ed podm\u00ednky&quot;\" \/>\n<meta property=\"og:url\" content=\"https:\/\/slimex.to\/cs\/obchodni-podminky\/\" \/>\n<meta property=\"og:site_name\" content=\"SLIMEX\" \/>\n<meta property=\"article:modified_time\" content=\"2026-04-20T22:22:23+00:00\" \/>\n<meta name=\"twitter:card\" content=\"summary_large_image\" \/>\n<meta name=\"twitter:label1\" content=\"Odhadovan\u00e1 doba \u010dten\u00ed\" \/>\n\t<meta name=\"twitter:data1\" content=\"6 minut\" \/>\n<script type=\"application\/ld+json\" class=\"yoast-schema-graph\">{\"@context\":\"https:\\\/\\\/schema.org\",\"@graph\":[{\"@type\":\"WebPage\",\"@id\":\"https:\\\/\\\/slimex.to\\\/cs\\\/obchodni-podminky\\\/\",\"url\":\"https:\\\/\\\/slimex.to\\\/cs\\\/obchodni-podminky\\\/\",\"name\":\"Obchodn\u00ed podm\u00ednky - SLIMEX\",\"isPartOf\":{\"@id\":\"https:\\\/\\\/slimex.to\\\/cs\\\/#website\"},\"datePublished\":\"2026-02-19T10:03:21+00:00\",\"dateModified\":\"2026-04-20T22:22:23+00:00\",\"breadcrumb\":{\"@id\":\"https:\\\/\\\/slimex.to\\\/cs\\\/obchodni-podminky\\\/#breadcrumb\"},\"inLanguage\":\"cs\",\"potentialAction\":[{\"@type\":\"ReadAction\",\"target\":[\"https:\\\/\\\/slimex.to\\\/cs\\\/obchodni-podminky\\\/\"]}]},{\"@type\":\"BreadcrumbList\",\"@id\":\"https:\\\/\\\/slimex.to\\\/cs\\\/obchodni-podminky\\\/#breadcrumb\",\"itemListElement\":[{\"@type\":\"ListItem\",\"position\":1,\"name\":\"Home\",\"item\":\"https:\\\/\\\/slimex.to\\\/cs\\\/domu\\\/\"},{\"@type\":\"ListItem\",\"position\":2,\"name\":\"Obchodn\u00ed podm\u00ednky\"}]},{\"@type\":\"WebSite\",\"@id\":\"https:\\\/\\\/slimex.to\\\/cs\\\/#website\",\"url\":\"https:\\\/\\\/slimex.to\\\/cs\\\/\",\"name\":\"SLIMEX\",\"description\":\"Highest Quality Peptides\",\"publisher\":{\"@id\":\"https:\\\/\\\/slimex.to\\\/cs\\\/#organization\"},\"potentialAction\":[{\"@type\":\"SearchAction\",\"target\":{\"@type\":\"EntryPoint\",\"urlTemplate\":\"https:\\\/\\\/slimex.to\\\/cs\\\/?s={search_term_string}\"},\"query-input\":{\"@type\":\"PropertyValueSpecification\",\"valueRequired\":true,\"valueName\":\"search_term_string\"}}],\"inLanguage\":\"cs\"},{\"@type\":[\"Organization\",\"Place\",\"MedicalOrganization\"],\"@id\":\"https:\\\/\\\/slimex.to\\\/cs\\\/#organization\",\"name\":\"SLIMEX Peptides\",\"alternateName\":\"SLIMEX\",\"url\":\"https:\\\/\\\/slimex.to\\\/cs\\\/\",\"logo\":{\"@id\":\"https:\\\/\\\/slimex.to\\\/cs\\\/obchodni-podminky\\\/#local-main-organization-logo\"},\"image\":{\"@id\":\"https:\\\/\\\/slimex.to\\\/cs\\\/obchodni-podminky\\\/#local-main-organization-logo\"},\"description\":\"We are a medical online provider specializing in research peptides, including retatrutide, delivered with a focus on safety, quality, and evidence-based care.\",\"legalName\":\"CREDIT CREW s.r.o.\",\"foundingDate\":\"2024-08-20\",\"numberOfEmployees\":{\"@type\":\"QuantitativeValue\",\"minValue\":\"11\",\"maxValue\":\"50\"},\"address\":{\"@id\":\"https:\\\/\\\/slimex.to\\\/cs\\\/obchodni-podminky\\\/#local-main-place-address\"},\"telephone\":[],\"contactPoint\":{\"@type\":\"ContactPoint\",\"email\":\"info@slimex.to\"},\"openingHoursSpecification\":[],\"email\":\"info@slimex.to\",\"areaServed\":\"Europe\"},{\"@type\":\"PostalAddress\",\"@id\":\"https:\\\/\\\/slimex.to\\\/cs\\\/obchodni-podminky\\\/#local-main-place-address\",\"streetAddress\":\"Rybn\u00e1 716\\\/24\",\"addressLocality\":\"Prague\",\"postalCode\":\"11000\",\"addressRegion\":\"Czech republic\",\"addressCountry\":\"CZ\"},{\"@type\":\"ImageObject\",\"inLanguage\":\"cs\",\"@id\":\"https:\\\/\\\/slimex.to\\\/cs\\\/obchodni-podminky\\\/#local-main-organization-logo\",\"url\":\"https:\\\/\\\/slimex.to\\\/wp-content\\\/uploads\\\/2026\\\/01\\\/slimex-logo.png\",\"contentUrl\":\"https:\\\/\\\/slimex.to\\\/wp-content\\\/uploads\\\/2026\\\/01\\\/slimex-logo.png\",\"width\":725,\"height\":194,\"caption\":\"SLIMEX Peptides\"}]}<\/script>\n<meta name=\"geo.placename\" content=\"Prague\" \/>\n<meta name=\"geo.region\" content=\"\u010cesk\u00e1 republika\" \/>\n<!-- \/ Yoast SEO Premium plugin. -->","yoast_head_json":{"title":"Obchodn\u00ed podm\u00ednky - SLIMEX","robots":{"index":"index","follow":"follow","max-snippet":"max-snippet:-1","max-image-preview":"max-image-preview:large","max-video-preview":"max-video-preview:-1"},"canonical":"https:\/\/slimex.to\/cs\/obchodni-podminky\/","og_locale":"cs_CZ","og_type":"article","og_title":"Obchodn\u00ed podm\u00ednky","og_description":"Datum \u00fa\u010dinnosti: 1.&nbsp;1.&nbsp;2026 Tyto obchodn\u00ed podm\u00ednky (\u201epodm\u00ednky\u201c) upravuj\u00ed pou\u017e\u00edv\u00e1n\u00ed webov\u00fdch str\u00e1nek https:\/\/slimex.to (d\u00e1le jen \u201ewebov\u00e9 str\u00e1nky\u201c), provozovan\u00fdch spole\u010dnost\u00ed CREDIT CREW s.r.o., \u0159\u00e1dn\u011b registrovanou podle z\u00e1kon\u016f \u010cesk\u00e9 republiky, se s\u00eddlem na adrese Rybn\u00e1 716\/24, 110 00 Praha 1, I\u010cO 23898496 (d\u00e1le jen \u201espole\u010dnost\u201c, \u201emy\u201c nebo \u201en\u00e1s\u201c). P\u0159\u00edstupem na webov\u00e9 str\u00e1nky nebo zad\u00e1n\u00edm objedn\u00e1vky souhlas\u00edte s t\u00edm, &hellip; Read More \"Obchodn\u00ed podm\u00ednky\"","og_url":"https:\/\/slimex.to\/cs\/obchodni-podminky\/","og_site_name":"SLIMEX","article_modified_time":"2026-04-20T22:22:23+00:00","twitter_card":"summary_large_image","twitter_misc":{"Odhadovan\u00e1 doba \u010dten\u00ed":"6 minut"},"schema":{"@context":"https:\/\/schema.org","@graph":[{"@type":"WebPage","@id":"https:\/\/slimex.to\/cs\/obchodni-podminky\/","url":"https:\/\/slimex.to\/cs\/obchodni-podminky\/","name":"Obchodn\u00ed podm\u00ednky - SLIMEX","isPartOf":{"@id":"https:\/\/slimex.to\/cs\/#website"},"datePublished":"2026-02-19T10:03:21+00:00","dateModified":"2026-04-20T22:22:23+00:00","breadcrumb":{"@id":"https:\/\/slimex.to\/cs\/obchodni-podminky\/#breadcrumb"},"inLanguage":"cs","potentialAction":[{"@type":"ReadAction","target":["https:\/\/slimex.to\/cs\/obchodni-podminky\/"]}]},{"@type":"BreadcrumbList","@id":"https:\/\/slimex.to\/cs\/obchodni-podminky\/#breadcrumb","itemListElement":[{"@type":"ListItem","position":1,"name":"Home","item":"https:\/\/slimex.to\/cs\/domu\/"},{"@type":"ListItem","position":2,"name":"Obchodn\u00ed podm\u00ednky"}]},{"@type":"WebSite","@id":"https:\/\/slimex.to\/cs\/#website","url":"https:\/\/slimex.to\/cs\/","name":"SLIMEX","description":"Highest Quality Peptides","publisher":{"@id":"https:\/\/slimex.to\/cs\/#organization"},"potentialAction":[{"@type":"SearchAction","target":{"@type":"EntryPoint","urlTemplate":"https:\/\/slimex.to\/cs\/?s={search_term_string}"},"query-input":{"@type":"PropertyValueSpecification","valueRequired":true,"valueName":"search_term_string"}}],"inLanguage":"cs"},{"@type":["Organization","Place","MedicalOrganization"],"@id":"https:\/\/slimex.to\/cs\/#organization","name":"SLIMEX Peptides","alternateName":"SLIMEX","url":"https:\/\/slimex.to\/cs\/","logo":{"@id":"https:\/\/slimex.to\/cs\/obchodni-podminky\/#local-main-organization-logo"},"image":{"@id":"https:\/\/slimex.to\/cs\/obchodni-podminky\/#local-main-organization-logo"},"description":"We are a medical online provider specializing in research peptides, including retatrutide, delivered with a focus on safety, quality, and evidence-based care.","legalName":"CREDIT CREW s.r.o.","foundingDate":"2024-08-20","numberOfEmployees":{"@type":"QuantitativeValue","minValue":"11","maxValue":"50"},"address":{"@id":"https:\/\/slimex.to\/cs\/obchodni-podminky\/#local-main-place-address"},"telephone":[],"contactPoint":{"@type":"ContactPoint","email":"info@slimex.to"},"openingHoursSpecification":[],"email":"info@slimex.to","areaServed":"Europe"},{"@type":"PostalAddress","@id":"https:\/\/slimex.to\/cs\/obchodni-podminky\/#local-main-place-address","streetAddress":"Rybn\u00e1 716\/24","addressLocality":"Prague","postalCode":"11000","addressRegion":"Czech republic","addressCountry":"CZ"},{"@type":"ImageObject","inLanguage":"cs","@id":"https:\/\/slimex.to\/cs\/obchodni-podminky\/#local-main-organization-logo","url":"https:\/\/slimex.to\/wp-content\/uploads\/2026\/01\/slimex-logo.png","contentUrl":"https:\/\/slimex.to\/wp-content\/uploads\/2026\/01\/slimex-logo.png","width":725,"height":194,"caption":"SLIMEX Peptides"}]},"geo.placename":"Prague","geo.region":"\u010cesk\u00e1 republika"},"_links":{"self":[{"href":"https:\/\/slimex.to\/cs\/wp-json\/wp\/v2\/pages\/9551","targetHints":{"allow":["GET"]}}],"collection":[{"href":"https:\/\/slimex.to\/cs\/wp-json\/wp\/v2\/pages"}],"about":[{"href":"https:\/\/slimex.to\/cs\/wp-json\/wp\/v2\/types\/page"}],"author":[{"embeddable":true,"href":"https:\/\/slimex.to\/cs\/wp-json\/wp\/v2\/users\/1"}],"replies":[{"embeddable":true,"href":"https:\/\/slimex.to\/cs\/wp-json\/wp\/v2\/comments?post=9551"}],"version-history":[{"count":2,"href":"https:\/\/slimex.to\/cs\/wp-json\/wp\/v2\/pages\/9551\/revisions"}],"predecessor-version":[{"id":10839,"href":"https:\/\/slimex.to\/cs\/wp-json\/wp\/v2\/pages\/9551\/revisions\/10839"}],"wp:attachment":[{"href":"https:\/\/slimex.to\/cs\/wp-json\/wp\/v2\/media?parent=9551"}],"curies":[{"name":"wp","href":"https:\/\/api.w.org\/{rel}","templated":true}]}}