{"id":9620,"date":"2026-02-22T12:53:46","date_gmt":"2026-02-22T12:53:46","guid":{"rendered":"https:\/\/slimex.to\/product\/sema-semaglutid-2-mg\/"},"modified":"2026-04-16T20:29:31","modified_gmt":"2026-04-16T19:29:31","slug":"sema-semaglutid-2-mg","status":"publish","type":"product","link":"https:\/\/slimex.to\/cs\/produkt\/sema-semaglutid-2-mg\/","title":{"rendered":"SEMA \u2013 Semaglutid 2 mg"},"content":{"rendered":"<p data-start=\"689\" data-end=\"967\"><strong data-start=\"689\" data-end=\"709\">Semaglutid 2 mg<\/strong> je lyofilizovan\u00fd v\u00fdzkumn\u00fd peptid pr\u00e9miov\u00e9 kvality dod\u00e1van\u00fd ve steriln\u00ed sklen\u011bn\u00e9 lahvi\u010dce obsahuj\u00edc\u00ed 2 miligramy l\u00e1tky. Semaglutid selektivn\u011b c\u00edl\u00ed na receptor GLP-1 (Glucagon-Like Peptide-1), kter\u00fd je kl\u00ed\u010dov\u00fdm regul\u00e1torem metabolick\u00fdch sign\u00e1ln\u00edch drah. <\/p>\n<p data-start=\"969\" data-end=\"1276\">Tento peptid je rozs\u00e1hle studov\u00e1n v preklinick\u00fdch a v\u00fdzkumn\u00fdch laboratorn\u00edch podm\u00ednk\u00e1ch pro sv\u00e9 \u00fa\u010dinky na metabolismus gluk\u00f3zy, energetickou rovnov\u00e1hu a souvisej\u00edc\u00ed endokrinn\u00ed dr\u00e1hy. Semaglutid je ur\u010den v\u00fdhradn\u011b pro laboratorn\u00ed v\u00fdzkum a v\u011bdeck\u00e9 zkoum\u00e1n\u00ed a <strong data-start=\"1233\" data-end=\"1275\">nen\u00ed schv\u00e1len pro hum\u00e1nn\u00ed ani klinick\u00e9 pou\u017eit\u00ed<\/strong>. <\/p>\n<hr data-start=\"1278\" data-end=\"1281\">\n<h3 data-start=\"1283\" data-end=\"1310\"><strong data-start=\"1287\" data-end=\"1310\">Mechanismus \u00fa\u010dinku<\/strong><\/h3>\n<p data-start=\"1312\" data-end=\"1405\">Semaglutid je navr\u017een tak, aby selektivn\u011b aktivoval <strong data-start=\"1362\" data-end=\"1381\">receptory GLP-1<\/strong>, kter\u00e9 se pod\u00edlej\u00ed na:<\/p>\n<p data-start=\"1407\" data-end=\"1524\">\u2022 Inzul\u00ednov\u00e9 signalizaci z\u00e1visl\u00e9 na gluk\u00f3ze<br data-start=\"1444\" data-end=\"1447\">\u2022 V\u00fdzkumu regulace chuti k j\u00eddlu a sytosti<br data-start=\"1489\" data-end=\"1492\">\u2022 Modulaci metabolick\u00fdch drah<\/p>\n<p data-start=\"1526\" data-end=\"1663\">Tato receptorov\u011b selektivn\u00ed aktivita \u010din\u00ed ze Semaglutidu \u0161iroce vyu\u017e\u00edvan\u00fd n\u00e1stroj v laboratorn\u00edm v\u00fdzkumu zkoumaj\u00edc\u00edm endokrinn\u00ed a metabolick\u00e9 procesy.<\/p>\n<hr data-start=\"1665\" data-end=\"1668\">\n<h3 data-start=\"1670\" data-end=\"1699\"><strong data-start=\"1674\" data-end=\"1699\">V\u00fdzkumn\u00e9 aplikace<\/strong><\/h3>\n<p data-start=\"1701\" data-end=\"1762\">Semaglutid 2 mg se v laboratorn\u00edm v\u00fdzkumu b\u011b\u017en\u011b pou\u017e\u00edv\u00e1 pro:<\/p>\n<p data-start=\"1764\" data-end=\"2041\">\u2022 Studie metabolismu gluk\u00f3zy<br data-start=\"1792\" data-end=\"1795\">\u2022 V\u00fdzkum citlivosti na inzul\u00edn<br data-start=\"1825\" data-end=\"1828\">\u2022 Modelov\u00e1n\u00ed chuti k j\u00eddlu a energetick\u00e9 rovnov\u00e1hy<br data-start=\"1866\" data-end=\"1869\">\u2022 V\u00fdzkum metabolick\u00fdch drah souvisej\u00edc\u00edch s obezitou<br data-start=\"1913\" data-end=\"1916\">\u2022 Endokrinologick\u00e9 laboratorn\u00ed experimenty<br data-start=\"1954\" data-end=\"1957\">\u2022 Anal\u00fdzu vazby na receptory a signalizace<br data-start=\"1998\" data-end=\"2001\">\u2022 Laboratorn\u00ed hodnocen\u00ed d\u00e1vkov\u00e9 odpov\u011bdi<\/p>\n<p data-start=\"2043\" data-end=\"2163\">Jeho receptorov\u011b specifick\u00e1 aktivita umo\u017e\u0148uje v\u00fdzkumn\u00edk\u016fm studovat metabolick\u00e9 \u00fa\u010dinky zprost\u0159edkovan\u00e9 GLP-1 v kontrolovan\u00e9m prost\u0159ed\u00ed.<\/p>\n<hr data-start=\"2165\" data-end=\"2168\">\n<h3 data-start=\"2170\" data-end=\"2196\"><strong data-start=\"2174\" data-end=\"2196\">V\u011bdeck\u00fd kontext<\/strong><\/h3>\n<p data-start=\"2198\" data-end=\"2457\">Agonist\u00e9 receptoru GLP-1, jako je Semaglutid, jsou ve v\u00fdzkumu \u0161iroce citov\u00e1ni pro svou schopnost modulovat metabolick\u00e9 dr\u00e1hy. Slou\u010denina je zvl\u00e1\u0161t\u011b relevantn\u00ed pro studie zkoumaj\u00edc\u00ed metabolickou regulaci zalo\u017eenou na inkretinech a souvisej\u00edc\u00ed endokrinn\u00ed mechanismy. <\/p>\n<p data-start=\"2459\" data-end=\"2620\">Semaglutid je v metabolick\u00e9m v\u00fdzkumu pova\u017eov\u00e1n za referen\u010dn\u00ed agonista receptoru GLP-1 d\u00edky sv\u00e9 vysok\u00e9 receptorov\u00e9 specifit\u011b a dob\u0159e charakterizovan\u00e9mu sign\u00e1ln\u00edmu profilu.<\/p>\n<hr data-start=\"2622\" data-end=\"2625\">\n<h3 data-start=\"2627\" data-end=\"2657\"><strong data-start=\"2631\" data-end=\"2657\">Specifikace produktu<\/strong><\/h3>\n<p data-start=\"2659\" data-end=\"2910\"><strong data-start=\"2659\" data-end=\"2676\">N\u00e1zev produktu:<\/strong> Semaglutid<br data-start=\"2688\" data-end=\"2691\"><strong data-start=\"2691\" data-end=\"2703\">Obsah:<\/strong> 2 mg v lahvi\u010dce<br data-start=\"2717\" data-end=\"2720\"><strong data-start=\"2720\" data-end=\"2729\">Forma:<\/strong> Lyofilizovan\u00fd pr\u00e1\u0161ek<br data-start=\"2748\" data-end=\"2751\"><strong data-start=\"2751\" data-end=\"2761\">Kvalita:<\/strong> Pouze pro v\u00fdzkumn\u00e9 \u00fa\u010dely<br data-start=\"2779\" data-end=\"2782\"><strong data-start=\"2782\" data-end=\"2793\">\u010cistota:<\/strong> Vysok\u00e1 laboratorn\u00ed \u010distota<br data-start=\"2822\" data-end=\"2825\"><strong data-start=\"2825\" data-end=\"2839\">Balen\u00ed:<\/strong> Steriln\u00ed uzav\u0159en\u00e1 sklen\u011bn\u00e1 lahvi\u010dka<br data-start=\"2865\" data-end=\"2868\"><strong data-start=\"2868\" data-end=\"2880\">Skladov\u00e1n\u00ed:<\/strong> Skladujte v chladu p\u0159i teplot\u011b 2\u20138 \u00b0C<\/p>\n<hr data-start=\"2912\" data-end=\"2915\">\n<h3 data-start=\"2917\" data-end=\"2947\"><strong data-start=\"2921\" data-end=\"2947\">Stabilita a manipulace<\/strong><\/h3>\n<p data-start=\"2949\" data-end=\"3046\">Lyofilizovan\u00e1 forma zaji\u0161\u0165uje dlouhodobou stabilitu za vhodn\u00fdch laboratorn\u00edch skladovac\u00edch podm\u00ednek.<\/p>\n<p data-start=\"3048\" data-end=\"3080\">Doporu\u010den\u00e1 laboratorn\u00ed manipulace:<\/p>\n<p data-start=\"3082\" data-end=\"3227\">\u2022 Skladujte p\u0159i teplot\u011b 2\u20138 \u00b0C<br data-start=\"3098\" data-end=\"3101\">\u2022 Chra\u0148te p\u0159ed sv\u011btlem a vlhkost\u00ed<br data-start=\"3134\" data-end=\"3137\">\u2022 Vyvarujte se opakovan\u00fdm cykl\u016fm zmrazen\u00ed a rozmrazen\u00ed<br data-start=\"3172\" data-end=\"3175\">\u2022 Rekonstituujte v steriln\u00edch laboratorn\u00edch podm\u00ednk\u00e1ch<\/p>\n<p data-start=\"3229\" data-end=\"3318\">Spr\u00e1vn\u00e1 manipulace zachov\u00e1v\u00e1 struktur\u00e1ln\u00ed integritu a zaji\u0161\u0165uje spolehliv\u00e9 experiment\u00e1ln\u00ed v\u00fdsledky.<\/p>\n<hr data-start=\"3320\" data-end=\"3323\">\n<h3 data-start=\"3325\" data-end=\"3356\"><strong data-start=\"3329\" data-end=\"3356\">Klasifikace v\u00fdzkumu<\/strong><\/h3>\n<p data-start=\"3358\" data-end=\"3448\">Semaglutid je klasifikov\u00e1n jako zkouman\u00e1 peptidov\u00e1 slou\u010denina ur\u010den\u00e1 v\u00fdhradn\u011b pro:<\/p>\n<p data-start=\"3450\" data-end=\"3573\">\u2022 Laboratorn\u00ed v\u00fdzkum in vitro<br data-start=\"3480\" data-end=\"3483\">\u2022 Analytick\u00e9 testov\u00e1n\u00ed<br data-start=\"3503\" data-end=\"3506\">\u2022 V\u011bdeck\u00e9 experimentov\u00e1n\u00ed<br data-start=\"3534\" data-end=\"3537\">\u2022 Kontrolovan\u00e9 v\u00fdzkumn\u00e9 aplikace<\/p>\n<p data-start=\"3575\" data-end=\"3648\">Nen\u00ed schv\u00e1len pro terapeutick\u00e9, diagnostick\u00e9, veterin\u00e1rn\u00ed ani hum\u00e1nn\u00ed pou\u017eit\u00ed.<\/p>\n<hr data-start=\"3650\" data-end=\"3653\">\n<h3 data-start=\"3655\" data-end=\"3679\"><strong data-start=\"3659\" data-end=\"3679\">D\u016fle\u017eit\u00e9 upozorn\u011bn\u00ed<\/strong><\/h3>\n<p data-start=\"3681\" data-end=\"3751\">Tento produkt se prod\u00e1v\u00e1 v\u00fdhradn\u011b pro \u00fa\u010dely laboratorn\u00edho v\u00fdzkumu.<\/p>\n<p data-start=\"3753\" data-end=\"3939\">Nen\u00ed ur\u010den k lidsk\u00e9 spot\u0159eb\u011b, l\u00e9ka\u0159sk\u00e9mu pou\u017eit\u00ed ani klinick\u00e9 aplikaci. Zakoupen\u00edm tohoto produktu kupuj\u00edc\u00ed potvrzuje, \u017ee bude pou\u017eit v\u00fdhradn\u011b pro z\u00e1konn\u00fd v\u011bdeck\u00fd v\u00fdzkum. <\/p>\n","protected":false},"excerpt":{"rendered":"<p>SEMA \u2013 Semaglutid 2 mg je testov\u00e1n a obsahuje po\u017eadovan\u00e9 mno\u017estv\u00ed l\u00e1tky nejvy\u0161\u0161\u00ed kvality:<\/p>\n<p><a style=\"color: #008000;\" href=\"https:\/\/slimex.to\/cs\/certifikace\/\" target=\"_blank\" rel=\"noopener\">\u00bb V\u00fdsledky test\u016f na\u0161eho Semaglutidu 2mg<\/a><\/p>\n<p><strong>Semaglutid 2 mg<\/strong> je vysoce \u010dist\u00fd lyofilizovan\u00fd v\u00fdzkumn\u00fd peptid dod\u00e1van\u00fd ve steriln\u00ed sklen\u011bn\u00e9 lahvi\u010dce obsahuj\u00edc\u00ed 2 mg \u00fa\u010dinn\u00e9 l\u00e1tky. Semaglutid je siln\u00fd agonista receptoru GLP-1 \u0161iroce studovan\u00fd v metabolick\u00e9m a endokrinologick\u00e9m v\u00fdzkumu. Tento produkt je ur\u010den v\u00fdhradn\u011b pro laboratorn\u00ed a v\u011bdeck\u00e9 \u00fa\u010dely.  <\/p>\n<p><strong>Rekonstituce:<br \/>\n<\/strong>P\u0159idejte 1,0 ml bakteriostatick\u00e9 vody \u2192 5,0 mg pro optim\u00e1ln\u00ed koncentraci.<br \/>\n<strong>Skladov\u00e1n\u00ed po rekonstituci:<br \/>\n<\/strong>Uchov\u00e1vejte v chladni\u010dce p\u0159i 2\u20138 \u00b0C a spot\u0159ebujte do 4 t\u00fddn\u016f.<\/p>\n","protected":false},"featured_media":10378,"template":"","meta":{"inline_featured_image":false,"iawp_total_views":0},"product_brand":[],"product_cat":[120],"product_tag":[],"class_list":{"0":"post-9620","1":"product","2":"type-product","3":"status-publish","4":"has-post-thumbnail","6":"product_cat-peptidy","7":"tm-has-options","9":"first","10":"instock","11":"featured","12":"taxable","13":"shipping-taxable","14":"purchasable","15":"product-type-simple"},"yoast_head":"<!-- This site is optimized with the Yoast SEO Premium plugin v27.2 (Yoast SEO v27.5) - https:\/\/yoast.com\/product\/yoast-seo-premium-wordpress\/ -->\n<title>Semaglutid 2 mg | V\u00fdzkumn\u00fd peptid vysok\u00e9 \u010distoty<\/title>\n<meta name=\"description\" content=\"Kupte si Semaglutid 2 mg, v\u00fdzkumn\u00fd peptid vysok\u00e9 \u010distoty. Agonista receptoru GLP-1 ur\u010den\u00fd v\u00fdhradn\u011b pro laboratorn\u00ed a metabolick\u00fd v\u00fdzkum.\" \/>\n<meta name=\"robots\" content=\"index, follow, max-snippet:-1, max-image-preview:large, max-video-preview:-1\" \/>\n<link rel=\"canonical\" href=\"https:\/\/slimex.to\/cs\/produkt\/sema-semaglutid-2-mg\/\" \/>\n<meta property=\"og:locale\" content=\"cs_CZ\" \/>\n<meta property=\"og:type\" content=\"article\" \/>\n<meta property=\"og:title\" content=\"SEMA \u2013 Semaglutid 2 mg\" \/>\n<meta property=\"og:description\" content=\"Kupte si Semaglutid 2 mg, v\u00fdzkumn\u00fd peptid vysok\u00e9 \u010distoty. Agonista receptoru GLP-1 ur\u010den\u00fd v\u00fdhradn\u011b pro laboratorn\u00ed a metabolick\u00fd v\u00fdzkum.\" \/>\n<meta property=\"og:url\" content=\"https:\/\/slimex.to\/cs\/produkt\/sema-semaglutid-2-mg\/\" \/>\n<meta property=\"og:site_name\" content=\"SLIMEX\" \/>\n<meta property=\"article:modified_time\" content=\"2026-04-16T19:29:31+00:00\" \/>\n<meta property=\"og:image\" content=\"https:\/\/slimex.to\/wp-content\/uploads\/2026\/03\/sema2-vial-white.png\" \/>\n\t<meta property=\"og:image:width\" content=\"1024\" \/>\n\t<meta property=\"og:image:height\" content=\"1024\" \/>\n\t<meta property=\"og:image:type\" content=\"image\/png\" \/>\n<meta name=\"twitter:card\" content=\"summary_large_image\" \/>\n<meta name=\"twitter:label1\" content=\"Cena\" \/>\n\t<meta name=\"twitter:data1\" content=\"970&nbsp;&#075;&#269;\" \/>\n\t<meta name=\"twitter:label2\" content=\"Dostupnost\" \/>\n\t<meta name=\"twitter:data2\" content=\"Skladem\" \/>\n<script type=\"application\/ld+json\" class=\"yoast-schema-graph\">{\"@context\":\"https:\\\/\\\/schema.org\",\"@graph\":[{\"@type\":\"WebPage\",\"@id\":\"https:\\\/\\\/slimex.to\\\/cs\\\/produkt\\\/sema-semaglutid-2-mg\\\/\",\"url\":\"https:\\\/\\\/slimex.to\\\/cs\\\/produkt\\\/sema-semaglutid-2-mg\\\/\",\"name\":\"Semaglutid 2 mg | V\u00fdzkumn\u00fd peptid vysok\u00e9 \u010distoty\",\"isPartOf\":{\"@id\":\"https:\\\/\\\/slimex.to\\\/cs\\\/#website\"},\"primaryImageOfPage\":{\"@id\":\"https:\\\/\\\/slimex.to\\\/cs\\\/produkt\\\/sema-semaglutid-2-mg\\\/#primaryimage\"},\"image\":{\"@id\":\"https:\\\/\\\/slimex.to\\\/cs\\\/produkt\\\/sema-semaglutid-2-mg\\\/#primaryimage\"},\"thumbnailUrl\":\"https:\\\/\\\/slimex.to\\\/wp-content\\\/uploads\\\/2026\\\/03\\\/sema2-vial-white.png\",\"datePublished\":\"2026-02-22T12:53:46+00:00\",\"dateModified\":\"2026-04-16T19:29:31+00:00\",\"description\":\"Kupte si Semaglutid 2 mg, v\u00fdzkumn\u00fd peptid vysok\u00e9 \u010distoty. Agonista receptoru GLP-1 ur\u010den\u00fd v\u00fdhradn\u011b pro laboratorn\u00ed a metabolick\u00fd v\u00fdzkum.\",\"breadcrumb\":{\"@id\":\"https:\\\/\\\/slimex.to\\\/cs\\\/produkt\\\/sema-semaglutid-2-mg\\\/#breadcrumb\"},\"inLanguage\":\"cs\",\"potentialAction\":[{\"@type\":\"ReadAction\",\"target\":[\"https:\\\/\\\/slimex.to\\\/cs\\\/produkt\\\/sema-semaglutid-2-mg\\\/\"]}]},{\"@type\":\"ImageObject\",\"inLanguage\":\"cs\",\"@id\":\"https:\\\/\\\/slimex.to\\\/cs\\\/produkt\\\/sema-semaglutid-2-mg\\\/#primaryimage\",\"url\":\"https:\\\/\\\/slimex.to\\\/wp-content\\\/uploads\\\/2026\\\/03\\\/sema2-vial-white.png\",\"contentUrl\":\"https:\\\/\\\/slimex.to\\\/wp-content\\\/uploads\\\/2026\\\/03\\\/sema2-vial-white.png\",\"width\":1024,\"height\":1024},{\"@type\":\"BreadcrumbList\",\"@id\":\"https:\\\/\\\/slimex.to\\\/cs\\\/produkt\\\/sema-semaglutid-2-mg\\\/#breadcrumb\",\"itemListElement\":[{\"@type\":\"ListItem\",\"position\":1,\"name\":\"Home\",\"item\":\"https:\\\/\\\/slimex.to\\\/cs\\\/domu\\\/\"},{\"@type\":\"ListItem\",\"position\":2,\"name\":\"Obchod\",\"item\":\"https:\\\/\\\/slimex.to\\\/cs\\\/obchod\\\/\"},{\"@type\":\"ListItem\",\"position\":3,\"name\":\"SEMA \u2013 Semaglutid 2 mg\"}]},{\"@type\":\"WebSite\",\"@id\":\"https:\\\/\\\/slimex.to\\\/cs\\\/#website\",\"url\":\"https:\\\/\\\/slimex.to\\\/cs\\\/\",\"name\":\"SLIMEX\",\"description\":\"Highest Quality Peptides\",\"publisher\":{\"@id\":\"https:\\\/\\\/slimex.to\\\/cs\\\/#organization\"},\"potentialAction\":[{\"@type\":\"SearchAction\",\"target\":{\"@type\":\"EntryPoint\",\"urlTemplate\":\"https:\\\/\\\/slimex.to\\\/cs\\\/?s={search_term_string}\"},\"query-input\":{\"@type\":\"PropertyValueSpecification\",\"valueRequired\":true,\"valueName\":\"search_term_string\"}}],\"inLanguage\":\"cs\"},{\"@type\":[\"Organization\",\"Place\",\"MedicalOrganization\"],\"@id\":\"https:\\\/\\\/slimex.to\\\/cs\\\/#organization\",\"name\":\"SLIMEX Peptides\",\"alternateName\":\"SLIMEX\",\"url\":\"https:\\\/\\\/slimex.to\\\/cs\\\/\",\"logo\":{\"@id\":\"https:\\\/\\\/slimex.to\\\/cs\\\/produkt\\\/sema-semaglutid-2-mg\\\/#local-main-organization-logo\"},\"image\":{\"@id\":\"https:\\\/\\\/slimex.to\\\/cs\\\/produkt\\\/sema-semaglutid-2-mg\\\/#local-main-organization-logo\"},\"description\":\"We are a medical online provider specializing in research peptides, including retatrutide, delivered with a focus on safety, quality, and evidence-based care.\",\"legalName\":\"CREDIT CREW s.r.o.\",\"foundingDate\":\"2024-08-20\",\"numberOfEmployees\":{\"@type\":\"QuantitativeValue\",\"minValue\":\"11\",\"maxValue\":\"50\"},\"address\":{\"@id\":\"https:\\\/\\\/slimex.to\\\/cs\\\/produkt\\\/sema-semaglutid-2-mg\\\/#local-main-place-address\"},\"telephone\":[],\"contactPoint\":{\"@type\":\"ContactPoint\",\"email\":\"info@slimex.to\"},\"openingHoursSpecification\":[],\"email\":\"info@slimex.to\",\"areaServed\":\"Europe\"},{\"@type\":\"PostalAddress\",\"@id\":\"https:\\\/\\\/slimex.to\\\/cs\\\/produkt\\\/sema-semaglutid-2-mg\\\/#local-main-place-address\",\"streetAddress\":\"Rybn\u00e1 716\\\/24\",\"addressLocality\":\"Prague\",\"postalCode\":\"11000\",\"addressRegion\":\"Czech republic\",\"addressCountry\":\"CZ\"},{\"@type\":\"ImageObject\",\"inLanguage\":\"cs\",\"@id\":\"https:\\\/\\\/slimex.to\\\/cs\\\/produkt\\\/sema-semaglutid-2-mg\\\/#local-main-organization-logo\",\"url\":\"https:\\\/\\\/slimex.to\\\/wp-content\\\/uploads\\\/2026\\\/01\\\/slimex-logo.png\",\"contentUrl\":\"https:\\\/\\\/slimex.to\\\/wp-content\\\/uploads\\\/2026\\\/01\\\/slimex-logo.png\",\"width\":725,\"height\":194,\"caption\":\"SLIMEX Peptides\"}]}<\/script>\n<meta property=\"product:price:amount\" content=\"970\" \/>\n<meta property=\"product:price:currency\" content=\"CZK\" \/>\n<meta property=\"og:availability\" content=\"instock\" \/>\n<meta property=\"product:availability\" content=\"instock\" \/>\n<meta property=\"product:retailer_item_id\" content=\"SEMA2\" \/>\n<meta property=\"product:condition\" content=\"new\" \/>\n<meta name=\"geo.placename\" content=\"Prague\" \/>\n<meta name=\"geo.region\" content=\"\u010cesk\u00e1 republika\" \/>\n<!-- \/ Yoast SEO Premium plugin. -->","yoast_head_json":{"title":"Semaglutid 2 mg | V\u00fdzkumn\u00fd peptid vysok\u00e9 \u010distoty","description":"Kupte si Semaglutid 2 mg, v\u00fdzkumn\u00fd peptid vysok\u00e9 \u010distoty. Agonista receptoru GLP-1 ur\u010den\u00fd v\u00fdhradn\u011b pro laboratorn\u00ed a metabolick\u00fd v\u00fdzkum.","robots":{"index":"index","follow":"follow","max-snippet":"max-snippet:-1","max-image-preview":"max-image-preview:large","max-video-preview":"max-video-preview:-1"},"canonical":"https:\/\/slimex.to\/cs\/produkt\/sema-semaglutid-2-mg\/","og_locale":"cs_CZ","og_type":"article","og_title":"SEMA \u2013 Semaglutid 2 mg","og_description":"Kupte si Semaglutid 2 mg, v\u00fdzkumn\u00fd peptid vysok\u00e9 \u010distoty. Agonista receptoru GLP-1 ur\u010den\u00fd v\u00fdhradn\u011b pro laboratorn\u00ed a metabolick\u00fd v\u00fdzkum.","og_url":"https:\/\/slimex.to\/cs\/produkt\/sema-semaglutid-2-mg\/","og_site_name":"SLIMEX","article_modified_time":"2026-04-16T19:29:31+00:00","og_image":[{"width":1024,"height":1024,"url":"https:\/\/slimex.to\/wp-content\/uploads\/2026\/03\/sema2-vial-white.png","type":"image\/png"}],"twitter_card":"summary_large_image","twitter_misc":{"Cena":"970&nbsp;&#75;&#269;","Dostupnost":"Skladem"},"schema":{"@context":"https:\/\/schema.org","@graph":[{"@type":"WebPage","@id":"https:\/\/slimex.to\/cs\/produkt\/sema-semaglutid-2-mg\/","url":"https:\/\/slimex.to\/cs\/produkt\/sema-semaglutid-2-mg\/","name":"Semaglutid 2 mg | V\u00fdzkumn\u00fd peptid vysok\u00e9 \u010distoty","isPartOf":{"@id":"https:\/\/slimex.to\/cs\/#website"},"primaryImageOfPage":{"@id":"https:\/\/slimex.to\/cs\/produkt\/sema-semaglutid-2-mg\/#primaryimage"},"image":{"@id":"https:\/\/slimex.to\/cs\/produkt\/sema-semaglutid-2-mg\/#primaryimage"},"thumbnailUrl":"https:\/\/slimex.to\/wp-content\/uploads\/2026\/03\/sema2-vial-white.png","datePublished":"2026-02-22T12:53:46+00:00","dateModified":"2026-04-16T19:29:31+00:00","description":"Kupte si Semaglutid 2 mg, v\u00fdzkumn\u00fd peptid vysok\u00e9 \u010distoty. Agonista receptoru GLP-1 ur\u010den\u00fd v\u00fdhradn\u011b pro laboratorn\u00ed a metabolick\u00fd v\u00fdzkum.","breadcrumb":{"@id":"https:\/\/slimex.to\/cs\/produkt\/sema-semaglutid-2-mg\/#breadcrumb"},"inLanguage":"cs","potentialAction":[{"@type":"ReadAction","target":["https:\/\/slimex.to\/cs\/produkt\/sema-semaglutid-2-mg\/"]}]},{"@type":"ImageObject","inLanguage":"cs","@id":"https:\/\/slimex.to\/cs\/produkt\/sema-semaglutid-2-mg\/#primaryimage","url":"https:\/\/slimex.to\/wp-content\/uploads\/2026\/03\/sema2-vial-white.png","contentUrl":"https:\/\/slimex.to\/wp-content\/uploads\/2026\/03\/sema2-vial-white.png","width":1024,"height":1024},{"@type":"BreadcrumbList","@id":"https:\/\/slimex.to\/cs\/produkt\/sema-semaglutid-2-mg\/#breadcrumb","itemListElement":[{"@type":"ListItem","position":1,"name":"Home","item":"https:\/\/slimex.to\/cs\/domu\/"},{"@type":"ListItem","position":2,"name":"Obchod","item":"https:\/\/slimex.to\/cs\/obchod\/"},{"@type":"ListItem","position":3,"name":"SEMA \u2013 Semaglutid 2 mg"}]},{"@type":"WebSite","@id":"https:\/\/slimex.to\/cs\/#website","url":"https:\/\/slimex.to\/cs\/","name":"SLIMEX","description":"Highest Quality Peptides","publisher":{"@id":"https:\/\/slimex.to\/cs\/#organization"},"potentialAction":[{"@type":"SearchAction","target":{"@type":"EntryPoint","urlTemplate":"https:\/\/slimex.to\/cs\/?s={search_term_string}"},"query-input":{"@type":"PropertyValueSpecification","valueRequired":true,"valueName":"search_term_string"}}],"inLanguage":"cs"},{"@type":["Organization","Place","MedicalOrganization"],"@id":"https:\/\/slimex.to\/cs\/#organization","name":"SLIMEX Peptides","alternateName":"SLIMEX","url":"https:\/\/slimex.to\/cs\/","logo":{"@id":"https:\/\/slimex.to\/cs\/produkt\/sema-semaglutid-2-mg\/#local-main-organization-logo"},"image":{"@id":"https:\/\/slimex.to\/cs\/produkt\/sema-semaglutid-2-mg\/#local-main-organization-logo"},"description":"We are a medical online provider specializing in research peptides, including retatrutide, delivered with a focus on safety, quality, and evidence-based care.","legalName":"CREDIT CREW s.r.o.","foundingDate":"2024-08-20","numberOfEmployees":{"@type":"QuantitativeValue","minValue":"11","maxValue":"50"},"address":{"@id":"https:\/\/slimex.to\/cs\/produkt\/sema-semaglutid-2-mg\/#local-main-place-address"},"telephone":[],"contactPoint":{"@type":"ContactPoint","email":"info@slimex.to"},"openingHoursSpecification":[],"email":"info@slimex.to","areaServed":"Europe"},{"@type":"PostalAddress","@id":"https:\/\/slimex.to\/cs\/produkt\/sema-semaglutid-2-mg\/#local-main-place-address","streetAddress":"Rybn\u00e1 716\/24","addressLocality":"Prague","postalCode":"11000","addressRegion":"Czech republic","addressCountry":"CZ"},{"@type":"ImageObject","inLanguage":"cs","@id":"https:\/\/slimex.to\/cs\/produkt\/sema-semaglutid-2-mg\/#local-main-organization-logo","url":"https:\/\/slimex.to\/wp-content\/uploads\/2026\/01\/slimex-logo.png","contentUrl":"https:\/\/slimex.to\/wp-content\/uploads\/2026\/01\/slimex-logo.png","width":725,"height":194,"caption":"SLIMEX Peptides"}]},"product_price_amount":"970","product_price_currency":"CZK","og_availability":"instock","product_availability":"instock","product_retailer_item_id":"SEMA2","product_condition":"new","geo.placename":"Prague","geo.region":"\u010cesk\u00e1 republika"},"_links":{"self":[{"href":"https:\/\/slimex.to\/cs\/wp-json\/wp\/v2\/product\/9620","targetHints":{"allow":["GET"]}}],"collection":[{"href":"https:\/\/slimex.to\/cs\/wp-json\/wp\/v2\/product"}],"about":[{"href":"https:\/\/slimex.to\/cs\/wp-json\/wp\/v2\/types\/product"}],"wp:featuredmedia":[{"embeddable":true,"href":"https:\/\/slimex.to\/cs\/wp-json\/wp\/v2\/media\/10378"}],"wp:attachment":[{"href":"https:\/\/slimex.to\/cs\/wp-json\/wp\/v2\/media?parent=9620"}],"wp:term":[{"taxonomy":"product_brand","embeddable":true,"href":"https:\/\/slimex.to\/cs\/wp-json\/wp\/v2\/product_brand?post=9620"},{"taxonomy":"product_cat","embeddable":true,"href":"https:\/\/slimex.to\/cs\/wp-json\/wp\/v2\/product_cat?post=9620"},{"taxonomy":"product_tag","embeddable":true,"href":"https:\/\/slimex.to\/cs\/wp-json\/wp\/v2\/product_tag?post=9620"}],"curies":[{"name":"wp","href":"https:\/\/api.w.org\/{rel}","templated":true}]}}