{"id":9635,"date":"2026-02-24T15:15:42","date_gmt":"2026-02-24T15:15:42","guid":{"rendered":"https:\/\/slimex.to\/product\/hgh-lidsky-rustovy-hormon-10-iu\/"},"modified":"2026-04-16T20:24:10","modified_gmt":"2026-04-16T19:24:10","slug":"hgh-lidsky-rustovy-hormon-10-iu","status":"publish","type":"product","link":"https:\/\/slimex.to\/cs\/produkt\/hgh-lidsky-rustovy-hormon-10-iu\/","title":{"rendered":"HGH \u2013 Lidsk\u00fd r\u016fstov\u00fd hormon 10 IU"},"content":{"rendered":"<p data-start=\"737\" data-end=\"1076\"><strong data-start=\"737\" data-end=\"773\">Lidsk\u00fd r\u016fstov\u00fd hormon (HGH) 10 IU<\/strong>, zn\u00e1m\u00fd tak\u00e9 jako rekombinantn\u00ed somatropin, je lyofilizovan\u00fd peptid laboratorn\u00ed kvality dod\u00e1van\u00fd ve steriln\u00ed uzav\u0159en\u00e9 sklen\u011bn\u00e9 lahvi\u010dce obsahuj\u00edc\u00ed 10 IU. R\u016fstov\u00fd hormon je p\u0159irozen\u011b se vyskytuj\u00edc\u00ed peptidov\u00fd hormon odpov\u011bdn\u00fd za regulaci r\u016fstu, bun\u011b\u010dnou opravu a metabolick\u00e9 procesy v biologick\u00fdch syst\u00e9mech. <\/p>\n<p data-start=\"1078\" data-end=\"1377\">Rekombinantn\u00ed HGH je \u0161iroce vyu\u017e\u00edv\u00e1n v kontrolovan\u00e9m laboratorn\u00edm prost\u0159ed\u00ed pro v\u00fdzkum endokrinn\u00ed signalizace, drah synt\u00e9zy b\u00edlkovin a bun\u011b\u010dn\u00fdch mechanism\u016f souvisej\u00edc\u00edch s r\u016fstem. Tento produkt je ur\u010den v\u00fdhradn\u011b pro v\u011bdeck\u00fd a laboratorn\u00ed v\u00fdzkum a nen\u00ed schv\u00e1len pro hum\u00e1nn\u00ed ani klinick\u00e9 pou\u017eit\u00ed. <\/p>\n<hr data-start=\"1379\" data-end=\"1382\">\n<h3 data-start=\"1384\" data-end=\"1411\"><strong data-start=\"1388\" data-end=\"1411\">Mechanismus \u00fa\u010dinku<\/strong><\/h3>\n<p data-start=\"1413\" data-end=\"1545\">Lidsk\u00fd r\u016fstov\u00fd hormon interaguje se specifick\u00fdmi receptory r\u016fstov\u00e9ho hormonu (GHR) a stimuluje n\u00e1sledn\u00e9 sign\u00e1ln\u00ed dr\u00e1hy, v\u010detn\u011b:<\/p>\n<p data-start=\"1547\" data-end=\"1746\">\u2022 Aktivace drah inzulinu podobn\u00e9ho r\u016fstov\u00e9ho faktoru (IGF-1)<br \/>\n\u2022 Lep\u0161\u00ed odbour\u00e1v\u00e1n\u00ed tuk\u016f<br \/>\n\u2022 Regulace mechanism\u016f synt\u00e9zy b\u00edlkovin<br data-start=\"1653\" data-end=\"1656\">\u2022 Modulace signalizace bun\u011b\u010dn\u00e9ho r\u016fstu<br data-start=\"1697\" data-end=\"1700\">\u2022 Ovlivn\u011bn\u00ed metabolick\u00fdch regula\u010dn\u00edch drah<\/p>\n<p data-start=\"1748\" data-end=\"1833\">D\u00edky t\u011bmto mechanism\u016fm je HGH kl\u00ed\u010dovou slou\u010deninou v endokrinn\u00edm v\u00fdzkumu a v\u00fdzkumu molekul\u00e1rn\u00ed biologie.<\/p>\n<hr data-start=\"1835\" data-end=\"1838\">\n<h3 data-start=\"1840\" data-end=\"1869\"><strong data-start=\"1844\" data-end=\"1869\">V\u00fdzkumn\u00e9 aplikace<\/strong><\/h3>\n<p data-start=\"1871\" data-end=\"1925\">HGH 10 IU se v laboratorn\u00edm prost\u0159ed\u00ed b\u011b\u017en\u011b pou\u017e\u00edv\u00e1 pro:<\/p>\n<p data-start=\"1927\" data-end=\"2173\">\u2022 Endokrinologick\u00fd v\u00fdzkum<br data-start=\"1951\" data-end=\"1954\">\u2022 Studie drah IGF-1<br data-start=\"1977\" data-end=\"1980\">\u2022 V\u00fdzkum bun\u011b\u010dn\u00e9ho r\u016fstu a diferenciace<br data-start=\"2026\" data-end=\"2029\">\u2022 Zkoum\u00e1n\u00ed synt\u00e9zy b\u00edlkovin<br data-start=\"2063\" data-end=\"2066\">\u2022 Anal\u00fdza metabolick\u00e9 regulace<br data-start=\"2097\" data-end=\"2100\">\u2022 Hodnocen\u00ed hormon\u00e1ln\u00edch sign\u00e1ln\u00edch drah<br data-start=\"2139\" data-end=\"2142\">\u2022 Srovn\u00e1vac\u00ed studie peptid\u016f<\/p>\n<p data-start=\"2175\" data-end=\"2284\">Jeho dob\u0159e charakterizovan\u00fd biologick\u00fd profil z n\u011bj \u010din\u00ed z\u00e1kladn\u00ed slou\u010deninu v modelech v\u00fdzkumu r\u016fstov\u00e9ho hormonu.<\/p>\n<hr data-start=\"2286\" data-end=\"2289\">\n<h3 data-start=\"2291\" data-end=\"2317\"><strong data-start=\"2295\" data-end=\"2317\">V\u011bdeck\u00fd kontext<\/strong><\/h3>\n<p data-start=\"2319\" data-end=\"2620\">Lidsk\u00fd r\u016fstov\u00fd hormon je po desetilet\u00ed rozs\u00e1hle studov\u00e1n v klinick\u00e9m i laboratorn\u00edm v\u00fdzkumn\u00e9m prost\u0159ed\u00ed. Rekombinantn\u00ed somatropin umo\u017e\u0148uje v\u00fdzkumn\u00edk\u016fm zkoumat interakce receptor\u016f r\u016fstov\u00e9ho hormonu, n\u00e1sledn\u00e9 sign\u00e1ln\u00ed kask\u00e1dy a mechanismy endokrinn\u00ed zp\u011btn\u00e9 vazby v kontrolovan\u00fdch podm\u00ednk\u00e1ch. <\/p>\n<p data-start=\"2622\" data-end=\"2764\">Vzhledem ke sv\u00e9 \u00fast\u0159edn\u00ed roli v regulaci r\u016fstu a metabolismu z\u016fst\u00e1v\u00e1 HGH v\u00fdznamnou molekulou v pokro\u010dil\u00e9m biochemick\u00e9m a endokrinn\u00edm v\u00fdzkumu.<\/p>\n<hr data-start=\"2766\" data-end=\"2769\">\n<h3 data-start=\"2771\" data-end=\"2801\"><strong data-start=\"2775\" data-end=\"2801\">Specifikace produktu<\/strong><\/h3>\n<p data-start=\"2803\" data-end=\"3077\"><strong data-start=\"2803\" data-end=\"2820\">N\u00e1zev produktu:<\/strong> Lidsk\u00fd r\u016fstov\u00fd hormon (Somatropin)<br data-start=\"2854\" data-end=\"2857\"><strong data-start=\"2857\" data-end=\"2869\">Obsah:<\/strong> 10 IU v lahvi\u010dce<br data-start=\"2884\" data-end=\"2887\"><strong data-start=\"2887\" data-end=\"2896\">Forma:<\/strong> Lyofilizovan\u00fd pr\u00e1\u0161ek<br data-start=\"2915\" data-end=\"2918\"><strong data-start=\"2918\" data-end=\"2928\">Kvalita:<\/strong> Pouze pro v\u00fdzkumn\u00e9 \u00fa\u010dely<br data-start=\"2946\" data-end=\"2949\"><strong data-start=\"2949\" data-end=\"2960\">\u010cistota:<\/strong> Vysok\u00e1 laboratorn\u00ed \u010distota<br data-start=\"2989\" data-end=\"2992\"><strong data-start=\"2992\" data-end=\"3006\">Balen\u00ed:<\/strong> Steriln\u00ed uzav\u0159en\u00e1 sklen\u011bn\u00e1 lahvi\u010dka<br data-start=\"3032\" data-end=\"3035\"><strong data-start=\"3035\" data-end=\"3047\">Skladov\u00e1n\u00ed:<\/strong> Skladujte v chladni\u010dce p\u0159i teplot\u011b 2\u20138 \u00b0C<\/p>\n<hr data-start=\"3079\" data-end=\"3082\">\n<h3 data-start=\"3084\" data-end=\"3114\"><strong data-start=\"3088\" data-end=\"3114\">Stabilita a manipulace<\/strong><\/h3>\n<p data-start=\"3116\" data-end=\"3211\">Lyofilizovan\u00e1 forma zaji\u0161\u0165uje stabilitu p\u0159i skladov\u00e1n\u00ed ve vhodn\u00fdch chlazen\u00fdch podm\u00ednk\u00e1ch.<\/p>\n<p data-start=\"3213\" data-end=\"3245\">Doporu\u010den\u00e1 laboratorn\u00ed manipulace:<\/p>\n<p data-start=\"3247\" data-end=\"3379\">\u2022 Skladujte p\u0159i teplot\u011b 2\u20138 \u00b0C<br data-start=\"3263\" data-end=\"3266\">\u2022 Chra\u0148te p\u0159ed sv\u011btlem<br data-start=\"3286\" data-end=\"3289\">\u2022 Vyhn\u011bte se opakovan\u00fdm cykl\u016fm zmrazen\u00ed a rozmrazen\u00ed<br data-start=\"3324\" data-end=\"3327\">\u2022 Rekonstituujte v steriln\u00edch laboratorn\u00edch podm\u00ednk\u00e1ch<\/p>\n<p data-start=\"3381\" data-end=\"3484\">Spr\u00e1vn\u00e1 manipulace s peptidy zachov\u00e1v\u00e1 struktur\u00e1ln\u00ed integritu a zaji\u0161\u0165uje konzistentn\u00ed experiment\u00e1ln\u00ed spolehlivost.<\/p>\n<hr data-start=\"3486\" data-end=\"3489\">\n<h3 data-start=\"3491\" data-end=\"3522\"><strong data-start=\"3495\" data-end=\"3522\">Klasifikace v\u00fdzkumu<\/strong><\/h3>\n<p data-start=\"3524\" data-end=\"3585\">Lidsk\u00fd r\u016fstov\u00fd hormon (HGH) 10 IU je ur\u010den v\u00fdhradn\u011b pro:<\/p>\n<p data-start=\"3587\" data-end=\"3710\">\u2022 Laboratorn\u00ed v\u00fdzkum in vitro<br data-start=\"3617\" data-end=\"3620\">\u2022 Analytick\u00e9 testov\u00e1n\u00ed<br data-start=\"3640\" data-end=\"3643\">\u2022 V\u011bdeck\u00e9 experimentov\u00e1n\u00ed<br data-start=\"3671\" data-end=\"3674\">\u2022 Kontrolovan\u00e9 v\u00fdzkumn\u00e9 aplikace<\/p>\n<p data-start=\"3712\" data-end=\"3795\">Tento produkt nen\u00ed schv\u00e1len pro terapeutick\u00e9, diagnostick\u00e9, veterin\u00e1rn\u00ed ani hum\u00e1nn\u00ed pou\u017eit\u00ed.<\/p>\n<hr data-start=\"3797\" data-end=\"3800\">\n<h3 data-start=\"3802\" data-end=\"3826\"><strong data-start=\"3806\" data-end=\"3826\">D\u016fle\u017eit\u00e9 upozorn\u011bn\u00ed<\/strong><\/h3>\n<p data-start=\"3828\" data-end=\"3896\">Tento produkt se prod\u00e1v\u00e1 v\u00fdhradn\u011b pro \u00fa\u010dely laboratorn\u00edho v\u00fdzkumu.<\/p>\n<p data-start=\"3898\" data-end=\"4084\">Nen\u00ed ur\u010den k lidsk\u00e9 spot\u0159eb\u011b, l\u00e9ka\u0159sk\u00e9mu pou\u017eit\u00ed ani klinick\u00e9 aplikaci. Zakoupen\u00edm tohoto produktu kupuj\u00edc\u00ed potvrzuje, \u017ee bude pou\u017eit v\u00fdhradn\u011b pro z\u00e1konn\u00fd v\u011bdeck\u00fd v\u00fdzkum. <\/p>\n","protected":false},"excerpt":{"rendered":"<p>HGH \u2013 Lidsk\u00fd r\u016fstov\u00fd hormon 10 IU je testov\u00e1n a obsahuje po\u017eadovan\u00e9 mno\u017estv\u00ed l\u00e1tky nejvy\u0161\u0161\u00ed kvality:<\/p>\n<p><a style=\"color: #008000;\" href=\"https:\/\/slimex.to\/cs\/certifikace\/\" target=\"_blank\" rel=\"noopener\">\u00bb V\u00fdsledky test\u016f na\u0161eho lidsk\u00e9ho r\u016fstov\u00e9ho hormonu 10 IU<\/a><\/p>\n<p><strong>Lidsk\u00fd r\u016fstov\u00fd hormon (HGH) 10 IU<\/strong> je vysoce \u010dist\u00fd lyofilizovan\u00fd rekombinantn\u00ed somatropin dod\u00e1van\u00fd ve steriln\u00ed sklen\u011bn\u00e9 lahvi\u010dce obsahuj\u00edc\u00ed 10 mezin\u00e1rodn\u00edch jednotek (IU). HGH je \u0161iroce studov\u00e1n v endokrinologii a bun\u011b\u010dn\u00e9m v\u00fdzkumu pro svou roli v signaliza\u010dn\u00edch drah\u00e1ch r\u016fstov\u00e9ho hormonu. Tento produkt je ur\u010den v\u00fdhradn\u011b pro laboratorn\u00ed a v\u011bdeck\u00e9 \u00fa\u010dely.  <\/p>\n<p><strong>Rekonstituce:<br \/>\n<\/strong>P\u0159idejte 0,5 ml bakteriostatick\u00e9 vody \u2192 10,0 IU pro optim\u00e1ln\u00ed koncentraci.<br \/>\n<strong>Skladov\u00e1n\u00ed po rekonstituci:<br \/>\n<\/strong>Uchov\u00e1vejte v chladni\u010dce p\u0159i 2\u20138 \u00b0C a spot\u0159ebujte do 4 t\u00fddn\u016f.<\/p>\n","protected":false},"featured_media":10370,"template":"","meta":{"inline_featured_image":false,"iawp_total_views":1},"product_brand":[],"product_cat":[120],"product_tag":[],"class_list":{"0":"post-9635","1":"product","2":"type-product","3":"status-publish","4":"has-post-thumbnail","6":"product_cat-peptidy","7":"tm-has-options","9":"first","10":"instock","11":"featured","12":"taxable","13":"shipping-taxable","14":"purchasable","15":"product-type-simple"},"yoast_head":"<!-- This site is optimized with the Yoast SEO Premium plugin v27.2 (Yoast SEO v27.5) - https:\/\/yoast.com\/product\/yoast-seo-premium-wordpress\/ -->\n<title>Lidsk\u00fd r\u016fstov\u00fd hormon 10 IU | V\u00fdzkumn\u00fd peptid HGH<\/title>\n<meta name=\"description\" content=\"Kupte si lidsk\u00fd r\u016fstov\u00fd hormon 10 IU, vysoce \u010dist\u00fd somatropin pro laboratorn\u00ed v\u00fdzkum. Peptid HGH pro endokrinn\u00ed a metabolick\u00e9 studie. Pouze pro v\u00fdzkumn\u00e9 \u00fa\u010dely.\" \/>\n<meta name=\"robots\" content=\"index, follow, max-snippet:-1, max-image-preview:large, max-video-preview:-1\" \/>\n<link rel=\"canonical\" href=\"https:\/\/slimex.to\/cs\/produkt\/hgh-lidsky-rustovy-hormon-10-iu\/\" \/>\n<meta property=\"og:locale\" content=\"cs_CZ\" \/>\n<meta property=\"og:type\" content=\"article\" \/>\n<meta property=\"og:title\" content=\"HGH \u2013 Lidsk\u00fd r\u016fstov\u00fd hormon 10 IU\" \/>\n<meta property=\"og:description\" content=\"Kupte si lidsk\u00fd r\u016fstov\u00fd hormon 10 IU, vysoce \u010dist\u00fd somatropin pro laboratorn\u00ed v\u00fdzkum. Peptid HGH pro endokrinn\u00ed a metabolick\u00e9 studie. Pouze pro v\u00fdzkumn\u00e9 \u00fa\u010dely.\" \/>\n<meta property=\"og:url\" content=\"https:\/\/slimex.to\/cs\/produkt\/hgh-lidsky-rustovy-hormon-10-iu\/\" \/>\n<meta property=\"og:site_name\" content=\"SLIMEX\" \/>\n<meta property=\"article:modified_time\" content=\"2026-04-16T19:24:10+00:00\" \/>\n<meta property=\"og:image\" content=\"https:\/\/slimex.to\/wp-content\/uploads\/2026\/03\/hgh10-vial-white.png\" \/>\n\t<meta property=\"og:image:width\" content=\"1024\" \/>\n\t<meta property=\"og:image:height\" content=\"1024\" \/>\n\t<meta property=\"og:image:type\" content=\"image\/png\" \/>\n<meta name=\"twitter:card\" content=\"summary_large_image\" \/>\n<meta name=\"twitter:label1\" content=\"Cena\" \/>\n\t<meta name=\"twitter:data1\" content=\"660&nbsp;&#075;&#269;\" \/>\n\t<meta name=\"twitter:label2\" content=\"Dostupnost\" \/>\n\t<meta name=\"twitter:data2\" content=\"Skladem\" \/>\n<script type=\"application\/ld+json\" class=\"yoast-schema-graph\">{\"@context\":\"https:\\\/\\\/schema.org\",\"@graph\":[{\"@type\":\"WebPage\",\"@id\":\"https:\\\/\\\/slimex.to\\\/cs\\\/produkt\\\/hgh-lidsky-rustovy-hormon-10-iu\\\/\",\"url\":\"https:\\\/\\\/slimex.to\\\/cs\\\/produkt\\\/hgh-lidsky-rustovy-hormon-10-iu\\\/\",\"name\":\"Lidsk\u00fd r\u016fstov\u00fd hormon 10 IU | V\u00fdzkumn\u00fd peptid HGH\",\"isPartOf\":{\"@id\":\"https:\\\/\\\/slimex.to\\\/cs\\\/#website\"},\"primaryImageOfPage\":{\"@id\":\"https:\\\/\\\/slimex.to\\\/cs\\\/produkt\\\/hgh-lidsky-rustovy-hormon-10-iu\\\/#primaryimage\"},\"image\":{\"@id\":\"https:\\\/\\\/slimex.to\\\/cs\\\/produkt\\\/hgh-lidsky-rustovy-hormon-10-iu\\\/#primaryimage\"},\"thumbnailUrl\":\"https:\\\/\\\/slimex.to\\\/wp-content\\\/uploads\\\/2026\\\/03\\\/hgh10-vial-white.png\",\"datePublished\":\"2026-02-24T15:15:42+00:00\",\"dateModified\":\"2026-04-16T19:24:10+00:00\",\"description\":\"Kupte si lidsk\u00fd r\u016fstov\u00fd hormon 10 IU, vysoce \u010dist\u00fd somatropin pro laboratorn\u00ed v\u00fdzkum. Peptid HGH pro endokrinn\u00ed a metabolick\u00e9 studie. Pouze pro v\u00fdzkumn\u00e9 \u00fa\u010dely.\",\"breadcrumb\":{\"@id\":\"https:\\\/\\\/slimex.to\\\/cs\\\/produkt\\\/hgh-lidsky-rustovy-hormon-10-iu\\\/#breadcrumb\"},\"inLanguage\":\"cs\",\"potentialAction\":[{\"@type\":\"ReadAction\",\"target\":[\"https:\\\/\\\/slimex.to\\\/cs\\\/produkt\\\/hgh-lidsky-rustovy-hormon-10-iu\\\/\"]}]},{\"@type\":\"ImageObject\",\"inLanguage\":\"cs\",\"@id\":\"https:\\\/\\\/slimex.to\\\/cs\\\/produkt\\\/hgh-lidsky-rustovy-hormon-10-iu\\\/#primaryimage\",\"url\":\"https:\\\/\\\/slimex.to\\\/wp-content\\\/uploads\\\/2026\\\/03\\\/hgh10-vial-white.png\",\"contentUrl\":\"https:\\\/\\\/slimex.to\\\/wp-content\\\/uploads\\\/2026\\\/03\\\/hgh10-vial-white.png\",\"width\":1024,\"height\":1024},{\"@type\":\"BreadcrumbList\",\"@id\":\"https:\\\/\\\/slimex.to\\\/cs\\\/produkt\\\/hgh-lidsky-rustovy-hormon-10-iu\\\/#breadcrumb\",\"itemListElement\":[{\"@type\":\"ListItem\",\"position\":1,\"name\":\"Home\",\"item\":\"https:\\\/\\\/slimex.to\\\/cs\\\/domu\\\/\"},{\"@type\":\"ListItem\",\"position\":2,\"name\":\"Obchod\",\"item\":\"https:\\\/\\\/slimex.to\\\/cs\\\/obchod\\\/\"},{\"@type\":\"ListItem\",\"position\":3,\"name\":\"HGH \u2013 Lidsk\u00fd r\u016fstov\u00fd hormon 10 IU\"}]},{\"@type\":\"WebSite\",\"@id\":\"https:\\\/\\\/slimex.to\\\/cs\\\/#website\",\"url\":\"https:\\\/\\\/slimex.to\\\/cs\\\/\",\"name\":\"SLIMEX\",\"description\":\"Highest Quality Peptides\",\"publisher\":{\"@id\":\"https:\\\/\\\/slimex.to\\\/cs\\\/#organization\"},\"potentialAction\":[{\"@type\":\"SearchAction\",\"target\":{\"@type\":\"EntryPoint\",\"urlTemplate\":\"https:\\\/\\\/slimex.to\\\/cs\\\/?s={search_term_string}\"},\"query-input\":{\"@type\":\"PropertyValueSpecification\",\"valueRequired\":true,\"valueName\":\"search_term_string\"}}],\"inLanguage\":\"cs\"},{\"@type\":[\"Organization\",\"Place\",\"MedicalOrganization\"],\"@id\":\"https:\\\/\\\/slimex.to\\\/cs\\\/#organization\",\"name\":\"SLIMEX Peptides\",\"alternateName\":\"SLIMEX\",\"url\":\"https:\\\/\\\/slimex.to\\\/cs\\\/\",\"logo\":{\"@id\":\"https:\\\/\\\/slimex.to\\\/cs\\\/produkt\\\/hgh-lidsky-rustovy-hormon-10-iu\\\/#local-main-organization-logo\"},\"image\":{\"@id\":\"https:\\\/\\\/slimex.to\\\/cs\\\/produkt\\\/hgh-lidsky-rustovy-hormon-10-iu\\\/#local-main-organization-logo\"},\"description\":\"We are a medical online provider specializing in research peptides, including retatrutide, delivered with a focus on safety, quality, and evidence-based care.\",\"legalName\":\"CREDIT CREW s.r.o.\",\"foundingDate\":\"2024-08-20\",\"numberOfEmployees\":{\"@type\":\"QuantitativeValue\",\"minValue\":\"11\",\"maxValue\":\"50\"},\"address\":{\"@id\":\"https:\\\/\\\/slimex.to\\\/cs\\\/produkt\\\/hgh-lidsky-rustovy-hormon-10-iu\\\/#local-main-place-address\"},\"telephone\":[],\"contactPoint\":{\"@type\":\"ContactPoint\",\"email\":\"info@slimex.to\"},\"openingHoursSpecification\":[],\"email\":\"info@slimex.to\",\"areaServed\":\"Europe\"},{\"@type\":\"PostalAddress\",\"@id\":\"https:\\\/\\\/slimex.to\\\/cs\\\/produkt\\\/hgh-lidsky-rustovy-hormon-10-iu\\\/#local-main-place-address\",\"streetAddress\":\"Rybn\u00e1 716\\\/24\",\"addressLocality\":\"Prague\",\"postalCode\":\"11000\",\"addressRegion\":\"Czech republic\",\"addressCountry\":\"CZ\"},{\"@type\":\"ImageObject\",\"inLanguage\":\"cs\",\"@id\":\"https:\\\/\\\/slimex.to\\\/cs\\\/produkt\\\/hgh-lidsky-rustovy-hormon-10-iu\\\/#local-main-organization-logo\",\"url\":\"https:\\\/\\\/slimex.to\\\/wp-content\\\/uploads\\\/2026\\\/01\\\/slimex-logo.png\",\"contentUrl\":\"https:\\\/\\\/slimex.to\\\/wp-content\\\/uploads\\\/2026\\\/01\\\/slimex-logo.png\",\"width\":725,\"height\":194,\"caption\":\"SLIMEX Peptides\"}]}<\/script>\n<meta property=\"product:price:amount\" content=\"660\" \/>\n<meta property=\"product:price:currency\" content=\"CZK\" \/>\n<meta property=\"og:availability\" content=\"instock\" \/>\n<meta property=\"product:availability\" content=\"instock\" \/>\n<meta property=\"product:retailer_item_id\" content=\"HGH10\" \/>\n<meta property=\"product:condition\" content=\"new\" \/>\n<meta name=\"geo.placename\" content=\"Prague\" \/>\n<meta name=\"geo.region\" content=\"\u010cesk\u00e1 republika\" \/>\n<!-- \/ Yoast SEO Premium plugin. -->","yoast_head_json":{"title":"Lidsk\u00fd r\u016fstov\u00fd hormon 10 IU | V\u00fdzkumn\u00fd peptid HGH","description":"Kupte si lidsk\u00fd r\u016fstov\u00fd hormon 10 IU, vysoce \u010dist\u00fd somatropin pro laboratorn\u00ed v\u00fdzkum. Peptid HGH pro endokrinn\u00ed a metabolick\u00e9 studie. Pouze pro v\u00fdzkumn\u00e9 \u00fa\u010dely.","robots":{"index":"index","follow":"follow","max-snippet":"max-snippet:-1","max-image-preview":"max-image-preview:large","max-video-preview":"max-video-preview:-1"},"canonical":"https:\/\/slimex.to\/cs\/produkt\/hgh-lidsky-rustovy-hormon-10-iu\/","og_locale":"cs_CZ","og_type":"article","og_title":"HGH \u2013 Lidsk\u00fd r\u016fstov\u00fd hormon 10 IU","og_description":"Kupte si lidsk\u00fd r\u016fstov\u00fd hormon 10 IU, vysoce \u010dist\u00fd somatropin pro laboratorn\u00ed v\u00fdzkum. Peptid HGH pro endokrinn\u00ed a metabolick\u00e9 studie. Pouze pro v\u00fdzkumn\u00e9 \u00fa\u010dely.","og_url":"https:\/\/slimex.to\/cs\/produkt\/hgh-lidsky-rustovy-hormon-10-iu\/","og_site_name":"SLIMEX","article_modified_time":"2026-04-16T19:24:10+00:00","og_image":[{"width":1024,"height":1024,"url":"https:\/\/slimex.to\/wp-content\/uploads\/2026\/03\/hgh10-vial-white.png","type":"image\/png"}],"twitter_card":"summary_large_image","twitter_misc":{"Cena":"660&nbsp;&#75;&#269;","Dostupnost":"Skladem"},"schema":{"@context":"https:\/\/schema.org","@graph":[{"@type":"WebPage","@id":"https:\/\/slimex.to\/cs\/produkt\/hgh-lidsky-rustovy-hormon-10-iu\/","url":"https:\/\/slimex.to\/cs\/produkt\/hgh-lidsky-rustovy-hormon-10-iu\/","name":"Lidsk\u00fd r\u016fstov\u00fd hormon 10 IU | V\u00fdzkumn\u00fd peptid HGH","isPartOf":{"@id":"https:\/\/slimex.to\/cs\/#website"},"primaryImageOfPage":{"@id":"https:\/\/slimex.to\/cs\/produkt\/hgh-lidsky-rustovy-hormon-10-iu\/#primaryimage"},"image":{"@id":"https:\/\/slimex.to\/cs\/produkt\/hgh-lidsky-rustovy-hormon-10-iu\/#primaryimage"},"thumbnailUrl":"https:\/\/slimex.to\/wp-content\/uploads\/2026\/03\/hgh10-vial-white.png","datePublished":"2026-02-24T15:15:42+00:00","dateModified":"2026-04-16T19:24:10+00:00","description":"Kupte si lidsk\u00fd r\u016fstov\u00fd hormon 10 IU, vysoce \u010dist\u00fd somatropin pro laboratorn\u00ed v\u00fdzkum. Peptid HGH pro endokrinn\u00ed a metabolick\u00e9 studie. Pouze pro v\u00fdzkumn\u00e9 \u00fa\u010dely.","breadcrumb":{"@id":"https:\/\/slimex.to\/cs\/produkt\/hgh-lidsky-rustovy-hormon-10-iu\/#breadcrumb"},"inLanguage":"cs","potentialAction":[{"@type":"ReadAction","target":["https:\/\/slimex.to\/cs\/produkt\/hgh-lidsky-rustovy-hormon-10-iu\/"]}]},{"@type":"ImageObject","inLanguage":"cs","@id":"https:\/\/slimex.to\/cs\/produkt\/hgh-lidsky-rustovy-hormon-10-iu\/#primaryimage","url":"https:\/\/slimex.to\/wp-content\/uploads\/2026\/03\/hgh10-vial-white.png","contentUrl":"https:\/\/slimex.to\/wp-content\/uploads\/2026\/03\/hgh10-vial-white.png","width":1024,"height":1024},{"@type":"BreadcrumbList","@id":"https:\/\/slimex.to\/cs\/produkt\/hgh-lidsky-rustovy-hormon-10-iu\/#breadcrumb","itemListElement":[{"@type":"ListItem","position":1,"name":"Home","item":"https:\/\/slimex.to\/cs\/domu\/"},{"@type":"ListItem","position":2,"name":"Obchod","item":"https:\/\/slimex.to\/cs\/obchod\/"},{"@type":"ListItem","position":3,"name":"HGH \u2013 Lidsk\u00fd r\u016fstov\u00fd hormon 10 IU"}]},{"@type":"WebSite","@id":"https:\/\/slimex.to\/cs\/#website","url":"https:\/\/slimex.to\/cs\/","name":"SLIMEX","description":"Highest Quality Peptides","publisher":{"@id":"https:\/\/slimex.to\/cs\/#organization"},"potentialAction":[{"@type":"SearchAction","target":{"@type":"EntryPoint","urlTemplate":"https:\/\/slimex.to\/cs\/?s={search_term_string}"},"query-input":{"@type":"PropertyValueSpecification","valueRequired":true,"valueName":"search_term_string"}}],"inLanguage":"cs"},{"@type":["Organization","Place","MedicalOrganization"],"@id":"https:\/\/slimex.to\/cs\/#organization","name":"SLIMEX Peptides","alternateName":"SLIMEX","url":"https:\/\/slimex.to\/cs\/","logo":{"@id":"https:\/\/slimex.to\/cs\/produkt\/hgh-lidsky-rustovy-hormon-10-iu\/#local-main-organization-logo"},"image":{"@id":"https:\/\/slimex.to\/cs\/produkt\/hgh-lidsky-rustovy-hormon-10-iu\/#local-main-organization-logo"},"description":"We are a medical online provider specializing in research peptides, including retatrutide, delivered with a focus on safety, quality, and evidence-based care.","legalName":"CREDIT CREW s.r.o.","foundingDate":"2024-08-20","numberOfEmployees":{"@type":"QuantitativeValue","minValue":"11","maxValue":"50"},"address":{"@id":"https:\/\/slimex.to\/cs\/produkt\/hgh-lidsky-rustovy-hormon-10-iu\/#local-main-place-address"},"telephone":[],"contactPoint":{"@type":"ContactPoint","email":"info@slimex.to"},"openingHoursSpecification":[],"email":"info@slimex.to","areaServed":"Europe"},{"@type":"PostalAddress","@id":"https:\/\/slimex.to\/cs\/produkt\/hgh-lidsky-rustovy-hormon-10-iu\/#local-main-place-address","streetAddress":"Rybn\u00e1 716\/24","addressLocality":"Prague","postalCode":"11000","addressRegion":"Czech republic","addressCountry":"CZ"},{"@type":"ImageObject","inLanguage":"cs","@id":"https:\/\/slimex.to\/cs\/produkt\/hgh-lidsky-rustovy-hormon-10-iu\/#local-main-organization-logo","url":"https:\/\/slimex.to\/wp-content\/uploads\/2026\/01\/slimex-logo.png","contentUrl":"https:\/\/slimex.to\/wp-content\/uploads\/2026\/01\/slimex-logo.png","width":725,"height":194,"caption":"SLIMEX Peptides"}]},"product_price_amount":"660","product_price_currency":"CZK","og_availability":"instock","product_availability":"instock","product_retailer_item_id":"HGH10","product_condition":"new","geo.placename":"Prague","geo.region":"\u010cesk\u00e1 republika"},"_links":{"self":[{"href":"https:\/\/slimex.to\/cs\/wp-json\/wp\/v2\/product\/9635","targetHints":{"allow":["GET"]}}],"collection":[{"href":"https:\/\/slimex.to\/cs\/wp-json\/wp\/v2\/product"}],"about":[{"href":"https:\/\/slimex.to\/cs\/wp-json\/wp\/v2\/types\/product"}],"wp:featuredmedia":[{"embeddable":true,"href":"https:\/\/slimex.to\/cs\/wp-json\/wp\/v2\/media\/10370"}],"wp:attachment":[{"href":"https:\/\/slimex.to\/cs\/wp-json\/wp\/v2\/media?parent=9635"}],"wp:term":[{"taxonomy":"product_brand","embeddable":true,"href":"https:\/\/slimex.to\/cs\/wp-json\/wp\/v2\/product_brand?post=9635"},{"taxonomy":"product_cat","embeddable":true,"href":"https:\/\/slimex.to\/cs\/wp-json\/wp\/v2\/product_cat?post=9635"},{"taxonomy":"product_tag","embeddable":true,"href":"https:\/\/slimex.to\/cs\/wp-json\/wp\/v2\/product_tag?post=9635"}],"curies":[{"name":"wp","href":"https:\/\/api.w.org\/{rel}","templated":true}]}}