{"id":9746,"date":"2026-02-22T12:59:38","date_gmt":"2026-02-22T12:59:38","guid":{"rendered":"https:\/\/slimex.to\/product\/sema-semaglutid-5-mg\/"},"modified":"2026-04-16T20:16:52","modified_gmt":"2026-04-16T19:16:52","slug":"sema-semaglutid-5-mg","status":"publish","type":"product","link":"https:\/\/slimex.to\/de\/produkt\/sema-semaglutid-5-mg\/","title":{"rendered":"SEMA &#8211; Semaglutid 5 mg"},"content":{"rendered":"<p data-start=\"689\" data-end=\"967\"><strong data-start=\"689\" data-end=\"709\">Semaglutid 5 mg<\/strong> ist ein hochwertiges lyophilisiertes Forschungspeptid, das in einem sterilen Glasvial mit 5 Milligramm pro Vial geliefert wird. Semaglutid wirkt selektiv auf den GLP-1-Rezeptor (Glucagon-Like Peptide-1), einen zentralen Regulator metabolischer Signalwege. <\/p>\n<p data-start=\"969\" data-end=\"1276\">Dieses Peptid wird in pr\u00e4klinischen und Forschungslaborumgebungen umfassend auf seine Auswirkungen auf den Glukosestoffwechsel, den Energiehaushalt und verwandte endokrine Signalwege untersucht. Semaglutid ist ausschlie\u00dflich f\u00fcr Laborforschung und wissenschaftliche Untersuchungen bestimmt und <strong data-start=\"1233\" data-end=\"1275\">nicht f\u00fcr den menschlichen oder klinischen Gebrauch zugelassen<\/strong>. <\/p>\n<hr data-start=\"1278\" data-end=\"1281\">\n<h3 data-start=\"1283\" data-end=\"1310\"><strong data-start=\"1287\" data-end=\"1310\">Wirkmechanismus<\/strong><\/h3>\n<p data-start=\"1312\" data-end=\"1405\">Semaglutid wurde entwickelt, um <strong data-start=\"1362\" data-end=\"1381\">GLP-1-Rezeptoren<\/strong> selektiv zu aktivieren, die an folgenden Prozessen beteiligt sind:<\/p>\n<p data-start=\"1407\" data-end=\"1524\">\u2022 Glukoseabh\u00e4ngige Insulinsignalisierung<br data-start=\"1444\" data-end=\"1447\">\u2022 Appetitregulation und S\u00e4ttigungsforschung<br data-start=\"1489\" data-end=\"1492\">\u2022 Modulation metabolischer Signalwege<\/p>\n<p data-start=\"1526\" data-end=\"1663\">Diese rezeptorselektive Aktivit\u00e4t macht Semaglutid zu einem weit verbreiteten Werkzeug in der Laborforschung zur Untersuchung endokriner und metabolischer Prozesse.<\/p>\n<hr data-start=\"1665\" data-end=\"1668\">\n<h3 data-start=\"1670\" data-end=\"1699\"><strong data-start=\"1674\" data-end=\"1699\">Forschungsanwendungen<\/strong><\/h3>\n<p data-start=\"1701\" data-end=\"1762\">Semaglutid 5 mg wird h\u00e4ufig in der Laborforschung eingesetzt f\u00fcr:<\/p>\n<p data-start=\"1764\" data-end=\"2041\">\u2022 Studien zum Glukosestoffwechsel<br data-start=\"1792\" data-end=\"1795\">\u2022 Forschung zur Insulinsensitivit\u00e4t<br data-start=\"1825\" data-end=\"1828\">\u2022 Modellierung von Appetit und Energiehaushalt<br data-start=\"1866\" data-end=\"1869\">\u2022 Forschung zu stoffwechselbedingten Signalwegen bei Adipositas<br data-start=\"1913\" data-end=\"1916\">\u2022 Endokrinologische Laborexperimente<br data-start=\"1954\" data-end=\"1957\">\u2022 Rezeptorbindungs- und Signalanalyse<br data-start=\"1998\" data-end=\"2001\">\u2022 Dosis-Wirkungs-Laborbewertungen<\/p>\n<p data-start=\"2043\" data-end=\"2163\">Seine rezeptorspezifische Aktivit\u00e4t erm\u00f6glicht es Forschern, GLP-1-vermittelte Stoffwechseleffekte in einer kontrollierten Umgebung zu untersuchen.<\/p>\n<hr data-start=\"2165\" data-end=\"2168\">\n<h3 data-start=\"2170\" data-end=\"2196\"><strong data-start=\"2174\" data-end=\"2196\">Wissenschaftlicher Kontext<\/strong><\/h3>\n<p data-start=\"2198\" data-end=\"2457\">GLP-1-Rezeptoragonisten, wie Semaglutid, werden in der Forschung h\u00e4ufig f\u00fcr ihre F\u00e4higkeit zur Modulation metabolischer Signalwege zitiert. Die Verbindung ist besonders relevant f\u00fcr Studien, die die inkretinbasierte Stoffwechselregulation und verwandte endokrine Mechanismen untersuchen. <\/p>\n<p data-start=\"2459\" data-end=\"2620\">Semaglutid gilt aufgrund seiner hohen Rezeptorspezifit\u00e4t und seines gut charakterisierten Signalprofils als Benchmark-GLP-1-Rezeptoragonist in der Stoffwechselforschung.<\/p>\n<hr data-start=\"2622\" data-end=\"2625\">\n<h3 data-start=\"2627\" data-end=\"2657\"><strong data-start=\"2631\" data-end=\"2657\">Produktspezifikationen<\/strong><\/h3>\n<p data-start=\"2659\" data-end=\"2910\"><strong data-start=\"2659\" data-end=\"2676\">Produktname:<\/strong> Semaglutid<br data-start=\"2688\" data-end=\"2691\"><strong data-start=\"2691\" data-end=\"2703\">Inhalt:<\/strong> 5 mg pro Fl\u00e4schchen<br data-start=\"2717\" data-end=\"2720\"><strong data-start=\"2720\" data-end=\"2729\">Form:<\/strong> Lyophilisiertes Pulver<br data-start=\"2748\" data-end=\"2751\"><strong data-start=\"2751\" data-end=\"2761\">Qualit\u00e4t:<\/strong> Nur f\u00fcr Forschungszwecke<br data-start=\"2779\" data-end=\"2782\"><strong data-start=\"2782\" data-end=\"2793\">Reinheit:<\/strong> Hohe Laborreinheit<br data-start=\"2822\" data-end=\"2825\"><strong data-start=\"2825\" data-end=\"2839\">Verpackung:<\/strong> Steril versiegeltes Glasfl\u00e4schchen<br data-start=\"2865\" data-end=\"2868\"><strong data-start=\"2868\" data-end=\"2880\">Lagerung:<\/strong> Gek\u00fchlt bei 2\u20138 \u00b0C lagern<\/p>\n<hr data-start=\"2912\" data-end=\"2915\">\n<h3 data-start=\"2917\" data-end=\"2947\"><strong data-start=\"2921\" data-end=\"2947\">Stabilit\u00e4t und Handhabung<\/strong><\/h3>\n<p data-start=\"2949\" data-end=\"3046\">Die lyophilisierte Form gew\u00e4hrleistet eine langfristige Stabilit\u00e4t unter geeigneten Laborlagerbedingungen.<\/p>\n<p data-start=\"3048\" data-end=\"3080\">Empfohlene Laborhandhabung:<\/p>\n<p data-start=\"3082\" data-end=\"3227\">\u2022 Bei 2\u20138 \u00b0C lagern<br data-start=\"3098\" data-end=\"3101\">\u2022 Vor Licht und Feuchtigkeit sch\u00fctzen<br data-start=\"3134\" data-end=\"3137\">\u2022 Wiederholte Einfrier-Auftau-Zyklen vermeiden<br data-start=\"3172\" data-end=\"3175\">\u2022 Unter sterilen Laborbedingungen rekonstituieren<\/p>\n<p data-start=\"3229\" data-end=\"3318\">Die richtige Handhabung bewahrt die strukturelle Integrit\u00e4t und gew\u00e4hrleistet zuverl\u00e4ssige experimentelle Ergebnisse.<\/p>\n<hr data-start=\"3320\" data-end=\"3323\">\n<h3 data-start=\"3325\" data-end=\"3356\"><strong data-start=\"3329\" data-end=\"3356\">Forschungsklassifizierung<\/strong><\/h3>\n<p data-start=\"3358\" data-end=\"3448\">Semaglutid ist als Pr\u00fcfpeptidverbindung klassifiziert, die ausschlie\u00dflich bestimmt ist f\u00fcr:<\/p>\n<p data-start=\"3450\" data-end=\"3573\">\u2022 In-vitro-Laborforschung<br data-start=\"3480\" data-end=\"3483\">\u2022 Analytische Tests<br data-start=\"3503\" data-end=\"3506\">\u2022 Wissenschaftliche Experimente<br data-start=\"3534\" data-end=\"3537\">\u2022 Kontrollierte Forschungsanwendungen<\/p>\n<p data-start=\"3575\" data-end=\"3648\">Es ist nicht f\u00fcr therapeutische, diagnostische, veterin\u00e4rmedizinische oder humane Zwecke zugelassen.<\/p>\n<hr data-start=\"3650\" data-end=\"3653\">\n<h3 data-start=\"3655\" data-end=\"3679\"><strong data-start=\"3659\" data-end=\"3679\">Wichtiger Hinweis<\/strong><\/h3>\n<p data-start=\"3681\" data-end=\"3751\">Dieses Produkt wird ausschlie\u00dflich f\u00fcr Laborforschungszwecke verkauft.<\/p>\n<p data-start=\"3753\" data-end=\"3939\">Es ist nicht f\u00fcr den menschlichen Verzehr, medizinische Anwendung oder klinische Verwendung bestimmt. Mit dem Kauf dieses Produkts best\u00e4tigt der K\u00e4ufer, dass es ausschlie\u00dflich f\u00fcr rechtm\u00e4\u00dfige wissenschaftliche Forschung verwendet wird. <\/p>\n","protected":false},"excerpt":{"rendered":"<p>SEMA &#8211; Semaglutid 5 mg werden getestet und enthalten die erforderliche Menge an Substanz von h\u00f6chster Qualit\u00e4t:<\/p>\n<p><a style=\"color: #008000;\" href=\"https:\/\/slimex.to\/de\/zertifizierungen\/\" target=\"_blank\" rel=\"noopener\">\u00bb Testergebnisse unseres Semaglutid 5 mg<\/a><\/p>\n<p><strong>Semaglutid 5 mg<\/strong> ist ein hochreines lyophilisiertes Forschungspeptid, das in einem sterilen Glasvial mit 5 mg Wirkstoff pro Vial geliefert wird. Semaglutid ist ein potenter GLP-1-Rezeptor-Agonist, der in der Stoffwechsel- und Endokrinologieforschung weit verbreitet ist. Dieses Produkt ist ausschlie\u00dflich f\u00fcr Labor- und wissenschaftliche Forschungszwecke bestimmt.  <\/p>\n<p><strong>Rekonstitution:<br \/>\n<\/strong>F\u00fcgen Sie 1,0 ml bakteriostatisches Wasser hinzu \u2192 5,0 mg f\u00fcr optimale Konzentration.<br \/>\n<strong>Lagerung nach Rekonstitution:<br \/>\n<\/strong>bei 2\u20138 \u00b0C k\u00fchlen und bis zu 4 Wochen verwenden.<\/p>\n","protected":false},"featured_media":10375,"template":"","meta":{"inline_featured_image":false,"iawp_total_views":14},"product_brand":[],"product_cat":[136],"product_tag":[],"class_list":{"0":"post-9746","1":"product","2":"type-product","3":"status-publish","4":"has-post-thumbnail","6":"product_cat-peptide","7":"tm-has-options","9":"first","10":"instock","11":"featured","12":"taxable","13":"shipping-taxable","14":"purchasable","15":"product-type-simple"},"yoast_head":"<!-- This site is optimized with the Yoast SEO Premium plugin v27.2 (Yoast SEO v27.5) - https:\/\/yoast.com\/product\/yoast-seo-premium-wordpress\/ -->\n<title>Semaglutid 5 mg | Hochreines Forschungspeptid<\/title>\n<meta name=\"description\" content=\"Kaufen Sie Semaglutid 5 mg hochreines Forschungspeptid. GLP-1-Rezeptoragonist ausschlie\u00dflich f\u00fcr Labor- und Stoffwechselforschungszwecke.\" \/>\n<meta name=\"robots\" content=\"index, follow, max-snippet:-1, max-image-preview:large, max-video-preview:-1\" \/>\n<link rel=\"canonical\" href=\"https:\/\/slimex.to\/de\/produkt\/sema-semaglutid-5-mg\/\" \/>\n<meta property=\"og:locale\" content=\"de_DE\" \/>\n<meta property=\"og:type\" content=\"article\" \/>\n<meta property=\"og:title\" content=\"SEMA - Semaglutid 5 mg\" \/>\n<meta property=\"og:description\" content=\"Kaufen Sie Semaglutid 5 mg hochreines Forschungspeptid. GLP-1-Rezeptoragonist ausschlie\u00dflich f\u00fcr Labor- und Stoffwechselforschungszwecke.\" \/>\n<meta property=\"og:url\" content=\"https:\/\/slimex.to\/de\/produkt\/sema-semaglutid-5-mg\/\" \/>\n<meta property=\"og:site_name\" content=\"SLIMEX\" \/>\n<meta property=\"article:modified_time\" content=\"2026-04-16T19:16:52+00:00\" \/>\n<meta property=\"og:image\" content=\"https:\/\/slimex.to\/wp-content\/uploads\/2026\/03\/sema5-vial-white.png\" \/>\n\t<meta property=\"og:image:width\" content=\"1024\" \/>\n\t<meta property=\"og:image:height\" content=\"1024\" \/>\n\t<meta property=\"og:image:type\" content=\"image\/png\" \/>\n<meta name=\"twitter:card\" content=\"summary_large_image\" \/>\n<meta name=\"twitter:label1\" content=\"Preis\" \/>\n\t<meta name=\"twitter:data1\" content=\"89,90&nbsp;&euro;\" \/>\n\t<meta name=\"twitter:label2\" content=\"Verf\u00fcgbarkeit\" \/>\n\t<meta name=\"twitter:data2\" content=\"Auf Lager\" \/>\n<script type=\"application\/ld+json\" class=\"yoast-schema-graph\">{\"@context\":\"https:\\\/\\\/schema.org\",\"@graph\":[{\"@type\":\"WebPage\",\"@id\":\"https:\\\/\\\/slimex.to\\\/de\\\/produkt\\\/sema-semaglutid-5-mg\\\/\",\"url\":\"https:\\\/\\\/slimex.to\\\/de\\\/produkt\\\/sema-semaglutid-5-mg\\\/\",\"name\":\"Semaglutid 5 mg | Hochreines Forschungspeptid\",\"isPartOf\":{\"@id\":\"https:\\\/\\\/slimex.to\\\/de\\\/#website\"},\"primaryImageOfPage\":{\"@id\":\"https:\\\/\\\/slimex.to\\\/de\\\/produkt\\\/sema-semaglutid-5-mg\\\/#primaryimage\"},\"image\":{\"@id\":\"https:\\\/\\\/slimex.to\\\/de\\\/produkt\\\/sema-semaglutid-5-mg\\\/#primaryimage\"},\"thumbnailUrl\":\"https:\\\/\\\/slimex.to\\\/wp-content\\\/uploads\\\/2026\\\/03\\\/sema5-vial-white.png\",\"datePublished\":\"2026-02-22T12:59:38+00:00\",\"dateModified\":\"2026-04-16T19:16:52+00:00\",\"description\":\"Kaufen Sie Semaglutid 5 mg hochreines Forschungspeptid. GLP-1-Rezeptoragonist ausschlie\u00dflich f\u00fcr Labor- und Stoffwechselforschungszwecke.\",\"breadcrumb\":{\"@id\":\"https:\\\/\\\/slimex.to\\\/de\\\/produkt\\\/sema-semaglutid-5-mg\\\/#breadcrumb\"},\"inLanguage\":\"de\",\"potentialAction\":[{\"@type\":\"ReadAction\",\"target\":[\"https:\\\/\\\/slimex.to\\\/de\\\/produkt\\\/sema-semaglutid-5-mg\\\/\"]}]},{\"@type\":\"ImageObject\",\"inLanguage\":\"de\",\"@id\":\"https:\\\/\\\/slimex.to\\\/de\\\/produkt\\\/sema-semaglutid-5-mg\\\/#primaryimage\",\"url\":\"https:\\\/\\\/slimex.to\\\/wp-content\\\/uploads\\\/2026\\\/03\\\/sema5-vial-white.png\",\"contentUrl\":\"https:\\\/\\\/slimex.to\\\/wp-content\\\/uploads\\\/2026\\\/03\\\/sema5-vial-white.png\",\"width\":1024,\"height\":1024},{\"@type\":\"BreadcrumbList\",\"@id\":\"https:\\\/\\\/slimex.to\\\/de\\\/produkt\\\/sema-semaglutid-5-mg\\\/#breadcrumb\",\"itemListElement\":[{\"@type\":\"ListItem\",\"position\":1,\"name\":\"Home\",\"item\":\"https:\\\/\\\/slimex.to\\\/de\\\/startseite\\\/\"},{\"@type\":\"ListItem\",\"position\":2,\"name\":\"Shop\",\"item\":\"https:\\\/\\\/slimex.to\\\/de\\\/shop\\\/\"},{\"@type\":\"ListItem\",\"position\":3,\"name\":\"SEMA &#8211; Semaglutid 5 mg\"}]},{\"@type\":\"WebSite\",\"@id\":\"https:\\\/\\\/slimex.to\\\/de\\\/#website\",\"url\":\"https:\\\/\\\/slimex.to\\\/de\\\/\",\"name\":\"SLIMEX\",\"description\":\"Highest Quality Peptides\",\"publisher\":{\"@id\":\"https:\\\/\\\/slimex.to\\\/de\\\/#organization\"},\"potentialAction\":[{\"@type\":\"SearchAction\",\"target\":{\"@type\":\"EntryPoint\",\"urlTemplate\":\"https:\\\/\\\/slimex.to\\\/de\\\/?s={search_term_string}\"},\"query-input\":{\"@type\":\"PropertyValueSpecification\",\"valueRequired\":true,\"valueName\":\"search_term_string\"}}],\"inLanguage\":\"de\"},{\"@type\":[\"Organization\",\"Place\",\"MedicalOrganization\"],\"@id\":\"https:\\\/\\\/slimex.to\\\/de\\\/#organization\",\"name\":\"SLIMEX Peptides\",\"alternateName\":\"SLIMEX\",\"url\":\"https:\\\/\\\/slimex.to\\\/de\\\/\",\"logo\":{\"@id\":\"https:\\\/\\\/slimex.to\\\/de\\\/produkt\\\/sema-semaglutid-5-mg\\\/#local-main-organization-logo\"},\"image\":{\"@id\":\"https:\\\/\\\/slimex.to\\\/de\\\/produkt\\\/sema-semaglutid-5-mg\\\/#local-main-organization-logo\"},\"description\":\"We are a medical online provider specializing in research peptides, including retatrutide, delivered with a focus on safety, quality, and evidence-based care.\",\"legalName\":\"CREDIT CREW s.r.o.\",\"foundingDate\":\"2024-08-20\",\"numberOfEmployees\":{\"@type\":\"QuantitativeValue\",\"minValue\":\"11\",\"maxValue\":\"50\"},\"address\":{\"@id\":\"https:\\\/\\\/slimex.to\\\/de\\\/produkt\\\/sema-semaglutid-5-mg\\\/#local-main-place-address\"},\"telephone\":[],\"contactPoint\":{\"@type\":\"ContactPoint\",\"email\":\"info@slimex.to\"},\"openingHoursSpecification\":[],\"email\":\"info@slimex.to\",\"areaServed\":\"Europe\"},{\"@type\":\"PostalAddress\",\"@id\":\"https:\\\/\\\/slimex.to\\\/de\\\/produkt\\\/sema-semaglutid-5-mg\\\/#local-main-place-address\",\"streetAddress\":\"Rybn\u00e1 716\\\/24\",\"addressLocality\":\"Prague\",\"postalCode\":\"11000\",\"addressRegion\":\"Czech republic\",\"addressCountry\":\"CZ\"},{\"@type\":\"ImageObject\",\"inLanguage\":\"de\",\"@id\":\"https:\\\/\\\/slimex.to\\\/de\\\/produkt\\\/sema-semaglutid-5-mg\\\/#local-main-organization-logo\",\"url\":\"https:\\\/\\\/slimex.to\\\/wp-content\\\/uploads\\\/2026\\\/01\\\/slimex-logo.png\",\"contentUrl\":\"https:\\\/\\\/slimex.to\\\/wp-content\\\/uploads\\\/2026\\\/01\\\/slimex-logo.png\",\"width\":725,\"height\":194,\"caption\":\"SLIMEX Peptides\"}]}<\/script>\n<meta property=\"product:price:amount\" content=\"89.90\" \/>\n<meta property=\"product:price:currency\" content=\"EUR\" \/>\n<meta property=\"og:availability\" content=\"instock\" \/>\n<meta property=\"product:availability\" content=\"instock\" \/>\n<meta property=\"product:retailer_item_id\" content=\"SEMA5\" \/>\n<meta property=\"product:condition\" content=\"new\" \/>\n<meta name=\"geo.placename\" content=\"Prague\" \/>\n<meta name=\"geo.region\" content=\"Tschechien\" \/>\n<!-- \/ Yoast SEO Premium plugin. -->","yoast_head_json":{"title":"Semaglutid 5 mg | Hochreines Forschungspeptid","description":"Kaufen Sie Semaglutid 5 mg hochreines Forschungspeptid. GLP-1-Rezeptoragonist ausschlie\u00dflich f\u00fcr Labor- und Stoffwechselforschungszwecke.","robots":{"index":"index","follow":"follow","max-snippet":"max-snippet:-1","max-image-preview":"max-image-preview:large","max-video-preview":"max-video-preview:-1"},"canonical":"https:\/\/slimex.to\/de\/produkt\/sema-semaglutid-5-mg\/","og_locale":"de_DE","og_type":"article","og_title":"SEMA - Semaglutid 5 mg","og_description":"Kaufen Sie Semaglutid 5 mg hochreines Forschungspeptid. GLP-1-Rezeptoragonist ausschlie\u00dflich f\u00fcr Labor- und Stoffwechselforschungszwecke.","og_url":"https:\/\/slimex.to\/de\/produkt\/sema-semaglutid-5-mg\/","og_site_name":"SLIMEX","article_modified_time":"2026-04-16T19:16:52+00:00","og_image":[{"width":1024,"height":1024,"url":"https:\/\/slimex.to\/wp-content\/uploads\/2026\/03\/sema5-vial-white.png","type":"image\/png"}],"twitter_card":"summary_large_image","twitter_misc":{"Preis":"89,90&nbsp;&euro;","Verf\u00fcgbarkeit":"Auf Lager"},"schema":{"@context":"https:\/\/schema.org","@graph":[{"@type":"WebPage","@id":"https:\/\/slimex.to\/de\/produkt\/sema-semaglutid-5-mg\/","url":"https:\/\/slimex.to\/de\/produkt\/sema-semaglutid-5-mg\/","name":"Semaglutid 5 mg | Hochreines Forschungspeptid","isPartOf":{"@id":"https:\/\/slimex.to\/de\/#website"},"primaryImageOfPage":{"@id":"https:\/\/slimex.to\/de\/produkt\/sema-semaglutid-5-mg\/#primaryimage"},"image":{"@id":"https:\/\/slimex.to\/de\/produkt\/sema-semaglutid-5-mg\/#primaryimage"},"thumbnailUrl":"https:\/\/slimex.to\/wp-content\/uploads\/2026\/03\/sema5-vial-white.png","datePublished":"2026-02-22T12:59:38+00:00","dateModified":"2026-04-16T19:16:52+00:00","description":"Kaufen Sie Semaglutid 5 mg hochreines Forschungspeptid. GLP-1-Rezeptoragonist ausschlie\u00dflich f\u00fcr Labor- und Stoffwechselforschungszwecke.","breadcrumb":{"@id":"https:\/\/slimex.to\/de\/produkt\/sema-semaglutid-5-mg\/#breadcrumb"},"inLanguage":"de","potentialAction":[{"@type":"ReadAction","target":["https:\/\/slimex.to\/de\/produkt\/sema-semaglutid-5-mg\/"]}]},{"@type":"ImageObject","inLanguage":"de","@id":"https:\/\/slimex.to\/de\/produkt\/sema-semaglutid-5-mg\/#primaryimage","url":"https:\/\/slimex.to\/wp-content\/uploads\/2026\/03\/sema5-vial-white.png","contentUrl":"https:\/\/slimex.to\/wp-content\/uploads\/2026\/03\/sema5-vial-white.png","width":1024,"height":1024},{"@type":"BreadcrumbList","@id":"https:\/\/slimex.to\/de\/produkt\/sema-semaglutid-5-mg\/#breadcrumb","itemListElement":[{"@type":"ListItem","position":1,"name":"Home","item":"https:\/\/slimex.to\/de\/startseite\/"},{"@type":"ListItem","position":2,"name":"Shop","item":"https:\/\/slimex.to\/de\/shop\/"},{"@type":"ListItem","position":3,"name":"SEMA &#8211; Semaglutid 5 mg"}]},{"@type":"WebSite","@id":"https:\/\/slimex.to\/de\/#website","url":"https:\/\/slimex.to\/de\/","name":"SLIMEX","description":"Highest Quality Peptides","publisher":{"@id":"https:\/\/slimex.to\/de\/#organization"},"potentialAction":[{"@type":"SearchAction","target":{"@type":"EntryPoint","urlTemplate":"https:\/\/slimex.to\/de\/?s={search_term_string}"},"query-input":{"@type":"PropertyValueSpecification","valueRequired":true,"valueName":"search_term_string"}}],"inLanguage":"de"},{"@type":["Organization","Place","MedicalOrganization"],"@id":"https:\/\/slimex.to\/de\/#organization","name":"SLIMEX Peptides","alternateName":"SLIMEX","url":"https:\/\/slimex.to\/de\/","logo":{"@id":"https:\/\/slimex.to\/de\/produkt\/sema-semaglutid-5-mg\/#local-main-organization-logo"},"image":{"@id":"https:\/\/slimex.to\/de\/produkt\/sema-semaglutid-5-mg\/#local-main-organization-logo"},"description":"We are a medical online provider specializing in research peptides, including retatrutide, delivered with a focus on safety, quality, and evidence-based care.","legalName":"CREDIT CREW s.r.o.","foundingDate":"2024-08-20","numberOfEmployees":{"@type":"QuantitativeValue","minValue":"11","maxValue":"50"},"address":{"@id":"https:\/\/slimex.to\/de\/produkt\/sema-semaglutid-5-mg\/#local-main-place-address"},"telephone":[],"contactPoint":{"@type":"ContactPoint","email":"info@slimex.to"},"openingHoursSpecification":[],"email":"info@slimex.to","areaServed":"Europe"},{"@type":"PostalAddress","@id":"https:\/\/slimex.to\/de\/produkt\/sema-semaglutid-5-mg\/#local-main-place-address","streetAddress":"Rybn\u00e1 716\/24","addressLocality":"Prague","postalCode":"11000","addressRegion":"Czech republic","addressCountry":"CZ"},{"@type":"ImageObject","inLanguage":"de","@id":"https:\/\/slimex.to\/de\/produkt\/sema-semaglutid-5-mg\/#local-main-organization-logo","url":"https:\/\/slimex.to\/wp-content\/uploads\/2026\/01\/slimex-logo.png","contentUrl":"https:\/\/slimex.to\/wp-content\/uploads\/2026\/01\/slimex-logo.png","width":725,"height":194,"caption":"SLIMEX Peptides"}]},"product_price_amount":"89.90","product_price_currency":"EUR","og_availability":"instock","product_availability":"instock","product_retailer_item_id":"SEMA5","product_condition":"new","geo.placename":"Prague","geo.region":"Tschechien"},"_links":{"self":[{"href":"https:\/\/slimex.to\/de\/wp-json\/wp\/v2\/product\/9746","targetHints":{"allow":["GET"]}}],"collection":[{"href":"https:\/\/slimex.to\/de\/wp-json\/wp\/v2\/product"}],"about":[{"href":"https:\/\/slimex.to\/de\/wp-json\/wp\/v2\/types\/product"}],"wp:featuredmedia":[{"embeddable":true,"href":"https:\/\/slimex.to\/de\/wp-json\/wp\/v2\/media\/10375"}],"wp:attachment":[{"href":"https:\/\/slimex.to\/de\/wp-json\/wp\/v2\/media?parent=9746"}],"wp:term":[{"taxonomy":"product_brand","embeddable":true,"href":"https:\/\/slimex.to\/de\/wp-json\/wp\/v2\/product_brand?post=9746"},{"taxonomy":"product_cat","embeddable":true,"href":"https:\/\/slimex.to\/de\/wp-json\/wp\/v2\/product_cat?post=9746"},{"taxonomy":"product_tag","embeddable":true,"href":"https:\/\/slimex.to\/de\/wp-json\/wp\/v2\/product_tag?post=9746"}],"curies":[{"name":"wp","href":"https:\/\/api.w.org\/{rel}","templated":true}]}}