{"id":10237,"date":"2026-02-04T12:53:39","date_gmt":"2026-02-04T12:53:39","guid":{"rendered":"https:\/\/slimex.to\/visszateritesi-es-visszakuldesi-szabalyzat\/"},"modified":"2026-03-10T16:56:26","modified_gmt":"2026-03-10T16:56:26","slug":"visszateritesi-es-visszakuldesi-szabalyzat","status":"publish","type":"page","link":"https:\/\/slimex.to\/hu\/visszateritesi-es-visszakuldesi-szabalyzat\/","title":{"rendered":"Visszat\u00e9r\u00edt\u00e9si \u00e9s visszak\u00fcld\u00e9si szab\u00e1lyzat"},"content":{"rendered":"\n<p><b>Ez egy mintaoldal.<\/b><\/p>\n\n<h2 class=\"wp-block-heading\">\u00c1ttekint\u00e9s<\/h2>\n\n<p>Visszat\u00e9r\u00edt\u00e9si \u00e9s visszak\u00fcld\u00e9si szab\u00e1lyzatunk 30 napig \u00e9rv\u00e9nyes. Ha a v\u00e1s\u00e1rl\u00e1s \u00f3ta 30 nap eltelt, nem tudunk teljes visszat\u00e9r\u00edt\u00e9st vagy cser\u00e9t biztos\u00edtani. <\/p>\n\n<p>A visszak\u00fcld\u00e9shez a term\u00e9knek haszn\u00e1latlannak kell lennie, \u00e9s ugyanabban az \u00e1llapotban, amelyben megkapta. Az eredeti csomagol\u00e1sban kell lennie. <\/p>\n\n<p>Bizonyos t\u00edpus\u00fa term\u00e9kek nem k\u00fcldhet\u0151k vissza. Romland\u00f3 \u00e1ruk, mint p\u00e9ld\u00e1ul \u00e9lelmiszerek, vir\u00e1gok, \u00fajs\u00e1gok vagy magazinok nem k\u00fcldhet\u0151k vissza. Nem fogadunk el intim vagy higi\u00e9niai term\u00e9keket, vesz\u00e9lyes anyagokat, gy\u00fal\u00e9kony folyad\u00e9kokat vagy g\u00e1zokat sem.  <\/p>\n\n<p>Tov\u00e1bbi nem visszak\u00fcldhet\u0151 term\u00e9kek:<\/p>\n\n<ul class=\"wp-block-list\">\n<li>Aj\u00e1nd\u00e9kk\u00e1rty\u00e1k<\/li>\n<li>Let\u00f6lthet\u0151 szoftverterm\u00e9kek<\/li>\n<li>Egyes eg\u00e9szs\u00e9g\u00fcgyi \u00e9s szem\u00e9lyes \u00e1pol\u00e1si term\u00e9kek<\/li>\n<\/ul>\n\n<p>A visszak\u00fcld\u00e9s befejez\u00e9s\u00e9hez sz\u00fcks\u00e9g\u00fcnk van a nyugt\u00e1ra vagy a v\u00e1s\u00e1rl\u00e1s igazol\u00e1s\u00e1ra.<\/p>\n\n<p>K\u00e9rj\u00fck, ne k\u00fcldje vissza a v\u00e1s\u00e1rl\u00e1st a gy\u00e1rt\u00f3nak.<\/p>\n\n<p>Bizonyos helyzetekben csak r\u00e9szleges visszat\u00e9r\u00edt\u00e9st biztos\u00edtunk:<\/p>\n\n<ul class=\"wp-block-list\">\n<li>Nyilv\u00e1nval\u00f3 haszn\u00e1lat jeleit mutat\u00f3 k\u00f6nyv<\/li>\n<li>Felbontott CD, DVD, VHS kazetta, szoftver, videoj\u00e1t\u00e9k, kazetta vagy bakelit lemez.<\/li>\n<li>B\u00e1rmely term\u00e9k, amely nincs eredeti \u00e1llapot\u00e1ban, s\u00e9r\u00fclt vagy hi\u00e1nyoznak alkatr\u00e9szei, nem a mi hib\u00e1nkb\u00f3l ered\u0151 okokb\u00f3l.<\/li>\n<li>B\u00e1rmely term\u00e9k, amelyet a k\u00e9zbes\u00edt\u00e9s ut\u00e1n t\u00f6bb mint 30 nappal k\u00fcldenek vissza<\/li>\n<\/ul>\n\n<h2 class=\"wp-block-heading\">Visszat\u00e9r\u00edt\u00e9sek<\/h2>\n\n<p>Miut\u00e1n megkaptuk \u00e9s megvizsg\u00e1ltuk a visszak\u00fcld\u00f6tt term\u00e9ket, e-mailt k\u00fcld\u00fcnk \u00d6nnek, hogy \u00e9rtes\u00edts\u00fck a visszak\u00fcld\u00f6tt term\u00e9k \u00e1tv\u00e9tel\u00e9r\u0151l. \u00c9rtes\u00edtj\u00fck \u00d6nt a visszat\u00e9r\u00edt\u00e9s j\u00f3v\u00e1hagy\u00e1s\u00e1r\u00f3l vagy elutas\u00edt\u00e1s\u00e1r\u00f3l is. <\/p>\n\n<p>J\u00f3v\u00e1hagy\u00e1s eset\u00e9n a visszat\u00e9r\u00edt\u00e9s feldolgoz\u00e1sra ker\u00fcl, \u00e9s a j\u00f3v\u00e1\u00edr\u00e1s automatikusan j\u00f3v\u00e1\u00edr\u00e1sra ker\u00fcl a hitelk\u00e1rty\u00e1j\u00e1n vagy az eredeti fizet\u00e9si m\u00f3don, meghat\u00e1rozott sz\u00e1m\u00fa napon bel\u00fcl.<\/p>\n\n<h3 class=\"wp-block-heading\">K\u00e9sedelmes vagy hi\u00e1nyz\u00f3 visszat\u00e9r\u00edt\u00e9sek<\/h3>\n\n<p>Ha m\u00e9g nem kapta meg a visszat\u00e9r\u00edt\u00e9st, el\u0151sz\u00f6r ellen\u0151rizze \u00fajra a banksz\u00e1ml\u00e1j\u00e1t.<\/p>\n\n<p>Ezut\u00e1n l\u00e9pjen kapcsolatba a hitelk\u00e1rtya-t\u00e1rsas\u00e1g\u00e1val, eltarthat egy ideig, mire a visszat\u00e9r\u00edt\u00e9s hivatalosan j\u00f3v\u00e1\u00edr\u00e1sra ker\u00fcl.<\/p>\n\n<p>K\u00f6vetkez\u0151 l\u00e9p\u00e9sk\u00e9nt l\u00e9pjen kapcsolatba a bankj\u00e1val. Gyakran van n\u00e9mi feldolgoz\u00e1si id\u0151, miel\u0151tt a visszat\u00e9r\u00edt\u00e9s j\u00f3v\u00e1\u00edr\u00e1sra ker\u00fcl. <\/p>\n\n<p>Ha mindezt megtette, \u00e9s m\u00e9g mindig nem kapta meg a visszat\u00e9r\u00edt\u00e9st, k\u00e9rj\u00fck, l\u00e9pjen kapcsolatba vel\u00fcnk a k\u00f6vetkez\u0151 c\u00edmen: {email address}.<\/p>\n\n<h3 class=\"wp-block-heading\">Akci\u00f3s term\u00e9kek<\/h3>\n\n<p>Csak a norm\u00e1l \u00e1r\u00fa term\u00e9kek t\u00e9r\u00edthet\u0151k vissza. Az akci\u00f3s term\u00e9kek nem t\u00e9r\u00edthet\u0151k vissza. <\/p>\n\n<h2 class=\"wp-block-heading\">Csere<\/h2>\n\n<p>Csak hib\u00e1s vagy s\u00e9r\u00fclt term\u00e9keket cser\u00e9l\u00fcnk ki. Ha ugyanarra a term\u00e9kre van sz\u00fcks\u00e9ge cser\u00e9hez, k\u00fcldj\u00f6n nek\u00fcnk egy e-mailt a k\u00f6vetkez\u0151 c\u00edmre: {email address}, \u00e9s k\u00fcldje el a term\u00e9ket a k\u00f6vetkez\u0151 c\u00edmre: {physical address}. <\/p>\n\n<h2 class=\"wp-block-heading\">Aj\u00e1nd\u00e9kok<\/h2>\n\n<p>Ha a term\u00e9ket aj\u00e1nd\u00e9kk\u00e9nt jel\u00f6lt\u00e9k meg a v\u00e1s\u00e1rl\u00e1skor, \u00e9s k\u00f6zvetlen\u00fcl \u00d6nh\u00f6z sz\u00e1ll\u00edtott\u00e1k, aj\u00e1nd\u00e9kj\u00f3v\u00e1\u00edr\u00e1st kap a visszak\u00fcld\u00e9s \u00e9rt\u00e9k\u00e9r\u0151l. A visszak\u00fcld\u00f6tt term\u00e9k \u00e1tv\u00e9tele ut\u00e1n aj\u00e1nd\u00e9kutalv\u00e1nyt post\u00e1zunk \u00d6nnek. <\/p>\n\n<p>Ha a term\u00e9ket nem jel\u00f6lt\u00e9k meg aj\u00e1nd\u00e9kk\u00e9nt a v\u00e1s\u00e1rl\u00e1skor, vagy az aj\u00e1nd\u00e9koz\u00f3 mag\u00e1hoz rendelte a megrendel\u00e9st, hogy k\u00e9s\u0151bb adja \u00e1t \u00d6nnek, a visszat\u00e9r\u00edt\u00e9st az aj\u00e1nd\u00e9koz\u00f3nak k\u00fcldj\u00fck, \u00e9s \u0151 \u00e9rtes\u00fcl a visszak\u00fcld\u00e9sr\u0151l.<\/p>\n\n<h2 class=\"wp-block-heading\">Visszak\u00fcld\u00e9s sz\u00e1ll\u00edt\u00e1sa<\/h2>\n\n<p>A term\u00e9k visszak\u00fcld\u00e9s\u00e9hez post\u00e1zza a term\u00e9ket a k\u00f6vetkez\u0151 c\u00edmre: {physical address}.<\/p>\n\n<p>A term\u00e9k visszak\u00fcld\u00e9s\u00e9nek sz\u00e1ll\u00edt\u00e1si k\u00f6lts\u00e9geit \u00d6n viseli. A sz\u00e1ll\u00edt\u00e1si k\u00f6lts\u00e9gek nem t\u00e9r\u00edthet\u0151k vissza. Visszat\u00e9r\u00edt\u00e9s eset\u00e9n a visszak\u00fcld\u00e9s sz\u00e1ll\u00edt\u00e1si k\u00f6lts\u00e9ge levon\u00e1sra ker\u00fcl a visszat\u00e9r\u00edt\u00e9sb\u0151l.  <\/p>\n\n<p>Att\u00f3l f\u00fcgg\u0151en, hogy hol \u00e9l, a kicser\u00e9lt term\u00e9k meg\u00e9rkez\u00e9se elt\u00e9r\u0151 id\u0151t vehet ig\u00e9nybe.<\/p>\n\n<p>Dr\u00e1g\u00e1bb term\u00e9kek visszak\u00fcld\u00e9se eset\u00e9n fontolja meg nyomon k\u00f6vethet\u0151 sz\u00e1ll\u00edt\u00e1si szolg\u00e1ltat\u00e1s haszn\u00e1lat\u00e1t vagy sz\u00e1ll\u00edt\u00e1si biztos\u00edt\u00e1s v\u00e1s\u00e1rl\u00e1s\u00e1t. Nem garant\u00e1ljuk, hogy megkapjuk a visszak\u00fcld\u00f6tt term\u00e9ket. <\/p>\n\n<h2 class=\"wp-block-heading\">Seg\u00edts\u00e9gre van sz\u00fcks\u00e9ge?<\/h2>\n\n<p>L\u00e9pjen kapcsolatba vel\u00fcnk a {email} c\u00edmen a visszat\u00e9r\u00edt\u00e9sekkel \u00e9s visszak\u00fcld\u00e9sekkel kapcsolatos k\u00e9rd\u00e9sekben.<\/p>\n","protected":false},"excerpt":{"rendered":"<p>Ez egy mintaoldal. \u00c1ttekint\u00e9s Visszat\u00e9r\u00edt\u00e9si \u00e9s visszak\u00fcld\u00e9si szab\u00e1lyzatunk 30 napig \u00e9rv\u00e9nyes. Ha a v\u00e1s\u00e1rl\u00e1s \u00f3ta 30 nap eltelt, nem tudunk teljes visszat\u00e9r\u00edt\u00e9st vagy cser\u00e9t biztos\u00edtani. A visszak\u00fcld\u00e9shez a term\u00e9knek haszn\u00e1latlannak kell lennie, \u00e9s ugyanabban az \u00e1llapotban, amelyben megkapta. Az eredeti csomagol\u00e1sban kell lennie. Bizonyos t\u00edpus\u00fa term\u00e9kek nem k\u00fcldhet\u0151k vissza. Romland\u00f3 \u00e1ruk, mint p\u00e9ld\u00e1ul \u00e9lelmiszerek, vir\u00e1gok, &hellip; <\/p>\n<p class=\"more-link-wrap\"><a href=\"https:\/\/slimex.to\/hu\/visszateritesi-es-visszakuldesi-szabalyzat\/\" class=\"more-link\"><i class=\"opal-icon-plus\" aria-hidden=\"true\"><\/i><span>Read More<span class=\"screen-reader-text\"> &#8222;Visszat\u00e9r\u00edt\u00e9si \u00e9s visszak\u00fcld\u00e9si szab\u00e1lyzat&#8221;<\/span><\/span><\/a><\/p>\n","protected":false},"author":1,"featured_media":0,"parent":0,"menu_order":0,"comment_status":"closed","ping_status":"closed","template":"","meta":{"inline_featured_image":false,"iawp_total_views":0,"footnotes":""},"class_list":["post-10237","page","type-page","status-publish","hentry"],"yoast_head":"<!-- This site is optimized with the Yoast SEO Premium plugin v27.2 (Yoast SEO v27.5) - https:\/\/yoast.com\/product\/yoast-seo-premium-wordpress\/ -->\n<title>Visszat\u00e9r\u00edt\u00e9si \u00e9s visszak\u00fcld\u00e9si szab\u00e1lyzat - SLIMEX<\/title>\n<meta name=\"robots\" content=\"index, follow, max-snippet:-1, max-image-preview:large, max-video-preview:-1\" \/>\n<link rel=\"canonical\" href=\"https:\/\/slimex.to\/hu\/visszateritesi-es-visszakuldesi-szabalyzat\/\" \/>\n<meta property=\"og:locale\" content=\"hu_HU\" \/>\n<meta property=\"og:type\" content=\"article\" \/>\n<meta property=\"og:title\" content=\"Visszat\u00e9r\u00edt\u00e9si \u00e9s visszak\u00fcld\u00e9si szab\u00e1lyzat\" \/>\n<meta property=\"og:description\" content=\"Ez egy mintaoldal. \u00c1ttekint\u00e9s Visszat\u00e9r\u00edt\u00e9si \u00e9s visszak\u00fcld\u00e9si szab\u00e1lyzatunk 30 napig \u00e9rv\u00e9nyes. Ha a v\u00e1s\u00e1rl\u00e1s \u00f3ta 30 nap eltelt, nem tudunk teljes visszat\u00e9r\u00edt\u00e9st vagy cser\u00e9t biztos\u00edtani. A visszak\u00fcld\u00e9shez a term\u00e9knek haszn\u00e1latlannak kell lennie, \u00e9s ugyanabban az \u00e1llapotban, amelyben megkapta. Az eredeti csomagol\u00e1sban kell lennie. Bizonyos t\u00edpus\u00fa term\u00e9kek nem k\u00fcldhet\u0151k vissza. Romland\u00f3 \u00e1ruk, mint p\u00e9ld\u00e1ul \u00e9lelmiszerek, vir\u00e1gok, &hellip; Read More &quot;Visszat\u00e9r\u00edt\u00e9si \u00e9s visszak\u00fcld\u00e9si szab\u00e1lyzat&quot;\" \/>\n<meta property=\"og:url\" content=\"https:\/\/slimex.to\/hu\/visszateritesi-es-visszakuldesi-szabalyzat\/\" \/>\n<meta property=\"og:site_name\" content=\"SLIMEX\" \/>\n<meta property=\"article:modified_time\" content=\"2026-03-10T16:56:26+00:00\" \/>\n<meta name=\"twitter:card\" content=\"summary_large_image\" \/>\n<meta name=\"twitter:label1\" content=\"Becs\u00fclt olvas\u00e1si id\u0151\" \/>\n\t<meta name=\"twitter:data1\" content=\"4 perc\" \/>\n<script type=\"application\/ld+json\" class=\"yoast-schema-graph\">{\"@context\":\"https:\\\/\\\/schema.org\",\"@graph\":[{\"@type\":\"WebPage\",\"@id\":\"https:\\\/\\\/slimex.to\\\/hu\\\/visszateritesi-es-visszakuldesi-szabalyzat\\\/\",\"url\":\"https:\\\/\\\/slimex.to\\\/hu\\\/visszateritesi-es-visszakuldesi-szabalyzat\\\/\",\"name\":\"Visszat\u00e9r\u00edt\u00e9si \u00e9s visszak\u00fcld\u00e9si szab\u00e1lyzat - SLIMEX\",\"isPartOf\":{\"@id\":\"https:\\\/\\\/slimex.to\\\/hu\\\/#website\"},\"datePublished\":\"2026-02-04T12:53:39+00:00\",\"dateModified\":\"2026-03-10T16:56:26+00:00\",\"breadcrumb\":{\"@id\":\"https:\\\/\\\/slimex.to\\\/hu\\\/visszateritesi-es-visszakuldesi-szabalyzat\\\/#breadcrumb\"},\"inLanguage\":\"hu\",\"potentialAction\":[{\"@type\":\"ReadAction\",\"target\":[\"https:\\\/\\\/slimex.to\\\/hu\\\/visszateritesi-es-visszakuldesi-szabalyzat\\\/\"]}]},{\"@type\":\"BreadcrumbList\",\"@id\":\"https:\\\/\\\/slimex.to\\\/hu\\\/visszateritesi-es-visszakuldesi-szabalyzat\\\/#breadcrumb\",\"itemListElement\":[{\"@type\":\"ListItem\",\"position\":1,\"name\":\"Home\",\"item\":\"https:\\\/\\\/slimex.to\\\/hu\\\/kezdolap\\\/\"},{\"@type\":\"ListItem\",\"position\":2,\"name\":\"Visszat\u00e9r\u00edt\u00e9si \u00e9s visszak\u00fcld\u00e9si szab\u00e1lyzat\"}]},{\"@type\":\"WebSite\",\"@id\":\"https:\\\/\\\/slimex.to\\\/hu\\\/#website\",\"url\":\"https:\\\/\\\/slimex.to\\\/hu\\\/\",\"name\":\"SLIMEX\",\"description\":\"Highest Quality Peptides\",\"publisher\":{\"@id\":\"https:\\\/\\\/slimex.to\\\/hu\\\/#organization\"},\"potentialAction\":[{\"@type\":\"SearchAction\",\"target\":{\"@type\":\"EntryPoint\",\"urlTemplate\":\"https:\\\/\\\/slimex.to\\\/hu\\\/?s={search_term_string}\"},\"query-input\":{\"@type\":\"PropertyValueSpecification\",\"valueRequired\":true,\"valueName\":\"search_term_string\"}}],\"inLanguage\":\"hu\"},{\"@type\":[\"Organization\",\"Place\",\"MedicalOrganization\"],\"@id\":\"https:\\\/\\\/slimex.to\\\/hu\\\/#organization\",\"name\":\"SLIMEX Peptides\",\"alternateName\":\"SLIMEX\",\"url\":\"https:\\\/\\\/slimex.to\\\/hu\\\/\",\"logo\":{\"@id\":\"https:\\\/\\\/slimex.to\\\/hu\\\/visszateritesi-es-visszakuldesi-szabalyzat\\\/#local-main-organization-logo\"},\"image\":{\"@id\":\"https:\\\/\\\/slimex.to\\\/hu\\\/visszateritesi-es-visszakuldesi-szabalyzat\\\/#local-main-organization-logo\"},\"description\":\"We are a medical online provider specializing in research peptides, including retatrutide, delivered with a focus on safety, quality, and evidence-based care.\",\"legalName\":\"CREDIT CREW s.r.o.\",\"foundingDate\":\"2024-08-20\",\"numberOfEmployees\":{\"@type\":\"QuantitativeValue\",\"minValue\":\"11\",\"maxValue\":\"50\"},\"address\":{\"@id\":\"https:\\\/\\\/slimex.to\\\/hu\\\/visszateritesi-es-visszakuldesi-szabalyzat\\\/#local-main-place-address\"},\"telephone\":[],\"contactPoint\":{\"@type\":\"ContactPoint\",\"email\":\"info@slimex.to\"},\"openingHoursSpecification\":[],\"email\":\"info@slimex.to\",\"areaServed\":\"Europe\"},{\"@type\":\"PostalAddress\",\"@id\":\"https:\\\/\\\/slimex.to\\\/hu\\\/visszateritesi-es-visszakuldesi-szabalyzat\\\/#local-main-place-address\",\"streetAddress\":\"Rybn\u00e1 716\\\/24\",\"addressLocality\":\"Prague\",\"postalCode\":\"11000\",\"addressRegion\":\"Czech republic\",\"addressCountry\":\"CZ\"},{\"@type\":\"ImageObject\",\"inLanguage\":\"hu\",\"@id\":\"https:\\\/\\\/slimex.to\\\/hu\\\/visszateritesi-es-visszakuldesi-szabalyzat\\\/#local-main-organization-logo\",\"url\":\"https:\\\/\\\/slimex.to\\\/wp-content\\\/uploads\\\/2026\\\/01\\\/slimex-logo.png\",\"contentUrl\":\"https:\\\/\\\/slimex.to\\\/wp-content\\\/uploads\\\/2026\\\/01\\\/slimex-logo.png\",\"width\":725,\"height\":194,\"caption\":\"SLIMEX Peptides\"}]}<\/script>\n<meta name=\"geo.placename\" content=\"Prague\" \/>\n<meta name=\"geo.region\" content=\"Csehorsz\u00e1g\" \/>\n<!-- \/ Yoast SEO Premium plugin. -->","yoast_head_json":{"title":"Visszat\u00e9r\u00edt\u00e9si \u00e9s visszak\u00fcld\u00e9si szab\u00e1lyzat - SLIMEX","robots":{"index":"index","follow":"follow","max-snippet":"max-snippet:-1","max-image-preview":"max-image-preview:large","max-video-preview":"max-video-preview:-1"},"canonical":"https:\/\/slimex.to\/hu\/visszateritesi-es-visszakuldesi-szabalyzat\/","og_locale":"hu_HU","og_type":"article","og_title":"Visszat\u00e9r\u00edt\u00e9si \u00e9s visszak\u00fcld\u00e9si szab\u00e1lyzat","og_description":"Ez egy mintaoldal. \u00c1ttekint\u00e9s Visszat\u00e9r\u00edt\u00e9si \u00e9s visszak\u00fcld\u00e9si szab\u00e1lyzatunk 30 napig \u00e9rv\u00e9nyes. Ha a v\u00e1s\u00e1rl\u00e1s \u00f3ta 30 nap eltelt, nem tudunk teljes visszat\u00e9r\u00edt\u00e9st vagy cser\u00e9t biztos\u00edtani. A visszak\u00fcld\u00e9shez a term\u00e9knek haszn\u00e1latlannak kell lennie, \u00e9s ugyanabban az \u00e1llapotban, amelyben megkapta. Az eredeti csomagol\u00e1sban kell lennie. Bizonyos t\u00edpus\u00fa term\u00e9kek nem k\u00fcldhet\u0151k vissza. Romland\u00f3 \u00e1ruk, mint p\u00e9ld\u00e1ul \u00e9lelmiszerek, vir\u00e1gok, &hellip; Read More \"Visszat\u00e9r\u00edt\u00e9si \u00e9s visszak\u00fcld\u00e9si szab\u00e1lyzat\"","og_url":"https:\/\/slimex.to\/hu\/visszateritesi-es-visszakuldesi-szabalyzat\/","og_site_name":"SLIMEX","article_modified_time":"2026-03-10T16:56:26+00:00","twitter_card":"summary_large_image","twitter_misc":{"Becs\u00fclt olvas\u00e1si id\u0151":"4 perc"},"schema":{"@context":"https:\/\/schema.org","@graph":[{"@type":"WebPage","@id":"https:\/\/slimex.to\/hu\/visszateritesi-es-visszakuldesi-szabalyzat\/","url":"https:\/\/slimex.to\/hu\/visszateritesi-es-visszakuldesi-szabalyzat\/","name":"Visszat\u00e9r\u00edt\u00e9si \u00e9s visszak\u00fcld\u00e9si szab\u00e1lyzat - SLIMEX","isPartOf":{"@id":"https:\/\/slimex.to\/hu\/#website"},"datePublished":"2026-02-04T12:53:39+00:00","dateModified":"2026-03-10T16:56:26+00:00","breadcrumb":{"@id":"https:\/\/slimex.to\/hu\/visszateritesi-es-visszakuldesi-szabalyzat\/#breadcrumb"},"inLanguage":"hu","potentialAction":[{"@type":"ReadAction","target":["https:\/\/slimex.to\/hu\/visszateritesi-es-visszakuldesi-szabalyzat\/"]}]},{"@type":"BreadcrumbList","@id":"https:\/\/slimex.to\/hu\/visszateritesi-es-visszakuldesi-szabalyzat\/#breadcrumb","itemListElement":[{"@type":"ListItem","position":1,"name":"Home","item":"https:\/\/slimex.to\/hu\/kezdolap\/"},{"@type":"ListItem","position":2,"name":"Visszat\u00e9r\u00edt\u00e9si \u00e9s visszak\u00fcld\u00e9si szab\u00e1lyzat"}]},{"@type":"WebSite","@id":"https:\/\/slimex.to\/hu\/#website","url":"https:\/\/slimex.to\/hu\/","name":"SLIMEX","description":"Highest Quality Peptides","publisher":{"@id":"https:\/\/slimex.to\/hu\/#organization"},"potentialAction":[{"@type":"SearchAction","target":{"@type":"EntryPoint","urlTemplate":"https:\/\/slimex.to\/hu\/?s={search_term_string}"},"query-input":{"@type":"PropertyValueSpecification","valueRequired":true,"valueName":"search_term_string"}}],"inLanguage":"hu"},{"@type":["Organization","Place","MedicalOrganization"],"@id":"https:\/\/slimex.to\/hu\/#organization","name":"SLIMEX Peptides","alternateName":"SLIMEX","url":"https:\/\/slimex.to\/hu\/","logo":{"@id":"https:\/\/slimex.to\/hu\/visszateritesi-es-visszakuldesi-szabalyzat\/#local-main-organization-logo"},"image":{"@id":"https:\/\/slimex.to\/hu\/visszateritesi-es-visszakuldesi-szabalyzat\/#local-main-organization-logo"},"description":"We are a medical online provider specializing in research peptides, including retatrutide, delivered with a focus on safety, quality, and evidence-based care.","legalName":"CREDIT CREW s.r.o.","foundingDate":"2024-08-20","numberOfEmployees":{"@type":"QuantitativeValue","minValue":"11","maxValue":"50"},"address":{"@id":"https:\/\/slimex.to\/hu\/visszateritesi-es-visszakuldesi-szabalyzat\/#local-main-place-address"},"telephone":[],"contactPoint":{"@type":"ContactPoint","email":"info@slimex.to"},"openingHoursSpecification":[],"email":"info@slimex.to","areaServed":"Europe"},{"@type":"PostalAddress","@id":"https:\/\/slimex.to\/hu\/visszateritesi-es-visszakuldesi-szabalyzat\/#local-main-place-address","streetAddress":"Rybn\u00e1 716\/24","addressLocality":"Prague","postalCode":"11000","addressRegion":"Czech republic","addressCountry":"CZ"},{"@type":"ImageObject","inLanguage":"hu","@id":"https:\/\/slimex.to\/hu\/visszateritesi-es-visszakuldesi-szabalyzat\/#local-main-organization-logo","url":"https:\/\/slimex.to\/wp-content\/uploads\/2026\/01\/slimex-logo.png","contentUrl":"https:\/\/slimex.to\/wp-content\/uploads\/2026\/01\/slimex-logo.png","width":725,"height":194,"caption":"SLIMEX Peptides"}]},"geo.placename":"Prague","geo.region":"Csehorsz\u00e1g"},"_links":{"self":[{"href":"https:\/\/slimex.to\/hu\/wp-json\/wp\/v2\/pages\/10237","targetHints":{"allow":["GET"]}}],"collection":[{"href":"https:\/\/slimex.to\/hu\/wp-json\/wp\/v2\/pages"}],"about":[{"href":"https:\/\/slimex.to\/hu\/wp-json\/wp\/v2\/types\/page"}],"author":[{"embeddable":true,"href":"https:\/\/slimex.to\/hu\/wp-json\/wp\/v2\/users\/1"}],"replies":[{"embeddable":true,"href":"https:\/\/slimex.to\/hu\/wp-json\/wp\/v2\/comments?post=10237"}],"version-history":[{"count":1,"href":"https:\/\/slimex.to\/hu\/wp-json\/wp\/v2\/pages\/10237\/revisions"}],"predecessor-version":[{"id":10238,"href":"https:\/\/slimex.to\/hu\/wp-json\/wp\/v2\/pages\/10237\/revisions\/10238"}],"wp:attachment":[{"href":"https:\/\/slimex.to\/hu\/wp-json\/wp\/v2\/media?parent=10237"}],"curies":[{"name":"wp","href":"https:\/\/api.w.org\/{rel}","templated":true}]}}