{"id":10239,"date":"2026-02-19T11:03:21","date_gmt":"2026-02-19T10:03:21","guid":{"rendered":"https:\/\/slimex.to\/altalanos-szerzodesi-feltetelek\/"},"modified":"2026-04-20T23:28:58","modified_gmt":"2026-04-20T22:28:58","slug":"altalanos-szerzodesi-feltetelek","status":"publish","type":"page","link":"https:\/\/slimex.to\/hu\/altalanos-szerzodesi-feltetelek\/","title":{"rendered":"\u00c1ltal\u00e1nos Szerz\u0151d\u00e9si Felt\u00e9telek"},"content":{"rendered":"\t\t<div data-elementor-type=\"wp-page\" data-elementor-id=\"10239\" class=\"elementor elementor-10239 elementor-8553\">\n\t\t\t\t<div class=\"elementor-element elementor-element-9048aec e-flex e-con-boxed e-con e-parent\" data-id=\"9048aec\" data-element_type=\"container\" data-e-type=\"container\">\n\t\t\t\t\t<div class=\"e-con-inner\">\n\t\t\t\t<div class=\"elementor-element elementor-element-7bd8ff4 elementor-widget elementor-widget-text-editor\" data-id=\"7bd8ff4\" data-element_type=\"widget\" data-e-type=\"widget\" data-widget_type=\"text-editor.default\">\n\t\t\t\t\t        <div class=\"elementor-text-editor elementor-clearfix\"><p><strong>Hat\u00e1lybal\u00e9p\u00e9s d\u00e1tuma:<\/strong> 2026.01.01.<\/p><p>Ezek az \u00c1ltal\u00e1nos Szerz\u0151d\u00e9si Felt\u00e9telek (\u201eFelt\u00e9telek\u201d) szab\u00e1lyozz\u00e1k a <a href=\"https:\/\/slimex.to\/hu\/\">https:\/\/slimex.to<\/a> weboldal (a \u201eWeboldal\u201d) haszn\u00e1lat\u00e1t, amelyet a CREDIT CREW s.r.o. \u00fczemeltet, egy, a Cseh K\u00f6zt\u00e1rsas\u00e1g t\u00f6rv\u00e9nyei szerint szab\u00e1lyosan bejegyzett t\u00e1rsas\u00e1g, sz\u00e9khelye: Rybn\u00e1 716\/24, 110 00 Praha 1, c\u00e9gjegyz\u00e9ksz\u00e1m: 23898496 (a tov\u00e1bbiakban: \u201eT\u00e1rsas\u00e1g\u201d, \u201emi\u201d vagy \u201ec\u00e9g\u00fcnk\u201d).<\/p><p>A Weboldal megl\u00e1togat\u00e1s\u00e1val vagy megrendel\u00e9s lead\u00e1s\u00e1val \u00d6n elfogadja, hogy jogilag k\u00f6ti jelen Felt\u00e9telek.<\/p><h4>1. A term\u00e9kek k\u00f6re \u00e9s jellege<\/h4><p>A T\u00e1rsas\u00e1g bizonyos orvosi, gy\u00f3gyszer\u00e9szeti, peptid alap\u00fa \u00e9s kutat\u00e1ssal kapcsolatos term\u00e9keket (a tov\u00e1bbiakban: \u201eTerm\u00e9kek\u201d) k\u00edn\u00e1l.<\/p><p><strong>A Term\u00e9kek korl\u00e1toz\u00e1s n\u00e9lk\u00fcl magukban foglalhatj\u00e1k:<\/strong><\/p><ul><li>Peptid alap\u00fa anyagokat<\/li><li>Hormon alap\u00fa term\u00e9keket<\/li><li>Laborat\u00f3riumi vagy kutat\u00e1si c\u00e9l\u00fa anyagokat<\/li><\/ul><p><strong>Bizonyos Term\u00e9kek:<\/strong><\/p><ul><li>Csak meghat\u00e1rozott joghat\u00f3s\u00e1gokban lehetnek enged\u00e9lyezettek<\/li><li>Vizsg\u00e1lati jelleg\u0171k\u00e9nt oszt\u00e1lyozhat\u00f3k<\/li><li>Kutat\u00e1si vagy laborat\u00f3riumi haszn\u00e1latra korl\u00e1tozottak lehetnek<\/li><li>Enged\u00e9llyel rendelkez\u0151 orvosi fel\u00fcgyelet mellett t\u00f6rt\u00e9n\u0151 bead\u00e1st ig\u00e9nyelhetnek<\/li><\/ul><p><strong>A T\u00e1rsas\u00e1g nem garant\u00e1lja, hogy b\u00e1rmely Term\u00e9k enged\u00e9lyezett, bejegyzett vagy j\u00f3v\u00e1hagyott az \u00dcgyf\u00e9l joghat\u00f3s\u00e1g\u00e1ban.<\/strong><\/p><h4>2. Orvosi nyilatkozat<\/h4><p>A Weboldal tartalma kiz\u00e1r\u00f3lag t\u00e1j\u00e9koztat\u00f3 jelleg\u0171.<\/p><p><strong>Nem:<\/strong><\/p><ul><li>Min\u0151s\u00fcl orvosi tan\u00e1csnak<\/li><li>Helyettes\u00edti a k\u00e9pes\u00edtett eg\u00e9szs\u00e9g\u00fcgyi szakemberrel val\u00f3 konzult\u00e1ci\u00f3t<\/li><li>Ny\u00fajt diagn\u00f3zist vagy kezel\u00e9si javaslatokat<\/li><\/ul><p><strong>Az \u00dcgyfeleknek konzult\u00e1lniuk kell enged\u00e9llyel rendelkez\u0151 orvossal vagy k\u00e9pes\u00edtett eg\u00e9szs\u00e9g\u00fcgyi szolg\u00e1ltat\u00f3val, miel\u0151tt b\u00e1rmely Term\u00e9ket megv\u00e1s\u00e1rolnak, kezelnek vagy beadnak.<\/strong><\/p><p><strong>A T\u00e1rsas\u00e1g nem v\u00e1llal felel\u0151ss\u00e9get az \u00dcgyfelek \u00e1ltal hozott orvosi d\u00f6nt\u00e9sek\u00e9rt.<\/strong><\/p><h4>3. Jogosults\u00e1g<\/h4><p><strong>Megrendel\u00e9s lead\u00e1s\u00e1val \u00d6n kijelenti, hogy:<\/strong><\/p><ul><li>Legal\u00e1bb 18 \u00e9ves (vagy nagykor\u00fa az \u00d6n joghat\u00f3s\u00e1g\u00e1ban).<\/li><li>Jogszer\u0171en jogosult a Term\u00e9k megv\u00e1s\u00e1rl\u00e1s\u00e1ra az \u00d6n orsz\u00e1g\u00e1ban.<\/li><li>Betartja az \u00f6sszes vonatkoz\u00f3 helyi, nemzeti \u00e9s nemzetk\u00f6zi jogszab\u00e1lyt.<\/li><\/ul><p><strong>A T\u00e1rsas\u00e1g fenntartja a jogot, hogy a megrendel\u00e9s teljes\u00edt\u00e9se el\u0151tt szem\u00e9lyazonoss\u00e1g igazol\u00e1s\u00e1t, v\u00e9nyt, orvosi enged\u00e9lyt vagy egy\u00e9b dokument\u00e1ci\u00f3t k\u00e9rjen.<\/strong><\/p><h4>4. Kiz\u00e1r\u00f3lag kutat\u00e1si c\u00e9lra (RUO)<\/h4><p>Egyes Term\u00e9kek \u201eKiz\u00e1r\u00f3lag Kutat\u00e1si C\u00e9lra\u201d (RUO) megjel\u00f6l\u00e9ssel rendelkezhetnek.<\/p><p><strong>Az RUO Term\u00e9kek:<\/strong><\/p><ul><li>Nem emberi fogyaszt\u00e1sra sz\u00e1ntak, kiv\u00e9ve, ha azt a vonatkoz\u00f3 jogszab\u00e1lyok megengedik.<\/li><li>K\u00e9pes\u00edtett szakemberek \u00e1ltal kezelend\u0151k.<\/li><li>Kiz\u00e1r\u00f3lag jogszer\u0171 laborat\u00f3riumi vagy kutat\u00e1si c\u00e9lokra ker\u00fclnek sz\u00e1ll\u00edt\u00e1sra.<\/li><\/ul><p><strong>Az \u00dcgyfelek teljes felel\u0151ss\u00e9get v\u00e1llalnak az RUO Term\u00e9kek jogszer\u0171 haszn\u00e1lat\u00e1\u00e9rt.<\/strong><\/p><h4>5. Megrendel\u00e9sek \u00e9s elfogad\u00e1s<\/h4><p><strong>Minden megrendel\u00e9s f\u00fcgg:<\/strong><\/p><ul><li>A term\u00e9k el\u00e9rhet\u0151s\u00e9g\u00e9t\u0151l<\/li><li>A fizet\u00e9s meger\u0151s\u00edt\u00e9s\u00e9t\u0151l<\/li><li>A megfelel\u0151s\u00e9gi \u00e9s kock\u00e1zati fel\u00fclvizsg\u00e1latt\u00f3l<\/li><\/ul><p><strong>A T\u00e1rsas\u00e1g fenntartja a jogot:<\/strong><\/p><ul><li>B\u00e1rmely megrendel\u00e9s visszautas\u00edt\u00e1s\u00e1ra vagy t\u00f6rl\u00e9s\u00e9re<\/li><li>A mennyis\u00e9gek korl\u00e1toz\u00e1s\u00e1ra<\/li><li>Az \u00e9rt\u00e9kes\u00edt\u00e9s bizonyos joghat\u00f3s\u00e1gokra val\u00f3 korl\u00e1toz\u00e1s\u00e1ra<\/li><\/ul><p><strong>A megrendel\u00e9s visszaigazol\u00e1sa nem jelent v\u00e9gleges elfogad\u00e1st a sz\u00e1ll\u00edt\u00e1sig.<\/strong><\/p><h4>6. \u00c1raz\u00e1s \u00e9s fizet\u00e9s<\/h4><p>Minden \u00e1r a kiv\u00e1lasztott p\u00e9nznemben van felt\u00fcntetve, \u00e9s tartalmazhatja vagy kiz\u00e1rhatja az \u00c1F\u00c1-t, ahogy jelezve van.<\/p><p><strong>A T\u00e1rsas\u00e1g fenntartja a jogot:<\/strong><\/p><ul><li>Az \u00e1rak el\u0151zetes \u00e9rtes\u00edt\u00e9s n\u00e9lk\u00fcli m\u00f3dos\u00edt\u00e1s\u00e1ra<\/li><li>Tipogr\u00e1fiai vagy \u00e1raz\u00e1si hib\u00e1k jav\u00edt\u00e1s\u00e1ra<\/li><\/ul><p><strong>A fizet\u00e9st a sz\u00e1ll\u00edt\u00e1s el\u0151tt kell teljes\u00edteni. Az elfogadott fizet\u00e9si m\u00f3dok a Weboldalon tal\u00e1lhat\u00f3k. <\/strong><\/p><h4>7. Sz\u00e1ll\u00edt\u00e1s \u00e9s k\u00e9zbes\u00edt\u00e9s<\/h4><p>A T\u00e1rsas\u00e1g csak olyan joghat\u00f3s\u00e1gokba sz\u00e1ll\u00edt, ahol a sz\u00e1ll\u00edt\u00e1s nincs kifejezetten tiltva.<\/p><p><strong>Az \u00dcgyfelek kiz\u00e1r\u00f3lagos felel\u0151ss\u00e9ge:<\/strong><\/p><ul><li>Az import jogszer\u0171s\u00e9g\u00e9nek ellen\u0151rz\u00e9se<\/li><li>A v\u00e1mok \u00e9s ad\u00f3k megfizet\u00e9se<\/li><li>A joghat\u00f3s\u00e1gukban \u00e9rv\u00e9nyes szab\u00e1lyoz\u00e1si megfelel\u0151s\u00e9g biztos\u00edt\u00e1sa<\/li><\/ul><p><strong>A sz\u00e1ll\u00edt\u00e1si id\u0151k csak becsl\u00e9sek. A T\u00e1rsas\u00e1g nem felel\u0151s a k\u00f6vetkez\u0151k \u00e1ltal okozott k\u00e9s\u00e9sek\u00e9rt: <\/strong><\/p><ul><li>V\u00e1mhat\u00f3s\u00e1gok<\/li><li>Szab\u00e1lyoz\u00e1si ellen\u0151rz\u00e9sek<\/li><li>Fut\u00e1rszolg\u00e1lati zavarok<\/li><li>Vis maior esem\u00e9nyek<\/li><\/ul><p><strong>A vesztes\u00e9g kock\u00e1zata a k\u00e9zbes\u00edt\u00e9skor sz\u00e1ll \u00e1t az \u00dcgyf\u00e9lre.<\/strong><\/p><h4>8. T\u00e1rol\u00e1s \u00e9s kezel\u00e9s<\/h4><p><strong>Sz\u00e1mos Term\u00e9k ig\u00e9nyel:<\/strong><\/p><ul><li>H\u0171t\u00e9st vagy szab\u00e1lyozott h\u0151m\u00e9rs\u00e9kletet<\/li><li>Steril kezel\u00e9st<\/li><li>Szakmai bead\u00e1st<\/li><\/ul><p><strong>A T\u00e1rsas\u00e1g nem felel\u0151s:<\/strong><\/p><ul><li>A k\u00e9zbes\u00edt\u00e9s ut\u00e1ni helytelen t\u00e1rol\u00e1s\u00e9rt<\/li><li>A meger\u0151s\u00edtett k\u00e9zbes\u00edt\u00e9s ut\u00e1ni h\u0151m\u00e9rs\u00e9kleti elt\u00e9r\u00e9sek\u00e9rt<\/li><li>A helytelen rekonstitu\u00e1l\u00e1s\u00e9rt vagy bead\u00e1s\u00e9rt<\/li><\/ul><h4>9. Visszak\u00fcld\u00e9s \u00e9s visszat\u00e9r\u00edt\u00e9s<\/h4><p><strong>A Term\u00e9kek \u00e9rz\u00e9keny \u00e9s orvosi jellege miatt:<\/strong><\/p><ul><li>A felbontott Term\u00e9kek nem k\u00fcldhet\u0151k vissza.<\/li><li>A h\u0151m\u00e9rs\u00e9klet-\u00e9rz\u00e9keny Term\u00e9kek nem visszak\u00fcldhet\u0151k, kiv\u00e9ve, ha hib\u00e1sak.<\/li><li>A reklam\u00e1ci\u00f3kat az \u00e1tv\u00e9telt\u0151l sz\u00e1m\u00edtott 7 napon bel\u00fcl kell beny\u00fajtani.<\/li><\/ul><p><strong>A visszat\u00e9r\u00edt\u00e9sek csak ellen\u0151rz\u00e9s \u00e9s j\u00f3v\u00e1hagy\u00e1s ut\u00e1n ker\u00fclnek kibocs\u00e1t\u00e1sra.<\/strong><\/p><h4>10. Felel\u0151ss\u00e9g korl\u00e1toz\u00e1sa<\/h4><p><strong>A jogszab\u00e1lyok \u00e1ltal megengedett maxim\u00e1lis m\u00e9rt\u00e9kben:<\/strong><\/p><ul><li>A T\u00e1rsas\u00e1g nem felel k\u00f6zvetett, j\u00e1rul\u00e9kos vagy k\u00f6vetkezm\u00e9nyes k\u00e1rok\u00e9rt.<\/li><li>A T\u00e1rsas\u00e1g nem felel a helytelen haszn\u00e1lat\u00e9rt, helytelen adagol\u00e1s\u00e9rt, enged\u00e9lyen k\u00edv\u00fcli alkalmaz\u00e1s\u00e9rt vagy jogosulatlan bead\u00e1s\u00e9rt.<\/li><li>A teljes felel\u0151ss\u00e9g nem haladhatja meg a Term\u00e9k\u00e9rt fizetett \u00f6sszeget.<br>Jelen Felt\u00e9telek egyetlen rendelkez\u00e9se sem z\u00e1rja ki azt a felel\u0151ss\u00e9get, amely a vonatkoz\u00f3 jogszab\u00e1lyok szerint nem z\u00e1rhat\u00f3 ki.<\/li><\/ul><h4>11. K\u00e1rtalan\u00edt\u00e1s<\/h4><p><strong>\u00d6n v\u00e1llalja, hogy k\u00e1rtalan\u00edtja \u00e9s mentes\u00edti a T\u00e1rsas\u00e1got, annak igazgat\u00f3it, alkalmazottait \u00e9s kapcsolt v\u00e1llalkoz\u00e1sait minden olyan k\u00f6vetel\u00e9st\u0151l, k\u00e1rt\u00f3l, k\u00f6telezetts\u00e9gt\u0151l, k\u00f6lts\u00e9gt\u0151l vagy kiad\u00e1st\u00f3l, amely a k\u00f6vetkez\u0151kb\u0151l ered:<\/strong><\/p><ul><li>Jelen Felt\u00e9telek megs\u00e9rt\u00e9se<\/li><li>Illeg\u00e1lis behozatal vagy haszn\u00e1lat<\/li><li>Helytelen orvosi bead\u00e1s<\/li><li>Szab\u00e1lyoz\u00e1si jogs\u00e9rt\u00e9sek az \u00d6n joghat\u00f3s\u00e1g\u00e1ban<\/li><\/ul><h4>12. Szab\u00e1lyoz\u00e1si megfelel\u0151s\u00e9g<\/h4><p><strong>Az \u00dcgyfelek kiz\u00e1r\u00f3lagos felel\u0151ss\u00e9ge annak biztos\u00edt\u00e1sa, hogy:<\/strong><\/p><ul><li>A v\u00e1s\u00e1rl\u00e1s \u00e9s haszn\u00e1lat jogszer\u0171<\/li><li>A behozatal megfelel a helyi szab\u00e1lyoz\u00e1soknak<\/li><\/ul><p>A T\u00e1rsas\u00e1g nem nyilatkozik arr\u00f3l, hogy a Term\u00e9kek enged\u00e9lyezettek \u00e9rt\u00e9kes\u00edt\u00e9sre b\u00e1rmely konkr\u00e9t orsz\u00e1gban.<\/p><h4>13. Szellemi tulajdon<\/h4><p>A Weboldal teljes tartalma, bele\u00e9rtve a sz\u00f6veget, grafik\u00e1kat, v\u00e9djegyeket \u00e9s term\u00e9kle\u00edr\u00e1sokat, a T\u00e1rsas\u00e1g kiz\u00e1r\u00f3lagos tulajdona.<\/p><p><strong>A jogosulatlan haszn\u00e1lat tilos.<\/strong><\/p><h4>14. Adatv\u00e9delem \u00e9s adatv\u00e9delem<\/h4><p>A szem\u00e9lyes adatok kezel\u00e9se a vonatkoz\u00f3 adatv\u00e9delmi jogszab\u00e1lyoknak megfelel\u0151en t\u00f6rt\u00e9nik, bele\u00e9rtve a GDPR-t, ahol alkalmazand\u00f3.<\/p><p>A Weboldal haszn\u00e1lat\u00e1val \u00d6n hozz\u00e1j\u00e1rul az Adatv\u00e9delmi Szab\u00e1lyzatban le\u00edrt adatkezel\u00e9shez.<\/p><h4>15. Ir\u00e1nyad\u00f3 jog \u00e9s joghat\u00f3s\u00e1g<\/h4><p>Jelen Felt\u00e9telekre a Cseh K\u00f6zt\u00e1rsas\u00e1g jogszab\u00e1lyai az ir\u00e1nyad\u00f3k.<\/p><p>Minden vita a Cseh K\u00f6zt\u00e1rsas\u00e1g b\u00edr\u00f3s\u00e1gainak kiz\u00e1r\u00f3lagos joghat\u00f3s\u00e1ga al\u00e1 tartozik.<\/p><h4>16. M\u00f3dos\u00edt\u00e1sok<\/h4><p>A T\u00e1rsas\u00e1g fenntartja a jogot jelen Felt\u00e9telek b\u00e1rmikori m\u00f3dos\u00edt\u00e1s\u00e1ra.<\/p><p>A fel\u00fclvizsg\u00e1lt Felt\u00e9telek a Weboldalon t\u00f6rt\u00e9n\u0151 k\u00f6zz\u00e9t\u00e9tellel l\u00e9pnek hat\u00e1lyba.<\/p><h4>17. Kapcsolattart\u00e1si inform\u00e1ci\u00f3k<\/h4><p>CREDIT CREW s.r.o.<br>Rybn\u00e1 716\/24<br>110 00 Praha 1<br>Cseh K\u00f6zt\u00e1rsas\u00e1g<br>C\u00e9gjegyz\u00e9ksz\u00e1m: 23898496<br>E-mail: info@slimex.to<\/p><\/div>\n        \t\t\t\t<\/div>\n\t\t\t\t\t<\/div>\n\t\t\t\t<\/div>\n\t\t\t\t<\/div>\n\t\t","protected":false},"excerpt":{"rendered":"<p>Hat\u00e1lybal\u00e9p\u00e9s d\u00e1tuma: 2026.01.01. Ezek az \u00c1ltal\u00e1nos Szerz\u0151d\u00e9si Felt\u00e9telek (\u201eFelt\u00e9telek\u201d) szab\u00e1lyozz\u00e1k a https:\/\/slimex.to weboldal (a \u201eWeboldal\u201d) haszn\u00e1lat\u00e1t, amelyet a CREDIT CREW s.r.o. \u00fczemeltet, egy, a Cseh K\u00f6zt\u00e1rsas\u00e1g t\u00f6rv\u00e9nyei szerint szab\u00e1lyosan bejegyzett t\u00e1rsas\u00e1g, sz\u00e9khelye: Rybn\u00e1 716\/24, 110 00 Praha 1, c\u00e9gjegyz\u00e9ksz\u00e1m: 23898496 (a tov\u00e1bbiakban: \u201eT\u00e1rsas\u00e1g\u201d, \u201emi\u201d vagy \u201ec\u00e9g\u00fcnk\u201d). A Weboldal megl\u00e1togat\u00e1s\u00e1val vagy megrendel\u00e9s lead\u00e1s\u00e1val \u00d6n elfogadja, hogy &hellip; <\/p>\n<p class=\"more-link-wrap\"><a href=\"https:\/\/slimex.to\/hu\/altalanos-szerzodesi-feltetelek\/\" class=\"more-link\"><i class=\"opal-icon-plus\" aria-hidden=\"true\"><\/i><span>Read More<span class=\"screen-reader-text\"> &#8222;\u00c1ltal\u00e1nos Szerz\u0151d\u00e9si Felt\u00e9telek&#8221;<\/span><\/span><\/a><\/p>\n","protected":false},"author":1,"featured_media":0,"parent":0,"menu_order":0,"comment_status":"closed","ping_status":"closed","template":"","meta":{"inline_featured_image":false,"iawp_total_views":0,"footnotes":""},"class_list":["post-10239","page","type-page","status-publish","hentry"],"yoast_head":"<!-- This site is optimized with the Yoast SEO Premium plugin v27.2 (Yoast SEO v27.5) - https:\/\/yoast.com\/product\/yoast-seo-premium-wordpress\/ -->\n<title>\u00c1ltal\u00e1nos Szerz\u0151d\u00e9si Felt\u00e9telek - SLIMEX<\/title>\n<meta name=\"robots\" content=\"index, follow, max-snippet:-1, max-image-preview:large, max-video-preview:-1\" \/>\n<link rel=\"canonical\" href=\"https:\/\/slimex.to\/hu\/altalanos-szerzodesi-feltetelek\/\" \/>\n<meta property=\"og:locale\" content=\"hu_HU\" \/>\n<meta property=\"og:type\" content=\"article\" \/>\n<meta property=\"og:title\" content=\"\u00c1ltal\u00e1nos Szerz\u0151d\u00e9si Felt\u00e9telek\" \/>\n<meta property=\"og:description\" content=\"Hat\u00e1lybal\u00e9p\u00e9s d\u00e1tuma: 2026.01.01. Ezek az \u00c1ltal\u00e1nos Szerz\u0151d\u00e9si Felt\u00e9telek (\u201eFelt\u00e9telek\u201d) szab\u00e1lyozz\u00e1k a https:\/\/slimex.to weboldal (a \u201eWeboldal\u201d) haszn\u00e1lat\u00e1t, amelyet a CREDIT CREW s.r.o. \u00fczemeltet, egy, a Cseh K\u00f6zt\u00e1rsas\u00e1g t\u00f6rv\u00e9nyei szerint szab\u00e1lyosan bejegyzett t\u00e1rsas\u00e1g, sz\u00e9khelye: Rybn\u00e1 716\/24, 110 00 Praha 1, c\u00e9gjegyz\u00e9ksz\u00e1m: 23898496 (a tov\u00e1bbiakban: \u201eT\u00e1rsas\u00e1g\u201d, \u201emi\u201d vagy \u201ec\u00e9g\u00fcnk\u201d). A Weboldal megl\u00e1togat\u00e1s\u00e1val vagy megrendel\u00e9s lead\u00e1s\u00e1val \u00d6n elfogadja, hogy &hellip; Read More &quot;\u00c1ltal\u00e1nos Szerz\u0151d\u00e9si Felt\u00e9telek&quot;\" \/>\n<meta property=\"og:url\" content=\"https:\/\/slimex.to\/hu\/altalanos-szerzodesi-feltetelek\/\" \/>\n<meta property=\"og:site_name\" content=\"SLIMEX\" \/>\n<meta property=\"article:modified_time\" content=\"2026-04-20T22:28:58+00:00\" \/>\n<meta name=\"twitter:card\" content=\"summary_large_image\" \/>\n<meta name=\"twitter:label1\" content=\"Becs\u00fclt olvas\u00e1si id\u0151\" \/>\n\t<meta name=\"twitter:data1\" content=\"7 perc\" \/>\n<script type=\"application\/ld+json\" class=\"yoast-schema-graph\">{\"@context\":\"https:\\\/\\\/schema.org\",\"@graph\":[{\"@type\":\"WebPage\",\"@id\":\"https:\\\/\\\/slimex.to\\\/hu\\\/altalanos-szerzodesi-feltetelek\\\/\",\"url\":\"https:\\\/\\\/slimex.to\\\/hu\\\/altalanos-szerzodesi-feltetelek\\\/\",\"name\":\"\u00c1ltal\u00e1nos Szerz\u0151d\u00e9si Felt\u00e9telek - SLIMEX\",\"isPartOf\":{\"@id\":\"https:\\\/\\\/slimex.to\\\/hu\\\/#website\"},\"datePublished\":\"2026-02-19T10:03:21+00:00\",\"dateModified\":\"2026-04-20T22:28:58+00:00\",\"breadcrumb\":{\"@id\":\"https:\\\/\\\/slimex.to\\\/hu\\\/altalanos-szerzodesi-feltetelek\\\/#breadcrumb\"},\"inLanguage\":\"hu\",\"potentialAction\":[{\"@type\":\"ReadAction\",\"target\":[\"https:\\\/\\\/slimex.to\\\/hu\\\/altalanos-szerzodesi-feltetelek\\\/\"]}]},{\"@type\":\"BreadcrumbList\",\"@id\":\"https:\\\/\\\/slimex.to\\\/hu\\\/altalanos-szerzodesi-feltetelek\\\/#breadcrumb\",\"itemListElement\":[{\"@type\":\"ListItem\",\"position\":1,\"name\":\"Home\",\"item\":\"https:\\\/\\\/slimex.to\\\/hu\\\/kezdolap\\\/\"},{\"@type\":\"ListItem\",\"position\":2,\"name\":\"\u00c1ltal\u00e1nos Szerz\u0151d\u00e9si Felt\u00e9telek\"}]},{\"@type\":\"WebSite\",\"@id\":\"https:\\\/\\\/slimex.to\\\/hu\\\/#website\",\"url\":\"https:\\\/\\\/slimex.to\\\/hu\\\/\",\"name\":\"SLIMEX\",\"description\":\"Highest Quality Peptides\",\"publisher\":{\"@id\":\"https:\\\/\\\/slimex.to\\\/hu\\\/#organization\"},\"potentialAction\":[{\"@type\":\"SearchAction\",\"target\":{\"@type\":\"EntryPoint\",\"urlTemplate\":\"https:\\\/\\\/slimex.to\\\/hu\\\/?s={search_term_string}\"},\"query-input\":{\"@type\":\"PropertyValueSpecification\",\"valueRequired\":true,\"valueName\":\"search_term_string\"}}],\"inLanguage\":\"hu\"},{\"@type\":[\"Organization\",\"Place\",\"MedicalOrganization\"],\"@id\":\"https:\\\/\\\/slimex.to\\\/hu\\\/#organization\",\"name\":\"SLIMEX Peptides\",\"alternateName\":\"SLIMEX\",\"url\":\"https:\\\/\\\/slimex.to\\\/hu\\\/\",\"logo\":{\"@id\":\"https:\\\/\\\/slimex.to\\\/hu\\\/altalanos-szerzodesi-feltetelek\\\/#local-main-organization-logo\"},\"image\":{\"@id\":\"https:\\\/\\\/slimex.to\\\/hu\\\/altalanos-szerzodesi-feltetelek\\\/#local-main-organization-logo\"},\"description\":\"We are a medical online provider specializing in research peptides, including retatrutide, delivered with a focus on safety, quality, and evidence-based care.\",\"legalName\":\"CREDIT CREW s.r.o.\",\"foundingDate\":\"2024-08-20\",\"numberOfEmployees\":{\"@type\":\"QuantitativeValue\",\"minValue\":\"11\",\"maxValue\":\"50\"},\"address\":{\"@id\":\"https:\\\/\\\/slimex.to\\\/hu\\\/altalanos-szerzodesi-feltetelek\\\/#local-main-place-address\"},\"telephone\":[],\"contactPoint\":{\"@type\":\"ContactPoint\",\"email\":\"info@slimex.to\"},\"openingHoursSpecification\":[],\"email\":\"info@slimex.to\",\"areaServed\":\"Europe\"},{\"@type\":\"PostalAddress\",\"@id\":\"https:\\\/\\\/slimex.to\\\/hu\\\/altalanos-szerzodesi-feltetelek\\\/#local-main-place-address\",\"streetAddress\":\"Rybn\u00e1 716\\\/24\",\"addressLocality\":\"Prague\",\"postalCode\":\"11000\",\"addressRegion\":\"Czech republic\",\"addressCountry\":\"CZ\"},{\"@type\":\"ImageObject\",\"inLanguage\":\"hu\",\"@id\":\"https:\\\/\\\/slimex.to\\\/hu\\\/altalanos-szerzodesi-feltetelek\\\/#local-main-organization-logo\",\"url\":\"https:\\\/\\\/slimex.to\\\/wp-content\\\/uploads\\\/2026\\\/01\\\/slimex-logo.png\",\"contentUrl\":\"https:\\\/\\\/slimex.to\\\/wp-content\\\/uploads\\\/2026\\\/01\\\/slimex-logo.png\",\"width\":725,\"height\":194,\"caption\":\"SLIMEX Peptides\"}]}<\/script>\n<meta name=\"geo.placename\" content=\"Prague\" \/>\n<meta name=\"geo.region\" content=\"Csehorsz\u00e1g\" \/>\n<!-- \/ Yoast SEO Premium plugin. -->","yoast_head_json":{"title":"\u00c1ltal\u00e1nos Szerz\u0151d\u00e9si Felt\u00e9telek - SLIMEX","robots":{"index":"index","follow":"follow","max-snippet":"max-snippet:-1","max-image-preview":"max-image-preview:large","max-video-preview":"max-video-preview:-1"},"canonical":"https:\/\/slimex.to\/hu\/altalanos-szerzodesi-feltetelek\/","og_locale":"hu_HU","og_type":"article","og_title":"\u00c1ltal\u00e1nos Szerz\u0151d\u00e9si Felt\u00e9telek","og_description":"Hat\u00e1lybal\u00e9p\u00e9s d\u00e1tuma: 2026.01.01. Ezek az \u00c1ltal\u00e1nos Szerz\u0151d\u00e9si Felt\u00e9telek (\u201eFelt\u00e9telek\u201d) szab\u00e1lyozz\u00e1k a https:\/\/slimex.to weboldal (a \u201eWeboldal\u201d) haszn\u00e1lat\u00e1t, amelyet a CREDIT CREW s.r.o. \u00fczemeltet, egy, a Cseh K\u00f6zt\u00e1rsas\u00e1g t\u00f6rv\u00e9nyei szerint szab\u00e1lyosan bejegyzett t\u00e1rsas\u00e1g, sz\u00e9khelye: Rybn\u00e1 716\/24, 110 00 Praha 1, c\u00e9gjegyz\u00e9ksz\u00e1m: 23898496 (a tov\u00e1bbiakban: \u201eT\u00e1rsas\u00e1g\u201d, \u201emi\u201d vagy \u201ec\u00e9g\u00fcnk\u201d). A Weboldal megl\u00e1togat\u00e1s\u00e1val vagy megrendel\u00e9s lead\u00e1s\u00e1val \u00d6n elfogadja, hogy &hellip; Read More \"\u00c1ltal\u00e1nos Szerz\u0151d\u00e9si Felt\u00e9telek\"","og_url":"https:\/\/slimex.to\/hu\/altalanos-szerzodesi-feltetelek\/","og_site_name":"SLIMEX","article_modified_time":"2026-04-20T22:28:58+00:00","twitter_card":"summary_large_image","twitter_misc":{"Becs\u00fclt olvas\u00e1si id\u0151":"7 perc"},"schema":{"@context":"https:\/\/schema.org","@graph":[{"@type":"WebPage","@id":"https:\/\/slimex.to\/hu\/altalanos-szerzodesi-feltetelek\/","url":"https:\/\/slimex.to\/hu\/altalanos-szerzodesi-feltetelek\/","name":"\u00c1ltal\u00e1nos Szerz\u0151d\u00e9si Felt\u00e9telek - SLIMEX","isPartOf":{"@id":"https:\/\/slimex.to\/hu\/#website"},"datePublished":"2026-02-19T10:03:21+00:00","dateModified":"2026-04-20T22:28:58+00:00","breadcrumb":{"@id":"https:\/\/slimex.to\/hu\/altalanos-szerzodesi-feltetelek\/#breadcrumb"},"inLanguage":"hu","potentialAction":[{"@type":"ReadAction","target":["https:\/\/slimex.to\/hu\/altalanos-szerzodesi-feltetelek\/"]}]},{"@type":"BreadcrumbList","@id":"https:\/\/slimex.to\/hu\/altalanos-szerzodesi-feltetelek\/#breadcrumb","itemListElement":[{"@type":"ListItem","position":1,"name":"Home","item":"https:\/\/slimex.to\/hu\/kezdolap\/"},{"@type":"ListItem","position":2,"name":"\u00c1ltal\u00e1nos Szerz\u0151d\u00e9si Felt\u00e9telek"}]},{"@type":"WebSite","@id":"https:\/\/slimex.to\/hu\/#website","url":"https:\/\/slimex.to\/hu\/","name":"SLIMEX","description":"Highest Quality Peptides","publisher":{"@id":"https:\/\/slimex.to\/hu\/#organization"},"potentialAction":[{"@type":"SearchAction","target":{"@type":"EntryPoint","urlTemplate":"https:\/\/slimex.to\/hu\/?s={search_term_string}"},"query-input":{"@type":"PropertyValueSpecification","valueRequired":true,"valueName":"search_term_string"}}],"inLanguage":"hu"},{"@type":["Organization","Place","MedicalOrganization"],"@id":"https:\/\/slimex.to\/hu\/#organization","name":"SLIMEX Peptides","alternateName":"SLIMEX","url":"https:\/\/slimex.to\/hu\/","logo":{"@id":"https:\/\/slimex.to\/hu\/altalanos-szerzodesi-feltetelek\/#local-main-organization-logo"},"image":{"@id":"https:\/\/slimex.to\/hu\/altalanos-szerzodesi-feltetelek\/#local-main-organization-logo"},"description":"We are a medical online provider specializing in research peptides, including retatrutide, delivered with a focus on safety, quality, and evidence-based care.","legalName":"CREDIT CREW s.r.o.","foundingDate":"2024-08-20","numberOfEmployees":{"@type":"QuantitativeValue","minValue":"11","maxValue":"50"},"address":{"@id":"https:\/\/slimex.to\/hu\/altalanos-szerzodesi-feltetelek\/#local-main-place-address"},"telephone":[],"contactPoint":{"@type":"ContactPoint","email":"info@slimex.to"},"openingHoursSpecification":[],"email":"info@slimex.to","areaServed":"Europe"},{"@type":"PostalAddress","@id":"https:\/\/slimex.to\/hu\/altalanos-szerzodesi-feltetelek\/#local-main-place-address","streetAddress":"Rybn\u00e1 716\/24","addressLocality":"Prague","postalCode":"11000","addressRegion":"Czech republic","addressCountry":"CZ"},{"@type":"ImageObject","inLanguage":"hu","@id":"https:\/\/slimex.to\/hu\/altalanos-szerzodesi-feltetelek\/#local-main-organization-logo","url":"https:\/\/slimex.to\/wp-content\/uploads\/2026\/01\/slimex-logo.png","contentUrl":"https:\/\/slimex.to\/wp-content\/uploads\/2026\/01\/slimex-logo.png","width":725,"height":194,"caption":"SLIMEX Peptides"}]},"geo.placename":"Prague","geo.region":"Csehorsz\u00e1g"},"_links":{"self":[{"href":"https:\/\/slimex.to\/hu\/wp-json\/wp\/v2\/pages\/10239","targetHints":{"allow":["GET"]}}],"collection":[{"href":"https:\/\/slimex.to\/hu\/wp-json\/wp\/v2\/pages"}],"about":[{"href":"https:\/\/slimex.to\/hu\/wp-json\/wp\/v2\/types\/page"}],"author":[{"embeddable":true,"href":"https:\/\/slimex.to\/hu\/wp-json\/wp\/v2\/users\/1"}],"replies":[{"embeddable":true,"href":"https:\/\/slimex.to\/hu\/wp-json\/wp\/v2\/comments?post=10239"}],"version-history":[{"count":2,"href":"https:\/\/slimex.to\/hu\/wp-json\/wp\/v2\/pages\/10239\/revisions"}],"predecessor-version":[{"id":10841,"href":"https:\/\/slimex.to\/hu\/wp-json\/wp\/v2\/pages\/10239\/revisions\/10841"}],"wp:attachment":[{"href":"https:\/\/slimex.to\/hu\/wp-json\/wp\/v2\/media?parent=10239"}],"curies":[{"name":"wp","href":"https:\/\/api.w.org\/{rel}","templated":true}]}}