{"id":9801,"date":"2026-01-03T19:45:34","date_gmt":"2026-01-03T19:45:34","guid":{"rendered":"https:\/\/slimex.to\/adatvedelmi-iranyelvek\/"},"modified":"2026-03-10T16:44:11","modified_gmt":"2026-03-10T16:44:11","slug":"adatvedelmi-iranyelvek","status":"publish","type":"page","link":"https:\/\/slimex.to\/hu\/adatvedelmi-iranyelvek\/","title":{"rendered":"Adatv\u00e9delmi ir\u00e1nyelvek"},"content":{"rendered":"\n<h2 class=\"wp-block-heading\">Kik vagyunk<\/h2>\n\n<p><strong class=\"privacy-policy-tutorial\">Javasolt sz\u00f6veg: <\/strong>Weboldalunk c\u00edme: https:\/\/slimex.to.<\/p>\n\n<h2 class=\"wp-block-heading\">Hozz\u00e1sz\u00f3l\u00e1sok<\/h2>\n\n<p><strong class=\"privacy-policy-tutorial\">Javasolt sz\u00f6veg: <\/strong>Amikor a l\u00e1togat\u00f3k hozz\u00e1sz\u00f3l\u00e1sokat hagynak az oldalon, \u00f6sszegy\u0171jtj\u00fck a hozz\u00e1sz\u00f3l\u00e1si \u0171rlapon megjelen\u00edtett adatokat, valamint a l\u00e1togat\u00f3 IP-c\u00edm\u00e9t \u00e9s b\u00f6ng\u00e9sz\u0151 felhaszn\u00e1l\u00f3i \u00fcgyn\u00f6k karakterl\u00e1nc\u00e1t a spam-\u00e9szlel\u00e9s el\u0151seg\u00edt\u00e9se \u00e9rdek\u00e9ben.<\/p>\n\n<p>Az e-mail c\u00edm\u00e9b\u0151l l\u00e9trehozott anonimiz\u00e1lt karakterl\u00e1nc (m\u00e1s n\u00e9ven hash) \u00e1tadhat\u00f3 a Gravatar szolg\u00e1ltat\u00e1snak annak ellen\u0151rz\u00e9s\u00e9re, hogy haszn\u00e1lja-e azt. A Gravatar szolg\u00e1ltat\u00e1s adatv\u00e9delmi ir\u00e1nyelvei itt \u00e9rhet\u0151k el: https:\/\/automattic.com\/privacy\/. A hozz\u00e1sz\u00f3l\u00e1s j\u00f3v\u00e1hagy\u00e1s\u00e1t k\u00f6vet\u0151en profilk\u00e9pe nyilv\u00e1nosan l\u00e1that\u00f3 a hozz\u00e1sz\u00f3l\u00e1s kontextus\u00e1ban. <\/p>\n\n<h2 class=\"wp-block-heading\">M\u00e9dia<\/h2>\n\n<p><strong class=\"privacy-policy-tutorial\">Javasolt sz\u00f6veg: <\/strong>Ha k\u00e9peket t\u00f6lt fel a weboldalra, ker\u00fclje a be\u00e1gyazott helyadatokat (EXIF GPS) tartalmaz\u00f3 k\u00e9pek felt\u00f6lt\u00e9s\u00e9t. A weboldal l\u00e1togat\u00f3i let\u00f6lthetik \u00e9s kinyerhetik a helyadatokat a weboldalon tal\u00e1lhat\u00f3 k\u00e9pekb\u0151l. <\/p>\n\n<h2 class=\"wp-block-heading\">S\u00fctik<\/h2>\n\n<p><strong class=\"privacy-policy-tutorial\">Javasolt sz\u00f6veg: <\/strong>Ha hozz\u00e1sz\u00f3l\u00e1st hagy az oldalunkon, d\u00f6nthet \u00fagy, hogy elmenti nev\u00e9t, e-mail c\u00edm\u00e9t \u00e9s weboldal\u00e1t s\u00fctikben. Ezek az \u00d6n k\u00e9nyelme \u00e9rdek\u00e9ben szolg\u00e1lnak, hogy ne kelljen \u00fajra kit\u00f6ltenie adatait, amikor \u00fajabb hozz\u00e1sz\u00f3l\u00e1st hagy. Ezek a s\u00fctik egy \u00e9vig maradnak \u00e9rv\u00e9nyben.  <\/p>\n\n<p>Ha megl\u00e1togatja bejelentkez\u00e9si oldalunkat, ideiglenes s\u00fctit \u00e1ll\u00edtunk be annak meg\u00e1llap\u00edt\u00e1s\u00e1ra, hogy b\u00f6ng\u00e9sz\u0151je elfogadja-e a s\u00fctiket. Ez a s\u00fcti nem tartalmaz szem\u00e9lyes adatokat, \u00e9s t\u00f6rl\u0151dik, amikor bez\u00e1rja b\u00f6ng\u00e9sz\u0151j\u00e9t. <\/p>\n\n<p>Amikor bejelentkezik, t\u00f6bb s\u00fctit is be\u00e1ll\u00edtunk, hogy elments\u00fck bejelentkez\u00e9si adatait \u00e9s k\u00e9perny\u0151megjelen\u00edt\u00e9si be\u00e1ll\u00edt\u00e1sait. A bejelentkez\u00e9si s\u00fctik k\u00e9t napig \u00e9rv\u00e9nyesek, a k\u00e9perny\u0151be\u00e1ll\u00edt\u00e1si s\u00fctik pedig egy \u00e9vig. Ha bejel\u00f6li az \u201eEml\u00e9kezzen r\u00e1m\u201d opci\u00f3t, bejelentkez\u00e9se k\u00e9t h\u00e9tig megmarad. Ha kijelentkezik fi\u00f3kj\u00e1b\u00f3l, a bejelentkez\u00e9si s\u00fctik t\u00f6rl\u0151dnek.   <\/p>\n\n<p>Ha szerkeszt vagy k\u00f6zz\u00e9tesz egy cikket, egy tov\u00e1bbi s\u00fcti ker\u00fcl ment\u00e9sre b\u00f6ng\u00e9sz\u0151j\u00e9ben. Ez a s\u00fcti nem tartalmaz szem\u00e9lyes adatokat, \u00e9s egyszer\u0171en jelzi az im\u00e9nt szerkesztett cikk bejegyz\u00e9sazonos\u00edt\u00f3j\u00e1t. 1 nap ut\u00e1n lej\u00e1r.  <\/p>\n\n<h2 class=\"wp-block-heading\">M\u00e1s weboldalakr\u00f3l sz\u00e1rmaz\u00f3 be\u00e1gyazott tartalom<\/h2>\n\n<p><strong class=\"privacy-policy-tutorial\">Javasolt sz\u00f6veg: <\/strong>Az oldalon tal\u00e1lhat\u00f3 cikkek be\u00e1gyazott tartalmat tartalmazhatnak (pl. vide\u00f3k, k\u00e9pek, cikkek stb.). A m\u00e1s weboldalakr\u00f3l sz\u00e1rmaz\u00f3 be\u00e1gyazott tartalom pontosan ugyan\u00fagy viselkedik, mintha a l\u00e1togat\u00f3 megl\u00e1togatta volna a m\u00e1sik weboldalt. <\/p>\n\n<p>Ezek a weboldalak adatokat gy\u0171jthetnek \u00d6nr\u0151l, s\u00fctiket haszn\u00e1lhatnak, tov\u00e1bbi harmadik f\u00e9lt\u0151l sz\u00e1rmaz\u00f3 k\u00f6vet\u00e9st \u00e1gyazhatnak be, \u00e9s figyelemmel k\u00eds\u00e9rhetik a be\u00e1gyazott tartalommal val\u00f3 interakci\u00f3j\u00e1t, bele\u00e9rtve a be\u00e1gyazott tartalommal val\u00f3 interakci\u00f3 k\u00f6vet\u00e9s\u00e9t is, ha rendelkezik fi\u00f3kkal \u00e9s be van jelentkezve az adott weboldalra.<\/p>\n\n<h2 class=\"wp-block-heading\">Kikkel osztjuk meg adatait<\/h2>\n\n<p><strong class=\"privacy-policy-tutorial\">Javasolt sz\u00f6veg: <\/strong>Ha jelsz\u00f3-vissza\u00e1ll\u00edt\u00e1st k\u00e9r, IP-c\u00edme szerepelni fog a vissza\u00e1ll\u00edt\u00e1si e-mailben.<\/p>\n\n<h2 class=\"wp-block-heading\">Meddig \u0151rizz\u00fck meg adatait<\/h2>\n\n<p><strong class=\"privacy-policy-tutorial\">Javasolt sz\u00f6veg: <\/strong>Ha hozz\u00e1sz\u00f3l\u00e1st hagy, a hozz\u00e1sz\u00f3l\u00e1s \u00e9s metaadatai hat\u00e1rozatlan ideig meg\u0151rz\u00e9sre ker\u00fclnek. Ez az\u00e9rt van \u00edgy, hogy automatikusan felismerhess\u00fck \u00e9s j\u00f3v\u00e1hagyhassuk az esetleges tov\u00e1bbi hozz\u00e1sz\u00f3l\u00e1sokat ahelyett, hogy moder\u00e1l\u00e1si sorban tartan\u00e1nk \u0151ket. <\/p>\n\n<p>A weboldalunkon regisztr\u00e1l\u00f3 felhaszn\u00e1l\u00f3k (ha vannak ilyenek) eset\u00e9ben a felhaszn\u00e1l\u00f3i profiljukban megadott szem\u00e9lyes adatokat is t\u00e1roljuk. Minden felhaszn\u00e1l\u00f3 b\u00e1rmikor megtekintheti, szerkesztheti vagy t\u00f6r\u00f6lheti szem\u00e9lyes adatait (kiv\u00e9ve, hogy felhaszn\u00e1l\u00f3nev\u00fcket nem v\u00e1ltoztathatj\u00e1k meg). A weboldal adminisztr\u00e1torai szint\u00e9n megtekinthetik \u00e9s szerkeszthetik ezeket az adatokat.  <\/p>\n\n<h2 class=\"wp-block-heading\">Milyen jogokkal rendelkezik adatai felett<\/h2>\n\n<p><strong class=\"privacy-policy-tutorial\">Javasolt sz\u00f6veg: <\/strong>Ha rendelkezik fi\u00f3kkal ezen az oldalon, vagy hozz\u00e1sz\u00f3l\u00e1sokat hagyott, k\u00e9rheti az \u00d6nr\u0151l \u00e1ltalunk t\u00e1rolt szem\u00e9lyes adatok export\u00e1lt f\u00e1jlj\u00e1nak megk\u00fcld\u00e9s\u00e9t, bele\u00e9rtve minden olyan adatot, amelyet rendelkez\u00e9s\u00fcnkre bocs\u00e1tott. K\u00e9rheti tov\u00e1bb\u00e1, hogy t\u00f6r\u00f6lj\u00fcnk minden \u00d6nr\u0151l t\u00e1rolt szem\u00e9lyes adatot. Ez nem tartalmazza azokat az adatokat, amelyeket adminisztrat\u00edv, jogi vagy biztons\u00e1gi okokb\u00f3l k\u00f6telesek vagyunk meg\u0151rizni.  <\/p>\n\n<h2 class=\"wp-block-heading\">Hov\u00e1 ker\u00fclnek adatai<\/h2>\n\n<p><strong class=\"privacy-policy-tutorial\">Javasolt sz\u00f6veg: <\/strong>A l\u00e1togat\u00f3i hozz\u00e1sz\u00f3l\u00e1sok automatiz\u00e1lt spam-\u00e9szlel\u00e9si szolg\u00e1ltat\u00e1son kereszt\u00fcl ellen\u0151rizhet\u0151k.<\/p>\n","protected":false},"excerpt":{"rendered":"<p>Kik vagyunk Javasolt sz\u00f6veg: Weboldalunk c\u00edme: https:\/\/slimex.to. Hozz\u00e1sz\u00f3l\u00e1sok Javasolt sz\u00f6veg: Amikor a l\u00e1togat\u00f3k hozz\u00e1sz\u00f3l\u00e1sokat hagynak az oldalon, \u00f6sszegy\u0171jtj\u00fck a hozz\u00e1sz\u00f3l\u00e1si \u0171rlapon megjelen\u00edtett adatokat, valamint a l\u00e1togat\u00f3 IP-c\u00edm\u00e9t \u00e9s b\u00f6ng\u00e9sz\u0151 felhaszn\u00e1l\u00f3i \u00fcgyn\u00f6k karakterl\u00e1nc\u00e1t a spam-\u00e9szlel\u00e9s el\u0151seg\u00edt\u00e9se \u00e9rdek\u00e9ben. Az e-mail c\u00edm\u00e9b\u0151l l\u00e9trehozott anonimiz\u00e1lt karakterl\u00e1nc (m\u00e1s n\u00e9ven hash) \u00e1tadhat\u00f3 a Gravatar szolg\u00e1ltat\u00e1snak annak ellen\u0151rz\u00e9s\u00e9re, hogy haszn\u00e1lja-e azt. A &hellip; <\/p>\n<p class=\"more-link-wrap\"><a href=\"https:\/\/slimex.to\/hu\/adatvedelmi-iranyelvek\/\" class=\"more-link\"><i class=\"opal-icon-plus\" aria-hidden=\"true\"><\/i><span>Read More<span class=\"screen-reader-text\"> &#8222;Adatv\u00e9delmi ir\u00e1nyelvek&#8221;<\/span><\/span><\/a><\/p>\n","protected":false},"author":1,"featured_media":0,"parent":0,"menu_order":0,"comment_status":"closed","ping_status":"closed","template":"","meta":{"inline_featured_image":false,"iawp_total_views":0,"footnotes":""},"class_list":["post-9801","page","type-page","status-publish","hentry"],"yoast_head":"<!-- This site is optimized with the Yoast SEO Premium plugin v27.2 (Yoast SEO v27.5) - https:\/\/yoast.com\/product\/yoast-seo-premium-wordpress\/ -->\n<title>Adatv\u00e9delmi ir\u00e1nyelvek - SLIMEX<\/title>\n<meta name=\"robots\" content=\"index, follow, max-snippet:-1, max-image-preview:large, max-video-preview:-1\" \/>\n<link rel=\"canonical\" href=\"https:\/\/slimex.to\/hu\/adatvedelmi-iranyelvek\/\" \/>\n<meta property=\"og:locale\" content=\"hu_HU\" \/>\n<meta property=\"og:type\" content=\"article\" \/>\n<meta property=\"og:title\" content=\"Adatv\u00e9delmi ir\u00e1nyelvek\" \/>\n<meta property=\"og:description\" content=\"Kik vagyunk Javasolt sz\u00f6veg: Weboldalunk c\u00edme: https:\/\/slimex.to. Hozz\u00e1sz\u00f3l\u00e1sok Javasolt sz\u00f6veg: Amikor a l\u00e1togat\u00f3k hozz\u00e1sz\u00f3l\u00e1sokat hagynak az oldalon, \u00f6sszegy\u0171jtj\u00fck a hozz\u00e1sz\u00f3l\u00e1si \u0171rlapon megjelen\u00edtett adatokat, valamint a l\u00e1togat\u00f3 IP-c\u00edm\u00e9t \u00e9s b\u00f6ng\u00e9sz\u0151 felhaszn\u00e1l\u00f3i \u00fcgyn\u00f6k karakterl\u00e1nc\u00e1t a spam-\u00e9szlel\u00e9s el\u0151seg\u00edt\u00e9se \u00e9rdek\u00e9ben. Az e-mail c\u00edm\u00e9b\u0151l l\u00e9trehozott anonimiz\u00e1lt karakterl\u00e1nc (m\u00e1s n\u00e9ven hash) \u00e1tadhat\u00f3 a Gravatar szolg\u00e1ltat\u00e1snak annak ellen\u0151rz\u00e9s\u00e9re, hogy haszn\u00e1lja-e azt. A &hellip; Read More &quot;Adatv\u00e9delmi ir\u00e1nyelvek&quot;\" \/>\n<meta property=\"og:url\" content=\"https:\/\/slimex.to\/hu\/adatvedelmi-iranyelvek\/\" \/>\n<meta property=\"og:site_name\" content=\"SLIMEX\" \/>\n<meta property=\"article:modified_time\" content=\"2026-03-10T16:44:11+00:00\" \/>\n<meta name=\"twitter:card\" content=\"summary_large_image\" \/>\n<meta name=\"twitter:label1\" content=\"Becs\u00fclt olvas\u00e1si id\u0151\" \/>\n\t<meta name=\"twitter:data1\" content=\"4 perc\" \/>\n<script type=\"application\/ld+json\" class=\"yoast-schema-graph\">{\"@context\":\"https:\\\/\\\/schema.org\",\"@graph\":[{\"@type\":\"WebPage\",\"@id\":\"https:\\\/\\\/slimex.to\\\/hu\\\/adatvedelmi-iranyelvek\\\/\",\"url\":\"https:\\\/\\\/slimex.to\\\/hu\\\/adatvedelmi-iranyelvek\\\/\",\"name\":\"Adatv\u00e9delmi ir\u00e1nyelvek - SLIMEX\",\"isPartOf\":{\"@id\":\"https:\\\/\\\/slimex.to\\\/hu\\\/#website\"},\"datePublished\":\"2026-01-03T19:45:34+00:00\",\"dateModified\":\"2026-03-10T16:44:11+00:00\",\"breadcrumb\":{\"@id\":\"https:\\\/\\\/slimex.to\\\/hu\\\/adatvedelmi-iranyelvek\\\/#breadcrumb\"},\"inLanguage\":\"hu\",\"potentialAction\":[{\"@type\":\"ReadAction\",\"target\":[\"https:\\\/\\\/slimex.to\\\/hu\\\/adatvedelmi-iranyelvek\\\/\"]}]},{\"@type\":\"BreadcrumbList\",\"@id\":\"https:\\\/\\\/slimex.to\\\/hu\\\/adatvedelmi-iranyelvek\\\/#breadcrumb\",\"itemListElement\":[{\"@type\":\"ListItem\",\"position\":1,\"name\":\"Home\",\"item\":\"https:\\\/\\\/slimex.to\\\/hu\\\/kezdolap\\\/\"},{\"@type\":\"ListItem\",\"position\":2,\"name\":\"Adatv\u00e9delmi ir\u00e1nyelvek\"}]},{\"@type\":\"WebSite\",\"@id\":\"https:\\\/\\\/slimex.to\\\/hu\\\/#website\",\"url\":\"https:\\\/\\\/slimex.to\\\/hu\\\/\",\"name\":\"SLIMEX\",\"description\":\"Highest Quality Peptides\",\"publisher\":{\"@id\":\"https:\\\/\\\/slimex.to\\\/hu\\\/#organization\"},\"potentialAction\":[{\"@type\":\"SearchAction\",\"target\":{\"@type\":\"EntryPoint\",\"urlTemplate\":\"https:\\\/\\\/slimex.to\\\/hu\\\/?s={search_term_string}\"},\"query-input\":{\"@type\":\"PropertyValueSpecification\",\"valueRequired\":true,\"valueName\":\"search_term_string\"}}],\"inLanguage\":\"hu\"},{\"@type\":[\"Organization\",\"Place\",\"MedicalOrganization\"],\"@id\":\"https:\\\/\\\/slimex.to\\\/hu\\\/#organization\",\"name\":\"SLIMEX Peptides\",\"alternateName\":\"SLIMEX\",\"url\":\"https:\\\/\\\/slimex.to\\\/hu\\\/\",\"logo\":{\"@id\":\"https:\\\/\\\/slimex.to\\\/hu\\\/adatvedelmi-iranyelvek\\\/#local-main-organization-logo\"},\"image\":{\"@id\":\"https:\\\/\\\/slimex.to\\\/hu\\\/adatvedelmi-iranyelvek\\\/#local-main-organization-logo\"},\"description\":\"We are a medical online provider specializing in research peptides, including retatrutide, delivered with a focus on safety, quality, and evidence-based care.\",\"legalName\":\"CREDIT CREW s.r.o.\",\"foundingDate\":\"2024-08-20\",\"numberOfEmployees\":{\"@type\":\"QuantitativeValue\",\"minValue\":\"11\",\"maxValue\":\"50\"},\"address\":{\"@id\":\"https:\\\/\\\/slimex.to\\\/hu\\\/adatvedelmi-iranyelvek\\\/#local-main-place-address\"},\"telephone\":[],\"contactPoint\":{\"@type\":\"ContactPoint\",\"email\":\"info@slimex.to\"},\"openingHoursSpecification\":[],\"email\":\"info@slimex.to\",\"areaServed\":\"Europe\"},{\"@type\":\"PostalAddress\",\"@id\":\"https:\\\/\\\/slimex.to\\\/hu\\\/adatvedelmi-iranyelvek\\\/#local-main-place-address\",\"streetAddress\":\"Rybn\u00e1 716\\\/24\",\"addressLocality\":\"Prague\",\"postalCode\":\"11000\",\"addressRegion\":\"Czech republic\",\"addressCountry\":\"CZ\"},{\"@type\":\"ImageObject\",\"inLanguage\":\"hu\",\"@id\":\"https:\\\/\\\/slimex.to\\\/hu\\\/adatvedelmi-iranyelvek\\\/#local-main-organization-logo\",\"url\":\"https:\\\/\\\/slimex.to\\\/wp-content\\\/uploads\\\/2026\\\/01\\\/slimex-logo.png\",\"contentUrl\":\"https:\\\/\\\/slimex.to\\\/wp-content\\\/uploads\\\/2026\\\/01\\\/slimex-logo.png\",\"width\":725,\"height\":194,\"caption\":\"SLIMEX Peptides\"}]}<\/script>\n<meta name=\"geo.placename\" content=\"Prague\" \/>\n<meta name=\"geo.region\" content=\"Csehorsz\u00e1g\" \/>\n<!-- \/ Yoast SEO Premium plugin. -->","yoast_head_json":{"title":"Adatv\u00e9delmi ir\u00e1nyelvek - SLIMEX","robots":{"index":"index","follow":"follow","max-snippet":"max-snippet:-1","max-image-preview":"max-image-preview:large","max-video-preview":"max-video-preview:-1"},"canonical":"https:\/\/slimex.to\/hu\/adatvedelmi-iranyelvek\/","og_locale":"hu_HU","og_type":"article","og_title":"Adatv\u00e9delmi ir\u00e1nyelvek","og_description":"Kik vagyunk Javasolt sz\u00f6veg: Weboldalunk c\u00edme: https:\/\/slimex.to. Hozz\u00e1sz\u00f3l\u00e1sok Javasolt sz\u00f6veg: Amikor a l\u00e1togat\u00f3k hozz\u00e1sz\u00f3l\u00e1sokat hagynak az oldalon, \u00f6sszegy\u0171jtj\u00fck a hozz\u00e1sz\u00f3l\u00e1si \u0171rlapon megjelen\u00edtett adatokat, valamint a l\u00e1togat\u00f3 IP-c\u00edm\u00e9t \u00e9s b\u00f6ng\u00e9sz\u0151 felhaszn\u00e1l\u00f3i \u00fcgyn\u00f6k karakterl\u00e1nc\u00e1t a spam-\u00e9szlel\u00e9s el\u0151seg\u00edt\u00e9se \u00e9rdek\u00e9ben. Az e-mail c\u00edm\u00e9b\u0151l l\u00e9trehozott anonimiz\u00e1lt karakterl\u00e1nc (m\u00e1s n\u00e9ven hash) \u00e1tadhat\u00f3 a Gravatar szolg\u00e1ltat\u00e1snak annak ellen\u0151rz\u00e9s\u00e9re, hogy haszn\u00e1lja-e azt. A &hellip; Read More \"Adatv\u00e9delmi ir\u00e1nyelvek\"","og_url":"https:\/\/slimex.to\/hu\/adatvedelmi-iranyelvek\/","og_site_name":"SLIMEX","article_modified_time":"2026-03-10T16:44:11+00:00","twitter_card":"summary_large_image","twitter_misc":{"Becs\u00fclt olvas\u00e1si id\u0151":"4 perc"},"schema":{"@context":"https:\/\/schema.org","@graph":[{"@type":"WebPage","@id":"https:\/\/slimex.to\/hu\/adatvedelmi-iranyelvek\/","url":"https:\/\/slimex.to\/hu\/adatvedelmi-iranyelvek\/","name":"Adatv\u00e9delmi ir\u00e1nyelvek - SLIMEX","isPartOf":{"@id":"https:\/\/slimex.to\/hu\/#website"},"datePublished":"2026-01-03T19:45:34+00:00","dateModified":"2026-03-10T16:44:11+00:00","breadcrumb":{"@id":"https:\/\/slimex.to\/hu\/adatvedelmi-iranyelvek\/#breadcrumb"},"inLanguage":"hu","potentialAction":[{"@type":"ReadAction","target":["https:\/\/slimex.to\/hu\/adatvedelmi-iranyelvek\/"]}]},{"@type":"BreadcrumbList","@id":"https:\/\/slimex.to\/hu\/adatvedelmi-iranyelvek\/#breadcrumb","itemListElement":[{"@type":"ListItem","position":1,"name":"Home","item":"https:\/\/slimex.to\/hu\/kezdolap\/"},{"@type":"ListItem","position":2,"name":"Adatv\u00e9delmi ir\u00e1nyelvek"}]},{"@type":"WebSite","@id":"https:\/\/slimex.to\/hu\/#website","url":"https:\/\/slimex.to\/hu\/","name":"SLIMEX","description":"Highest Quality Peptides","publisher":{"@id":"https:\/\/slimex.to\/hu\/#organization"},"potentialAction":[{"@type":"SearchAction","target":{"@type":"EntryPoint","urlTemplate":"https:\/\/slimex.to\/hu\/?s={search_term_string}"},"query-input":{"@type":"PropertyValueSpecification","valueRequired":true,"valueName":"search_term_string"}}],"inLanguage":"hu"},{"@type":["Organization","Place","MedicalOrganization"],"@id":"https:\/\/slimex.to\/hu\/#organization","name":"SLIMEX Peptides","alternateName":"SLIMEX","url":"https:\/\/slimex.to\/hu\/","logo":{"@id":"https:\/\/slimex.to\/hu\/adatvedelmi-iranyelvek\/#local-main-organization-logo"},"image":{"@id":"https:\/\/slimex.to\/hu\/adatvedelmi-iranyelvek\/#local-main-organization-logo"},"description":"We are a medical online provider specializing in research peptides, including retatrutide, delivered with a focus on safety, quality, and evidence-based care.","legalName":"CREDIT CREW s.r.o.","foundingDate":"2024-08-20","numberOfEmployees":{"@type":"QuantitativeValue","minValue":"11","maxValue":"50"},"address":{"@id":"https:\/\/slimex.to\/hu\/adatvedelmi-iranyelvek\/#local-main-place-address"},"telephone":[],"contactPoint":{"@type":"ContactPoint","email":"info@slimex.to"},"openingHoursSpecification":[],"email":"info@slimex.to","areaServed":"Europe"},{"@type":"PostalAddress","@id":"https:\/\/slimex.to\/hu\/adatvedelmi-iranyelvek\/#local-main-place-address","streetAddress":"Rybn\u00e1 716\/24","addressLocality":"Prague","postalCode":"11000","addressRegion":"Czech republic","addressCountry":"CZ"},{"@type":"ImageObject","inLanguage":"hu","@id":"https:\/\/slimex.to\/hu\/adatvedelmi-iranyelvek\/#local-main-organization-logo","url":"https:\/\/slimex.to\/wp-content\/uploads\/2026\/01\/slimex-logo.png","contentUrl":"https:\/\/slimex.to\/wp-content\/uploads\/2026\/01\/slimex-logo.png","width":725,"height":194,"caption":"SLIMEX Peptides"}]},"geo.placename":"Prague","geo.region":"Csehorsz\u00e1g"},"_links":{"self":[{"href":"https:\/\/slimex.to\/hu\/wp-json\/wp\/v2\/pages\/9801","targetHints":{"allow":["GET"]}}],"collection":[{"href":"https:\/\/slimex.to\/hu\/wp-json\/wp\/v2\/pages"}],"about":[{"href":"https:\/\/slimex.to\/hu\/wp-json\/wp\/v2\/types\/page"}],"author":[{"embeddable":true,"href":"https:\/\/slimex.to\/hu\/wp-json\/wp\/v2\/users\/1"}],"replies":[{"embeddable":true,"href":"https:\/\/slimex.to\/hu\/wp-json\/wp\/v2\/comments?post=9801"}],"version-history":[{"count":1,"href":"https:\/\/slimex.to\/hu\/wp-json\/wp\/v2\/pages\/9801\/revisions"}],"predecessor-version":[{"id":9802,"href":"https:\/\/slimex.to\/hu\/wp-json\/wp\/v2\/pages\/9801\/revisions\/9802"}],"wp:attachment":[{"href":"https:\/\/slimex.to\/hu\/wp-json\/wp\/v2\/media?parent=9801"}],"curies":[{"name":"wp","href":"https:\/\/api.w.org\/{rel}","templated":true}]}}