{"id":9878,"date":"2020-10-14T09:36:36","date_gmt":"2020-10-14T09:36:36","guid":{"rendered":"https:\/\/slimex.to\/nagykereskedelem\/"},"modified":"2026-03-10T16:46:09","modified_gmt":"2026-03-10T16:46:09","slug":"nagykereskedelem","status":"publish","type":"page","link":"https:\/\/slimex.to\/hu\/nagykereskedelem\/","title":{"rendered":"Nagykereskedelem"},"content":{"rendered":"\t\t<div data-elementor-type=\"wp-page\" data-elementor-id=\"9878\" class=\"elementor elementor-9878 elementor-54\">\n\t\t\t\t\t\t<section class=\"elementor-section elementor-top-section elementor-element elementor-element-e114644 elementor-section-full_width elementor-section-height-min-height elementor-section-content-middle elementor-section-stretched elementor-section-height-default elementor-section-items-middle\" data-id=\"e114644\" data-element_type=\"section\" data-e-type=\"section\" data-settings=\"{&quot;stretch_section&quot;:&quot;section-stretched&quot;,&quot;background_background&quot;:&quot;classic&quot;}\">\n\t\t\t\t\t\t<div class=\"elementor-container elementor-column-gap-no\">\n\t\t\t\t\t<div class=\"elementor-column elementor-col-100 elementor-top-column elementor-element elementor-element-65688f6\" data-id=\"65688f6\" data-element_type=\"column\" data-e-type=\"column\">\n\t\t\t<div class=\"elementor-widget-wrap elementor-element-populated\">\n\t\t\t\t\t\t<div class=\"elementor-element elementor-element-4fcb6f5 elementor-position-center elementor-widget-mobile__width-initial elementor-position-above elementor-widget elementor-widget-heading\" data-id=\"4fcb6f5\" data-element_type=\"widget\" data-e-type=\"widget\" data-widget_type=\"heading.default\">\n\t\t\t\t\t<div class=\"elementor-heading-wrapper\" ><div class=\"elementor-heading-wrapper-inner\"><h1 class=\"elementor-heading-title elementor-size-default\">Pr\u00e9mium Retatrutide ell\u00e1t\u00e1s orvosi \u00e9s kutat\u00e1si partnerek sz\u00e1m\u00e1ra<\/h1><span class=\"sub-title\">Wholesale <span class=\"c-secondary\">Partnership<\/span> Program<\/span><\/div><\/div>\t\t\t\t<\/div>\n\t\t\t\t\t<\/div>\n\t\t<\/div>\n\t\t\t\t\t<\/div>\n\t\t<\/section>\n\t\t\t\t<section class=\"elementor-section elementor-top-section elementor-element elementor-element-b0f09d2 elementor-section-stretched elementor-section-boxed elementor-section-height-default elementor-section-height-default\" data-id=\"b0f09d2\" data-element_type=\"section\" data-e-type=\"section\" data-settings=\"{&quot;stretch_section&quot;:&quot;section-stretched&quot;}\">\n\t\t\t\t\t\t<div class=\"elementor-container elementor-column-gap-no\">\n\t\t\t\t\t<div class=\"elementor-column elementor-col-100 elementor-top-column elementor-element elementor-element-bd30bc4\" data-id=\"bd30bc4\" data-element_type=\"column\" data-e-type=\"column\">\n\t\t\t<div class=\"elementor-widget-wrap elementor-element-populated\">\n\t\t\t\t\t\t<div class=\"elementor-element elementor-element-4af2308 elementor-widget__width-initial elementor-position-center elementor-position-below elementor-widget elementor-widget-heading\" data-id=\"4af2308\" data-element_type=\"widget\" data-e-type=\"widget\" data-widget_type=\"heading.default\">\n\t\t\t\t\t<div class=\"elementor-heading-wrapper\" ><div class=\"elementor-heading-wrapper-inner\"><h2 class=\"elementor-heading-title elementor-size-default\">Legyen partnere egy megb\u00edzhat\u00f3 orvosi besz\u00e1ll\u00edt\u00f3nak<\/h2><span class=\"sub-title\">We provide reliable bulk supply solutions tailored for licensed clinics, pharmacies, and research institutions.<\/span><\/div><\/div>\t\t\t\t<\/div>\n\t\t\t\t<section class=\"elementor-section elementor-inner-section elementor-element elementor-element-74c1ea9 elementor-section-boxed elementor-section-height-default elementor-section-height-default\" data-id=\"74c1ea9\" data-element_type=\"section\" data-e-type=\"section\">\n\t\t\t\t\t\t<div class=\"elementor-container elementor-column-gap-no\">\n\t\t\t\t\t<div class=\"elementor-column elementor-col-25 elementor-inner-column elementor-element elementor-element-3d7bb5f\" data-id=\"3d7bb5f\" data-element_type=\"column\" data-e-type=\"column\">\n\t\t\t<div class=\"elementor-widget-wrap elementor-element-populated\">\n\t\t\t\t\t\t<div class=\"elementor-element elementor-element-91bd4bb elementor-icon-bg-yes elementor-button-default elementor-widget elementor-widget-featured-box\" data-id=\"91bd4bb\" data-element_type=\"widget\" data-e-type=\"widget\" data-widget_type=\"featured-box.default\">\n\t\t\t\t<div class=\"elementor-widget-container\">\n\t\t\t\t\t<div class=\"elementor-featured-box-wrapper\"><div class=\"elementor-featured-box-top\"><div class=\"elementor-featured-box-icon\"><i class=\"opal-icon-e-pharmacy\" aria-hidden=\"true\" ><\/i><\/div><\/div><div class=\"elementor-featured-box-bottom\"><h3 class=\"elementor-featured-box-title typo-heading\">Enged\u00e9lyezett forgalmaz\u00e1s<\/h3><p class=\"elementor-featured-box-description\">Nagykereskedelmi hozz\u00e1f\u00e9r\u00e9s kiz\u00e1r\u00f3lag ellen\u0151rz\u00f6tt orvosi \u00e9s kutat\u00e1si szakemberek sz\u00e1m\u00e1ra el\u00e9rhet\u0151.<\/p><\/div><\/div>\t\t\t\t<\/div>\n\t\t\t\t<\/div>\n\t\t\t\t\t<\/div>\n\t\t<\/div>\n\t\t\t\t<div class=\"elementor-column elementor-col-25 elementor-inner-column elementor-element elementor-element-3f44cb2\" data-id=\"3f44cb2\" data-element_type=\"column\" data-e-type=\"column\">\n\t\t\t<div class=\"elementor-widget-wrap elementor-element-populated\">\n\t\t\t\t\t\t<div class=\"elementor-element elementor-element-fe7aa4a elementor-icon-bg-yes elementor-button-default elementor-widget elementor-widget-featured-box\" data-id=\"fe7aa4a\" data-element_type=\"widget\" data-e-type=\"widget\" data-widget_type=\"featured-box.default\">\n\t\t\t\t<div class=\"elementor-widget-container\">\n\t\t\t\t\t<div class=\"elementor-featured-box-wrapper\"><div class=\"elementor-featured-box-top\"><div class=\"elementor-featured-box-icon\"><i class=\"opal-icon-consultations\" aria-hidden=\"true\" ><\/i><\/div><\/div><div class=\"elementor-featured-box-bottom\"><h3 class=\"elementor-featured-box-title typo-heading\">Versenyk\u00e9pes mennyis\u00e9gi \u00e1raz\u00e1s<\/h3><p class=\"elementor-featured-box-description\">Struktur\u00e1lt \u00e1rk\u00e9pz\u00e9si szintek, amelyek fenntarthat\u00f3, hossz\u00fa t\u00e1v\u00fa \u00fczleti partners\u00e9gekhez lettek kialak\u00edtva.<\/p><\/div><\/div>\t\t\t\t<\/div>\n\t\t\t\t<\/div>\n\t\t\t\t\t<\/div>\n\t\t<\/div>\n\t\t\t\t<div class=\"elementor-column elementor-col-25 elementor-inner-column elementor-element elementor-element-fd10027\" data-id=\"fd10027\" data-element_type=\"column\" data-e-type=\"column\">\n\t\t\t<div class=\"elementor-widget-wrap elementor-element-populated\">\n\t\t\t\t\t\t<div class=\"elementor-element elementor-element-e91b8dd elementor-icon-bg-yes elementor-button-default elementor-widget elementor-widget-featured-box\" data-id=\"e91b8dd\" data-element_type=\"widget\" data-e-type=\"widget\" data-widget_type=\"featured-box.default\">\n\t\t\t\t<div class=\"elementor-widget-container\">\n\t\t\t\t\t<div class=\"elementor-featured-box-wrapper\"><div class=\"elementor-featured-box-top\"><div class=\"elementor-featured-box-icon\"><i class=\"opal-icon-labs-tests\" aria-hidden=\"true\" ><\/i><\/div><\/div><div class=\"elementor-featured-box-bottom\"><h3 class=\"elementor-featured-box-title typo-heading\">Min\u0151s\u00e9g \u00e9s megfelel\u0151s\u00e9g<\/h3><p class=\"elementor-featured-box-description\">A term\u00e9kek beszerz\u00e9se \u00e9s kezel\u00e9se szigor\u00fa min\u0151s\u00e9gi \u00e9s t\u00e1rol\u00e1si szabv\u00e1nyok szerint t\u00f6rt\u00e9nik.<\/p><\/div><\/div>\t\t\t\t<\/div>\n\t\t\t\t<\/div>\n\t\t\t\t\t<\/div>\n\t\t<\/div>\n\t\t\t\t<div class=\"elementor-column elementor-col-25 elementor-inner-column elementor-element elementor-element-8b20373\" data-id=\"8b20373\" data-element_type=\"column\" data-e-type=\"column\">\n\t\t\t<div class=\"elementor-widget-wrap elementor-element-populated\">\n\t\t\t\t\t\t<div class=\"elementor-element elementor-element-5979607 elementor-icon-bg-yes elementor-button-default elementor-widget elementor-widget-featured-box\" data-id=\"5979607\" data-element_type=\"widget\" data-e-type=\"widget\" data-widget_type=\"featured-box.default\">\n\t\t\t\t<div class=\"elementor-widget-container\">\n\t\t\t\t\t<div class=\"elementor-featured-box-wrapper\"><div class=\"elementor-featured-box-top\"><div class=\"elementor-featured-box-icon\"><i class=\"opal-icon-authentic\" aria-hidden=\"true\" ><\/i><\/div><\/div><div class=\"elementor-featured-box-bottom\"><h3 class=\"elementor-featured-box-title typo-heading\">Dedik\u00e1lt \u00fcgyf\u00e9lszolg\u00e1lat<\/h3><p class=\"elementor-featured-box-description\">Szem\u00e9lyre szabott seg\u00edts\u00e9gny\u00fajt\u00e1s rendel\u00e9sekhez, logisztikai koordin\u00e1ci\u00f3hoz \u00e9s folyamatos partneri ig\u00e9nyekhez.<\/p><\/div><\/div>\t\t\t\t<\/div>\n\t\t\t\t<\/div>\n\t\t\t\t\t<\/div>\n\t\t<\/div>\n\t\t\t\t\t<\/div>\n\t\t<\/section>\n\t\t\t\t\t<\/div>\n\t\t<\/div>\n\t\t\t\t\t<\/div>\n\t\t<\/section>\n\t\t\t\t<section class=\"elementor-section elementor-top-section elementor-element elementor-element-d1275d9 elementor-section-full_width elementor-section-height-min-height elementor-section-content-middle elementor-section-stretched elementor-section-height-default elementor-section-items-middle\" data-id=\"d1275d9\" data-element_type=\"section\" data-e-type=\"section\" data-settings=\"{&quot;stretch_section&quot;:&quot;section-stretched&quot;,&quot;background_background&quot;:&quot;classic&quot;}\">\n\t\t\t\t\t\t<div class=\"elementor-container elementor-column-gap-no\">\n\t\t\t\t\t<div class=\"elementor-column elementor-col-100 elementor-top-column elementor-element elementor-element-9df5cc1\" data-id=\"9df5cc1\" data-element_type=\"column\" data-e-type=\"column\">\n\t\t\t<div class=\"elementor-widget-wrap elementor-element-populated\">\n\t\t\t\t\t\t<div class=\"elementor-element elementor-element-d8ff3b2 elementor-position-center elementor-widget__width-initial elementor-widget-mobile__width-initial elementor-position-below elementor-widget elementor-widget-heading\" data-id=\"d8ff3b2\" data-element_type=\"widget\" data-e-type=\"widget\" data-widget_type=\"heading.default\">\n\t\t\t\t\t<div class=\"elementor-heading-wrapper\" ><div class=\"elementor-heading-wrapper-inner\"><h1 class=\"elementor-heading-title elementor-size-default\">K\u00e9szen \u00e1ll arra, hogy nagykereskedelmi partner legyen?<\/h1><\/div><\/div>\t\t\t\t<\/div>\n\t\t\t\t<div class=\"elementor-element elementor-element-c5c9fb0 elementor-align-center elementor-button-primary elementor-widget elementor-widget-button\" data-id=\"c5c9fb0\" data-element_type=\"widget\" data-e-type=\"widget\" data-widget_type=\"button.default\">\n\t\t\t\t\t        <div class=\"elementor-button-wrapper\">\n            <a href=\"https:\/\/slimex.to\/hu\/kapcsolat\/\" class=\"elementor-button-link elementor-button elementor-size-lg\" target=\"_blank\" rel=\"nofollow\" role=\"button\">\n                        <span class=\"elementor-button-content-wrapper\">\n\t\t\t            <span class=\"elementor-button-text\">Nagykereskedelmi inform\u00e1ci\u00f3k k\u00e9r\u00e9se<\/span>\n\t\t<\/span>\n\n\n                <\/a>\n        <\/div>\n        \t\t\t\t<\/div>\n\t\t\t\t\t<\/div>\n\t\t<\/div>\n\t\t\t\t\t<\/div>\n\t\t<\/section>\n\t\t\t\t<\/div>\n\t\t","protected":false},"excerpt":{"rendered":"<p>Pr\u00e9mium Retatrutide ell\u00e1t\u00e1s orvosi \u00e9s kutat\u00e1si partnerek sz\u00e1m\u00e1ra Wholesale Partnership Program Legyen partnere egy megb\u00edzhat\u00f3 orvosi besz\u00e1ll\u00edt\u00f3nak We provide reliable bulk supply solutions tailored for licensed clinics, pharmacies, and research institutions. Enged\u00e9lyezett forgalmaz\u00e1s Nagykereskedelmi hozz\u00e1f\u00e9r\u00e9s kiz\u00e1r\u00f3lag ellen\u0151rz\u00f6tt orvosi \u00e9s kutat\u00e1si szakemberek sz\u00e1m\u00e1ra el\u00e9rhet\u0151. Versenyk\u00e9pes mennyis\u00e9gi \u00e1raz\u00e1s Struktur\u00e1lt \u00e1rk\u00e9pz\u00e9si szintek, amelyek fenntarthat\u00f3, hossz\u00fa t\u00e1v\u00fa \u00fczleti partners\u00e9gekhez &hellip; <\/p>\n<p class=\"more-link-wrap\"><a href=\"https:\/\/slimex.to\/hu\/nagykereskedelem\/\" class=\"more-link\"><i class=\"opal-icon-plus\" aria-hidden=\"true\"><\/i><span>Read More<span class=\"screen-reader-text\"> &#8222;Nagykereskedelem&#8221;<\/span><\/span><\/a><\/p>\n","protected":false},"author":1,"featured_media":0,"parent":0,"menu_order":0,"comment_status":"closed","ping_status":"closed","template":"page-elementor.php","meta":{"inline_featured_image":false,"iawp_total_views":0,"footnotes":""},"class_list":["post-9878","page","type-page","status-publish","hentry"],"yoast_head":"<!-- This site is optimized with the Yoast SEO Premium plugin v27.2 (Yoast SEO v27.5) - https:\/\/yoast.com\/product\/yoast-seo-premium-wordpress\/ -->\n<title>Nagykereskedelem - SLIMEX<\/title>\n<meta name=\"robots\" content=\"index, follow, max-snippet:-1, max-image-preview:large, max-video-preview:-1\" \/>\n<link rel=\"canonical\" href=\"https:\/\/slimex.to\/hu\/nagykereskedelem\/\" \/>\n<meta property=\"og:locale\" content=\"hu_HU\" \/>\n<meta property=\"og:type\" content=\"article\" \/>\n<meta property=\"og:title\" content=\"Nagykereskedelem\" \/>\n<meta property=\"og:description\" content=\"Pr\u00e9mium Retatrutide ell\u00e1t\u00e1s orvosi \u00e9s kutat\u00e1si partnerek sz\u00e1m\u00e1ra Wholesale Partnership Program Legyen partnere egy megb\u00edzhat\u00f3 orvosi besz\u00e1ll\u00edt\u00f3nak We provide reliable bulk supply solutions tailored for licensed clinics, pharmacies, and research institutions. Enged\u00e9lyezett forgalmaz\u00e1s Nagykereskedelmi hozz\u00e1f\u00e9r\u00e9s kiz\u00e1r\u00f3lag ellen\u0151rz\u00f6tt orvosi \u00e9s kutat\u00e1si szakemberek sz\u00e1m\u00e1ra el\u00e9rhet\u0151. Versenyk\u00e9pes mennyis\u00e9gi \u00e1raz\u00e1s Struktur\u00e1lt \u00e1rk\u00e9pz\u00e9si szintek, amelyek fenntarthat\u00f3, hossz\u00fa t\u00e1v\u00fa \u00fczleti partners\u00e9gekhez &hellip; Read More &quot;Nagykereskedelem&quot;\" \/>\n<meta property=\"og:url\" content=\"https:\/\/slimex.to\/hu\/nagykereskedelem\/\" \/>\n<meta property=\"og:site_name\" content=\"SLIMEX\" \/>\n<meta property=\"article:modified_time\" content=\"2026-03-10T16:46:09+00:00\" \/>\n<meta name=\"twitter:card\" content=\"summary_large_image\" \/>\n<meta name=\"twitter:label1\" content=\"Becs\u00fclt olvas\u00e1si id\u0151\" \/>\n\t<meta name=\"twitter:data1\" content=\"1 perc\" \/>\n<script type=\"application\/ld+json\" class=\"yoast-schema-graph\">{\"@context\":\"https:\\\/\\\/schema.org\",\"@graph\":[{\"@type\":\"WebPage\",\"@id\":\"https:\\\/\\\/slimex.to\\\/hu\\\/nagykereskedelem\\\/\",\"url\":\"https:\\\/\\\/slimex.to\\\/hu\\\/nagykereskedelem\\\/\",\"name\":\"Nagykereskedelem - SLIMEX\",\"isPartOf\":{\"@id\":\"https:\\\/\\\/slimex.to\\\/hu\\\/#website\"},\"datePublished\":\"2020-10-14T09:36:36+00:00\",\"dateModified\":\"2026-03-10T16:46:09+00:00\",\"breadcrumb\":{\"@id\":\"https:\\\/\\\/slimex.to\\\/hu\\\/nagykereskedelem\\\/#breadcrumb\"},\"inLanguage\":\"hu\",\"potentialAction\":[{\"@type\":\"ReadAction\",\"target\":[\"https:\\\/\\\/slimex.to\\\/hu\\\/nagykereskedelem\\\/\"]}]},{\"@type\":\"BreadcrumbList\",\"@id\":\"https:\\\/\\\/slimex.to\\\/hu\\\/nagykereskedelem\\\/#breadcrumb\",\"itemListElement\":[{\"@type\":\"ListItem\",\"position\":1,\"name\":\"Home\",\"item\":\"https:\\\/\\\/slimex.to\\\/hu\\\/kezdolap\\\/\"},{\"@type\":\"ListItem\",\"position\":2,\"name\":\"Nagykereskedelem\"}]},{\"@type\":\"WebSite\",\"@id\":\"https:\\\/\\\/slimex.to\\\/hu\\\/#website\",\"url\":\"https:\\\/\\\/slimex.to\\\/hu\\\/\",\"name\":\"SLIMEX\",\"description\":\"Highest Quality Peptides\",\"publisher\":{\"@id\":\"https:\\\/\\\/slimex.to\\\/hu\\\/#organization\"},\"potentialAction\":[{\"@type\":\"SearchAction\",\"target\":{\"@type\":\"EntryPoint\",\"urlTemplate\":\"https:\\\/\\\/slimex.to\\\/hu\\\/?s={search_term_string}\"},\"query-input\":{\"@type\":\"PropertyValueSpecification\",\"valueRequired\":true,\"valueName\":\"search_term_string\"}}],\"inLanguage\":\"hu\"},{\"@type\":[\"Organization\",\"Place\",\"MedicalOrganization\"],\"@id\":\"https:\\\/\\\/slimex.to\\\/hu\\\/#organization\",\"name\":\"SLIMEX Peptides\",\"alternateName\":\"SLIMEX\",\"url\":\"https:\\\/\\\/slimex.to\\\/hu\\\/\",\"logo\":{\"@id\":\"https:\\\/\\\/slimex.to\\\/hu\\\/nagykereskedelem\\\/#local-main-organization-logo\"},\"image\":{\"@id\":\"https:\\\/\\\/slimex.to\\\/hu\\\/nagykereskedelem\\\/#local-main-organization-logo\"},\"description\":\"We are a medical online provider specializing in research peptides, including retatrutide, delivered with a focus on safety, quality, and evidence-based care.\",\"legalName\":\"CREDIT CREW s.r.o.\",\"foundingDate\":\"2024-08-20\",\"numberOfEmployees\":{\"@type\":\"QuantitativeValue\",\"minValue\":\"11\",\"maxValue\":\"50\"},\"address\":{\"@id\":\"https:\\\/\\\/slimex.to\\\/hu\\\/nagykereskedelem\\\/#local-main-place-address\"},\"telephone\":[],\"contactPoint\":{\"@type\":\"ContactPoint\",\"email\":\"info@slimex.to\"},\"openingHoursSpecification\":[],\"email\":\"info@slimex.to\",\"areaServed\":\"Europe\"},{\"@type\":\"PostalAddress\",\"@id\":\"https:\\\/\\\/slimex.to\\\/hu\\\/nagykereskedelem\\\/#local-main-place-address\",\"streetAddress\":\"Rybn\u00e1 716\\\/24\",\"addressLocality\":\"Prague\",\"postalCode\":\"11000\",\"addressRegion\":\"Czech republic\",\"addressCountry\":\"CZ\"},{\"@type\":\"ImageObject\",\"inLanguage\":\"hu\",\"@id\":\"https:\\\/\\\/slimex.to\\\/hu\\\/nagykereskedelem\\\/#local-main-organization-logo\",\"url\":\"https:\\\/\\\/slimex.to\\\/wp-content\\\/uploads\\\/2026\\\/01\\\/slimex-logo.png\",\"contentUrl\":\"https:\\\/\\\/slimex.to\\\/wp-content\\\/uploads\\\/2026\\\/01\\\/slimex-logo.png\",\"width\":725,\"height\":194,\"caption\":\"SLIMEX Peptides\"}]}<\/script>\n<meta name=\"geo.placename\" content=\"Prague\" \/>\n<meta name=\"geo.region\" content=\"Csehorsz\u00e1g\" \/>\n<!-- \/ Yoast SEO Premium plugin. -->","yoast_head_json":{"title":"Nagykereskedelem - SLIMEX","robots":{"index":"index","follow":"follow","max-snippet":"max-snippet:-1","max-image-preview":"max-image-preview:large","max-video-preview":"max-video-preview:-1"},"canonical":"https:\/\/slimex.to\/hu\/nagykereskedelem\/","og_locale":"hu_HU","og_type":"article","og_title":"Nagykereskedelem","og_description":"Pr\u00e9mium Retatrutide ell\u00e1t\u00e1s orvosi \u00e9s kutat\u00e1si partnerek sz\u00e1m\u00e1ra Wholesale Partnership Program Legyen partnere egy megb\u00edzhat\u00f3 orvosi besz\u00e1ll\u00edt\u00f3nak We provide reliable bulk supply solutions tailored for licensed clinics, pharmacies, and research institutions. Enged\u00e9lyezett forgalmaz\u00e1s Nagykereskedelmi hozz\u00e1f\u00e9r\u00e9s kiz\u00e1r\u00f3lag ellen\u0151rz\u00f6tt orvosi \u00e9s kutat\u00e1si szakemberek sz\u00e1m\u00e1ra el\u00e9rhet\u0151. Versenyk\u00e9pes mennyis\u00e9gi \u00e1raz\u00e1s Struktur\u00e1lt \u00e1rk\u00e9pz\u00e9si szintek, amelyek fenntarthat\u00f3, hossz\u00fa t\u00e1v\u00fa \u00fczleti partners\u00e9gekhez &hellip; Read More \"Nagykereskedelem\"","og_url":"https:\/\/slimex.to\/hu\/nagykereskedelem\/","og_site_name":"SLIMEX","article_modified_time":"2026-03-10T16:46:09+00:00","twitter_card":"summary_large_image","twitter_misc":{"Becs\u00fclt olvas\u00e1si id\u0151":"1 perc"},"schema":{"@context":"https:\/\/schema.org","@graph":[{"@type":"WebPage","@id":"https:\/\/slimex.to\/hu\/nagykereskedelem\/","url":"https:\/\/slimex.to\/hu\/nagykereskedelem\/","name":"Nagykereskedelem - SLIMEX","isPartOf":{"@id":"https:\/\/slimex.to\/hu\/#website"},"datePublished":"2020-10-14T09:36:36+00:00","dateModified":"2026-03-10T16:46:09+00:00","breadcrumb":{"@id":"https:\/\/slimex.to\/hu\/nagykereskedelem\/#breadcrumb"},"inLanguage":"hu","potentialAction":[{"@type":"ReadAction","target":["https:\/\/slimex.to\/hu\/nagykereskedelem\/"]}]},{"@type":"BreadcrumbList","@id":"https:\/\/slimex.to\/hu\/nagykereskedelem\/#breadcrumb","itemListElement":[{"@type":"ListItem","position":1,"name":"Home","item":"https:\/\/slimex.to\/hu\/kezdolap\/"},{"@type":"ListItem","position":2,"name":"Nagykereskedelem"}]},{"@type":"WebSite","@id":"https:\/\/slimex.to\/hu\/#website","url":"https:\/\/slimex.to\/hu\/","name":"SLIMEX","description":"Highest Quality Peptides","publisher":{"@id":"https:\/\/slimex.to\/hu\/#organization"},"potentialAction":[{"@type":"SearchAction","target":{"@type":"EntryPoint","urlTemplate":"https:\/\/slimex.to\/hu\/?s={search_term_string}"},"query-input":{"@type":"PropertyValueSpecification","valueRequired":true,"valueName":"search_term_string"}}],"inLanguage":"hu"},{"@type":["Organization","Place","MedicalOrganization"],"@id":"https:\/\/slimex.to\/hu\/#organization","name":"SLIMEX Peptides","alternateName":"SLIMEX","url":"https:\/\/slimex.to\/hu\/","logo":{"@id":"https:\/\/slimex.to\/hu\/nagykereskedelem\/#local-main-organization-logo"},"image":{"@id":"https:\/\/slimex.to\/hu\/nagykereskedelem\/#local-main-organization-logo"},"description":"We are a medical online provider specializing in research peptides, including retatrutide, delivered with a focus on safety, quality, and evidence-based care.","legalName":"CREDIT CREW s.r.o.","foundingDate":"2024-08-20","numberOfEmployees":{"@type":"QuantitativeValue","minValue":"11","maxValue":"50"},"address":{"@id":"https:\/\/slimex.to\/hu\/nagykereskedelem\/#local-main-place-address"},"telephone":[],"contactPoint":{"@type":"ContactPoint","email":"info@slimex.to"},"openingHoursSpecification":[],"email":"info@slimex.to","areaServed":"Europe"},{"@type":"PostalAddress","@id":"https:\/\/slimex.to\/hu\/nagykereskedelem\/#local-main-place-address","streetAddress":"Rybn\u00e1 716\/24","addressLocality":"Prague","postalCode":"11000","addressRegion":"Czech republic","addressCountry":"CZ"},{"@type":"ImageObject","inLanguage":"hu","@id":"https:\/\/slimex.to\/hu\/nagykereskedelem\/#local-main-organization-logo","url":"https:\/\/slimex.to\/wp-content\/uploads\/2026\/01\/slimex-logo.png","contentUrl":"https:\/\/slimex.to\/wp-content\/uploads\/2026\/01\/slimex-logo.png","width":725,"height":194,"caption":"SLIMEX Peptides"}]},"geo.placename":"Prague","geo.region":"Csehorsz\u00e1g"},"_links":{"self":[{"href":"https:\/\/slimex.to\/hu\/wp-json\/wp\/v2\/pages\/9878","targetHints":{"allow":["GET"]}}],"collection":[{"href":"https:\/\/slimex.to\/hu\/wp-json\/wp\/v2\/pages"}],"about":[{"href":"https:\/\/slimex.to\/hu\/wp-json\/wp\/v2\/types\/page"}],"author":[{"embeddable":true,"href":"https:\/\/slimex.to\/hu\/wp-json\/wp\/v2\/users\/1"}],"replies":[{"embeddable":true,"href":"https:\/\/slimex.to\/hu\/wp-json\/wp\/v2\/comments?post=9878"}],"version-history":[{"count":1,"href":"https:\/\/slimex.to\/hu\/wp-json\/wp\/v2\/pages\/9878\/revisions"}],"predecessor-version":[{"id":9895,"href":"https:\/\/slimex.to\/hu\/wp-json\/wp\/v2\/pages\/9878\/revisions\/9895"}],"wp:attachment":[{"href":"https:\/\/slimex.to\/hu\/wp-json\/wp\/v2\/media?parent=9878"}],"curies":[{"name":"wp","href":"https:\/\/api.w.org\/{rel}","templated":true}]}}