{"id":10007,"date":"2026-02-22T12:49:11","date_gmt":"2026-02-22T12:49:11","guid":{"rendered":"https:\/\/slimex.to\/product\/tirze-tirzepatide-10-mg\/"},"modified":"2026-04-16T20:17:27","modified_gmt":"2026-04-16T19:17:27","slug":"tirze-tirzepatide-10-mg","status":"publish","type":"product","link":"https:\/\/slimex.to\/hu\/termek\/tirze-tirzepatide-10-mg\/","title":{"rendered":"TIRZE &#8211; Tirzepatide 10 mg"},"content":{"rendered":"<p data-start=\"692\" data-end=\"1037\"><strong data-start=\"692\" data-end=\"712\">Tirzepatide 10 mg<\/strong> egy pr\u00e9mium min\u0151s\u00e9g\u0171, liofiliz\u00e1lt, vizsg\u00e1lati peptid, steril, lez\u00e1rt \u00fcvegfiol\u00e1ban sz\u00e1ll\u00edtva, amely fiol\u00e1nk\u00e9nt 10 mg-ot tartalmaz. Ez a vegy\u00fclet az inkretinreceptor-agonista kett\u0151s hat\u00e1s\u00fa szerek \u00faj oszt\u00e1ly\u00e1ba tartozik, amelyeket a GLP-1 (glukagonszer\u0171 peptid-1) \u00e9s a GIP (gl\u00fck\u00f3zf\u00fcgg\u0151 inzulintropikus polipeptid) receptorok aktiv\u00e1l\u00e1s\u00e1ra terveztek. <\/p>\n<p data-start=\"1039\" data-end=\"1325\">Kett\u0151s receptoraktivit\u00e1sa miatt a Tirzepatid jelent\u0151s figyelmet kapott a metabolikus \u00e9s endokrinol\u00f3giai kutat\u00e1sokban. K\u00e9t kieg\u00e9sz\u00edt\u0151 inkretin \u00fatvonal c\u00e9lz\u00e1s\u00e1val a koordin\u00e1lt metabolikus jel\u00e1tviteli hat\u00e1sokat vizsg\u00e1lj\u00e1k kontroll\u00e1lt laborat\u00f3riumi k\u00f6rnyezetben. <\/p>\n<p data-start=\"1327\" data-end=\"1434\">Ez a term\u00e9k szigor\u00faan kutat\u00e1si c\u00e9lokra szolg\u00e1l, \u00e9s emberi vagy klinikai felhaszn\u00e1l\u00e1sra nem enged\u00e9lyezett.<\/p>\n<hr data-start=\"1436\" data-end=\"1439\">\n<h3 data-start=\"1441\" data-end=\"1468\"><strong data-start=\"1445\" data-end=\"1468\">Hat\u00e1smechanizmus<\/strong><\/h3>\n<p data-start=\"1470\" data-end=\"1508\">A Tirzepatidot a k\u00f6vetkez\u0151k aktiv\u00e1l\u00e1s\u00e1ra tervezt\u00e9k:<\/p>\n<p data-start=\"1510\" data-end=\"1547\">\u2022 GLP-1 receptorok<br data-start=\"1527\" data-end=\"1530\">\u2022 GIP receptorok<\/p>\n<p data-start=\"1549\" data-end=\"1828\">A kett\u0151s agonista mechanizmust a metabolikus jel\u00e1tviteli \u00fatvonalakra \u00e9s az endokrin szab\u00e1lyoz\u00e1si modellekre gyakorolt hat\u00e1sa miatt vizsg\u00e1lj\u00e1k. Az egyetlen GLP-1 receptor agonist\u00e1khoz k\u00e9pest a kett\u0151s receptor aktiv\u00e1l\u00e1s\u00e1t a lehets\u00e9ges szinergikus k\u00f6lcs\u00f6nhat\u00e1sok szempontj\u00e1b\u00f3l kutatj\u00e1k kutat\u00e1si k\u00f6rnyezetben. <\/p>\n<hr data-start=\"1830\" data-end=\"1833\">\n<h3 data-start=\"1835\" data-end=\"1864\"><strong data-start=\"1839\" data-end=\"1864\">Kutat\u00e1si alkalmaz\u00e1sok<\/strong><\/h3>\n<p data-start=\"1866\" data-end=\"1948\">A Tirzepatide 10 mg-ot gyakran haszn\u00e1lj\u00e1k laborat\u00f3riumi kutat\u00e1si k\u00f6rnyezetben, amely a k\u00f6vetkez\u0151kre \u00f6sszpontos\u00edt:<\/p>\n<p data-start=\"1950\" data-end=\"2249\">\u2022 Metabolikus szab\u00e1lyoz\u00e1si modellek<br data-start=\"1979\" data-end=\"1982\">\u2022 Gl\u00fck\u00f3z metabolizmus kutat\u00e1s<br data-start=\"2011\" data-end=\"2014\">\u2022 Hormon\u00e1lis jel\u00e1tviteli \u00fatvonalak vizsg\u00e1lata<br data-start=\"2050\" data-end=\"2053\">\u2022 Energiaegyens\u00faly vizsg\u00e1latok<br data-start=\"2084\" data-end=\"2087\">\u2022 Inzulin\u00e9rz\u00e9kenys\u00e9g elemz\u00e9s<br data-start=\"2117\" data-end=\"2120\">\u2022 Elh\u00edz\u00e1ssal kapcsolatos metabolikus \u00fatvonalak kutat\u00e1sa<br data-start=\"2164\" data-end=\"2167\">\u2022 \u00d6sszehasonl\u00edt\u00f3 inkretin receptor vizsg\u00e1latok<br data-start=\"2206\" data-end=\"2209\">\u2022 D\u00f3zis-v\u00e1lasz laborat\u00f3riumi \u00e9rt\u00e9kel\u00e9sek<\/p>\n<p data-start=\"2251\" data-end=\"2368\">A vegy\u00fclet k\u00fcl\u00f6n\u00f6sen relev\u00e1ns az inkretin alap\u00fa peptid mechanizmusokat vizsg\u00e1l\u00f3 kutat\u00f3int\u00e9zetek sz\u00e1m\u00e1ra.<\/p>\n<hr data-start=\"2370\" data-end=\"2373\">\n<h3 data-start=\"2375\" data-end=\"2401\"><strong data-start=\"2379\" data-end=\"2401\">Tudom\u00e1nyos kontextus<\/strong><\/h3>\n<p data-start=\"2403\" data-end=\"2677\">A kett\u0151s inkretin receptor agonist\u00e1k jelent\u0151s el\u0151rel\u00e9p\u00e9st jelentenek a peptid alap\u00fa metabolikus kutat\u00e1sokban. A folyamatban l\u00e9v\u0151 preklinikai \u00e9s klinikai vizsg\u00e1latok n\u00f6velt\u00e9k a tudom\u00e1nyos \u00e9rdekl\u0151d\u00e9st a receptor koaktiv\u00e1ci\u00f3s strat\u00e9gi\u00e1k \u00e9s azok metabolikus \u00fatvonal modul\u00e1ci\u00f3ra gyakorolt hat\u00e1sa ir\u00e1nt. <\/p>\n<p data-start=\"2679\" data-end=\"2819\">A Tirzepatidot gyakran eml\u00edtik a k\u00f6vetkez\u0151 gener\u00e1ci\u00f3s inkretin jel\u00e1tviteli vegy\u00fcleteket \u00e9s kett\u0151s receptor aktiv\u00e1ci\u00f3s modelleket vizsg\u00e1l\u00f3 kutat\u00e1sokban.<\/p>\n<hr data-start=\"2821\" data-end=\"2824\">\n<h3 data-start=\"2826\" data-end=\"2856\"><strong data-start=\"2830\" data-end=\"2856\">Term\u00e9kle\u00edr\u00e1s<\/strong><\/h3>\n<p data-start=\"2858\" data-end=\"3109\"><strong data-start=\"2858\" data-end=\"2875\">Term\u00e9k neve:<\/strong> Tirzepatide<br data-start=\"2887\" data-end=\"2890\"><strong data-start=\"2890\" data-end=\"2902\">Tartalom:<\/strong> 10 mg fiol\u00e1nk\u00e9nt<br data-start=\"2916\" data-end=\"2919\"><strong data-start=\"2919\" data-end=\"2928\">Forma:<\/strong> Liofiliz\u00e1lt por<br data-start=\"2947\" data-end=\"2950\"><strong data-start=\"2950\" data-end=\"2960\">Min\u0151s\u00e9g:<\/strong> Kiz\u00e1r\u00f3lag kutat\u00e1si c\u00e9lra<br data-start=\"2978\" data-end=\"2981\"><strong data-start=\"2981\" data-end=\"2992\">Tisztas\u00e1g:<\/strong> Magas laborat\u00f3riumi tisztas\u00e1g<br data-start=\"3021\" data-end=\"3024\"><strong data-start=\"3024\" data-end=\"3038\">Csomagol\u00e1s:<\/strong> Steril, lez\u00e1rt \u00fcvegfiola<br data-start=\"3064\" data-end=\"3067\"><strong data-start=\"3067\" data-end=\"3079\">T\u00e1rol\u00e1s:<\/strong> H\u0171tve t\u00e1roland\u00f3 2\u20138 \u00b0C-on<\/p>\n<hr data-start=\"3111\" data-end=\"3114\">\n<h3 data-start=\"3116\" data-end=\"3146\"><strong data-start=\"3120\" data-end=\"3146\">Stabilit\u00e1s \u00e9s kezel\u00e9s<\/strong><\/h3>\n<p data-start=\"3148\" data-end=\"3240\">A liofiliz\u00e1lt forma megfelel\u0151 h\u0171t\u00f6tt t\u00e1rol\u00e1si k\u00f6r\u00fclm\u00e9nyek k\u00f6z\u00f6tt t\u00e1mogatja a stabilit\u00e1st.<\/p>\n<p data-start=\"3242\" data-end=\"3274\">Aj\u00e1nlott laborat\u00f3riumi kezel\u00e9s:<\/p>\n<p data-start=\"3276\" data-end=\"3421\">\u2022 T\u00e1rolja 2\u20138 \u00b0C-on<br data-start=\"3292\" data-end=\"3295\">\u2022 V\u00e9dje f\u00e9nyt\u0151l \u00e9s nedvess\u00e9gt\u0151l<br data-start=\"3328\" data-end=\"3331\">\u2022 Ker\u00fclje az ism\u00e9telt fagyaszt\u00e1s-olvaszt\u00e1s ciklusokat<br data-start=\"3366\" data-end=\"3369\">\u2022 Rekonstitu\u00e1lja steril laborat\u00f3riumi k\u00f6r\u00fclm\u00e9nyek k\u00f6z\u00f6tt<\/p>\n<p data-start=\"3423\" data-end=\"3526\">A peptid megfelel\u0151 kezel\u00e9se seg\u00edt meg\u0151rizni a szerkezeti integrit\u00e1st \u00e9s biztos\u00edtja a megb\u00edzhat\u00f3 k\u00eds\u00e9rleti eredm\u00e9nyeket.<\/p>\n<hr data-start=\"3528\" data-end=\"3531\">\n<h3 data-start=\"3533\" data-end=\"3564\"><strong data-start=\"3537\" data-end=\"3564\">Kutat\u00e1si besorol\u00e1s<\/strong><\/h3>\n<p data-start=\"3566\" data-end=\"3656\">A Tirzepatid vizsg\u00e1lati peptid vegy\u00fcletk\u00e9nt van besorolva, kiz\u00e1r\u00f3lag a k\u00f6vetkez\u0151 c\u00e9lokra:<\/p>\n<p data-start=\"3658\" data-end=\"3781\">\u2022 In vitro laborat\u00f3riumi kutat\u00e1s<br data-start=\"3688\" data-end=\"3691\">\u2022 Analitikai vizsg\u00e1latok<br data-start=\"3711\" data-end=\"3714\">\u2022 Tudom\u00e1nyos k\u00eds\u00e9rletez\u00e9s<br data-start=\"3742\" data-end=\"3745\">\u2022 Kontroll\u00e1lt kutat\u00e1si alkalmaz\u00e1sok<\/p>\n<p data-start=\"3783\" data-end=\"3866\">Ez a term\u00e9k nem enged\u00e9lyezett ter\u00e1pi\u00e1s, diagnosztikai, \u00e1llatgy\u00f3gy\u00e1szati vagy emberi felhaszn\u00e1l\u00e1sra.<\/p>\n<hr data-start=\"3868\" data-end=\"3871\">\n<h3 data-start=\"3873\" data-end=\"3897\"><strong data-start=\"3877\" data-end=\"3897\">Fontos figyelmeztet\u00e9s<\/strong><\/h3>\n<p data-start=\"3899\" data-end=\"3967\">Ez a term\u00e9k kiz\u00e1r\u00f3lag laborat\u00f3riumi kutat\u00e1si c\u00e9lokra ker\u00fcl \u00e9rt\u00e9kes\u00edt\u00e9sre.<\/p>\n<p data-start=\"3969\" data-end=\"4155\">Nem emberi fogyaszt\u00e1sra, orvosi felhaszn\u00e1l\u00e1sra vagy klinikai alkalmaz\u00e1sra sz\u00e1nt\u00e1k. A term\u00e9k megv\u00e1s\u00e1rl\u00e1s\u00e1val a vev\u0151 meger\u0151s\u00edti, hogy azt kiz\u00e1r\u00f3lag jogszer\u0171 tudom\u00e1nyos kutat\u00e1sra fogja haszn\u00e1lni. <\/p>\n","protected":false},"excerpt":{"rendered":"<p>A TIRZE &#8211; Tirzepatide 10 mg tesztelt, \u00e9s a legmagasabb min\u0151s\u00e9g\u0171 hat\u00f3anyagot tartalmazza:<\/p>\n<p><a style=\"color: #008000;\" href=\"https:\/\/slimex.to\/hu\/tanusitvanyok\/\" target=\"_blank\" rel=\"noopener\">\u00bb Tirzepatid 10 mg term\u00e9k\u00fcnk vizsg\u00e1lati eredm\u00e9nyei<\/a><\/p>\n<p><strong>Tirzepatide 10 mg<\/strong> egy nagy tisztas\u00e1g\u00fa, liofiliz\u00e1lt kutat\u00e1si peptid, steril \u00fcvegfiol\u00e1ban sz\u00e1ll\u00edtva, amely fiol\u00e1nk\u00e9nt 10 mg hat\u00f3anyagot tartalmaz. A Tirzepatide egy kett\u0151s inkretinreceptor-agonista, amely a GLP-1 \u00e9s GIP receptorokat c\u00e9lozza, \u00e9s sz\u00e9les k\u00f6rben tanulm\u00e1nyozz\u00e1k a metabolikus \u00e9s endokrinol\u00f3giai kutat\u00e1sokban. Ez a term\u00e9k kiz\u00e1r\u00f3lag laborat\u00f3riumi \u00e9s tudom\u00e1nyos kutat\u00e1si c\u00e9lokra haszn\u00e1lhat\u00f3.  <\/p>\n<p><strong>Felold\u00e1s:<br \/>\n<\/strong>Adjon hozz\u00e1 1,0 ml bakteriosztatikus vizet \u2192 10,0 mg az optim\u00e1lis koncentr\u00e1ci\u00f3 el\u00e9r\u00e9s\u00e9hez.<br \/>\n<strong>T\u00e1rol\u00e1s rekonstitu\u00e1l\u00e1s ut\u00e1n:<br \/>\n<\/strong>h\u0171t\u0151szekr\u00e9nyben, 2-8 \u00b0C-on t\u00e1roland\u00f3 \u00e9s 4 h\u00e9tig haszn\u00e1lhat\u00f3 fel.<\/p>\n","protected":false},"featured_media":10384,"template":"","meta":{"inline_featured_image":false,"iawp_total_views":0},"product_brand":[],"product_cat":[137],"product_tag":[],"class_list":{"0":"post-10007","1":"product","2":"type-product","3":"status-publish","4":"has-post-thumbnail","6":"product_cat-peptidek","7":"tm-has-options","9":"first","10":"instock","11":"featured","12":"taxable","13":"shipping-taxable","14":"purchasable","15":"product-type-simple"},"yoast_head":"<!-- This site is optimized with the Yoast SEO Premium plugin v27.2 (Yoast SEO v27.5) - https:\/\/yoast.com\/product\/yoast-seo-premium-wordpress\/ -->\n<title>Tirzepatide 10 mg | Nagy tisztas\u00e1g\u00fa kutat\u00e1si peptid<\/title>\n<meta name=\"description\" content=\"V\u00e1s\u00e1roljon Tirzepatide 10 mg nagy tisztas\u00e1g\u00fa kutat\u00e1si peptidet. Kett\u0151s GLP-1 \u00e9s GIP receptor agonista, kiz\u00e1r\u00f3lag laborat\u00f3riumi \u00e9s metabolikus kutat\u00e1si c\u00e9lokra.\" \/>\n<meta name=\"robots\" content=\"index, follow, max-snippet:-1, max-image-preview:large, max-video-preview:-1\" \/>\n<link rel=\"canonical\" href=\"https:\/\/slimex.to\/hu\/termek\/tirze-tirzepatide-10-mg\/\" \/>\n<meta property=\"og:locale\" content=\"hu_HU\" \/>\n<meta property=\"og:type\" content=\"article\" \/>\n<meta property=\"og:title\" content=\"TIRZE - Tirzepatide 10 mg\" \/>\n<meta property=\"og:description\" content=\"V\u00e1s\u00e1roljon Tirzepatide 10 mg nagy tisztas\u00e1g\u00fa kutat\u00e1si peptidet. Kett\u0151s GLP-1 \u00e9s GIP receptor agonista, kiz\u00e1r\u00f3lag laborat\u00f3riumi \u00e9s metabolikus kutat\u00e1si c\u00e9lokra.\" \/>\n<meta property=\"og:url\" content=\"https:\/\/slimex.to\/hu\/termek\/tirze-tirzepatide-10-mg\/\" \/>\n<meta property=\"og:site_name\" content=\"SLIMEX\" \/>\n<meta property=\"article:modified_time\" content=\"2026-04-16T19:17:27+00:00\" \/>\n<meta property=\"og:image\" content=\"https:\/\/slimex.to\/wp-content\/uploads\/2026\/03\/tirze10-vial-white.png\" \/>\n\t<meta property=\"og:image:width\" content=\"1024\" \/>\n\t<meta property=\"og:image:height\" content=\"1024\" \/>\n\t<meta property=\"og:image:type\" content=\"image\/png\" \/>\n<meta name=\"twitter:card\" content=\"summary_large_image\" \/>\n<meta name=\"twitter:label1\" content=\"Price\" \/>\n\t<meta name=\"twitter:data1\" content=\"39 300&nbsp;&#070;&#116;\" \/>\n\t<meta name=\"twitter:label2\" content=\"Availability\" \/>\n\t<meta name=\"twitter:data2\" content=\"In stock\" \/>\n<script type=\"application\/ld+json\" class=\"yoast-schema-graph\">{\"@context\":\"https:\\\/\\\/schema.org\",\"@graph\":[{\"@type\":\"WebPage\",\"@id\":\"https:\\\/\\\/slimex.to\\\/hu\\\/termek\\\/tirze-tirzepatide-10-mg\\\/\",\"url\":\"https:\\\/\\\/slimex.to\\\/hu\\\/termek\\\/tirze-tirzepatide-10-mg\\\/\",\"name\":\"Tirzepatide 10 mg | Nagy tisztas\u00e1g\u00fa kutat\u00e1si peptid\",\"isPartOf\":{\"@id\":\"https:\\\/\\\/slimex.to\\\/hu\\\/#website\"},\"primaryImageOfPage\":{\"@id\":\"https:\\\/\\\/slimex.to\\\/hu\\\/termek\\\/tirze-tirzepatide-10-mg\\\/#primaryimage\"},\"image\":{\"@id\":\"https:\\\/\\\/slimex.to\\\/hu\\\/termek\\\/tirze-tirzepatide-10-mg\\\/#primaryimage\"},\"thumbnailUrl\":\"https:\\\/\\\/slimex.to\\\/wp-content\\\/uploads\\\/2026\\\/03\\\/tirze10-vial-white.png\",\"datePublished\":\"2026-02-22T12:49:11+00:00\",\"dateModified\":\"2026-04-16T19:17:27+00:00\",\"description\":\"V\u00e1s\u00e1roljon Tirzepatide 10 mg nagy tisztas\u00e1g\u00fa kutat\u00e1si peptidet. Kett\u0151s GLP-1 \u00e9s GIP receptor agonista, kiz\u00e1r\u00f3lag laborat\u00f3riumi \u00e9s metabolikus kutat\u00e1si c\u00e9lokra.\",\"breadcrumb\":{\"@id\":\"https:\\\/\\\/slimex.to\\\/hu\\\/termek\\\/tirze-tirzepatide-10-mg\\\/#breadcrumb\"},\"inLanguage\":\"hu\",\"potentialAction\":[{\"@type\":\"ReadAction\",\"target\":[\"https:\\\/\\\/slimex.to\\\/hu\\\/termek\\\/tirze-tirzepatide-10-mg\\\/\"]}]},{\"@type\":\"ImageObject\",\"inLanguage\":\"hu\",\"@id\":\"https:\\\/\\\/slimex.to\\\/hu\\\/termek\\\/tirze-tirzepatide-10-mg\\\/#primaryimage\",\"url\":\"https:\\\/\\\/slimex.to\\\/wp-content\\\/uploads\\\/2026\\\/03\\\/tirze10-vial-white.png\",\"contentUrl\":\"https:\\\/\\\/slimex.to\\\/wp-content\\\/uploads\\\/2026\\\/03\\\/tirze10-vial-white.png\",\"width\":1024,\"height\":1024},{\"@type\":\"BreadcrumbList\",\"@id\":\"https:\\\/\\\/slimex.to\\\/hu\\\/termek\\\/tirze-tirzepatide-10-mg\\\/#breadcrumb\",\"itemListElement\":[{\"@type\":\"ListItem\",\"position\":1,\"name\":\"Home\",\"item\":\"https:\\\/\\\/slimex.to\\\/hu\\\/kezdolap\\\/\"},{\"@type\":\"ListItem\",\"position\":2,\"name\":\"V\u00e1s\u00e1rl\u00e1s\",\"item\":\"https:\\\/\\\/slimex.to\\\/hu\\\/vasarlas\\\/\"},{\"@type\":\"ListItem\",\"position\":3,\"name\":\"TIRZE &#8211; Tirzepatide 10 mg\"}]},{\"@type\":\"WebSite\",\"@id\":\"https:\\\/\\\/slimex.to\\\/hu\\\/#website\",\"url\":\"https:\\\/\\\/slimex.to\\\/hu\\\/\",\"name\":\"SLIMEX\",\"description\":\"Highest Quality Peptides\",\"publisher\":{\"@id\":\"https:\\\/\\\/slimex.to\\\/hu\\\/#organization\"},\"potentialAction\":[{\"@type\":\"SearchAction\",\"target\":{\"@type\":\"EntryPoint\",\"urlTemplate\":\"https:\\\/\\\/slimex.to\\\/hu\\\/?s={search_term_string}\"},\"query-input\":{\"@type\":\"PropertyValueSpecification\",\"valueRequired\":true,\"valueName\":\"search_term_string\"}}],\"inLanguage\":\"hu\"},{\"@type\":[\"Organization\",\"Place\",\"MedicalOrganization\"],\"@id\":\"https:\\\/\\\/slimex.to\\\/hu\\\/#organization\",\"name\":\"SLIMEX Peptides\",\"alternateName\":\"SLIMEX\",\"url\":\"https:\\\/\\\/slimex.to\\\/hu\\\/\",\"logo\":{\"@id\":\"https:\\\/\\\/slimex.to\\\/hu\\\/termek\\\/tirze-tirzepatide-10-mg\\\/#local-main-organization-logo\"},\"image\":{\"@id\":\"https:\\\/\\\/slimex.to\\\/hu\\\/termek\\\/tirze-tirzepatide-10-mg\\\/#local-main-organization-logo\"},\"description\":\"We are a medical online provider specializing in research peptides, including retatrutide, delivered with a focus on safety, quality, and evidence-based care.\",\"legalName\":\"CREDIT CREW s.r.o.\",\"foundingDate\":\"2024-08-20\",\"numberOfEmployees\":{\"@type\":\"QuantitativeValue\",\"minValue\":\"11\",\"maxValue\":\"50\"},\"address\":{\"@id\":\"https:\\\/\\\/slimex.to\\\/hu\\\/termek\\\/tirze-tirzepatide-10-mg\\\/#local-main-place-address\"},\"telephone\":[],\"contactPoint\":{\"@type\":\"ContactPoint\",\"email\":\"info@slimex.to\"},\"openingHoursSpecification\":[],\"email\":\"info@slimex.to\",\"areaServed\":\"Europe\"},{\"@type\":\"PostalAddress\",\"@id\":\"https:\\\/\\\/slimex.to\\\/hu\\\/termek\\\/tirze-tirzepatide-10-mg\\\/#local-main-place-address\",\"streetAddress\":\"Rybn\u00e1 716\\\/24\",\"addressLocality\":\"Prague\",\"postalCode\":\"11000\",\"addressRegion\":\"Czech republic\",\"addressCountry\":\"CZ\"},{\"@type\":\"ImageObject\",\"inLanguage\":\"hu\",\"@id\":\"https:\\\/\\\/slimex.to\\\/hu\\\/termek\\\/tirze-tirzepatide-10-mg\\\/#local-main-organization-logo\",\"url\":\"https:\\\/\\\/slimex.to\\\/wp-content\\\/uploads\\\/2026\\\/01\\\/slimex-logo.png\",\"contentUrl\":\"https:\\\/\\\/slimex.to\\\/wp-content\\\/uploads\\\/2026\\\/01\\\/slimex-logo.png\",\"width\":725,\"height\":194,\"caption\":\"SLIMEX Peptides\"}]}<\/script>\n<meta property=\"product:price:amount\" content=\"39300\" \/>\n<meta property=\"product:price:currency\" content=\"HUF\" \/>\n<meta property=\"og:availability\" content=\"instock\" \/>\n<meta property=\"product:availability\" content=\"instock\" \/>\n<meta property=\"product:retailer_item_id\" content=\"TIRZE10\" \/>\n<meta property=\"product:condition\" content=\"new\" \/>\n<meta name=\"geo.placename\" content=\"Prague\" \/>\n<meta name=\"geo.region\" content=\"Csehorsz\u00e1g\" \/>\n<!-- \/ Yoast SEO Premium plugin. -->","yoast_head_json":{"title":"Tirzepatide 10 mg | Nagy tisztas\u00e1g\u00fa kutat\u00e1si peptid","description":"V\u00e1s\u00e1roljon Tirzepatide 10 mg nagy tisztas\u00e1g\u00fa kutat\u00e1si peptidet. Kett\u0151s GLP-1 \u00e9s GIP receptor agonista, kiz\u00e1r\u00f3lag laborat\u00f3riumi \u00e9s metabolikus kutat\u00e1si c\u00e9lokra.","robots":{"index":"index","follow":"follow","max-snippet":"max-snippet:-1","max-image-preview":"max-image-preview:large","max-video-preview":"max-video-preview:-1"},"canonical":"https:\/\/slimex.to\/hu\/termek\/tirze-tirzepatide-10-mg\/","og_locale":"hu_HU","og_type":"article","og_title":"TIRZE - Tirzepatide 10 mg","og_description":"V\u00e1s\u00e1roljon Tirzepatide 10 mg nagy tisztas\u00e1g\u00fa kutat\u00e1si peptidet. Kett\u0151s GLP-1 \u00e9s GIP receptor agonista, kiz\u00e1r\u00f3lag laborat\u00f3riumi \u00e9s metabolikus kutat\u00e1si c\u00e9lokra.","og_url":"https:\/\/slimex.to\/hu\/termek\/tirze-tirzepatide-10-mg\/","og_site_name":"SLIMEX","article_modified_time":"2026-04-16T19:17:27+00:00","og_image":[{"width":1024,"height":1024,"url":"https:\/\/slimex.to\/wp-content\/uploads\/2026\/03\/tirze10-vial-white.png","type":"image\/png"}],"twitter_card":"summary_large_image","twitter_misc":{"Price":"39 300&nbsp;&#70;&#116;","Availability":"In stock"},"schema":{"@context":"https:\/\/schema.org","@graph":[{"@type":"WebPage","@id":"https:\/\/slimex.to\/hu\/termek\/tirze-tirzepatide-10-mg\/","url":"https:\/\/slimex.to\/hu\/termek\/tirze-tirzepatide-10-mg\/","name":"Tirzepatide 10 mg | Nagy tisztas\u00e1g\u00fa kutat\u00e1si peptid","isPartOf":{"@id":"https:\/\/slimex.to\/hu\/#website"},"primaryImageOfPage":{"@id":"https:\/\/slimex.to\/hu\/termek\/tirze-tirzepatide-10-mg\/#primaryimage"},"image":{"@id":"https:\/\/slimex.to\/hu\/termek\/tirze-tirzepatide-10-mg\/#primaryimage"},"thumbnailUrl":"https:\/\/slimex.to\/wp-content\/uploads\/2026\/03\/tirze10-vial-white.png","datePublished":"2026-02-22T12:49:11+00:00","dateModified":"2026-04-16T19:17:27+00:00","description":"V\u00e1s\u00e1roljon Tirzepatide 10 mg nagy tisztas\u00e1g\u00fa kutat\u00e1si peptidet. Kett\u0151s GLP-1 \u00e9s GIP receptor agonista, kiz\u00e1r\u00f3lag laborat\u00f3riumi \u00e9s metabolikus kutat\u00e1si c\u00e9lokra.","breadcrumb":{"@id":"https:\/\/slimex.to\/hu\/termek\/tirze-tirzepatide-10-mg\/#breadcrumb"},"inLanguage":"hu","potentialAction":[{"@type":"ReadAction","target":["https:\/\/slimex.to\/hu\/termek\/tirze-tirzepatide-10-mg\/"]}]},{"@type":"ImageObject","inLanguage":"hu","@id":"https:\/\/slimex.to\/hu\/termek\/tirze-tirzepatide-10-mg\/#primaryimage","url":"https:\/\/slimex.to\/wp-content\/uploads\/2026\/03\/tirze10-vial-white.png","contentUrl":"https:\/\/slimex.to\/wp-content\/uploads\/2026\/03\/tirze10-vial-white.png","width":1024,"height":1024},{"@type":"BreadcrumbList","@id":"https:\/\/slimex.to\/hu\/termek\/tirze-tirzepatide-10-mg\/#breadcrumb","itemListElement":[{"@type":"ListItem","position":1,"name":"Home","item":"https:\/\/slimex.to\/hu\/kezdolap\/"},{"@type":"ListItem","position":2,"name":"V\u00e1s\u00e1rl\u00e1s","item":"https:\/\/slimex.to\/hu\/vasarlas\/"},{"@type":"ListItem","position":3,"name":"TIRZE &#8211; Tirzepatide 10 mg"}]},{"@type":"WebSite","@id":"https:\/\/slimex.to\/hu\/#website","url":"https:\/\/slimex.to\/hu\/","name":"SLIMEX","description":"Highest Quality Peptides","publisher":{"@id":"https:\/\/slimex.to\/hu\/#organization"},"potentialAction":[{"@type":"SearchAction","target":{"@type":"EntryPoint","urlTemplate":"https:\/\/slimex.to\/hu\/?s={search_term_string}"},"query-input":{"@type":"PropertyValueSpecification","valueRequired":true,"valueName":"search_term_string"}}],"inLanguage":"hu"},{"@type":["Organization","Place","MedicalOrganization"],"@id":"https:\/\/slimex.to\/hu\/#organization","name":"SLIMEX Peptides","alternateName":"SLIMEX","url":"https:\/\/slimex.to\/hu\/","logo":{"@id":"https:\/\/slimex.to\/hu\/termek\/tirze-tirzepatide-10-mg\/#local-main-organization-logo"},"image":{"@id":"https:\/\/slimex.to\/hu\/termek\/tirze-tirzepatide-10-mg\/#local-main-organization-logo"},"description":"We are a medical online provider specializing in research peptides, including retatrutide, delivered with a focus on safety, quality, and evidence-based care.","legalName":"CREDIT CREW s.r.o.","foundingDate":"2024-08-20","numberOfEmployees":{"@type":"QuantitativeValue","minValue":"11","maxValue":"50"},"address":{"@id":"https:\/\/slimex.to\/hu\/termek\/tirze-tirzepatide-10-mg\/#local-main-place-address"},"telephone":[],"contactPoint":{"@type":"ContactPoint","email":"info@slimex.to"},"openingHoursSpecification":[],"email":"info@slimex.to","areaServed":"Europe"},{"@type":"PostalAddress","@id":"https:\/\/slimex.to\/hu\/termek\/tirze-tirzepatide-10-mg\/#local-main-place-address","streetAddress":"Rybn\u00e1 716\/24","addressLocality":"Prague","postalCode":"11000","addressRegion":"Czech republic","addressCountry":"CZ"},{"@type":"ImageObject","inLanguage":"hu","@id":"https:\/\/slimex.to\/hu\/termek\/tirze-tirzepatide-10-mg\/#local-main-organization-logo","url":"https:\/\/slimex.to\/wp-content\/uploads\/2026\/01\/slimex-logo.png","contentUrl":"https:\/\/slimex.to\/wp-content\/uploads\/2026\/01\/slimex-logo.png","width":725,"height":194,"caption":"SLIMEX Peptides"}]},"product_price_amount":"39300","product_price_currency":"HUF","og_availability":"instock","product_availability":"instock","product_retailer_item_id":"TIRZE10","product_condition":"new","geo.placename":"Prague","geo.region":"Csehorsz\u00e1g"},"_links":{"self":[{"href":"https:\/\/slimex.to\/hu\/wp-json\/wp\/v2\/product\/10007","targetHints":{"allow":["GET"]}}],"collection":[{"href":"https:\/\/slimex.to\/hu\/wp-json\/wp\/v2\/product"}],"about":[{"href":"https:\/\/slimex.to\/hu\/wp-json\/wp\/v2\/types\/product"}],"wp:featuredmedia":[{"embeddable":true,"href":"https:\/\/slimex.to\/hu\/wp-json\/wp\/v2\/media\/10384"}],"wp:attachment":[{"href":"https:\/\/slimex.to\/hu\/wp-json\/wp\/v2\/media?parent=10007"}],"wp:term":[{"taxonomy":"product_brand","embeddable":true,"href":"https:\/\/slimex.to\/hu\/wp-json\/wp\/v2\/product_brand?post=10007"},{"taxonomy":"product_cat","embeddable":true,"href":"https:\/\/slimex.to\/hu\/wp-json\/wp\/v2\/product_cat?post=10007"},{"taxonomy":"product_tag","embeddable":true,"href":"https:\/\/slimex.to\/hu\/wp-json\/wp\/v2\/product_tag?post=10007"}],"curies":[{"name":"wp","href":"https:\/\/api.w.org\/{rel}","templated":true}]}}