{"id":9736,"date":"2026-02-24T15:15:42","date_gmt":"2026-02-24T15:15:42","guid":{"rendered":"https:\/\/slimex.to\/product\/hgh-human-novekedesi-hormon-10-ne\/"},"modified":"2026-04-16T20:16:51","modified_gmt":"2026-04-16T19:16:51","slug":"hgh-human-novekedesi-hormon-10-ne","status":"publish","type":"product","link":"https:\/\/slimex.to\/hu\/termek\/hgh-human-novekedesi-hormon-10-ne\/","title":{"rendered":"HGH &#8211; Hum\u00e1n N\u00f6veked\u00e9si Hormon 10 NE"},"content":{"rendered":"<p data-start=\"737\" data-end=\"1076\"><strong data-start=\"737\" data-end=\"773\">Emberi N\u00f6veked\u00e9si Hormon (HGH) 10 NE<\/strong>, m\u00e1s n\u00e9ven rekombin\u00e1ns szomatropin, egy laborat\u00f3riumi min\u0151s\u00e9g\u0171 liofiliz\u00e1lt peptid, amelyet steril, lez\u00e1rt \u00fcvegfiol\u00e1ban sz\u00e1ll\u00edtanak, fiol\u00e1nk\u00e9nt 10 NE-t tartalmazva. A n\u00f6veked\u00e9si hormon egy term\u00e9szetesen el\u0151fordul\u00f3 peptid hormon, amely a n\u00f6veked\u00e9s, a sejtek helyre\u00e1ll\u00edt\u00e1sa \u00e9s az anyagcsere-folyamatok szab\u00e1lyoz\u00e1s\u00e1\u00e9rt felel\u0151s biol\u00f3giai rendszerekben. <\/p>\n<p data-start=\"1078\" data-end=\"1377\">A rekombin\u00e1ns HGH-t sz\u00e9les k\u00f6rben haszn\u00e1lj\u00e1k ellen\u0151rz\u00f6tt laborat\u00f3riumi k\u00f6rnyezetben az endokrin jel\u00e1tvitel, a feh\u00e9rjeszint\u00e9zis \u00fatvonalak \u00e9s a n\u00f6veked\u00e9ssel kapcsolatos sejtmechanizmusok kutat\u00e1s\u00e1ra. Ez a term\u00e9k kiz\u00e1r\u00f3lag tudom\u00e1nyos \u00e9s laborat\u00f3riumi kutat\u00e1sra szolg\u00e1l, \u00e9s nem enged\u00e9lyezett hum\u00e1n vagy klinikai felhaszn\u00e1l\u00e1sra. <\/p>\n<hr data-start=\"1379\" data-end=\"1382\">\n<h3 data-start=\"1384\" data-end=\"1411\"><strong data-start=\"1388\" data-end=\"1411\">Hat\u00e1smechanizmus<\/strong><\/h3>\n<p data-start=\"1413\" data-end=\"1545\">A Hum\u00e1n N\u00f6veked\u00e9si Hormon specifikus n\u00f6veked\u00e9si hormon receptorokkal (GHR) l\u00e9p k\u00f6lcs\u00f6nhat\u00e1sba \u00e9s stimul\u00e1lja az al\u00e1bbi jel\u00e1tviteli \u00fatvonalakat:<\/p>\n<p data-start=\"1547\" data-end=\"1746\">\u2022 Inzulinszer\u0171 n\u00f6veked\u00e9si faktor (IGF-1) \u00fatvonalak aktiv\u00e1l\u00e1sa<br \/>\n\u2022 Fokozott zs\u00edr\u00e9get\u00e9s<br \/>\n\u2022 Feh\u00e9rjeszint\u00e9zis mechanizmusainak szab\u00e1lyoz\u00e1sa<br data-start=\"1653\" data-end=\"1656\">\u2022 Sejtn\u00f6veked\u00e9si jel\u00e1tvitel modul\u00e1l\u00e1sa<br data-start=\"1697\" data-end=\"1700\">\u2022 Hat\u00e1s az anyagcsere-szab\u00e1lyoz\u00f3 \u00fatvonalakra<\/p>\n<p data-start=\"1748\" data-end=\"1833\">Ezek a mechanizmusok teszik a HGH-t kulcsfontoss\u00e1g\u00fa vegy\u00fclett\u00e9 az endokrin \u00e9s molekul\u00e1ris biol\u00f3giai kutat\u00e1sban.<\/p>\n<hr data-start=\"1835\" data-end=\"1838\">\n<h3 data-start=\"1840\" data-end=\"1869\"><strong data-start=\"1844\" data-end=\"1869\">Kutat\u00e1si alkalmaz\u00e1sok<\/strong><\/h3>\n<p data-start=\"1871\" data-end=\"1925\">A HGH 10 NE-t \u00e1ltal\u00e1ban laborat\u00f3riumi k\u00f6rnyezetben haszn\u00e1lj\u00e1k:<\/p>\n<p data-start=\"1927\" data-end=\"2173\">\u2022 Endokrinol\u00f3giai kutat\u00e1s<br data-start=\"1951\" data-end=\"1954\">\u2022 IGF-1 \u00fatvonal vizsg\u00e1latok<br data-start=\"1977\" data-end=\"1980\">\u2022 Sejtn\u00f6veked\u00e9si \u00e9s differenci\u00e1l\u00f3d\u00e1si kutat\u00e1s<br data-start=\"2026\" data-end=\"2029\">\u2022 Feh\u00e9rjeszint\u00e9zis vizsg\u00e1latok<br data-start=\"2063\" data-end=\"2066\">\u2022 Metabolikus szab\u00e1lyoz\u00e1s elemz\u00e9s<br data-start=\"2097\" data-end=\"2100\">\u2022 Hormon\u00e1lis jel\u00e1tviteli \u00fatvonalak \u00e9rt\u00e9kel\u00e9se<br data-start=\"2139\" data-end=\"2142\">\u2022 \u00d6sszehasonl\u00edt\u00f3 peptid vizsg\u00e1latok<\/p>\n<p data-start=\"2175\" data-end=\"2284\">J\u00f3l jellemzett biol\u00f3giai profilja alapvet\u0151 vegy\u00fclett\u00e9 teszi a n\u00f6veked\u00e9si hormon kutat\u00e1si modellekben.<\/p>\n<hr data-start=\"2286\" data-end=\"2289\">\n<h3 data-start=\"2291\" data-end=\"2317\"><strong data-start=\"2295\" data-end=\"2317\">Tudom\u00e1nyos kontextus<\/strong><\/h3>\n<p data-start=\"2319\" data-end=\"2620\">A Hum\u00e1n N\u00f6veked\u00e9si Hormont \u00e9vtizedek \u00f3ta sz\u00e9les k\u00f6rben tanulm\u00e1nyozz\u00e1k klinikai \u00e9s laborat\u00f3riumi kutat\u00e1si k\u00f6rnyezetben egyar\u00e1nt. A rekombin\u00e1ns szomatotropin lehet\u0151v\u00e9 teszi a kutat\u00f3k sz\u00e1m\u00e1ra, hogy ellen\u0151rz\u00f6tt k\u00f6r\u00fclm\u00e9nyek k\u00f6z\u00f6tt vizsg\u00e1lj\u00e1k a n\u00f6veked\u00e9si hormon receptor k\u00f6lcs\u00f6nhat\u00e1sokat, az als\u00f3bb szint\u0171 jel\u00e1tviteli kaszk\u00e1dokat \u00e9s az endokrin visszacsatol\u00e1si mechanizmusokat. <\/p>\n<p data-start=\"2622\" data-end=\"2764\">A n\u00f6veked\u00e9s \u00e9s a metabolikus szab\u00e1lyoz\u00e1s k\u00f6zponti szerepe miatt a HGH tov\u00e1bbra is jelent\u0151s molekula a fejlett biok\u00e9miai \u00e9s endokrin kutat\u00e1sban.<\/p>\n<hr data-start=\"2766\" data-end=\"2769\">\n<h3 data-start=\"2771\" data-end=\"2801\"><strong data-start=\"2775\" data-end=\"2801\">Term\u00e9kle\u00edr\u00e1s<\/strong><\/h3>\n<p data-start=\"2803\" data-end=\"3077\"><strong data-start=\"2803\" data-end=\"2820\">Term\u00e9kn\u00e9v:<\/strong> Hum\u00e1n N\u00f6veked\u00e9si Hormon (Szomatotropin)<br data-start=\"2854\" data-end=\"2857\"><strong data-start=\"2857\" data-end=\"2869\">Tartalom:<\/strong> 10 NE\/fiola<br data-start=\"2884\" data-end=\"2887\"><strong data-start=\"2887\" data-end=\"2896\">Forma:<\/strong> Liofiliz\u00e1lt por<br data-start=\"2915\" data-end=\"2918\"><strong data-start=\"2918\" data-end=\"2928\">Min\u0151s\u00e9g:<\/strong> Kiz\u00e1r\u00f3lag kutat\u00e1si c\u00e9lra<br data-start=\"2946\" data-end=\"2949\"><strong data-start=\"2949\" data-end=\"2960\">Tisztas\u00e1g:<\/strong> Magas laborat\u00f3riumi min\u0151s\u00e9g\u0171 tisztas\u00e1g<br data-start=\"2989\" data-end=\"2992\"><strong data-start=\"2992\" data-end=\"3006\">Csomagol\u00e1s:<\/strong> Steril lez\u00e1rt \u00fcvegfiola<br data-start=\"3032\" data-end=\"3035\"><strong data-start=\"3035\" data-end=\"3047\">T\u00e1rol\u00e1s:<\/strong> H\u0171tve t\u00e1roland\u00f3 2\u20138 \u00b0C-on<\/p>\n<hr data-start=\"3079\" data-end=\"3082\">\n<h3 data-start=\"3084\" data-end=\"3114\"><strong data-start=\"3088\" data-end=\"3114\">Stabilit\u00e1s \u00e9s kezel\u00e9s<\/strong><\/h3>\n<p data-start=\"3116\" data-end=\"3211\">A liofiliz\u00e1lt forma biztos\u00edtja a stabilit\u00e1st megfelel\u0151 h\u0171t\u00f6tt k\u00f6r\u00fclm\u00e9nyek k\u00f6z\u00f6tt t\u00e1rolva.<\/p>\n<p data-start=\"3213\" data-end=\"3245\">Aj\u00e1nlott laborat\u00f3riumi kezel\u00e9s:<\/p>\n<p data-start=\"3247\" data-end=\"3379\">\u2022 2\u20138 \u00b0C-on t\u00e1roland\u00f3<br data-start=\"3263\" data-end=\"3266\">\u2022 F\u00e9nyt\u0151l v\u00e9dve t\u00e1roland\u00f3<br data-start=\"3286\" data-end=\"3289\">\u2022 Ism\u00e9telt fagyaszt\u00e1s\u2013olvaszt\u00e1s ker\u00fclend\u0151<br data-start=\"3324\" data-end=\"3327\">\u2022 Steril laborat\u00f3riumi k\u00f6r\u00fclm\u00e9nyek k\u00f6z\u00f6tt oldand\u00f3 fel<\/p>\n<p data-start=\"3381\" data-end=\"3484\">A megfelel\u0151 peptid kezel\u00e9s meg\u0151rzi a szerkezeti integrit\u00e1st \u00e9s biztos\u00edtja a k\u00f6vetkezetes k\u00eds\u00e9rleti megb\u00edzhat\u00f3s\u00e1got.<\/p>\n<hr data-start=\"3486\" data-end=\"3489\">\n<h3 data-start=\"3491\" data-end=\"3522\"><strong data-start=\"3495\" data-end=\"3522\">Kutat\u00e1si besorol\u00e1s<\/strong><\/h3>\n<p data-start=\"3524\" data-end=\"3585\">A Hum\u00e1n N\u00f6veked\u00e9si Hormon (HGH) 10 NE kiz\u00e1r\u00f3lag az al\u00e1bbi c\u00e9lokra szolg\u00e1l:<\/p>\n<p data-start=\"3587\" data-end=\"3710\">\u2022 In vitro laborat\u00f3riumi kutat\u00e1s<br data-start=\"3617\" data-end=\"3620\">\u2022 Analitikai vizsg\u00e1lat<br data-start=\"3640\" data-end=\"3643\">\u2022 Tudom\u00e1nyos k\u00eds\u00e9rletez\u00e9s<br data-start=\"3671\" data-end=\"3674\">\u2022 Kontroll\u00e1lt kutat\u00e1si alkalmaz\u00e1sok<\/p>\n<p data-start=\"3712\" data-end=\"3795\">Ez a term\u00e9k nem enged\u00e9lyezett ter\u00e1pi\u00e1s, diagnosztikai, \u00e1llatgy\u00f3gy\u00e1szati vagy emberi felhaszn\u00e1l\u00e1sra.<\/p>\n<hr data-start=\"3797\" data-end=\"3800\">\n<h3 data-start=\"3802\" data-end=\"3826\"><strong data-start=\"3806\" data-end=\"3826\">Fontos figyelmeztet\u00e9s<\/strong><\/h3>\n<p data-start=\"3828\" data-end=\"3896\">Ez a term\u00e9k kiz\u00e1r\u00f3lag laborat\u00f3riumi kutat\u00e1si c\u00e9lokra ker\u00fcl \u00e9rt\u00e9kes\u00edt\u00e9sre.<\/p>\n<p data-start=\"3898\" data-end=\"4084\">Nem emberi fogyaszt\u00e1sra, orvosi felhaszn\u00e1l\u00e1sra vagy klinikai alkalmaz\u00e1sra sz\u00e1nt\u00e1k. A term\u00e9k megv\u00e1s\u00e1rl\u00e1s\u00e1val a vev\u0151 meger\u0151s\u00edti, hogy azt kiz\u00e1r\u00f3lag jogszer\u0171 tudom\u00e1nyos kutat\u00e1sra fogja haszn\u00e1lni. <\/p>\n","protected":false},"excerpt":{"rendered":"<p>A HGH &#8211; Hum\u00e1n N\u00f6veked\u00e9si Hormon 10 NE tesztelve van \u00e9s a legmagasabb min\u0151s\u00e9g\u0171 anyag sz\u00fcks\u00e9ges mennyis\u00e9g\u00e9t tartalmazza:<\/p>\n<p><a style=\"color: #008000;\" href=\"https:\/\/slimex.to\/hu\/tanusitvanyok\/\" target=\"_blank\" rel=\"noopener\">\u00bb Hum\u00e1n N\u00f6veked\u00e9si Hormonunk 10 NE teszteredm\u00e9nyei<\/a><\/p>\n<p><strong>Az Emberi N\u00f6veked\u00e9si Hormon (HGH) 10 NE<\/strong> egy nagy tisztas\u00e1g\u00fa liofiliz\u00e1lt rekombin\u00e1ns szomatropin, amelyet steril \u00fcvegfiol\u00e1ban sz\u00e1ll\u00edtanak, fiol\u00e1nk\u00e9nt 10 Nemzetk\u00f6zi Egys\u00e9get (NE) tartalmazva. A HGH-t sz\u00e9les k\u00f6rben tanulm\u00e1nyozz\u00e1k az endokrinol\u00f3gi\u00e1ban \u00e9s a sejtbiol\u00f3giai kutat\u00e1sokban a n\u00f6veked\u00e9si hormon jel\u00e1tviteli \u00fatvonalakban bet\u00f6lt\u00f6tt szerepe miatt. Ez a term\u00e9k kiz\u00e1r\u00f3lag laborat\u00f3riumi \u00e9s tudom\u00e1nyos kutat\u00e1si c\u00e9lokra szolg\u00e1l.  <\/p>\n<p><strong>Felold\u00e1s:<br \/>\n<\/strong>Adjon hozz\u00e1 0,5 ml bakteriosztatikus vizet \u2192 10,0 NE az optim\u00e1lis koncentr\u00e1ci\u00f3 el\u00e9r\u00e9s\u00e9hez.<br \/>\n<strong>T\u00e1rol\u00e1s rekonstitu\u00e1l\u00e1s ut\u00e1n:<br \/>\n<\/strong>h\u0171t\u0151szekr\u00e9nyben, 2-8 \u00b0C-on t\u00e1roland\u00f3 \u00e9s 4 h\u00e9tig haszn\u00e1lhat\u00f3 fel.<\/p>\n","protected":false},"featured_media":10372,"template":"","meta":{"inline_featured_image":false,"iawp_total_views":0},"product_brand":[],"product_cat":[137],"product_tag":[],"class_list":{"0":"post-9736","1":"product","2":"type-product","3":"status-publish","4":"has-post-thumbnail","6":"product_cat-peptidek","7":"tm-has-options","9":"first","10":"instock","11":"featured","12":"taxable","13":"shipping-taxable","14":"purchasable","15":"product-type-simple"},"yoast_head":"<!-- This site is optimized with the Yoast SEO Premium plugin v27.2 (Yoast SEO v27.5) - https:\/\/yoast.com\/product\/yoast-seo-premium-wordpress\/ -->\n<title>Hum\u00e1n N\u00f6veked\u00e9si Hormon 10 NE | HGH Kutat\u00e1si Peptid<\/title>\n<meta name=\"description\" content=\"V\u00e1s\u00e1roljon Hum\u00e1n N\u00f6veked\u00e9si Hormon 10 NE nagy tisztas\u00e1g\u00fa szomatotropint laborat\u00f3riumi kutat\u00e1shoz. HGH peptid endokrin \u00e9s metabolikus vizsg\u00e1latokhoz. Kiz\u00e1r\u00f3lag kutat\u00e1si c\u00e9lra.\" \/>\n<meta name=\"robots\" content=\"index, follow, max-snippet:-1, max-image-preview:large, max-video-preview:-1\" \/>\n<link rel=\"canonical\" href=\"https:\/\/slimex.to\/hu\/termek\/hgh-human-novekedesi-hormon-10-ne\/\" \/>\n<meta property=\"og:locale\" content=\"hu_HU\" \/>\n<meta property=\"og:type\" content=\"article\" \/>\n<meta property=\"og:title\" content=\"HGH - Hum\u00e1n N\u00f6veked\u00e9si Hormon 10 NE\" \/>\n<meta property=\"og:description\" content=\"V\u00e1s\u00e1roljon Hum\u00e1n N\u00f6veked\u00e9si Hormon 10 NE nagy tisztas\u00e1g\u00fa szomatotropint laborat\u00f3riumi kutat\u00e1shoz. HGH peptid endokrin \u00e9s metabolikus vizsg\u00e1latokhoz. Kiz\u00e1r\u00f3lag kutat\u00e1si c\u00e9lra.\" \/>\n<meta property=\"og:url\" content=\"https:\/\/slimex.to\/hu\/termek\/hgh-human-novekedesi-hormon-10-ne\/\" \/>\n<meta property=\"og:site_name\" content=\"SLIMEX\" \/>\n<meta property=\"article:modified_time\" content=\"2026-04-16T19:16:51+00:00\" \/>\n<meta property=\"og:image\" content=\"https:\/\/slimex.to\/wp-content\/uploads\/2026\/03\/hgh10-vial-white.png\" \/>\n\t<meta property=\"og:image:width\" content=\"1024\" \/>\n\t<meta property=\"og:image:height\" content=\"1024\" \/>\n\t<meta property=\"og:image:type\" content=\"image\/png\" \/>\n<meta name=\"twitter:card\" content=\"summary_large_image\" \/>\n<meta name=\"twitter:label1\" content=\"Price\" \/>\n\t<meta name=\"twitter:data1\" content=\"9 600&nbsp;&#070;&#116;\" \/>\n\t<meta name=\"twitter:label2\" content=\"Availability\" \/>\n\t<meta name=\"twitter:data2\" content=\"In stock\" \/>\n<script type=\"application\/ld+json\" class=\"yoast-schema-graph\">{\"@context\":\"https:\\\/\\\/schema.org\",\"@graph\":[{\"@type\":\"WebPage\",\"@id\":\"https:\\\/\\\/slimex.to\\\/hu\\\/termek\\\/hgh-human-novekedesi-hormon-10-ne\\\/\",\"url\":\"https:\\\/\\\/slimex.to\\\/hu\\\/termek\\\/hgh-human-novekedesi-hormon-10-ne\\\/\",\"name\":\"Hum\u00e1n N\u00f6veked\u00e9si Hormon 10 NE | HGH Kutat\u00e1si Peptid\",\"isPartOf\":{\"@id\":\"https:\\\/\\\/slimex.to\\\/hu\\\/#website\"},\"primaryImageOfPage\":{\"@id\":\"https:\\\/\\\/slimex.to\\\/hu\\\/termek\\\/hgh-human-novekedesi-hormon-10-ne\\\/#primaryimage\"},\"image\":{\"@id\":\"https:\\\/\\\/slimex.to\\\/hu\\\/termek\\\/hgh-human-novekedesi-hormon-10-ne\\\/#primaryimage\"},\"thumbnailUrl\":\"https:\\\/\\\/slimex.to\\\/wp-content\\\/uploads\\\/2026\\\/03\\\/hgh10-vial-white.png\",\"datePublished\":\"2026-02-24T15:15:42+00:00\",\"dateModified\":\"2026-04-16T19:16:51+00:00\",\"description\":\"V\u00e1s\u00e1roljon Hum\u00e1n N\u00f6veked\u00e9si Hormon 10 NE nagy tisztas\u00e1g\u00fa szomatotropint laborat\u00f3riumi kutat\u00e1shoz. HGH peptid endokrin \u00e9s metabolikus vizsg\u00e1latokhoz. Kiz\u00e1r\u00f3lag kutat\u00e1si c\u00e9lra.\",\"breadcrumb\":{\"@id\":\"https:\\\/\\\/slimex.to\\\/hu\\\/termek\\\/hgh-human-novekedesi-hormon-10-ne\\\/#breadcrumb\"},\"inLanguage\":\"hu\",\"potentialAction\":[{\"@type\":\"ReadAction\",\"target\":[\"https:\\\/\\\/slimex.to\\\/hu\\\/termek\\\/hgh-human-novekedesi-hormon-10-ne\\\/\"]}]},{\"@type\":\"ImageObject\",\"inLanguage\":\"hu\",\"@id\":\"https:\\\/\\\/slimex.to\\\/hu\\\/termek\\\/hgh-human-novekedesi-hormon-10-ne\\\/#primaryimage\",\"url\":\"https:\\\/\\\/slimex.to\\\/wp-content\\\/uploads\\\/2026\\\/03\\\/hgh10-vial-white.png\",\"contentUrl\":\"https:\\\/\\\/slimex.to\\\/wp-content\\\/uploads\\\/2026\\\/03\\\/hgh10-vial-white.png\",\"width\":1024,\"height\":1024},{\"@type\":\"BreadcrumbList\",\"@id\":\"https:\\\/\\\/slimex.to\\\/hu\\\/termek\\\/hgh-human-novekedesi-hormon-10-ne\\\/#breadcrumb\",\"itemListElement\":[{\"@type\":\"ListItem\",\"position\":1,\"name\":\"Home\",\"item\":\"https:\\\/\\\/slimex.to\\\/hu\\\/kezdolap\\\/\"},{\"@type\":\"ListItem\",\"position\":2,\"name\":\"V\u00e1s\u00e1rl\u00e1s\",\"item\":\"https:\\\/\\\/slimex.to\\\/hu\\\/vasarlas\\\/\"},{\"@type\":\"ListItem\",\"position\":3,\"name\":\"HGH &#8211; Hum\u00e1n N\u00f6veked\u00e9si Hormon 10 NE\"}]},{\"@type\":\"WebSite\",\"@id\":\"https:\\\/\\\/slimex.to\\\/hu\\\/#website\",\"url\":\"https:\\\/\\\/slimex.to\\\/hu\\\/\",\"name\":\"SLIMEX\",\"description\":\"Highest Quality Peptides\",\"publisher\":{\"@id\":\"https:\\\/\\\/slimex.to\\\/hu\\\/#organization\"},\"potentialAction\":[{\"@type\":\"SearchAction\",\"target\":{\"@type\":\"EntryPoint\",\"urlTemplate\":\"https:\\\/\\\/slimex.to\\\/hu\\\/?s={search_term_string}\"},\"query-input\":{\"@type\":\"PropertyValueSpecification\",\"valueRequired\":true,\"valueName\":\"search_term_string\"}}],\"inLanguage\":\"hu\"},{\"@type\":[\"Organization\",\"Place\",\"MedicalOrganization\"],\"@id\":\"https:\\\/\\\/slimex.to\\\/hu\\\/#organization\",\"name\":\"SLIMEX Peptides\",\"alternateName\":\"SLIMEX\",\"url\":\"https:\\\/\\\/slimex.to\\\/hu\\\/\",\"logo\":{\"@id\":\"https:\\\/\\\/slimex.to\\\/hu\\\/termek\\\/hgh-human-novekedesi-hormon-10-ne\\\/#local-main-organization-logo\"},\"image\":{\"@id\":\"https:\\\/\\\/slimex.to\\\/hu\\\/termek\\\/hgh-human-novekedesi-hormon-10-ne\\\/#local-main-organization-logo\"},\"description\":\"We are a medical online provider specializing in research peptides, including retatrutide, delivered with a focus on safety, quality, and evidence-based care.\",\"legalName\":\"CREDIT CREW s.r.o.\",\"foundingDate\":\"2024-08-20\",\"numberOfEmployees\":{\"@type\":\"QuantitativeValue\",\"minValue\":\"11\",\"maxValue\":\"50\"},\"address\":{\"@id\":\"https:\\\/\\\/slimex.to\\\/hu\\\/termek\\\/hgh-human-novekedesi-hormon-10-ne\\\/#local-main-place-address\"},\"telephone\":[],\"contactPoint\":{\"@type\":\"ContactPoint\",\"email\":\"info@slimex.to\"},\"openingHoursSpecification\":[],\"email\":\"info@slimex.to\",\"areaServed\":\"Europe\"},{\"@type\":\"PostalAddress\",\"@id\":\"https:\\\/\\\/slimex.to\\\/hu\\\/termek\\\/hgh-human-novekedesi-hormon-10-ne\\\/#local-main-place-address\",\"streetAddress\":\"Rybn\u00e1 716\\\/24\",\"addressLocality\":\"Prague\",\"postalCode\":\"11000\",\"addressRegion\":\"Czech republic\",\"addressCountry\":\"CZ\"},{\"@type\":\"ImageObject\",\"inLanguage\":\"hu\",\"@id\":\"https:\\\/\\\/slimex.to\\\/hu\\\/termek\\\/hgh-human-novekedesi-hormon-10-ne\\\/#local-main-organization-logo\",\"url\":\"https:\\\/\\\/slimex.to\\\/wp-content\\\/uploads\\\/2026\\\/01\\\/slimex-logo.png\",\"contentUrl\":\"https:\\\/\\\/slimex.to\\\/wp-content\\\/uploads\\\/2026\\\/01\\\/slimex-logo.png\",\"width\":725,\"height\":194,\"caption\":\"SLIMEX Peptides\"}]}<\/script>\n<meta property=\"product:price:amount\" content=\"9600\" \/>\n<meta property=\"product:price:currency\" content=\"HUF\" \/>\n<meta property=\"og:availability\" content=\"instock\" \/>\n<meta property=\"product:availability\" content=\"instock\" \/>\n<meta property=\"product:retailer_item_id\" content=\"HGH10\" \/>\n<meta property=\"product:condition\" content=\"new\" \/>\n<meta name=\"geo.placename\" content=\"Prague\" \/>\n<meta name=\"geo.region\" content=\"Csehorsz\u00e1g\" \/>\n<!-- \/ Yoast SEO Premium plugin. -->","yoast_head_json":{"title":"Hum\u00e1n N\u00f6veked\u00e9si Hormon 10 NE | HGH Kutat\u00e1si Peptid","description":"V\u00e1s\u00e1roljon Hum\u00e1n N\u00f6veked\u00e9si Hormon 10 NE nagy tisztas\u00e1g\u00fa szomatotropint laborat\u00f3riumi kutat\u00e1shoz. HGH peptid endokrin \u00e9s metabolikus vizsg\u00e1latokhoz. Kiz\u00e1r\u00f3lag kutat\u00e1si c\u00e9lra.","robots":{"index":"index","follow":"follow","max-snippet":"max-snippet:-1","max-image-preview":"max-image-preview:large","max-video-preview":"max-video-preview:-1"},"canonical":"https:\/\/slimex.to\/hu\/termek\/hgh-human-novekedesi-hormon-10-ne\/","og_locale":"hu_HU","og_type":"article","og_title":"HGH - Hum\u00e1n N\u00f6veked\u00e9si Hormon 10 NE","og_description":"V\u00e1s\u00e1roljon Hum\u00e1n N\u00f6veked\u00e9si Hormon 10 NE nagy tisztas\u00e1g\u00fa szomatotropint laborat\u00f3riumi kutat\u00e1shoz. HGH peptid endokrin \u00e9s metabolikus vizsg\u00e1latokhoz. Kiz\u00e1r\u00f3lag kutat\u00e1si c\u00e9lra.","og_url":"https:\/\/slimex.to\/hu\/termek\/hgh-human-novekedesi-hormon-10-ne\/","og_site_name":"SLIMEX","article_modified_time":"2026-04-16T19:16:51+00:00","og_image":[{"width":1024,"height":1024,"url":"https:\/\/slimex.to\/wp-content\/uploads\/2026\/03\/hgh10-vial-white.png","type":"image\/png"}],"twitter_card":"summary_large_image","twitter_misc":{"Price":"9 600&nbsp;&#70;&#116;","Availability":"In stock"},"schema":{"@context":"https:\/\/schema.org","@graph":[{"@type":"WebPage","@id":"https:\/\/slimex.to\/hu\/termek\/hgh-human-novekedesi-hormon-10-ne\/","url":"https:\/\/slimex.to\/hu\/termek\/hgh-human-novekedesi-hormon-10-ne\/","name":"Hum\u00e1n N\u00f6veked\u00e9si Hormon 10 NE | HGH Kutat\u00e1si Peptid","isPartOf":{"@id":"https:\/\/slimex.to\/hu\/#website"},"primaryImageOfPage":{"@id":"https:\/\/slimex.to\/hu\/termek\/hgh-human-novekedesi-hormon-10-ne\/#primaryimage"},"image":{"@id":"https:\/\/slimex.to\/hu\/termek\/hgh-human-novekedesi-hormon-10-ne\/#primaryimage"},"thumbnailUrl":"https:\/\/slimex.to\/wp-content\/uploads\/2026\/03\/hgh10-vial-white.png","datePublished":"2026-02-24T15:15:42+00:00","dateModified":"2026-04-16T19:16:51+00:00","description":"V\u00e1s\u00e1roljon Hum\u00e1n N\u00f6veked\u00e9si Hormon 10 NE nagy tisztas\u00e1g\u00fa szomatotropint laborat\u00f3riumi kutat\u00e1shoz. HGH peptid endokrin \u00e9s metabolikus vizsg\u00e1latokhoz. Kiz\u00e1r\u00f3lag kutat\u00e1si c\u00e9lra.","breadcrumb":{"@id":"https:\/\/slimex.to\/hu\/termek\/hgh-human-novekedesi-hormon-10-ne\/#breadcrumb"},"inLanguage":"hu","potentialAction":[{"@type":"ReadAction","target":["https:\/\/slimex.to\/hu\/termek\/hgh-human-novekedesi-hormon-10-ne\/"]}]},{"@type":"ImageObject","inLanguage":"hu","@id":"https:\/\/slimex.to\/hu\/termek\/hgh-human-novekedesi-hormon-10-ne\/#primaryimage","url":"https:\/\/slimex.to\/wp-content\/uploads\/2026\/03\/hgh10-vial-white.png","contentUrl":"https:\/\/slimex.to\/wp-content\/uploads\/2026\/03\/hgh10-vial-white.png","width":1024,"height":1024},{"@type":"BreadcrumbList","@id":"https:\/\/slimex.to\/hu\/termek\/hgh-human-novekedesi-hormon-10-ne\/#breadcrumb","itemListElement":[{"@type":"ListItem","position":1,"name":"Home","item":"https:\/\/slimex.to\/hu\/kezdolap\/"},{"@type":"ListItem","position":2,"name":"V\u00e1s\u00e1rl\u00e1s","item":"https:\/\/slimex.to\/hu\/vasarlas\/"},{"@type":"ListItem","position":3,"name":"HGH &#8211; Hum\u00e1n N\u00f6veked\u00e9si Hormon 10 NE"}]},{"@type":"WebSite","@id":"https:\/\/slimex.to\/hu\/#website","url":"https:\/\/slimex.to\/hu\/","name":"SLIMEX","description":"Highest Quality Peptides","publisher":{"@id":"https:\/\/slimex.to\/hu\/#organization"},"potentialAction":[{"@type":"SearchAction","target":{"@type":"EntryPoint","urlTemplate":"https:\/\/slimex.to\/hu\/?s={search_term_string}"},"query-input":{"@type":"PropertyValueSpecification","valueRequired":true,"valueName":"search_term_string"}}],"inLanguage":"hu"},{"@type":["Organization","Place","MedicalOrganization"],"@id":"https:\/\/slimex.to\/hu\/#organization","name":"SLIMEX Peptides","alternateName":"SLIMEX","url":"https:\/\/slimex.to\/hu\/","logo":{"@id":"https:\/\/slimex.to\/hu\/termek\/hgh-human-novekedesi-hormon-10-ne\/#local-main-organization-logo"},"image":{"@id":"https:\/\/slimex.to\/hu\/termek\/hgh-human-novekedesi-hormon-10-ne\/#local-main-organization-logo"},"description":"We are a medical online provider specializing in research peptides, including retatrutide, delivered with a focus on safety, quality, and evidence-based care.","legalName":"CREDIT CREW s.r.o.","foundingDate":"2024-08-20","numberOfEmployees":{"@type":"QuantitativeValue","minValue":"11","maxValue":"50"},"address":{"@id":"https:\/\/slimex.to\/hu\/termek\/hgh-human-novekedesi-hormon-10-ne\/#local-main-place-address"},"telephone":[],"contactPoint":{"@type":"ContactPoint","email":"info@slimex.to"},"openingHoursSpecification":[],"email":"info@slimex.to","areaServed":"Europe"},{"@type":"PostalAddress","@id":"https:\/\/slimex.to\/hu\/termek\/hgh-human-novekedesi-hormon-10-ne\/#local-main-place-address","streetAddress":"Rybn\u00e1 716\/24","addressLocality":"Prague","postalCode":"11000","addressRegion":"Czech republic","addressCountry":"CZ"},{"@type":"ImageObject","inLanguage":"hu","@id":"https:\/\/slimex.to\/hu\/termek\/hgh-human-novekedesi-hormon-10-ne\/#local-main-organization-logo","url":"https:\/\/slimex.to\/wp-content\/uploads\/2026\/01\/slimex-logo.png","contentUrl":"https:\/\/slimex.to\/wp-content\/uploads\/2026\/01\/slimex-logo.png","width":725,"height":194,"caption":"SLIMEX Peptides"}]},"product_price_amount":"9600","product_price_currency":"HUF","og_availability":"instock","product_availability":"instock","product_retailer_item_id":"HGH10","product_condition":"new","geo.placename":"Prague","geo.region":"Csehorsz\u00e1g"},"_links":{"self":[{"href":"https:\/\/slimex.to\/hu\/wp-json\/wp\/v2\/product\/9736","targetHints":{"allow":["GET"]}}],"collection":[{"href":"https:\/\/slimex.to\/hu\/wp-json\/wp\/v2\/product"}],"about":[{"href":"https:\/\/slimex.to\/hu\/wp-json\/wp\/v2\/types\/product"}],"wp:featuredmedia":[{"embeddable":true,"href":"https:\/\/slimex.to\/hu\/wp-json\/wp\/v2\/media\/10372"}],"wp:attachment":[{"href":"https:\/\/slimex.to\/hu\/wp-json\/wp\/v2\/media?parent=9736"}],"wp:term":[{"taxonomy":"product_brand","embeddable":true,"href":"https:\/\/slimex.to\/hu\/wp-json\/wp\/v2\/product_brand?post=9736"},{"taxonomy":"product_cat","embeddable":true,"href":"https:\/\/slimex.to\/hu\/wp-json\/wp\/v2\/product_cat?post=9736"},{"taxonomy":"product_tag","embeddable":true,"href":"https:\/\/slimex.to\/hu\/wp-json\/wp\/v2\/product_tag?post=9736"}],"curies":[{"name":"wp","href":"https:\/\/api.w.org\/{rel}","templated":true}]}}