{"id":10121,"date":"2026-02-04T12:53:39","date_gmt":"2026-02-04T12:53:39","guid":{"rendered":"https:\/\/slimex.to\/polityka-zwrotow-i-reklamacji\/"},"modified":"2026-03-10T16:50:18","modified_gmt":"2026-03-10T16:50:18","slug":"polityka-zwrotow-i-reklamacji","status":"publish","type":"page","link":"https:\/\/slimex.to\/pl\/polityka-zwrotow-i-reklamacji\/","title":{"rendered":"Polityka zwrot\u00f3w i reklamacji"},"content":{"rendered":"\n<p><b>To jest przyk\u0142adowa strona.<\/b><\/p>\n\n<h2 class=\"wp-block-heading\">Przegl\u0105d<\/h2>\n\n<p>Nasza polityka zwrot\u00f3w i reklamacji trwa 30 dni. Je\u015bli od daty zakupu up\u0142yn\u0119\u0142o 30 dni, nie mo\u017cemy zaoferowa\u0107 Pa\u0144stwu pe\u0142nego zwrotu pieni\u0119dzy ani wymiany. <\/p>\n\n<p>Aby kwalifikowa\u0107 si\u0119 do zwrotu, Pa\u0144stwa przedmiot musi by\u0107 nieu\u017cywany i w takim samym stanie, w jakim go Pa\u0144stwo otrzymali. Musi by\u0107 r\u00f3wnie\u017c w oryginalnym opakowaniu. <\/p>\n\n<p>Niekt\u00f3re rodzaje towar\u00f3w s\u0105 wy\u0142\u0105czone z mo\u017cliwo\u015bci zwrotu. Towary \u0142atwo psuj\u0105ce si\u0119, takie jak \u017cywno\u015b\u0107, kwiaty, gazety lub czasopisma, nie podlegaj\u0105 zwrotowi. Nie przyjmujemy r\u00f3wnie\u017c produkt\u00f3w intymnych lub higienicznych, materia\u0142\u00f3w niebezpiecznych ani \u0142atwopalnych cieczy lub gaz\u00f3w.  <\/p>\n\n<p>Dodatkowe przedmioty niepodlegaj\u0105ce zwrotowi:<\/p>\n\n<ul class=\"wp-block-list\">\n<li>Karty podarunkowe<\/li>\n<li>Oprogramowanie do pobrania<\/li>\n<li>Niekt\u00f3re artyku\u0142y zdrowotne i higieny osobistej<\/li>\n<\/ul>\n\n<p>Aby dokona\u0107 zwrotu, wymagamy paragonu lub dowodu zakupu.<\/p>\n\n<p>Prosimy nie odsy\u0142a\u0107 zakupu z powrotem do producenta.<\/p>\n\n<p>Istniej\u0105 pewne sytuacje, w kt\u00f3rych przyznawane s\u0105 tylko cz\u0119\u015bciowe zwroty pieni\u0119dzy:<\/p>\n\n<ul class=\"wp-block-list\">\n<li>Ksi\u0105\u017cka z oczywistymi \u015bladami u\u017cytkowania<\/li>\n<li>Otwarta p\u0142yta CD, DVD, kaseta VHS, oprogramowanie, gra wideo, kaseta magnetofonowa lub p\u0142yta winylowa.<\/li>\n<li>Ka\u017cdy przedmiot, kt\u00f3ry nie jest w oryginalnym stanie, jest uszkodzony lub brakuje mu cz\u0119\u015bci z przyczyn niezale\u017cnych od naszego b\u0142\u0119du.<\/li>\n<li>Ka\u017cdy przedmiot zwr\u00f3cony po up\u0142ywie 30 dni od dostawy<\/li>\n<\/ul>\n\n<h2 class=\"wp-block-heading\">Zwroty pieni\u0119dzy<\/h2>\n\n<p>Po otrzymaniu i sprawdzeniu Pa\u0144stwa zwrotu wy\u015blemy Pa\u0144stwu wiadomo\u015b\u0107 e-mail z powiadomieniem o otrzymaniu zwr\u00f3conego przedmiotu. Powiadomimy Pa\u0144stwa r\u00f3wnie\u017c o zatwierdzeniu lub odrzuceniu zwrotu pieni\u0119dzy. <\/p>\n\n<p>Je\u015bli Pa\u0144stwa zwrot zostanie zatwierdzony, pieni\u0105dze zostan\u0105 przetworzone, a kredyt zostanie automatycznie zastosowany do Pa\u0144stwa karty kredytowej lub pierwotnej metody p\u0142atno\u015bci w ci\u0105gu okre\u015blonej liczby dni.<\/p>\n\n<h3 class=\"wp-block-heading\">Op\u00f3\u017anione lub brakuj\u0105ce zwroty pieni\u0119dzy<\/h3>\n\n<p>Je\u015bli jeszcze nie otrzymali Pa\u0144stwo zwrotu pieni\u0119dzy, prosimy ponownie sprawdzi\u0107 swoje konto bankowe.<\/p>\n\n<p>Nast\u0119pnie prosimy skontaktowa\u0107 si\u0119 z firm\u0105 obs\u0142uguj\u0105c\u0105 Pa\u0144stwa kart\u0119 kredytow\u0105; mo\u017ce min\u0105\u0107 troch\u0119 czasu, zanim zwrot zostanie oficjalnie zaksi\u0119gowany.<\/p>\n\n<p>Nast\u0119pnie prosimy skontaktowa\u0107 si\u0119 z Pa\u0144stwa bankiem. Cz\u0119sto istnieje pewien czas przetwarzania, zanim zwrot zostanie zaksi\u0119gowany. <\/p>\n\n<p>Je\u015bli wykonali Pa\u0144stwo wszystkie te czynno\u015bci i nadal nie otrzymali zwrotu pieni\u0119dzy, prosimy o kontakt pod adresem {email address}.<\/p>\n\n<h3 class=\"wp-block-heading\">Artyku\u0142y promocyjne<\/h3>\n\n<p>Zwrotowi podlegaj\u0105 tylko artyku\u0142y w regularnej cenie. Artyku\u0142y promocyjne nie podlegaj\u0105 zwrotowi. <\/p>\n\n<h2 class=\"wp-block-heading\">Wymiany<\/h2>\n\n<p>Wymieniamy przedmioty tylko wtedy, gdy s\u0105 wadliwe lub uszkodzone. Je\u015bli potrzebuj\u0105 Pa\u0144stwo wymieni\u0107 go na ten sam przedmiot, prosimy wys\u0142a\u0107 nam wiadomo\u015b\u0107 e-mail na adres {email address} i wys\u0142a\u0107 przedmiot na adres: {physical address}. <\/p>\n\n<h2 class=\"wp-block-heading\">Prezenty<\/h2>\n\n<p>Je\u015bli przedmiot zosta\u0142 oznaczony jako prezent w momencie zakupu i wys\u0142any bezpo\u015brednio do Pa\u0144stwa, otrzymaj\u0105 Pa\u0144stwo kredyt podarunkowy o warto\u015bci zwrotu. Po otrzymaniu zwr\u00f3conego przedmiotu, bon podarunkowy zostanie do Pa\u0144stwa wys\u0142any poczt\u0105. <\/p>\n\n<p>Je\u015bli przedmiot nie zosta\u0142 oznaczony jako prezent w momencie zakupu, lub osoba obdarowuj\u0105ca zleci\u0142a wysy\u0142k\u0119 zam\u00f3wienia do siebie, aby wr\u0119czy\u0107 go Pa\u0144stwu p\u00f3\u017aniej, wy\u015blemy zwrot pieni\u0119dzy do osoby obdarowuj\u0105cej, a ona dowie si\u0119 o Pa\u0144stwa zwrocie.<\/p>\n\n<h2 class=\"wp-block-heading\">Wysy\u0142ka zwrot\u00f3w<\/h2>\n\n<p>Aby zwr\u00f3ci\u0107 produkt, nale\u017cy wys\u0142a\u0107 go poczt\u0105 na adres: {physical address}.<\/p>\n\n<p>B\u0119d\u0105 Pa\u0144stwo odpowiedzialni za pokrycie koszt\u00f3w wysy\u0142ki zwracanego przedmiotu. Koszty wysy\u0142ki nie podlegaj\u0105 zwrotowi. Je\u015bli otrzymaj\u0105 Pa\u0144stwo zwrot pieni\u0119dzy, koszt wysy\u0142ki zwrotnej zostanie odliczony od Pa\u0144stwa zwrotu.  <\/p>\n\n<p>W zale\u017cno\u015bci od miejsca zamieszkania, czas, jaki mo\u017ce zaj\u0105\u0107 dotarcie wymienionego produktu do Pa\u0144stwa, mo\u017ce si\u0119 r\u00f3\u017cni\u0107.<\/p>\n\n<p>Je\u015bli zwracaj\u0105 Pa\u0144stwo dro\u017csze przedmioty, mog\u0105 Pa\u0144stwo rozwa\u017cy\u0107 skorzystanie z us\u0142ugi \u015bledzenia przesy\u0142ki lub wykupienie ubezpieczenia przesy\u0142ki. Nie gwarantujemy, \u017ce otrzymamy Pa\u0144stwa zwr\u00f3cony przedmiot. <\/p>\n\n<h2 class=\"wp-block-heading\">Potrzebuj\u0105 Pa\u0144stwo pomocy?<\/h2>\n\n<p>W przypadku pyta\u0144 dotycz\u0105cych zwrot\u00f3w i reklamacji prosimy o kontakt pod adresem {email}.<\/p>\n","protected":false},"excerpt":{"rendered":"<p>To jest przyk\u0142adowa strona. Przegl\u0105d Nasza polityka zwrot\u00f3w i reklamacji trwa 30 dni. Je\u015bli od daty zakupu up\u0142yn\u0119\u0142o 30 dni, nie mo\u017cemy zaoferowa\u0107 Pa\u0144stwu pe\u0142nego zwrotu pieni\u0119dzy ani wymiany. Aby kwalifikowa\u0107 si\u0119 do zwrotu, Pa\u0144stwa przedmiot musi by\u0107 nieu\u017cywany i w takim samym stanie, w jakim go Pa\u0144stwo otrzymali. Musi by\u0107 r\u00f3wnie\u017c w oryginalnym opakowaniu. &hellip; <\/p>\n<p class=\"more-link-wrap\"><a href=\"https:\/\/slimex.to\/pl\/polityka-zwrotow-i-reklamacji\/\" class=\"more-link\"><i class=\"opal-icon-plus\" aria-hidden=\"true\"><\/i><span>Read More<span class=\"screen-reader-text\"> &#8222;Polityka zwrot\u00f3w i reklamacji&#8221;<\/span><\/span><\/a><\/p>\n","protected":false},"author":1,"featured_media":0,"parent":0,"menu_order":0,"comment_status":"closed","ping_status":"closed","template":"","meta":{"inline_featured_image":false,"iawp_total_views":0,"footnotes":""},"class_list":["post-10121","page","type-page","status-publish","hentry"],"yoast_head":"<!-- This site is optimized with the Yoast SEO Premium plugin v27.2 (Yoast SEO v27.5) - https:\/\/yoast.com\/product\/yoast-seo-premium-wordpress\/ -->\n<title>Polityka zwrot\u00f3w i reklamacji - SLIMEX<\/title>\n<meta name=\"robots\" content=\"index, follow, max-snippet:-1, max-image-preview:large, max-video-preview:-1\" \/>\n<link rel=\"canonical\" href=\"https:\/\/slimex.to\/pl\/polityka-zwrotow-i-reklamacji\/\" \/>\n<meta property=\"og:locale\" content=\"pl_PL\" \/>\n<meta property=\"og:type\" content=\"article\" \/>\n<meta property=\"og:title\" content=\"Polityka zwrot\u00f3w i reklamacji\" \/>\n<meta property=\"og:description\" content=\"To jest przyk\u0142adowa strona. Przegl\u0105d Nasza polityka zwrot\u00f3w i reklamacji trwa 30 dni. Je\u015bli od daty zakupu up\u0142yn\u0119\u0142o 30 dni, nie mo\u017cemy zaoferowa\u0107 Pa\u0144stwu pe\u0142nego zwrotu pieni\u0119dzy ani wymiany. Aby kwalifikowa\u0107 si\u0119 do zwrotu, Pa\u0144stwa przedmiot musi by\u0107 nieu\u017cywany i w takim samym stanie, w jakim go Pa\u0144stwo otrzymali. Musi by\u0107 r\u00f3wnie\u017c w oryginalnym opakowaniu. &hellip; Read More &quot;Polityka zwrot\u00f3w i reklamacji&quot;\" \/>\n<meta property=\"og:url\" content=\"https:\/\/slimex.to\/pl\/polityka-zwrotow-i-reklamacji\/\" \/>\n<meta property=\"og:site_name\" content=\"SLIMEX\" \/>\n<meta property=\"article:modified_time\" content=\"2026-03-10T16:50:18+00:00\" \/>\n<meta name=\"twitter:card\" content=\"summary_large_image\" \/>\n<meta name=\"twitter:label1\" content=\"Szacowany czas czytania\" \/>\n\t<meta name=\"twitter:data1\" content=\"3 minuty\" \/>\n<script type=\"application\/ld+json\" class=\"yoast-schema-graph\">{\"@context\":\"https:\\\/\\\/schema.org\",\"@graph\":[{\"@type\":\"WebPage\",\"@id\":\"https:\\\/\\\/slimex.to\\\/pl\\\/polityka-zwrotow-i-reklamacji\\\/\",\"url\":\"https:\\\/\\\/slimex.to\\\/pl\\\/polityka-zwrotow-i-reklamacji\\\/\",\"name\":\"Polityka zwrot\u00f3w i reklamacji - SLIMEX\",\"isPartOf\":{\"@id\":\"https:\\\/\\\/slimex.to\\\/pl\\\/#website\"},\"datePublished\":\"2026-02-04T12:53:39+00:00\",\"dateModified\":\"2026-03-10T16:50:18+00:00\",\"breadcrumb\":{\"@id\":\"https:\\\/\\\/slimex.to\\\/pl\\\/polityka-zwrotow-i-reklamacji\\\/#breadcrumb\"},\"inLanguage\":\"pl-PL\",\"potentialAction\":[{\"@type\":\"ReadAction\",\"target\":[\"https:\\\/\\\/slimex.to\\\/pl\\\/polityka-zwrotow-i-reklamacji\\\/\"]}]},{\"@type\":\"BreadcrumbList\",\"@id\":\"https:\\\/\\\/slimex.to\\\/pl\\\/polityka-zwrotow-i-reklamacji\\\/#breadcrumb\",\"itemListElement\":[{\"@type\":\"ListItem\",\"position\":1,\"name\":\"Home\",\"item\":\"https:\\\/\\\/slimex.to\\\/pl\\\/strona-glowna\\\/\"},{\"@type\":\"ListItem\",\"position\":2,\"name\":\"Polityka zwrot\u00f3w i reklamacji\"}]},{\"@type\":\"WebSite\",\"@id\":\"https:\\\/\\\/slimex.to\\\/pl\\\/#website\",\"url\":\"https:\\\/\\\/slimex.to\\\/pl\\\/\",\"name\":\"SLIMEX\",\"description\":\"Highest Quality Peptides\",\"publisher\":{\"@id\":\"https:\\\/\\\/slimex.to\\\/pl\\\/#organization\"},\"potentialAction\":[{\"@type\":\"SearchAction\",\"target\":{\"@type\":\"EntryPoint\",\"urlTemplate\":\"https:\\\/\\\/slimex.to\\\/pl\\\/?s={search_term_string}\"},\"query-input\":{\"@type\":\"PropertyValueSpecification\",\"valueRequired\":true,\"valueName\":\"search_term_string\"}}],\"inLanguage\":\"pl-PL\"},{\"@type\":[\"Organization\",\"Place\",\"MedicalOrganization\"],\"@id\":\"https:\\\/\\\/slimex.to\\\/pl\\\/#organization\",\"name\":\"SLIMEX Peptides\",\"alternateName\":\"SLIMEX\",\"url\":\"https:\\\/\\\/slimex.to\\\/pl\\\/\",\"logo\":{\"@id\":\"https:\\\/\\\/slimex.to\\\/pl\\\/polityka-zwrotow-i-reklamacji\\\/#local-main-organization-logo\"},\"image\":{\"@id\":\"https:\\\/\\\/slimex.to\\\/pl\\\/polityka-zwrotow-i-reklamacji\\\/#local-main-organization-logo\"},\"description\":\"We are a medical online provider specializing in research peptides, including retatrutide, delivered with a focus on safety, quality, and evidence-based care.\",\"legalName\":\"CREDIT CREW s.r.o.\",\"foundingDate\":\"2024-08-20\",\"numberOfEmployees\":{\"@type\":\"QuantitativeValue\",\"minValue\":\"11\",\"maxValue\":\"50\"},\"address\":{\"@id\":\"https:\\\/\\\/slimex.to\\\/pl\\\/polityka-zwrotow-i-reklamacji\\\/#local-main-place-address\"},\"telephone\":[],\"contactPoint\":{\"@type\":\"ContactPoint\",\"email\":\"info@slimex.to\"},\"openingHoursSpecification\":[],\"email\":\"info@slimex.to\",\"areaServed\":\"Europe\"},{\"@type\":\"PostalAddress\",\"@id\":\"https:\\\/\\\/slimex.to\\\/pl\\\/polityka-zwrotow-i-reklamacji\\\/#local-main-place-address\",\"streetAddress\":\"Rybn\u00e1 716\\\/24\",\"addressLocality\":\"Prague\",\"postalCode\":\"11000\",\"addressRegion\":\"Czech republic\",\"addressCountry\":\"CZ\"},{\"@type\":\"ImageObject\",\"inLanguage\":\"pl-PL\",\"@id\":\"https:\\\/\\\/slimex.to\\\/pl\\\/polityka-zwrotow-i-reklamacji\\\/#local-main-organization-logo\",\"url\":\"https:\\\/\\\/slimex.to\\\/wp-content\\\/uploads\\\/2026\\\/01\\\/slimex-logo.png\",\"contentUrl\":\"https:\\\/\\\/slimex.to\\\/wp-content\\\/uploads\\\/2026\\\/01\\\/slimex-logo.png\",\"width\":725,\"height\":194,\"caption\":\"SLIMEX Peptides\"}]}<\/script>\n<meta name=\"geo.placename\" content=\"Prague\" \/>\n<meta name=\"geo.region\" content=\"Czechy\" \/>\n<!-- \/ Yoast SEO Premium plugin. -->","yoast_head_json":{"title":"Polityka zwrot\u00f3w i reklamacji - SLIMEX","robots":{"index":"index","follow":"follow","max-snippet":"max-snippet:-1","max-image-preview":"max-image-preview:large","max-video-preview":"max-video-preview:-1"},"canonical":"https:\/\/slimex.to\/pl\/polityka-zwrotow-i-reklamacji\/","og_locale":"pl_PL","og_type":"article","og_title":"Polityka zwrot\u00f3w i reklamacji","og_description":"To jest przyk\u0142adowa strona. Przegl\u0105d Nasza polityka zwrot\u00f3w i reklamacji trwa 30 dni. Je\u015bli od daty zakupu up\u0142yn\u0119\u0142o 30 dni, nie mo\u017cemy zaoferowa\u0107 Pa\u0144stwu pe\u0142nego zwrotu pieni\u0119dzy ani wymiany. Aby kwalifikowa\u0107 si\u0119 do zwrotu, Pa\u0144stwa przedmiot musi by\u0107 nieu\u017cywany i w takim samym stanie, w jakim go Pa\u0144stwo otrzymali. Musi by\u0107 r\u00f3wnie\u017c w oryginalnym opakowaniu. &hellip; Read More \"Polityka zwrot\u00f3w i reklamacji\"","og_url":"https:\/\/slimex.to\/pl\/polityka-zwrotow-i-reklamacji\/","og_site_name":"SLIMEX","article_modified_time":"2026-03-10T16:50:18+00:00","twitter_card":"summary_large_image","twitter_misc":{"Szacowany czas czytania":"3 minuty"},"schema":{"@context":"https:\/\/schema.org","@graph":[{"@type":"WebPage","@id":"https:\/\/slimex.to\/pl\/polityka-zwrotow-i-reklamacji\/","url":"https:\/\/slimex.to\/pl\/polityka-zwrotow-i-reklamacji\/","name":"Polityka zwrot\u00f3w i reklamacji - SLIMEX","isPartOf":{"@id":"https:\/\/slimex.to\/pl\/#website"},"datePublished":"2026-02-04T12:53:39+00:00","dateModified":"2026-03-10T16:50:18+00:00","breadcrumb":{"@id":"https:\/\/slimex.to\/pl\/polityka-zwrotow-i-reklamacji\/#breadcrumb"},"inLanguage":"pl-PL","potentialAction":[{"@type":"ReadAction","target":["https:\/\/slimex.to\/pl\/polityka-zwrotow-i-reklamacji\/"]}]},{"@type":"BreadcrumbList","@id":"https:\/\/slimex.to\/pl\/polityka-zwrotow-i-reklamacji\/#breadcrumb","itemListElement":[{"@type":"ListItem","position":1,"name":"Home","item":"https:\/\/slimex.to\/pl\/strona-glowna\/"},{"@type":"ListItem","position":2,"name":"Polityka zwrot\u00f3w i reklamacji"}]},{"@type":"WebSite","@id":"https:\/\/slimex.to\/pl\/#website","url":"https:\/\/slimex.to\/pl\/","name":"SLIMEX","description":"Highest Quality Peptides","publisher":{"@id":"https:\/\/slimex.to\/pl\/#organization"},"potentialAction":[{"@type":"SearchAction","target":{"@type":"EntryPoint","urlTemplate":"https:\/\/slimex.to\/pl\/?s={search_term_string}"},"query-input":{"@type":"PropertyValueSpecification","valueRequired":true,"valueName":"search_term_string"}}],"inLanguage":"pl-PL"},{"@type":["Organization","Place","MedicalOrganization"],"@id":"https:\/\/slimex.to\/pl\/#organization","name":"SLIMEX Peptides","alternateName":"SLIMEX","url":"https:\/\/slimex.to\/pl\/","logo":{"@id":"https:\/\/slimex.to\/pl\/polityka-zwrotow-i-reklamacji\/#local-main-organization-logo"},"image":{"@id":"https:\/\/slimex.to\/pl\/polityka-zwrotow-i-reklamacji\/#local-main-organization-logo"},"description":"We are a medical online provider specializing in research peptides, including retatrutide, delivered with a focus on safety, quality, and evidence-based care.","legalName":"CREDIT CREW s.r.o.","foundingDate":"2024-08-20","numberOfEmployees":{"@type":"QuantitativeValue","minValue":"11","maxValue":"50"},"address":{"@id":"https:\/\/slimex.to\/pl\/polityka-zwrotow-i-reklamacji\/#local-main-place-address"},"telephone":[],"contactPoint":{"@type":"ContactPoint","email":"info@slimex.to"},"openingHoursSpecification":[],"email":"info@slimex.to","areaServed":"Europe"},{"@type":"PostalAddress","@id":"https:\/\/slimex.to\/pl\/polityka-zwrotow-i-reklamacji\/#local-main-place-address","streetAddress":"Rybn\u00e1 716\/24","addressLocality":"Prague","postalCode":"11000","addressRegion":"Czech republic","addressCountry":"CZ"},{"@type":"ImageObject","inLanguage":"pl-PL","@id":"https:\/\/slimex.to\/pl\/polityka-zwrotow-i-reklamacji\/#local-main-organization-logo","url":"https:\/\/slimex.to\/wp-content\/uploads\/2026\/01\/slimex-logo.png","contentUrl":"https:\/\/slimex.to\/wp-content\/uploads\/2026\/01\/slimex-logo.png","width":725,"height":194,"caption":"SLIMEX Peptides"}]},"geo.placename":"Prague","geo.region":"Czechy"},"_links":{"self":[{"href":"https:\/\/slimex.to\/pl\/wp-json\/wp\/v2\/pages\/10121","targetHints":{"allow":["GET"]}}],"collection":[{"href":"https:\/\/slimex.to\/pl\/wp-json\/wp\/v2\/pages"}],"about":[{"href":"https:\/\/slimex.to\/pl\/wp-json\/wp\/v2\/types\/page"}],"author":[{"embeddable":true,"href":"https:\/\/slimex.to\/pl\/wp-json\/wp\/v2\/users\/1"}],"replies":[{"embeddable":true,"href":"https:\/\/slimex.to\/pl\/wp-json\/wp\/v2\/comments?post=10121"}],"version-history":[{"count":1,"href":"https:\/\/slimex.to\/pl\/wp-json\/wp\/v2\/pages\/10121\/revisions"}],"predecessor-version":[{"id":10122,"href":"https:\/\/slimex.to\/pl\/wp-json\/wp\/v2\/pages\/10121\/revisions\/10122"}],"wp:attachment":[{"href":"https:\/\/slimex.to\/pl\/wp-json\/wp\/v2\/media?parent=10121"}],"curies":[{"name":"wp","href":"https:\/\/api.w.org\/{rel}","templated":true}]}}