{"id":9689,"date":"2026-03-08T15:21:06","date_gmt":"2026-03-08T14:21:06","guid":{"rendered":"https:\/\/slimex.to\/blog\/"},"modified":"2026-04-09T22:26:34","modified_gmt":"2026-04-09T21:26:34","slug":"blog","status":"publish","type":"page","link":"https:\/\/slimex.to\/pl\/blog\/","title":{"rendered":"Blog"},"content":{"rendered":"\t\t<div data-elementor-type=\"wp-page\" data-elementor-id=\"9689\" class=\"elementor elementor-9689\">\n\t\t\t\t<div class=\"elementor-element elementor-element-541411b e-flex e-con-boxed e-con e-parent\" data-id=\"541411b\" data-element_type=\"container\" data-e-type=\"container\">\n\t\t\t\t\t<div class=\"e-con-inner\">\n\t\t\t\t<div class=\"elementor-element elementor-element-a5caeab elementor-widget elementor-widget-opal-post-grid\" data-id=\"a5caeab\" data-element_type=\"widget\" data-e-type=\"widget\" data-widget_type=\"opal-post-grid.default\">\n\t\t\t\t<div class=\"elementor-widget-container\">\n\t\t\t\t\t        <div class=\"elementor-post-wrapper post-style-1\">\n            <div class=\"row\" data-elementor-columns=\"4\" data-elementor-columns-tablet=\"2\" data-elementor-columns-mobile=\"1\">\n\n                <div class=\"column-item post-style-1\">\n    <div class=\"post-inner\">\n\n                    <div class=\"post-thumbnail\">\n                <a href=\"https:\/\/slimex.to\/pl\/skutki-uboczne-i-profil-bezpieczenstwa-retatrutydu-co-uzytkownicy-powinni-wiedziec\/\">\n                    <img fetchpriority=\"high\" decoding=\"async\" width=\"690\" height=\"340\" src=\"https:\/\/slimex.to\/wp-content\/uploads\/2026\/01\/side-effects-690x340.jpeg\" class=\"attachment-medilazar-featured-image-blog size-medilazar-featured-image-blog wp-post-image\" alt=\"Retatrutide side effects\" \/>                <\/a>\n            <\/div><!-- .post-thumbnail -->\n\n                <div class=\"post-content\">\n            <header class=\"entry-header\">\n                <h3 class=\"entry-title\"><a href=\"https:\/\/slimex.to\/pl\/skutki-uboczne-i-profil-bezpieczenstwa-retatrutydu-co-uzytkownicy-powinni-wiedziec\/\">Skutki uboczne i profil bezpiecze\u0144stwa Retatrutydu: Co u\u017cytkownicy powinni wiedzie\u0107<\/a><\/h3>\n                                    <div class=\"entry-meta\">\n                        <div class=\"meta-inner\"><span class=\"posted-on\"> Posted on: <time class=\"entry-date published updated\" datetime=\"2026-01-19T12:43:48+01:00\">19.01.2026<\/time><\/span><\/div>                    <\/div><!-- .entry-meta -->\n                \n            <\/header>\n            <div class=\"entry-content\">\n                <a class=\"more-link\" href=\"https:\/\/slimex.to\/pl\/skutki-uboczne-i-profil-bezpieczenstwa-retatrutydu-co-uzytkownicy-powinni-wiedziec\/\">\n                    <i class=\"opal-icon-plus\" aria-hidden=\"true\"><\/i>\n                    <span>Read more<\/span>\n                <\/a>\n            <\/div>\n        <\/div>\n\n    <\/div>\n<\/div><div class=\"column-item post-style-1\">\n    <div class=\"post-inner\">\n\n                    <div class=\"post-thumbnail\">\n                <a href=\"https:\/\/slimex.to\/pl\/oczekiwane-wyniki-utraty-wagi-z-retatrutydem-co-pokazuja-obecne-badania\/\">\n                    <img decoding=\"async\" width=\"690\" height=\"340\" src=\"https:\/\/slimex.to\/wp-content\/uploads\/2026\/01\/weight-los-690x340.jpeg\" class=\"attachment-medilazar-featured-image-blog size-medilazar-featured-image-blog wp-post-image\" alt=\"Weight care\" \/>                <\/a>\n            <\/div><!-- .post-thumbnail -->\n\n                <div class=\"post-content\">\n            <header class=\"entry-header\">\n                <h3 class=\"entry-title\"><a href=\"https:\/\/slimex.to\/pl\/oczekiwane-wyniki-utraty-wagi-z-retatrutydem-co-pokazuja-obecne-badania\/\">Oczekiwane wyniki utraty wagi z Retatrutydem: Co pokazuj\u0105 obecne badania<\/a><\/h3>\n                                    <div class=\"entry-meta\">\n                        <div class=\"meta-inner\"><span class=\"posted-on\"> Posted on: <time class=\"entry-date published updated\" datetime=\"2026-01-19T12:38:37+01:00\">19.01.2026<\/time><\/span><\/div>                    <\/div><!-- .entry-meta -->\n                \n            <\/header>\n            <div class=\"entry-content\">\n                <a class=\"more-link\" href=\"https:\/\/slimex.to\/pl\/oczekiwane-wyniki-utraty-wagi-z-retatrutydem-co-pokazuja-obecne-badania\/\">\n                    <i class=\"opal-icon-plus\" aria-hidden=\"true\"><\/i>\n                    <span>Read more<\/span>\n                <\/a>\n            <\/div>\n        <\/div>\n\n    <\/div>\n<\/div><div class=\"column-item post-style-1\">\n    <div class=\"post-inner\">\n\n                    <div class=\"post-thumbnail\">\n                <a href=\"https:\/\/slimex.to\/pl\/retatrutyd-vs-semaglutyd-vs-tirzepatyd-kluczowe-roznice-w-zarzadzaniu-waga\/\">\n                    <img decoding=\"async\" width=\"690\" height=\"340\" src=\"https:\/\/slimex.to\/wp-content\/uploads\/2026\/01\/retatrutide-vs-tirzepatide-690x340.jpeg\" class=\"attachment-medilazar-featured-image-blog size-medilazar-featured-image-blog wp-post-image\" alt=\"Retatrutide vs Tierzepatide\" \/>                <\/a>\n            <\/div><!-- .post-thumbnail -->\n\n                <div class=\"post-content\">\n            <header class=\"entry-header\">\n                <h3 class=\"entry-title\"><a href=\"https:\/\/slimex.to\/pl\/retatrutyd-vs-semaglutyd-vs-tirzepatyd-kluczowe-roznice-w-zarzadzaniu-waga\/\">Retatrutyd vs. Semaglutyd vs. Tirzepatyd: Kluczowe r\u00f3\u017cnice w zarz\u0105dzaniu wag\u0105<\/a><\/h3>\n                                    <div class=\"entry-meta\">\n                        <div class=\"meta-inner\"><span class=\"posted-on\"> Posted on: <time class=\"entry-date published updated\" datetime=\"2026-01-19T12:37:12+01:00\">19.01.2026<\/time><\/span><\/div>                    <\/div><!-- .entry-meta -->\n                \n            <\/header>\n            <div class=\"entry-content\">\n                <a class=\"more-link\" href=\"https:\/\/slimex.to\/pl\/retatrutyd-vs-semaglutyd-vs-tirzepatyd-kluczowe-roznice-w-zarzadzaniu-waga\/\">\n                    <i class=\"opal-icon-plus\" aria-hidden=\"true\"><\/i>\n                    <span>Read more<\/span>\n                <\/a>\n            <\/div>\n        <\/div>\n\n    <\/div>\n<\/div><div class=\"column-item post-style-1\">\n    <div class=\"post-inner\">\n\n                    <div class=\"post-thumbnail\">\n                <a href=\"https:\/\/slimex.to\/pl\/czym-jest-retatrutyd-i-dlaczego-wzbudza-tak-duze-zainteresowanie-w-kontekscie-odchudzania\/\">\n                    <img loading=\"lazy\" decoding=\"async\" width=\"690\" height=\"340\" src=\"https:\/\/slimex.to\/wp-content\/uploads\/2026\/01\/what-is-retatrutide-690x340.jpeg\" class=\"attachment-medilazar-featured-image-blog size-medilazar-featured-image-blog wp-post-image\" alt=\"What is Retatrutide\" \/>                <\/a>\n            <\/div><!-- .post-thumbnail -->\n\n                <div class=\"post-content\">\n            <header class=\"entry-header\">\n                <h3 class=\"entry-title\"><a href=\"https:\/\/slimex.to\/pl\/czym-jest-retatrutyd-i-dlaczego-wzbudza-tak-duze-zainteresowanie-w-kontekscie-odchudzania\/\">Czym jest Retatrutyd i dlaczego wzbudza tak du\u017ce zainteresowanie w kontek\u015bcie odchudzania?<\/a><\/h3>\n                                    <div class=\"entry-meta\">\n                        <div class=\"meta-inner\"><span class=\"posted-on\"> Posted on: <time class=\"entry-date published updated\" datetime=\"2026-01-19T12:14:43+01:00\">19.01.2026<\/time><\/span><\/div>                    <\/div><!-- .entry-meta -->\n                \n            <\/header>\n            <div class=\"entry-content\">\n                <a class=\"more-link\" href=\"https:\/\/slimex.to\/pl\/czym-jest-retatrutyd-i-dlaczego-wzbudza-tak-duze-zainteresowanie-w-kontekscie-odchudzania\/\">\n                    <i class=\"opal-icon-plus\" aria-hidden=\"true\"><\/i>\n                    <span>Read more<\/span>\n                <\/a>\n            <\/div>\n        <\/div>\n\n    <\/div>\n<\/div>            <\/div>\n\n                    <\/div>\n        \t\t\t\t<\/div>\n\t\t\t\t<\/div>\n\t\t\t\t\t<\/div>\n\t\t\t\t<\/div>\n\t\t\t\t<\/div>\n\t\t","protected":false},"excerpt":{"rendered":"","protected":false},"author":1,"featured_media":0,"parent":0,"menu_order":0,"comment_status":"closed","ping_status":"closed","template":"","meta":{"inline_featured_image":false,"iawp_total_views":2,"footnotes":""},"class_list":["post-9689","page","type-page","status-publish","hentry"],"yoast_head":"<!-- This site is optimized with the Yoast SEO Premium plugin v27.2 (Yoast SEO v27.5) - https:\/\/yoast.com\/product\/yoast-seo-premium-wordpress\/ -->\n<title>Blog - SLIMEX<\/title>\n<meta name=\"robots\" content=\"index, follow, max-snippet:-1, max-image-preview:large, max-video-preview:-1\" \/>\n<link rel=\"canonical\" href=\"https:\/\/slimex.to\/pl\/blog\/\" \/>\n<meta property=\"og:locale\" content=\"pl_PL\" \/>\n<meta property=\"og:type\" content=\"article\" \/>\n<meta property=\"og:title\" content=\"Blog\" \/>\n<meta property=\"og:url\" content=\"https:\/\/slimex.to\/pl\/blog\/\" \/>\n<meta property=\"og:site_name\" content=\"SLIMEX\" \/>\n<meta property=\"article:modified_time\" content=\"2026-04-09T21:26:34+00:00\" \/>\n<meta name=\"twitter:card\" content=\"summary_large_image\" \/>\n<script type=\"application\/ld+json\" class=\"yoast-schema-graph\">{\"@context\":\"https:\\\/\\\/schema.org\",\"@graph\":[{\"@type\":\"WebPage\",\"@id\":\"https:\\\/\\\/slimex.to\\\/pl\\\/blog\\\/\",\"url\":\"https:\\\/\\\/slimex.to\\\/pl\\\/blog\\\/\",\"name\":\"Blog - SLIMEX\",\"isPartOf\":{\"@id\":\"https:\\\/\\\/slimex.to\\\/pl\\\/#website\"},\"datePublished\":\"2026-03-08T14:21:06+00:00\",\"dateModified\":\"2026-04-09T21:26:34+00:00\",\"breadcrumb\":{\"@id\":\"https:\\\/\\\/slimex.to\\\/pl\\\/blog\\\/#breadcrumb\"},\"inLanguage\":\"pl-PL\",\"potentialAction\":[{\"@type\":\"ReadAction\",\"target\":[\"https:\\\/\\\/slimex.to\\\/pl\\\/blog\\\/\"]}]},{\"@type\":\"BreadcrumbList\",\"@id\":\"https:\\\/\\\/slimex.to\\\/pl\\\/blog\\\/#breadcrumb\",\"itemListElement\":[{\"@type\":\"ListItem\",\"position\":1,\"name\":\"Home\",\"item\":\"https:\\\/\\\/slimex.to\\\/pl\\\/strona-glowna\\\/\"},{\"@type\":\"ListItem\",\"position\":2,\"name\":\"Blog\"}]},{\"@type\":\"WebSite\",\"@id\":\"https:\\\/\\\/slimex.to\\\/pl\\\/#website\",\"url\":\"https:\\\/\\\/slimex.to\\\/pl\\\/\",\"name\":\"SLIMEX\",\"description\":\"Highest Quality Peptides\",\"publisher\":{\"@id\":\"https:\\\/\\\/slimex.to\\\/pl\\\/#organization\"},\"potentialAction\":[{\"@type\":\"SearchAction\",\"target\":{\"@type\":\"EntryPoint\",\"urlTemplate\":\"https:\\\/\\\/slimex.to\\\/pl\\\/?s={search_term_string}\"},\"query-input\":{\"@type\":\"PropertyValueSpecification\",\"valueRequired\":true,\"valueName\":\"search_term_string\"}}],\"inLanguage\":\"pl-PL\"},{\"@type\":[\"Organization\",\"Place\",\"MedicalOrganization\"],\"@id\":\"https:\\\/\\\/slimex.to\\\/pl\\\/#organization\",\"name\":\"SLIMEX Peptides\",\"alternateName\":\"SLIMEX\",\"url\":\"https:\\\/\\\/slimex.to\\\/pl\\\/\",\"logo\":{\"@id\":\"https:\\\/\\\/slimex.to\\\/pl\\\/blog\\\/#local-main-organization-logo\"},\"image\":{\"@id\":\"https:\\\/\\\/slimex.to\\\/pl\\\/blog\\\/#local-main-organization-logo\"},\"description\":\"We are a medical online provider specializing in research peptides, including retatrutide, delivered with a focus on safety, quality, and evidence-based care.\",\"legalName\":\"CREDIT CREW s.r.o.\",\"foundingDate\":\"2024-08-20\",\"numberOfEmployees\":{\"@type\":\"QuantitativeValue\",\"minValue\":\"11\",\"maxValue\":\"50\"},\"address\":{\"@id\":\"https:\\\/\\\/slimex.to\\\/pl\\\/blog\\\/#local-main-place-address\"},\"telephone\":[],\"contactPoint\":{\"@type\":\"ContactPoint\",\"email\":\"info@slimex.to\"},\"openingHoursSpecification\":[],\"email\":\"info@slimex.to\",\"areaServed\":\"Europe\"},{\"@type\":\"PostalAddress\",\"@id\":\"https:\\\/\\\/slimex.to\\\/pl\\\/blog\\\/#local-main-place-address\",\"streetAddress\":\"Rybn\u00e1 716\\\/24\",\"addressLocality\":\"Prague\",\"postalCode\":\"11000\",\"addressRegion\":\"Czech republic\",\"addressCountry\":\"CZ\"},{\"@type\":\"ImageObject\",\"inLanguage\":\"pl-PL\",\"@id\":\"https:\\\/\\\/slimex.to\\\/pl\\\/blog\\\/#local-main-organization-logo\",\"url\":\"https:\\\/\\\/slimex.to\\\/wp-content\\\/uploads\\\/2026\\\/01\\\/slimex-logo.png\",\"contentUrl\":\"https:\\\/\\\/slimex.to\\\/wp-content\\\/uploads\\\/2026\\\/01\\\/slimex-logo.png\",\"width\":725,\"height\":194,\"caption\":\"SLIMEX Peptides\"}]}<\/script>\n<meta name=\"geo.placename\" content=\"Prague\" \/>\n<meta name=\"geo.region\" content=\"Czechy\" \/>\n<!-- \/ Yoast SEO Premium plugin. -->","yoast_head_json":{"title":"Blog - SLIMEX","robots":{"index":"index","follow":"follow","max-snippet":"max-snippet:-1","max-image-preview":"max-image-preview:large","max-video-preview":"max-video-preview:-1"},"canonical":"https:\/\/slimex.to\/pl\/blog\/","og_locale":"pl_PL","og_type":"article","og_title":"Blog","og_url":"https:\/\/slimex.to\/pl\/blog\/","og_site_name":"SLIMEX","article_modified_time":"2026-04-09T21:26:34+00:00","twitter_card":"summary_large_image","schema":{"@context":"https:\/\/schema.org","@graph":[{"@type":"WebPage","@id":"https:\/\/slimex.to\/pl\/blog\/","url":"https:\/\/slimex.to\/pl\/blog\/","name":"Blog - SLIMEX","isPartOf":{"@id":"https:\/\/slimex.to\/pl\/#website"},"datePublished":"2026-03-08T14:21:06+00:00","dateModified":"2026-04-09T21:26:34+00:00","breadcrumb":{"@id":"https:\/\/slimex.to\/pl\/blog\/#breadcrumb"},"inLanguage":"pl-PL","potentialAction":[{"@type":"ReadAction","target":["https:\/\/slimex.to\/pl\/blog\/"]}]},{"@type":"BreadcrumbList","@id":"https:\/\/slimex.to\/pl\/blog\/#breadcrumb","itemListElement":[{"@type":"ListItem","position":1,"name":"Home","item":"https:\/\/slimex.to\/pl\/strona-glowna\/"},{"@type":"ListItem","position":2,"name":"Blog"}]},{"@type":"WebSite","@id":"https:\/\/slimex.to\/pl\/#website","url":"https:\/\/slimex.to\/pl\/","name":"SLIMEX","description":"Highest Quality Peptides","publisher":{"@id":"https:\/\/slimex.to\/pl\/#organization"},"potentialAction":[{"@type":"SearchAction","target":{"@type":"EntryPoint","urlTemplate":"https:\/\/slimex.to\/pl\/?s={search_term_string}"},"query-input":{"@type":"PropertyValueSpecification","valueRequired":true,"valueName":"search_term_string"}}],"inLanguage":"pl-PL"},{"@type":["Organization","Place","MedicalOrganization"],"@id":"https:\/\/slimex.to\/pl\/#organization","name":"SLIMEX Peptides","alternateName":"SLIMEX","url":"https:\/\/slimex.to\/pl\/","logo":{"@id":"https:\/\/slimex.to\/pl\/blog\/#local-main-organization-logo"},"image":{"@id":"https:\/\/slimex.to\/pl\/blog\/#local-main-organization-logo"},"description":"We are a medical online provider specializing in research peptides, including retatrutide, delivered with a focus on safety, quality, and evidence-based care.","legalName":"CREDIT CREW s.r.o.","foundingDate":"2024-08-20","numberOfEmployees":{"@type":"QuantitativeValue","minValue":"11","maxValue":"50"},"address":{"@id":"https:\/\/slimex.to\/pl\/blog\/#local-main-place-address"},"telephone":[],"contactPoint":{"@type":"ContactPoint","email":"info@slimex.to"},"openingHoursSpecification":[],"email":"info@slimex.to","areaServed":"Europe"},{"@type":"PostalAddress","@id":"https:\/\/slimex.to\/pl\/blog\/#local-main-place-address","streetAddress":"Rybn\u00e1 716\/24","addressLocality":"Prague","postalCode":"11000","addressRegion":"Czech republic","addressCountry":"CZ"},{"@type":"ImageObject","inLanguage":"pl-PL","@id":"https:\/\/slimex.to\/pl\/blog\/#local-main-organization-logo","url":"https:\/\/slimex.to\/wp-content\/uploads\/2026\/01\/slimex-logo.png","contentUrl":"https:\/\/slimex.to\/wp-content\/uploads\/2026\/01\/slimex-logo.png","width":725,"height":194,"caption":"SLIMEX Peptides"}]},"geo.placename":"Prague","geo.region":"Czechy"},"_links":{"self":[{"href":"https:\/\/slimex.to\/pl\/wp-json\/wp\/v2\/pages\/9689","targetHints":{"allow":["GET"]}}],"collection":[{"href":"https:\/\/slimex.to\/pl\/wp-json\/wp\/v2\/pages"}],"about":[{"href":"https:\/\/slimex.to\/pl\/wp-json\/wp\/v2\/types\/page"}],"author":[{"embeddable":true,"href":"https:\/\/slimex.to\/pl\/wp-json\/wp\/v2\/users\/1"}],"replies":[{"embeddable":true,"href":"https:\/\/slimex.to\/pl\/wp-json\/wp\/v2\/comments?post=9689"}],"version-history":[{"count":2,"href":"https:\/\/slimex.to\/pl\/wp-json\/wp\/v2\/pages\/9689\/revisions"}],"predecessor-version":[{"id":10601,"href":"https:\/\/slimex.to\/pl\/wp-json\/wp\/v2\/pages\/9689\/revisions\/10601"}],"wp:attachment":[{"href":"https:\/\/slimex.to\/pl\/wp-json\/wp\/v2\/media?parent=9689"}],"curies":[{"name":"wp","href":"https:\/\/api.w.org\/{rel}","templated":true}]}}