{"id":9977,"date":"2020-10-14T09:36:36","date_gmt":"2020-10-14T09:36:36","guid":{"rendered":"https:\/\/slimex.to\/sprzedaz-hurtowa\/"},"modified":"2026-03-10T16:46:33","modified_gmt":"2026-03-10T16:46:33","slug":"sprzedaz-hurtowa","status":"publish","type":"page","link":"https:\/\/slimex.to\/pl\/sprzedaz-hurtowa\/","title":{"rendered":"Sprzeda\u017c hurtowa"},"content":{"rendered":"\t\t<div data-elementor-type=\"wp-page\" data-elementor-id=\"9977\" class=\"elementor elementor-9977 elementor-54\">\n\t\t\t\t\t\t<section class=\"elementor-section elementor-top-section elementor-element elementor-element-e114644 elementor-section-full_width elementor-section-height-min-height elementor-section-content-middle elementor-section-stretched elementor-section-height-default elementor-section-items-middle\" data-id=\"e114644\" data-element_type=\"section\" data-e-type=\"section\" data-settings=\"{&quot;stretch_section&quot;:&quot;section-stretched&quot;,&quot;background_background&quot;:&quot;classic&quot;}\">\n\t\t\t\t\t\t<div class=\"elementor-container elementor-column-gap-no\">\n\t\t\t\t\t<div class=\"elementor-column elementor-col-100 elementor-top-column elementor-element elementor-element-65688f6\" data-id=\"65688f6\" data-element_type=\"column\" data-e-type=\"column\">\n\t\t\t<div class=\"elementor-widget-wrap elementor-element-populated\">\n\t\t\t\t\t\t<div class=\"elementor-element elementor-element-4fcb6f5 elementor-position-center elementor-widget-mobile__width-initial elementor-position-above elementor-widget elementor-widget-heading\" data-id=\"4fcb6f5\" data-element_type=\"widget\" data-e-type=\"widget\" data-widget_type=\"heading.default\">\n\t\t\t\t\t<div class=\"elementor-heading-wrapper\" ><div class=\"elementor-heading-wrapper-inner\"><h1 class=\"elementor-heading-title elementor-size-default\">Dostawa Retatrutide Premium dla partner\u00f3w medycznych i badawczych<\/h1><span class=\"sub-title\">Wholesale <span class=\"c-secondary\">Partnership<\/span> Program<\/span><\/div><\/div>\t\t\t\t<\/div>\n\t\t\t\t\t<\/div>\n\t\t<\/div>\n\t\t\t\t\t<\/div>\n\t\t<\/section>\n\t\t\t\t<section class=\"elementor-section elementor-top-section elementor-element elementor-element-b0f09d2 elementor-section-stretched elementor-section-boxed elementor-section-height-default elementor-section-height-default\" data-id=\"b0f09d2\" data-element_type=\"section\" data-e-type=\"section\" data-settings=\"{&quot;stretch_section&quot;:&quot;section-stretched&quot;}\">\n\t\t\t\t\t\t<div class=\"elementor-container elementor-column-gap-no\">\n\t\t\t\t\t<div class=\"elementor-column elementor-col-100 elementor-top-column elementor-element elementor-element-bd30bc4\" data-id=\"bd30bc4\" data-element_type=\"column\" data-e-type=\"column\">\n\t\t\t<div class=\"elementor-widget-wrap elementor-element-populated\">\n\t\t\t\t\t\t<div class=\"elementor-element elementor-element-4af2308 elementor-widget__width-initial elementor-position-center elementor-position-below elementor-widget elementor-widget-heading\" data-id=\"4af2308\" data-element_type=\"widget\" data-e-type=\"widget\" data-widget_type=\"heading.default\">\n\t\t\t\t\t<div class=\"elementor-heading-wrapper\" ><div class=\"elementor-heading-wrapper-inner\"><h2 class=\"elementor-heading-title elementor-size-default\">Wsp\u00f3\u0142pracuj z zaufanym dostawc\u0105 medycznym<\/h2><span class=\"sub-title\">We provide reliable bulk supply solutions tailored for licensed clinics, pharmacies, and research institutions.<\/span><\/div><\/div>\t\t\t\t<\/div>\n\t\t\t\t<section class=\"elementor-section elementor-inner-section elementor-element elementor-element-74c1ea9 elementor-section-boxed elementor-section-height-default elementor-section-height-default\" data-id=\"74c1ea9\" data-element_type=\"section\" data-e-type=\"section\">\n\t\t\t\t\t\t<div class=\"elementor-container elementor-column-gap-no\">\n\t\t\t\t\t<div class=\"elementor-column elementor-col-25 elementor-inner-column elementor-element elementor-element-3d7bb5f\" data-id=\"3d7bb5f\" data-element_type=\"column\" data-e-type=\"column\">\n\t\t\t<div class=\"elementor-widget-wrap elementor-element-populated\">\n\t\t\t\t\t\t<div class=\"elementor-element elementor-element-91bd4bb elementor-icon-bg-yes elementor-button-default elementor-widget elementor-widget-featured-box\" data-id=\"91bd4bb\" data-element_type=\"widget\" data-e-type=\"widget\" data-widget_type=\"featured-box.default\">\n\t\t\t\t<div class=\"elementor-widget-container\">\n\t\t\t\t\t<div class=\"elementor-featured-box-wrapper\"><div class=\"elementor-featured-box-top\"><div class=\"elementor-featured-box-icon\"><i class=\"opal-icon-e-pharmacy\" aria-hidden=\"true\" ><\/i><\/div><\/div><div class=\"elementor-featured-box-bottom\"><h3 class=\"elementor-featured-box-title typo-heading\">Licencjonowana dystrybucja<\/h3><p class=\"elementor-featured-box-description\">Dost\u0119p hurtowy dost\u0119pny wy\u0142\u0105cznie dla zweryfikowanych specjalist\u00f3w medycznych i badawczych.<\/p><\/div><\/div>\t\t\t\t<\/div>\n\t\t\t\t<\/div>\n\t\t\t\t\t<\/div>\n\t\t<\/div>\n\t\t\t\t<div class=\"elementor-column elementor-col-25 elementor-inner-column elementor-element elementor-element-3f44cb2\" data-id=\"3f44cb2\" data-element_type=\"column\" data-e-type=\"column\">\n\t\t\t<div class=\"elementor-widget-wrap elementor-element-populated\">\n\t\t\t\t\t\t<div class=\"elementor-element elementor-element-fe7aa4a elementor-icon-bg-yes elementor-button-default elementor-widget elementor-widget-featured-box\" data-id=\"fe7aa4a\" data-element_type=\"widget\" data-e-type=\"widget\" data-widget_type=\"featured-box.default\">\n\t\t\t\t<div class=\"elementor-widget-container\">\n\t\t\t\t\t<div class=\"elementor-featured-box-wrapper\"><div class=\"elementor-featured-box-top\"><div class=\"elementor-featured-box-icon\"><i class=\"opal-icon-consultations\" aria-hidden=\"true\" ><\/i><\/div><\/div><div class=\"elementor-featured-box-bottom\"><h3 class=\"elementor-featured-box-title typo-heading\">Konkurencyjne ceny hurtowe<\/h3><p class=\"elementor-featured-box-description\">Strukturalne progi cenowe zaprojektowane z my\u015bl\u0105 o trwa\u0142ych, d\u0142ugoterminowych partnerstwach biznesowych.<\/p><\/div><\/div>\t\t\t\t<\/div>\n\t\t\t\t<\/div>\n\t\t\t\t\t<\/div>\n\t\t<\/div>\n\t\t\t\t<div class=\"elementor-column elementor-col-25 elementor-inner-column elementor-element elementor-element-fd10027\" data-id=\"fd10027\" data-element_type=\"column\" data-e-type=\"column\">\n\t\t\t<div class=\"elementor-widget-wrap elementor-element-populated\">\n\t\t\t\t\t\t<div class=\"elementor-element elementor-element-e91b8dd elementor-icon-bg-yes elementor-button-default elementor-widget elementor-widget-featured-box\" data-id=\"e91b8dd\" data-element_type=\"widget\" data-e-type=\"widget\" data-widget_type=\"featured-box.default\">\n\t\t\t\t<div class=\"elementor-widget-container\">\n\t\t\t\t\t<div class=\"elementor-featured-box-wrapper\"><div class=\"elementor-featured-box-top\"><div class=\"elementor-featured-box-icon\"><i class=\"opal-icon-labs-tests\" aria-hidden=\"true\" ><\/i><\/div><\/div><div class=\"elementor-featured-box-bottom\"><h3 class=\"elementor-featured-box-title typo-heading\">Jako\u015b\u0107 i zgodno\u015b\u0107<\/h3><p class=\"elementor-featured-box-description\">Produkty pozyskiwane i przechowywane zgodnie z rygorystycznymi standardami jako\u015bci i magazynowania.<\/p><\/div><\/div>\t\t\t\t<\/div>\n\t\t\t\t<\/div>\n\t\t\t\t\t<\/div>\n\t\t<\/div>\n\t\t\t\t<div class=\"elementor-column elementor-col-25 elementor-inner-column elementor-element elementor-element-8b20373\" data-id=\"8b20373\" data-element_type=\"column\" data-e-type=\"column\">\n\t\t\t<div class=\"elementor-widget-wrap elementor-element-populated\">\n\t\t\t\t\t\t<div class=\"elementor-element elementor-element-5979607 elementor-icon-bg-yes elementor-button-default elementor-widget elementor-widget-featured-box\" data-id=\"5979607\" data-element_type=\"widget\" data-e-type=\"widget\" data-widget_type=\"featured-box.default\">\n\t\t\t\t<div class=\"elementor-widget-container\">\n\t\t\t\t\t<div class=\"elementor-featured-box-wrapper\"><div class=\"elementor-featured-box-top\"><div class=\"elementor-featured-box-icon\"><i class=\"opal-icon-authentic\" aria-hidden=\"true\" ><\/i><\/div><\/div><div class=\"elementor-featured-box-bottom\"><h3 class=\"elementor-featured-box-title typo-heading\">Dedykowane wsparcie konta<\/h3><p class=\"elementor-featured-box-description\">Spersonalizowana pomoc w zakresie zam\u00f3wie\u0144, koordynacji logistycznej i bie\u017c\u0105cych potrzeb partnerskich.<\/p><\/div><\/div>\t\t\t\t<\/div>\n\t\t\t\t<\/div>\n\t\t\t\t\t<\/div>\n\t\t<\/div>\n\t\t\t\t\t<\/div>\n\t\t<\/section>\n\t\t\t\t\t<\/div>\n\t\t<\/div>\n\t\t\t\t\t<\/div>\n\t\t<\/section>\n\t\t\t\t<section class=\"elementor-section elementor-top-section elementor-element elementor-element-d1275d9 elementor-section-full_width elementor-section-height-min-height elementor-section-content-middle elementor-section-stretched elementor-section-height-default elementor-section-items-middle\" data-id=\"d1275d9\" data-element_type=\"section\" data-e-type=\"section\" data-settings=\"{&quot;stretch_section&quot;:&quot;section-stretched&quot;,&quot;background_background&quot;:&quot;classic&quot;}\">\n\t\t\t\t\t\t<div class=\"elementor-container elementor-column-gap-no\">\n\t\t\t\t\t<div class=\"elementor-column elementor-col-100 elementor-top-column elementor-element elementor-element-9df5cc1\" data-id=\"9df5cc1\" data-element_type=\"column\" data-e-type=\"column\">\n\t\t\t<div class=\"elementor-widget-wrap elementor-element-populated\">\n\t\t\t\t\t\t<div class=\"elementor-element elementor-element-d8ff3b2 elementor-position-center elementor-widget__width-initial elementor-widget-mobile__width-initial elementor-position-below elementor-widget elementor-widget-heading\" data-id=\"d8ff3b2\" data-element_type=\"widget\" data-e-type=\"widget\" data-widget_type=\"heading.default\">\n\t\t\t\t\t<div class=\"elementor-heading-wrapper\" ><div class=\"elementor-heading-wrapper-inner\"><h1 class=\"elementor-heading-title elementor-size-default\">Gotowy, aby zosta\u0107 partnerem hurtowym?<\/h1><\/div><\/div>\t\t\t\t<\/div>\n\t\t\t\t<div class=\"elementor-element elementor-element-c5c9fb0 elementor-align-center elementor-button-primary elementor-widget elementor-widget-button\" data-id=\"c5c9fb0\" data-element_type=\"widget\" data-e-type=\"widget\" data-widget_type=\"button.default\">\n\t\t\t\t\t        <div class=\"elementor-button-wrapper\">\n            <a href=\"https:\/\/slimex.to\/pl\/kontakt\/\" class=\"elementor-button-link elementor-button elementor-size-lg\" target=\"_blank\" rel=\"nofollow\" role=\"button\">\n                        <span class=\"elementor-button-content-wrapper\">\n\t\t\t            <span class=\"elementor-button-text\">Popro\u015b o informacje hurtowe<\/span>\n\t\t<\/span>\n\n\n                <\/a>\n        <\/div>\n        \t\t\t\t<\/div>\n\t\t\t\t\t<\/div>\n\t\t<\/div>\n\t\t\t\t\t<\/div>\n\t\t<\/section>\n\t\t\t\t<\/div>\n\t\t","protected":false},"excerpt":{"rendered":"<p>Dostawa Retatrutide Premium dla partner\u00f3w medycznych i badawczych Wholesale Partnership Program Wsp\u00f3\u0142pracuj z zaufanym dostawc\u0105 medycznym We provide reliable bulk supply solutions tailored for licensed clinics, pharmacies, and research institutions. Licencjonowana dystrybucja Dost\u0119p hurtowy dost\u0119pny wy\u0142\u0105cznie dla zweryfikowanych specjalist\u00f3w medycznych i badawczych. Konkurencyjne ceny hurtowe Strukturalne progi cenowe zaprojektowane z my\u015bl\u0105 o trwa\u0142ych, d\u0142ugoterminowych partnerstwach &hellip; <\/p>\n<p class=\"more-link-wrap\"><a href=\"https:\/\/slimex.to\/pl\/sprzedaz-hurtowa\/\" class=\"more-link\"><i class=\"opal-icon-plus\" aria-hidden=\"true\"><\/i><span>Read More<span class=\"screen-reader-text\"> &#8222;Sprzeda\u017c hurtowa&#8221;<\/span><\/span><\/a><\/p>\n","protected":false},"author":1,"featured_media":0,"parent":0,"menu_order":0,"comment_status":"closed","ping_status":"closed","template":"page-elementor.php","meta":{"inline_featured_image":false,"iawp_total_views":0,"footnotes":""},"class_list":["post-9977","page","type-page","status-publish","hentry"],"yoast_head":"<!-- This site is optimized with the Yoast SEO Premium plugin v27.2 (Yoast SEO v27.5) - https:\/\/yoast.com\/product\/yoast-seo-premium-wordpress\/ -->\n<title>Sprzeda\u017c hurtowa - SLIMEX<\/title>\n<meta name=\"robots\" content=\"index, follow, max-snippet:-1, max-image-preview:large, max-video-preview:-1\" \/>\n<link rel=\"canonical\" href=\"https:\/\/slimex.to\/pl\/sprzedaz-hurtowa\/\" \/>\n<meta property=\"og:locale\" content=\"pl_PL\" \/>\n<meta property=\"og:type\" content=\"article\" \/>\n<meta property=\"og:title\" content=\"Sprzeda\u017c hurtowa\" \/>\n<meta property=\"og:description\" content=\"Dostawa Retatrutide Premium dla partner\u00f3w medycznych i badawczych Wholesale Partnership Program Wsp\u00f3\u0142pracuj z zaufanym dostawc\u0105 medycznym We provide reliable bulk supply solutions tailored for licensed clinics, pharmacies, and research institutions. Licencjonowana dystrybucja Dost\u0119p hurtowy dost\u0119pny wy\u0142\u0105cznie dla zweryfikowanych specjalist\u00f3w medycznych i badawczych. Konkurencyjne ceny hurtowe Strukturalne progi cenowe zaprojektowane z my\u015bl\u0105 o trwa\u0142ych, d\u0142ugoterminowych partnerstwach &hellip; Read More &quot;Sprzeda\u017c hurtowa&quot;\" \/>\n<meta property=\"og:url\" content=\"https:\/\/slimex.to\/pl\/sprzedaz-hurtowa\/\" \/>\n<meta property=\"og:site_name\" content=\"SLIMEX\" \/>\n<meta property=\"article:modified_time\" content=\"2026-03-10T16:46:33+00:00\" \/>\n<meta name=\"twitter:card\" content=\"summary_large_image\" \/>\n<meta name=\"twitter:label1\" content=\"Szacowany czas czytania\" \/>\n\t<meta name=\"twitter:data1\" content=\"1 minuta\" \/>\n<script type=\"application\/ld+json\" class=\"yoast-schema-graph\">{\"@context\":\"https:\\\/\\\/schema.org\",\"@graph\":[{\"@type\":\"WebPage\",\"@id\":\"https:\\\/\\\/slimex.to\\\/pl\\\/sprzedaz-hurtowa\\\/\",\"url\":\"https:\\\/\\\/slimex.to\\\/pl\\\/sprzedaz-hurtowa\\\/\",\"name\":\"Sprzeda\u017c hurtowa - SLIMEX\",\"isPartOf\":{\"@id\":\"https:\\\/\\\/slimex.to\\\/pl\\\/#website\"},\"datePublished\":\"2020-10-14T09:36:36+00:00\",\"dateModified\":\"2026-03-10T16:46:33+00:00\",\"breadcrumb\":{\"@id\":\"https:\\\/\\\/slimex.to\\\/pl\\\/sprzedaz-hurtowa\\\/#breadcrumb\"},\"inLanguage\":\"pl-PL\",\"potentialAction\":[{\"@type\":\"ReadAction\",\"target\":[\"https:\\\/\\\/slimex.to\\\/pl\\\/sprzedaz-hurtowa\\\/\"]}]},{\"@type\":\"BreadcrumbList\",\"@id\":\"https:\\\/\\\/slimex.to\\\/pl\\\/sprzedaz-hurtowa\\\/#breadcrumb\",\"itemListElement\":[{\"@type\":\"ListItem\",\"position\":1,\"name\":\"Home\",\"item\":\"https:\\\/\\\/slimex.to\\\/pl\\\/strona-glowna\\\/\"},{\"@type\":\"ListItem\",\"position\":2,\"name\":\"Sprzeda\u017c hurtowa\"}]},{\"@type\":\"WebSite\",\"@id\":\"https:\\\/\\\/slimex.to\\\/pl\\\/#website\",\"url\":\"https:\\\/\\\/slimex.to\\\/pl\\\/\",\"name\":\"SLIMEX\",\"description\":\"Highest Quality Peptides\",\"publisher\":{\"@id\":\"https:\\\/\\\/slimex.to\\\/pl\\\/#organization\"},\"potentialAction\":[{\"@type\":\"SearchAction\",\"target\":{\"@type\":\"EntryPoint\",\"urlTemplate\":\"https:\\\/\\\/slimex.to\\\/pl\\\/?s={search_term_string}\"},\"query-input\":{\"@type\":\"PropertyValueSpecification\",\"valueRequired\":true,\"valueName\":\"search_term_string\"}}],\"inLanguage\":\"pl-PL\"},{\"@type\":[\"Organization\",\"Place\",\"MedicalOrganization\"],\"@id\":\"https:\\\/\\\/slimex.to\\\/pl\\\/#organization\",\"name\":\"SLIMEX Peptides\",\"alternateName\":\"SLIMEX\",\"url\":\"https:\\\/\\\/slimex.to\\\/pl\\\/\",\"logo\":{\"@id\":\"https:\\\/\\\/slimex.to\\\/pl\\\/sprzedaz-hurtowa\\\/#local-main-organization-logo\"},\"image\":{\"@id\":\"https:\\\/\\\/slimex.to\\\/pl\\\/sprzedaz-hurtowa\\\/#local-main-organization-logo\"},\"description\":\"We are a medical online provider specializing in research peptides, including retatrutide, delivered with a focus on safety, quality, and evidence-based care.\",\"legalName\":\"CREDIT CREW s.r.o.\",\"foundingDate\":\"2024-08-20\",\"numberOfEmployees\":{\"@type\":\"QuantitativeValue\",\"minValue\":\"11\",\"maxValue\":\"50\"},\"address\":{\"@id\":\"https:\\\/\\\/slimex.to\\\/pl\\\/sprzedaz-hurtowa\\\/#local-main-place-address\"},\"telephone\":[],\"contactPoint\":{\"@type\":\"ContactPoint\",\"email\":\"info@slimex.to\"},\"openingHoursSpecification\":[],\"email\":\"info@slimex.to\",\"areaServed\":\"Europe\"},{\"@type\":\"PostalAddress\",\"@id\":\"https:\\\/\\\/slimex.to\\\/pl\\\/sprzedaz-hurtowa\\\/#local-main-place-address\",\"streetAddress\":\"Rybn\u00e1 716\\\/24\",\"addressLocality\":\"Prague\",\"postalCode\":\"11000\",\"addressRegion\":\"Czech republic\",\"addressCountry\":\"CZ\"},{\"@type\":\"ImageObject\",\"inLanguage\":\"pl-PL\",\"@id\":\"https:\\\/\\\/slimex.to\\\/pl\\\/sprzedaz-hurtowa\\\/#local-main-organization-logo\",\"url\":\"https:\\\/\\\/slimex.to\\\/wp-content\\\/uploads\\\/2026\\\/01\\\/slimex-logo.png\",\"contentUrl\":\"https:\\\/\\\/slimex.to\\\/wp-content\\\/uploads\\\/2026\\\/01\\\/slimex-logo.png\",\"width\":725,\"height\":194,\"caption\":\"SLIMEX Peptides\"}]}<\/script>\n<meta name=\"geo.placename\" content=\"Prague\" \/>\n<meta name=\"geo.region\" content=\"Czechy\" \/>\n<!-- \/ Yoast SEO Premium plugin. -->","yoast_head_json":{"title":"Sprzeda\u017c hurtowa - SLIMEX","robots":{"index":"index","follow":"follow","max-snippet":"max-snippet:-1","max-image-preview":"max-image-preview:large","max-video-preview":"max-video-preview:-1"},"canonical":"https:\/\/slimex.to\/pl\/sprzedaz-hurtowa\/","og_locale":"pl_PL","og_type":"article","og_title":"Sprzeda\u017c hurtowa","og_description":"Dostawa Retatrutide Premium dla partner\u00f3w medycznych i badawczych Wholesale Partnership Program Wsp\u00f3\u0142pracuj z zaufanym dostawc\u0105 medycznym We provide reliable bulk supply solutions tailored for licensed clinics, pharmacies, and research institutions. Licencjonowana dystrybucja Dost\u0119p hurtowy dost\u0119pny wy\u0142\u0105cznie dla zweryfikowanych specjalist\u00f3w medycznych i badawczych. Konkurencyjne ceny hurtowe Strukturalne progi cenowe zaprojektowane z my\u015bl\u0105 o trwa\u0142ych, d\u0142ugoterminowych partnerstwach &hellip; Read More \"Sprzeda\u017c hurtowa\"","og_url":"https:\/\/slimex.to\/pl\/sprzedaz-hurtowa\/","og_site_name":"SLIMEX","article_modified_time":"2026-03-10T16:46:33+00:00","twitter_card":"summary_large_image","twitter_misc":{"Szacowany czas czytania":"1 minuta"},"schema":{"@context":"https:\/\/schema.org","@graph":[{"@type":"WebPage","@id":"https:\/\/slimex.to\/pl\/sprzedaz-hurtowa\/","url":"https:\/\/slimex.to\/pl\/sprzedaz-hurtowa\/","name":"Sprzeda\u017c hurtowa - SLIMEX","isPartOf":{"@id":"https:\/\/slimex.to\/pl\/#website"},"datePublished":"2020-10-14T09:36:36+00:00","dateModified":"2026-03-10T16:46:33+00:00","breadcrumb":{"@id":"https:\/\/slimex.to\/pl\/sprzedaz-hurtowa\/#breadcrumb"},"inLanguage":"pl-PL","potentialAction":[{"@type":"ReadAction","target":["https:\/\/slimex.to\/pl\/sprzedaz-hurtowa\/"]}]},{"@type":"BreadcrumbList","@id":"https:\/\/slimex.to\/pl\/sprzedaz-hurtowa\/#breadcrumb","itemListElement":[{"@type":"ListItem","position":1,"name":"Home","item":"https:\/\/slimex.to\/pl\/strona-glowna\/"},{"@type":"ListItem","position":2,"name":"Sprzeda\u017c hurtowa"}]},{"@type":"WebSite","@id":"https:\/\/slimex.to\/pl\/#website","url":"https:\/\/slimex.to\/pl\/","name":"SLIMEX","description":"Highest Quality Peptides","publisher":{"@id":"https:\/\/slimex.to\/pl\/#organization"},"potentialAction":[{"@type":"SearchAction","target":{"@type":"EntryPoint","urlTemplate":"https:\/\/slimex.to\/pl\/?s={search_term_string}"},"query-input":{"@type":"PropertyValueSpecification","valueRequired":true,"valueName":"search_term_string"}}],"inLanguage":"pl-PL"},{"@type":["Organization","Place","MedicalOrganization"],"@id":"https:\/\/slimex.to\/pl\/#organization","name":"SLIMEX Peptides","alternateName":"SLIMEX","url":"https:\/\/slimex.to\/pl\/","logo":{"@id":"https:\/\/slimex.to\/pl\/sprzedaz-hurtowa\/#local-main-organization-logo"},"image":{"@id":"https:\/\/slimex.to\/pl\/sprzedaz-hurtowa\/#local-main-organization-logo"},"description":"We are a medical online provider specializing in research peptides, including retatrutide, delivered with a focus on safety, quality, and evidence-based care.","legalName":"CREDIT CREW s.r.o.","foundingDate":"2024-08-20","numberOfEmployees":{"@type":"QuantitativeValue","minValue":"11","maxValue":"50"},"address":{"@id":"https:\/\/slimex.to\/pl\/sprzedaz-hurtowa\/#local-main-place-address"},"telephone":[],"contactPoint":{"@type":"ContactPoint","email":"info@slimex.to"},"openingHoursSpecification":[],"email":"info@slimex.to","areaServed":"Europe"},{"@type":"PostalAddress","@id":"https:\/\/slimex.to\/pl\/sprzedaz-hurtowa\/#local-main-place-address","streetAddress":"Rybn\u00e1 716\/24","addressLocality":"Prague","postalCode":"11000","addressRegion":"Czech republic","addressCountry":"CZ"},{"@type":"ImageObject","inLanguage":"pl-PL","@id":"https:\/\/slimex.to\/pl\/sprzedaz-hurtowa\/#local-main-organization-logo","url":"https:\/\/slimex.to\/wp-content\/uploads\/2026\/01\/slimex-logo.png","contentUrl":"https:\/\/slimex.to\/wp-content\/uploads\/2026\/01\/slimex-logo.png","width":725,"height":194,"caption":"SLIMEX Peptides"}]},"geo.placename":"Prague","geo.region":"Czechy"},"_links":{"self":[{"href":"https:\/\/slimex.to\/pl\/wp-json\/wp\/v2\/pages\/9977","targetHints":{"allow":["GET"]}}],"collection":[{"href":"https:\/\/slimex.to\/pl\/wp-json\/wp\/v2\/pages"}],"about":[{"href":"https:\/\/slimex.to\/pl\/wp-json\/wp\/v2\/types\/page"}],"author":[{"embeddable":true,"href":"https:\/\/slimex.to\/pl\/wp-json\/wp\/v2\/users\/1"}],"replies":[{"embeddable":true,"href":"https:\/\/slimex.to\/pl\/wp-json\/wp\/v2\/comments?post=9977"}],"version-history":[{"count":1,"href":"https:\/\/slimex.to\/pl\/wp-json\/wp\/v2\/pages\/9977\/revisions"}],"predecessor-version":[{"id":9994,"href":"https:\/\/slimex.to\/pl\/wp-json\/wp\/v2\/pages\/9977\/revisions\/9994"}],"wp:attachment":[{"href":"https:\/\/slimex.to\/pl\/wp-json\/wp\/v2\/media?parent=9977"}],"curies":[{"name":"wp","href":"https:\/\/api.w.org\/{rel}","templated":true}]}}