{"id":10175,"date":"2026-02-22T12:53:46","date_gmt":"2026-02-22T12:53:46","guid":{"rendered":"https:\/\/slimex.to\/product\/sema-semaglutyd-2-mg\/"},"modified":"2026-04-16T20:17:03","modified_gmt":"2026-04-16T19:17:03","slug":"sema-semaglutyd-2-mg","status":"publish","type":"product","link":"https:\/\/slimex.to\/pl\/produkt\/sema-semaglutyd-2-mg\/","title":{"rendered":"SEMA &#8211; Semaglutyd 2 mg"},"content":{"rendered":"<p data-start=\"689\" data-end=\"967\"><strong data-start=\"689\" data-end=\"709\">Semaglutyd 2 mg<\/strong> to najwy\u017cszej jako\u015bci liofilizowany peptyd badawczy, dostarczany w sterylnej szklanej fiolce zawieraj\u0105cej 2 mg na fiolk\u0119. Semaglutyd selektywnie celuje w receptor GLP-1 (peptydu glukagonopodobnego typu 1), kt\u00f3ry jest kluczowym regulatorem metabolicznych szlak\u00f3w sygna\u0142owych. <\/p>\n<p data-start=\"969\" data-end=\"1276\">Peptyd ten jest szeroko badany w warunkach przedklinicznych i laboratoryjnych pod k\u0105tem jego wp\u0142ywu na metabolizm glukozy, r\u00f3wnowag\u0119 energetyczn\u0105 i powi\u0105zane szlaki endokrynne. Semaglutyd jest przeznaczony wy\u0142\u0105cznie do bada\u0144 laboratoryjnych i naukowych i <strong data-start=\"1233\" data-end=\"1275\">nie jest zatwierdzony do stosowania u ludzi ani w zastosowaniach klinicznych<\/strong>. <\/p>\n<hr data-start=\"1278\" data-end=\"1281\">\n<h3 data-start=\"1283\" data-end=\"1310\"><strong data-start=\"1287\" data-end=\"1310\">Mechanizm dzia\u0142ania<\/strong><\/h3>\n<p data-start=\"1312\" data-end=\"1405\">Semaglutyd zosta\u0142 zaprojektowany tak, aby selektywnie aktywowa\u0107 <strong data-start=\"1362\" data-end=\"1381\">receptory GLP-1<\/strong>, kt\u00f3re s\u0105 zaanga\u017cowane w:<\/p>\n<p data-start=\"1407\" data-end=\"1524\">\u2022 Sygnalizacj\u0119 insulinow\u0105 zale\u017cn\u0105 od glukozy<br data-start=\"1444\" data-end=\"1447\">\u2022 Regulacj\u0119 apetytu i badania syto\u015bci<br data-start=\"1489\" data-end=\"1492\">\u2022 Modulacj\u0119 szlak\u00f3w metabolicznych<\/p>\n<p data-start=\"1526\" data-end=\"1663\">Ta selektywna aktywno\u015b\u0107 receptorowa sprawia, \u017ce semaglutyd jest szeroko stosowanym narz\u0119dziem w badaniach laboratoryjnych dotycz\u0105cych proces\u00f3w endokrynnych i metabolicznych.<\/p>\n<hr data-start=\"1665\" data-end=\"1668\">\n<h3 data-start=\"1670\" data-end=\"1699\"><strong data-start=\"1674\" data-end=\"1699\">Zastosowania badawcze<\/strong><\/h3>\n<p data-start=\"1701\" data-end=\"1762\">Semaglutyd 2 mg jest powszechnie stosowany w badaniach laboratoryjnych do:<\/p>\n<p data-start=\"1764\" data-end=\"2041\">\u2022 Bada\u0144 metabolizmu glukozy<br data-start=\"1792\" data-end=\"1795\">\u2022 Bada\u0144 wra\u017cliwo\u015bci na insulin\u0119<br data-start=\"1825\" data-end=\"1828\">\u2022 Modelowania apetytu i r\u00f3wnowagi energetycznej<br data-start=\"1866\" data-end=\"1869\">\u2022 Bada\u0144 szlak\u00f3w metabolicznych zwi\u0105zanych z oty\u0142o\u015bci\u0105<br data-start=\"1913\" data-end=\"1916\">\u2022 Laboratoryjnych eksperyment\u00f3w endokrynologicznych<br data-start=\"1954\" data-end=\"1957\">\u2022 Analizy wi\u0105zania receptorowego i sygnalizacji<br data-start=\"1998\" data-end=\"2001\">\u2022 Laboratoryjnych ocen zale\u017cno\u015bci dawka-reakcja<\/p>\n<p data-start=\"2043\" data-end=\"2163\">Jego specyficzna aktywno\u015b\u0107 receptorowa pozwala badaczom na badanie efekt\u00f3w metabolicznych mediowanych przez GLP-1 w kontrolowanym \u015brodowisku.<\/p>\n<hr data-start=\"2165\" data-end=\"2168\">\n<h3 data-start=\"2170\" data-end=\"2196\"><strong data-start=\"2174\" data-end=\"2196\">Kontekst naukowy<\/strong><\/h3>\n<p data-start=\"2198\" data-end=\"2457\">Agoni\u015bci receptora GLP-1, tacy jak semaglutyd, s\u0105 szeroko cytowani w badaniach ze wzgl\u0119du na ich zdolno\u015b\u0107 do modulowania szlak\u00f3w metabolicznych. Zwi\u0105zek ten jest szczeg\u00f3lnie istotny w badaniach dotycz\u0105cych regulacji metabolicznej opartej na inkretynach i powi\u0105zanych mechanizm\u00f3w endokrynnych. <\/p>\n<p data-start=\"2459\" data-end=\"2620\">Semaglutyd jest uwa\u017cany za wzorcowy agonist\u0119 receptora GLP-1 w badaniach metabolicznych ze wzgl\u0119du na jego wysok\u0105 specyficzno\u015b\u0107 receptorow\u0105 i dobrze scharakteryzowany profil sygnalizacyjny.<\/p>\n<hr data-start=\"2622\" data-end=\"2625\">\n<h3 data-start=\"2627\" data-end=\"2657\"><strong data-start=\"2631\" data-end=\"2657\">Specyfikacja produktu<\/strong><\/h3>\n<p data-start=\"2659\" data-end=\"2910\"><strong data-start=\"2659\" data-end=\"2676\">Nazwa produktu:<\/strong> Semaglutyd<br data-start=\"2688\" data-end=\"2691\"><strong data-start=\"2691\" data-end=\"2703\">Zawarto\u015b\u0107:<\/strong> 2 mg na fiolk\u0119<br data-start=\"2717\" data-end=\"2720\"><strong data-start=\"2720\" data-end=\"2729\">Forma:<\/strong> Liofilizowany proszek<br data-start=\"2748\" data-end=\"2751\"><strong data-start=\"2751\" data-end=\"2761\">Klasa:<\/strong> Wy\u0142\u0105cznie do cel\u00f3w badawczych<br data-start=\"2779\" data-end=\"2782\"><strong data-start=\"2782\" data-end=\"2793\">Czysto\u015b\u0107:<\/strong> Wysoka czysto\u015b\u0107 laboratoryjna<br data-start=\"2822\" data-end=\"2825\"><strong data-start=\"2825\" data-end=\"2839\">Opakowanie:<\/strong> Sterylna, szczelna szklana fiolka<br data-start=\"2865\" data-end=\"2868\"><strong data-start=\"2868\" data-end=\"2880\">Przechowywanie:<\/strong> Przechowywa\u0107 w lod\u00f3wce w temperaturze 2\u20138\u00b0C<\/p>\n<hr data-start=\"2912\" data-end=\"2915\">\n<h3 data-start=\"2917\" data-end=\"2947\"><strong data-start=\"2921\" data-end=\"2947\">Stabilno\u015b\u0107 i obchodzenie si\u0119<\/strong><\/h3>\n<p data-start=\"2949\" data-end=\"3046\">Liofilizowana forma zapewnia d\u0142ugoterminow\u0105 stabilno\u015b\u0107 w odpowiednich warunkach przechowywania laboratoryjnego.<\/p>\n<p data-start=\"3048\" data-end=\"3080\">Zalecane post\u0119powanie laboratoryjne:<\/p>\n<p data-start=\"3082\" data-end=\"3227\">\u2022 Przechowywa\u0107 w temperaturze 2\u20138\u00b0C<br data-start=\"3098\" data-end=\"3101\">\u2022 Chroni\u0107 przed \u015bwiat\u0142em i wilgoci\u0105<br data-start=\"3134\" data-end=\"3137\">\u2022 Unika\u0107 wielokrotnego zamra\u017cania i rozmra\u017cania<br data-start=\"3172\" data-end=\"3175\">\u2022 Rekonstytuowa\u0107 w sterylnych warunkach laboratoryjnych<\/p>\n<p data-start=\"3229\" data-end=\"3318\">Prawid\u0142owa obs\u0142uga zachowuje integralno\u015b\u0107 strukturaln\u0105 i zapewnia wiarygodne wyniki eksperyment\u00f3w.<\/p>\n<hr data-start=\"3320\" data-end=\"3323\">\n<h3 data-start=\"3325\" data-end=\"3356\"><strong data-start=\"3329\" data-end=\"3356\">Klasyfikacja badawcza<\/strong><\/h3>\n<p data-start=\"3358\" data-end=\"3448\">Semaglutyd jest klasyfikowany jako badawczy zwi\u0105zek peptydowy przeznaczony wy\u0142\u0105cznie do:<\/p>\n<p data-start=\"3450\" data-end=\"3573\">\u2022 Bada\u0144 laboratoryjnych in vitro<br data-start=\"3480\" data-end=\"3483\">\u2022 Test\u00f3w analitycznych<br data-start=\"3503\" data-end=\"3506\">\u2022 Eksperyment\u00f3w naukowych<br data-start=\"3534\" data-end=\"3537\">\u2022 Kontrolowanych zastosowa\u0144 badawczych<\/p>\n<p data-start=\"3575\" data-end=\"3648\">Nie jest zatwierdzony do zastosowa\u0144 terapeutycznych, diagnostycznych, weterynaryjnych ani u ludzi.<\/p>\n<hr data-start=\"3650\" data-end=\"3653\">\n<h3 data-start=\"3655\" data-end=\"3679\"><strong data-start=\"3659\" data-end=\"3679\">Wa\u017cna informacja<\/strong><\/h3>\n<p data-start=\"3681\" data-end=\"3751\">Ten produkt jest sprzedawany wy\u0142\u0105cznie do cel\u00f3w bada\u0144 laboratoryjnych.<\/p>\n<p data-start=\"3753\" data-end=\"3939\">Nie jest przeznaczony do spo\u017cycia przez ludzi, u\u017cytku medycznego ani zastosowa\u0144 klinicznych. Kupuj\u0105c ten produkt, nabywca potwierdza, \u017ce b\u0119dzie on u\u017cywany wy\u0142\u0105cznie do zgodnych z prawem bada\u0144 naukowych. <\/p>\n","protected":false},"excerpt":{"rendered":"<p>SEMA &#8211; Semaglutyd 2 mg s\u0105 testowane i zawieraj\u0105 wymagan\u0105 ilo\u015b\u0107 substancji najwy\u017cszej jako\u015bci:<\/p>\n<p><a style=\"color: #008000;\" href=\"https:\/\/slimex.to\/pl\/certyfikaty\/\" target=\"_blank\" rel=\"noopener\">\u00bb Wyniki test\u00f3w naszego Semaglutide 2 mg<\/a><\/p>\n<p><strong>Semaglutyd 2 mg<\/strong> to liofilizowany peptyd badawczy o wysokiej czysto\u015bci, dostarczany w sterylnej szklanej fiolce zawieraj\u0105cej 2 mg aktywnego zwi\u0105zku na fiolk\u0119. Semaglutyd jest silnym agonist\u0105 receptora GLP-1, szeroko badanym w badaniach metabolicznych i endokrynologicznych. Ten produkt jest przeznaczony wy\u0142\u0105cznie do u\u017cytku laboratoryjnego i naukowego.  <\/p>\n<p><strong>Rekonstytucja:<br \/>\n<\/strong>Doda\u0107 1,0 mL wody bakteriostatycznej \u2192 5,0 mg dla optymalnego st\u0119\u017cenia.<br \/>\n<strong>Przechowywanie po rekonstytucji:<br \/>\n<\/strong>przechowywa\u0107 w lod\u00f3wce w temperaturze 2-8 \u00b0C i zu\u017cy\u0107 w ci\u0105gu 4 tygodni.<\/p>\n","protected":false},"featured_media":10381,"template":"","meta":{"inline_featured_image":false,"iawp_total_views":0},"product_brand":[],"product_cat":[138],"product_tag":[],"class_list":{"0":"post-10175","1":"product","2":"type-product","3":"status-publish","4":"has-post-thumbnail","6":"product_cat-peptydy","7":"tm-has-options","9":"first","10":"instock","11":"featured","12":"taxable","13":"shipping-taxable","14":"purchasable","15":"product-type-simple"},"yoast_head":"<!-- This site is optimized with the Yoast SEO Premium plugin v27.2 (Yoast SEO v27.5) - https:\/\/yoast.com\/product\/yoast-seo-premium-wordpress\/ -->\n<title>Semaglutyd 2 mg | Peptyd badawczy o wysokiej czysto\u015bci<\/title>\n<meta name=\"description\" content=\"Kup semaglutyd 2 mg, wysokiej czysto\u015bci peptyd badawczy. Agonista receptora GLP-1 przeznaczony wy\u0142\u0105cznie do bada\u0144 laboratoryjnych i metabolicznych.\" \/>\n<meta name=\"robots\" content=\"index, follow, max-snippet:-1, max-image-preview:large, max-video-preview:-1\" \/>\n<link rel=\"canonical\" href=\"https:\/\/slimex.to\/pl\/produkt\/sema-semaglutyd-2-mg\/\" \/>\n<meta property=\"og:locale\" content=\"pl_PL\" \/>\n<meta property=\"og:type\" content=\"article\" \/>\n<meta property=\"og:title\" content=\"SEMA - Semaglutyd 2 mg\" \/>\n<meta property=\"og:description\" content=\"Kup semaglutyd 2 mg, wysokiej czysto\u015bci peptyd badawczy. Agonista receptora GLP-1 przeznaczony wy\u0142\u0105cznie do bada\u0144 laboratoryjnych i metabolicznych.\" \/>\n<meta property=\"og:url\" content=\"https:\/\/slimex.to\/pl\/produkt\/sema-semaglutyd-2-mg\/\" \/>\n<meta property=\"og:site_name\" content=\"SLIMEX\" \/>\n<meta property=\"article:modified_time\" content=\"2026-04-16T19:17:03+00:00\" \/>\n<meta property=\"og:image\" content=\"https:\/\/slimex.to\/wp-content\/uploads\/2026\/03\/sema2-vial-white.png\" \/>\n\t<meta property=\"og:image:width\" content=\"1024\" \/>\n\t<meta property=\"og:image:height\" content=\"1024\" \/>\n\t<meta property=\"og:image:type\" content=\"image\/png\" \/>\n<meta name=\"twitter:card\" content=\"summary_large_image\" \/>\n<meta name=\"twitter:label1\" content=\"Cena\" \/>\n\t<meta name=\"twitter:data1\" content=\"169,00&nbsp;&#122;&#322;\" \/>\n\t<meta name=\"twitter:label2\" content=\"Dost\u0119pno\u015b\u0107\" \/>\n\t<meta name=\"twitter:data2\" content=\"Dost\u0119pny\" \/>\n<script type=\"application\/ld+json\" class=\"yoast-schema-graph\">{\"@context\":\"https:\\\/\\\/schema.org\",\"@graph\":[{\"@type\":\"WebPage\",\"@id\":\"https:\\\/\\\/slimex.to\\\/pl\\\/produkt\\\/sema-semaglutyd-2-mg\\\/\",\"url\":\"https:\\\/\\\/slimex.to\\\/pl\\\/produkt\\\/sema-semaglutyd-2-mg\\\/\",\"name\":\"Semaglutyd 2 mg | Peptyd badawczy o wysokiej czysto\u015bci\",\"isPartOf\":{\"@id\":\"https:\\\/\\\/slimex.to\\\/pl\\\/#website\"},\"primaryImageOfPage\":{\"@id\":\"https:\\\/\\\/slimex.to\\\/pl\\\/produkt\\\/sema-semaglutyd-2-mg\\\/#primaryimage\"},\"image\":{\"@id\":\"https:\\\/\\\/slimex.to\\\/pl\\\/produkt\\\/sema-semaglutyd-2-mg\\\/#primaryimage\"},\"thumbnailUrl\":\"https:\\\/\\\/slimex.to\\\/wp-content\\\/uploads\\\/2026\\\/03\\\/sema2-vial-white.png\",\"datePublished\":\"2026-02-22T12:53:46+00:00\",\"dateModified\":\"2026-04-16T19:17:03+00:00\",\"description\":\"Kup semaglutyd 2 mg, wysokiej czysto\u015bci peptyd badawczy. Agonista receptora GLP-1 przeznaczony wy\u0142\u0105cznie do bada\u0144 laboratoryjnych i metabolicznych.\",\"breadcrumb\":{\"@id\":\"https:\\\/\\\/slimex.to\\\/pl\\\/produkt\\\/sema-semaglutyd-2-mg\\\/#breadcrumb\"},\"inLanguage\":\"pl-PL\",\"potentialAction\":[{\"@type\":\"ReadAction\",\"target\":[\"https:\\\/\\\/slimex.to\\\/pl\\\/produkt\\\/sema-semaglutyd-2-mg\\\/\"]}]},{\"@type\":\"ImageObject\",\"inLanguage\":\"pl-PL\",\"@id\":\"https:\\\/\\\/slimex.to\\\/pl\\\/produkt\\\/sema-semaglutyd-2-mg\\\/#primaryimage\",\"url\":\"https:\\\/\\\/slimex.to\\\/wp-content\\\/uploads\\\/2026\\\/03\\\/sema2-vial-white.png\",\"contentUrl\":\"https:\\\/\\\/slimex.to\\\/wp-content\\\/uploads\\\/2026\\\/03\\\/sema2-vial-white.png\",\"width\":1024,\"height\":1024},{\"@type\":\"BreadcrumbList\",\"@id\":\"https:\\\/\\\/slimex.to\\\/pl\\\/produkt\\\/sema-semaglutyd-2-mg\\\/#breadcrumb\",\"itemListElement\":[{\"@type\":\"ListItem\",\"position\":1,\"name\":\"Home\",\"item\":\"https:\\\/\\\/slimex.to\\\/pl\\\/strona-glowna\\\/\"},{\"@type\":\"ListItem\",\"position\":2,\"name\":\"Sklep\",\"item\":\"https:\\\/\\\/slimex.to\\\/pl\\\/sklep\\\/\"},{\"@type\":\"ListItem\",\"position\":3,\"name\":\"SEMA &#8211; Semaglutyd 2 mg\"}]},{\"@type\":\"WebSite\",\"@id\":\"https:\\\/\\\/slimex.to\\\/pl\\\/#website\",\"url\":\"https:\\\/\\\/slimex.to\\\/pl\\\/\",\"name\":\"SLIMEX\",\"description\":\"Highest Quality Peptides\",\"publisher\":{\"@id\":\"https:\\\/\\\/slimex.to\\\/pl\\\/#organization\"},\"potentialAction\":[{\"@type\":\"SearchAction\",\"target\":{\"@type\":\"EntryPoint\",\"urlTemplate\":\"https:\\\/\\\/slimex.to\\\/pl\\\/?s={search_term_string}\"},\"query-input\":{\"@type\":\"PropertyValueSpecification\",\"valueRequired\":true,\"valueName\":\"search_term_string\"}}],\"inLanguage\":\"pl-PL\"},{\"@type\":[\"Organization\",\"Place\",\"MedicalOrganization\"],\"@id\":\"https:\\\/\\\/slimex.to\\\/pl\\\/#organization\",\"name\":\"SLIMEX Peptides\",\"alternateName\":\"SLIMEX\",\"url\":\"https:\\\/\\\/slimex.to\\\/pl\\\/\",\"logo\":{\"@id\":\"https:\\\/\\\/slimex.to\\\/pl\\\/produkt\\\/sema-semaglutyd-2-mg\\\/#local-main-organization-logo\"},\"image\":{\"@id\":\"https:\\\/\\\/slimex.to\\\/pl\\\/produkt\\\/sema-semaglutyd-2-mg\\\/#local-main-organization-logo\"},\"description\":\"We are a medical online provider specializing in research peptides, including retatrutide, delivered with a focus on safety, quality, and evidence-based care.\",\"legalName\":\"CREDIT CREW s.r.o.\",\"foundingDate\":\"2024-08-20\",\"numberOfEmployees\":{\"@type\":\"QuantitativeValue\",\"minValue\":\"11\",\"maxValue\":\"50\"},\"address\":{\"@id\":\"https:\\\/\\\/slimex.to\\\/pl\\\/produkt\\\/sema-semaglutyd-2-mg\\\/#local-main-place-address\"},\"telephone\":[],\"contactPoint\":{\"@type\":\"ContactPoint\",\"email\":\"info@slimex.to\"},\"openingHoursSpecification\":[],\"email\":\"info@slimex.to\",\"areaServed\":\"Europe\"},{\"@type\":\"PostalAddress\",\"@id\":\"https:\\\/\\\/slimex.to\\\/pl\\\/produkt\\\/sema-semaglutyd-2-mg\\\/#local-main-place-address\",\"streetAddress\":\"Rybn\u00e1 716\\\/24\",\"addressLocality\":\"Prague\",\"postalCode\":\"11000\",\"addressRegion\":\"Czech republic\",\"addressCountry\":\"CZ\"},{\"@type\":\"ImageObject\",\"inLanguage\":\"pl-PL\",\"@id\":\"https:\\\/\\\/slimex.to\\\/pl\\\/produkt\\\/sema-semaglutyd-2-mg\\\/#local-main-organization-logo\",\"url\":\"https:\\\/\\\/slimex.to\\\/wp-content\\\/uploads\\\/2026\\\/01\\\/slimex-logo.png\",\"contentUrl\":\"https:\\\/\\\/slimex.to\\\/wp-content\\\/uploads\\\/2026\\\/01\\\/slimex-logo.png\",\"width\":725,\"height\":194,\"caption\":\"SLIMEX Peptides\"}]}<\/script>\n<meta property=\"product:price:amount\" content=\"169.00\" \/>\n<meta property=\"product:price:currency\" content=\"PLN\" \/>\n<meta property=\"og:availability\" content=\"instock\" \/>\n<meta property=\"product:availability\" content=\"instock\" \/>\n<meta property=\"product:retailer_item_id\" content=\"SEMA2\" \/>\n<meta property=\"product:condition\" content=\"new\" \/>\n<meta name=\"geo.placename\" content=\"Prague\" \/>\n<meta name=\"geo.region\" content=\"Czechy\" \/>\n<!-- \/ Yoast SEO Premium plugin. -->","yoast_head_json":{"title":"Semaglutyd 2 mg | Peptyd badawczy o wysokiej czysto\u015bci","description":"Kup semaglutyd 2 mg, wysokiej czysto\u015bci peptyd badawczy. Agonista receptora GLP-1 przeznaczony wy\u0142\u0105cznie do bada\u0144 laboratoryjnych i metabolicznych.","robots":{"index":"index","follow":"follow","max-snippet":"max-snippet:-1","max-image-preview":"max-image-preview:large","max-video-preview":"max-video-preview:-1"},"canonical":"https:\/\/slimex.to\/pl\/produkt\/sema-semaglutyd-2-mg\/","og_locale":"pl_PL","og_type":"article","og_title":"SEMA - Semaglutyd 2 mg","og_description":"Kup semaglutyd 2 mg, wysokiej czysto\u015bci peptyd badawczy. Agonista receptora GLP-1 przeznaczony wy\u0142\u0105cznie do bada\u0144 laboratoryjnych i metabolicznych.","og_url":"https:\/\/slimex.to\/pl\/produkt\/sema-semaglutyd-2-mg\/","og_site_name":"SLIMEX","article_modified_time":"2026-04-16T19:17:03+00:00","og_image":[{"width":1024,"height":1024,"url":"https:\/\/slimex.to\/wp-content\/uploads\/2026\/03\/sema2-vial-white.png","type":"image\/png"}],"twitter_card":"summary_large_image","twitter_misc":{"Cena":"169,00&nbsp;&#122;&#322;","Dost\u0119pno\u015b\u0107":"Dost\u0119pny"},"schema":{"@context":"https:\/\/schema.org","@graph":[{"@type":"WebPage","@id":"https:\/\/slimex.to\/pl\/produkt\/sema-semaglutyd-2-mg\/","url":"https:\/\/slimex.to\/pl\/produkt\/sema-semaglutyd-2-mg\/","name":"Semaglutyd 2 mg | Peptyd badawczy o wysokiej czysto\u015bci","isPartOf":{"@id":"https:\/\/slimex.to\/pl\/#website"},"primaryImageOfPage":{"@id":"https:\/\/slimex.to\/pl\/produkt\/sema-semaglutyd-2-mg\/#primaryimage"},"image":{"@id":"https:\/\/slimex.to\/pl\/produkt\/sema-semaglutyd-2-mg\/#primaryimage"},"thumbnailUrl":"https:\/\/slimex.to\/wp-content\/uploads\/2026\/03\/sema2-vial-white.png","datePublished":"2026-02-22T12:53:46+00:00","dateModified":"2026-04-16T19:17:03+00:00","description":"Kup semaglutyd 2 mg, wysokiej czysto\u015bci peptyd badawczy. Agonista receptora GLP-1 przeznaczony wy\u0142\u0105cznie do bada\u0144 laboratoryjnych i metabolicznych.","breadcrumb":{"@id":"https:\/\/slimex.to\/pl\/produkt\/sema-semaglutyd-2-mg\/#breadcrumb"},"inLanguage":"pl-PL","potentialAction":[{"@type":"ReadAction","target":["https:\/\/slimex.to\/pl\/produkt\/sema-semaglutyd-2-mg\/"]}]},{"@type":"ImageObject","inLanguage":"pl-PL","@id":"https:\/\/slimex.to\/pl\/produkt\/sema-semaglutyd-2-mg\/#primaryimage","url":"https:\/\/slimex.to\/wp-content\/uploads\/2026\/03\/sema2-vial-white.png","contentUrl":"https:\/\/slimex.to\/wp-content\/uploads\/2026\/03\/sema2-vial-white.png","width":1024,"height":1024},{"@type":"BreadcrumbList","@id":"https:\/\/slimex.to\/pl\/produkt\/sema-semaglutyd-2-mg\/#breadcrumb","itemListElement":[{"@type":"ListItem","position":1,"name":"Home","item":"https:\/\/slimex.to\/pl\/strona-glowna\/"},{"@type":"ListItem","position":2,"name":"Sklep","item":"https:\/\/slimex.to\/pl\/sklep\/"},{"@type":"ListItem","position":3,"name":"SEMA &#8211; Semaglutyd 2 mg"}]},{"@type":"WebSite","@id":"https:\/\/slimex.to\/pl\/#website","url":"https:\/\/slimex.to\/pl\/","name":"SLIMEX","description":"Highest Quality Peptides","publisher":{"@id":"https:\/\/slimex.to\/pl\/#organization"},"potentialAction":[{"@type":"SearchAction","target":{"@type":"EntryPoint","urlTemplate":"https:\/\/slimex.to\/pl\/?s={search_term_string}"},"query-input":{"@type":"PropertyValueSpecification","valueRequired":true,"valueName":"search_term_string"}}],"inLanguage":"pl-PL"},{"@type":["Organization","Place","MedicalOrganization"],"@id":"https:\/\/slimex.to\/pl\/#organization","name":"SLIMEX Peptides","alternateName":"SLIMEX","url":"https:\/\/slimex.to\/pl\/","logo":{"@id":"https:\/\/slimex.to\/pl\/produkt\/sema-semaglutyd-2-mg\/#local-main-organization-logo"},"image":{"@id":"https:\/\/slimex.to\/pl\/produkt\/sema-semaglutyd-2-mg\/#local-main-organization-logo"},"description":"We are a medical online provider specializing in research peptides, including retatrutide, delivered with a focus on safety, quality, and evidence-based care.","legalName":"CREDIT CREW s.r.o.","foundingDate":"2024-08-20","numberOfEmployees":{"@type":"QuantitativeValue","minValue":"11","maxValue":"50"},"address":{"@id":"https:\/\/slimex.to\/pl\/produkt\/sema-semaglutyd-2-mg\/#local-main-place-address"},"telephone":[],"contactPoint":{"@type":"ContactPoint","email":"info@slimex.to"},"openingHoursSpecification":[],"email":"info@slimex.to","areaServed":"Europe"},{"@type":"PostalAddress","@id":"https:\/\/slimex.to\/pl\/produkt\/sema-semaglutyd-2-mg\/#local-main-place-address","streetAddress":"Rybn\u00e1 716\/24","addressLocality":"Prague","postalCode":"11000","addressRegion":"Czech republic","addressCountry":"CZ"},{"@type":"ImageObject","inLanguage":"pl-PL","@id":"https:\/\/slimex.to\/pl\/produkt\/sema-semaglutyd-2-mg\/#local-main-organization-logo","url":"https:\/\/slimex.to\/wp-content\/uploads\/2026\/01\/slimex-logo.png","contentUrl":"https:\/\/slimex.to\/wp-content\/uploads\/2026\/01\/slimex-logo.png","width":725,"height":194,"caption":"SLIMEX Peptides"}]},"product_price_amount":"169.00","product_price_currency":"PLN","og_availability":"instock","product_availability":"instock","product_retailer_item_id":"SEMA2","product_condition":"new","geo.placename":"Prague","geo.region":"Czechy"},"_links":{"self":[{"href":"https:\/\/slimex.to\/pl\/wp-json\/wp\/v2\/product\/10175","targetHints":{"allow":["GET"]}}],"collection":[{"href":"https:\/\/slimex.to\/pl\/wp-json\/wp\/v2\/product"}],"about":[{"href":"https:\/\/slimex.to\/pl\/wp-json\/wp\/v2\/types\/product"}],"wp:featuredmedia":[{"embeddable":true,"href":"https:\/\/slimex.to\/pl\/wp-json\/wp\/v2\/media\/10381"}],"wp:attachment":[{"href":"https:\/\/slimex.to\/pl\/wp-json\/wp\/v2\/media?parent=10175"}],"wp:term":[{"taxonomy":"product_brand","embeddable":true,"href":"https:\/\/slimex.to\/pl\/wp-json\/wp\/v2\/product_brand?post=10175"},{"taxonomy":"product_cat","embeddable":true,"href":"https:\/\/slimex.to\/pl\/wp-json\/wp\/v2\/product_cat?post=10175"},{"taxonomy":"product_tag","embeddable":true,"href":"https:\/\/slimex.to\/pl\/wp-json\/wp\/v2\/product_tag?post=10175"}],"curies":[{"name":"wp","href":"https:\/\/api.w.org\/{rel}","templated":true}]}}