{"id":9273,"date":"2026-01-03T19:54:52","date_gmt":"2026-01-03T19:54:52","guid":{"rendered":"https:\/\/slimex.to\/kosik-2\/"},"modified":"2026-03-15T11:08:27","modified_gmt":"2026-03-15T11:08:27","slug":"kosik-2","status":"publish","type":"page","link":"https:\/\/slimex.to\/sk\/kosik-2\/","title":{"rendered":"Ko\u0161\u00edk"},"content":{"rendered":"\n<div data-block-name=\"woocommerce\/cart\" class=\"wp-block-woocommerce-cart alignwide is-loading\">\n<div data-block-name=\"woocommerce\/filled-cart-block\" class=\"wp-block-woocommerce-filled-cart-block\">\n<div data-block-name=\"woocommerce\/cart-items-block\" class=\"wp-block-woocommerce-cart-items-block\">\n<div data-block-name=\"woocommerce\/cart-line-items-block\" class=\"wp-block-woocommerce-cart-line-items-block\"><\/div>\n\n\n<\/div>\n\n\n\n\n<div data-block-name=\"woocommerce\/cart-totals-block\" class=\"wp-block-woocommerce-cart-totals-block\">\n<div data-block-name=\"woocommerce\/cart-order-summary-block\" class=\"wp-block-woocommerce-cart-order-summary-block\">\n<div data-block-name=\"woocommerce\/cart-order-summary-heading-block\" class=\"wp-block-woocommerce-cart-order-summary-heading-block\"><\/div><div data-block-name=\"woocommerce\/cart-order-summary-coupon-form-block\" class=\"wp-block-woocommerce-cart-order-summary-coupon-form-block\"><\/div><div data-block-name=\"woocommerce\/cart-order-summary-totals-block\" class=\"wp-block-woocommerce-cart-order-summary-totals-block\">\n<div data-block-name=\"woocommerce\/cart-order-summary-subtotal-block\" class=\"wp-block-woocommerce-cart-order-summary-subtotal-block\"><\/div>\n<div data-block-name=\"woocommerce\/cart-order-summary-discount-block\" class=\"wp-block-woocommerce-cart-order-summary-discount-block\"><\/div>\n<div data-block-name=\"woocommerce\/cart-order-summary-fee-block\" class=\"wp-block-woocommerce-cart-order-summary-fee-block\"><\/div>\n<div data-block-name=\"woocommerce\/cart-order-summary-shipping-block\" class=\"wp-block-woocommerce-cart-order-summary-shipping-block\"><\/div>\n<div data-block-name=\"woocommerce\/cart-order-summary-taxes-block\" class=\"wp-block-woocommerce-cart-order-summary-taxes-block\"><\/div><\/div>\n<\/div>\n\n\n\n<div data-block-name=\"woocommerce\/cart-express-payment-block\" data-button-border-radius=\"4\" data-button-height=\"48\" data-show-button-styles=\"false\" data-translated-with-w-p-m-l-t-m=\"1\" class=\"wp-block-woocommerce-cart-express-payment-block\"><\/div>\n\n\n\n<div data-block-name=\"woocommerce\/proceed-to-checkout-block\" class=\"wp-block-woocommerce-proceed-to-checkout-block\"><\/div>\n\n\n\n<div data-block-name=\"woocommerce\/cart-accepted-payment-methods-block\" class=\"wp-block-woocommerce-cart-accepted-payment-methods-block\"><\/div>\n<\/div>\n<\/div>\n\n\n\n<div data-block-name=\"woocommerce\/empty-cart-block\" class=\"wp-block-woocommerce-empty-cart-block\">\n<h2 class=\"wp-block-heading has-text-align-center with-empty-cart-icon wc-block-cart__empty-cart__title\">V\u00e1\u0161 ko\u0161\u00edk je moment\u00e1lne pr\u00e1zdny!<\/h2>\n\n\n\n<hr class=\"wp-block-separator has-alpha-channel-opacity is-style-dots\"\/>\n\n\n\n<h2 class=\"wp-block-heading has-text-align-center\">Novinky<\/h2>\n\n\n<div data-block-name=\"woocommerce\/product-new\" data-columns=\"4\" data-rows=\"1\" class=\"wc-block-grid wp-block-product-new wp-block-woocommerce-product-new wc-block-product-new has-4-columns\"><ul class=\"wc-block-grid__products\"><li class=\"wc-block-grid__product\">\n\t\t\t\t<a href=\"https:\/\/slimex.to\/sk\/produkt\/hgh-ludsky-rastovy-hormon-10-iu\/\" class=\"wc-block-grid__product-link\">\n\t\t\t\t\t\n\t\t\t\t\t<div class=\"wc-block-grid__product-image\"><img fetchpriority=\"high\" decoding=\"async\" width=\"600\" height=\"600\" src=\"https:\/\/slimex.to\/wp-content\/uploads\/2026\/03\/hgh10-vial-white-600x600.png\" class=\"attachment-woocommerce_thumbnail size-woocommerce_thumbnail\" alt=\"HGH - \u013dudsk\u00fd rastov\u00fd horm\u00f3n 10 iu\" srcset=\"https:\/\/slimex.to\/wp-content\/uploads\/2026\/03\/hgh10-vial-white-600x600.png 600w, https:\/\/slimex.to\/wp-content\/uploads\/2026\/03\/hgh10-vial-white-900x900.png 900w, https:\/\/slimex.to\/wp-content\/uploads\/2026\/03\/hgh10-vial-white-768x768.png 768w, https:\/\/slimex.to\/wp-content\/uploads\/2026\/03\/hgh10-vial-white-700x700.png 700w, https:\/\/slimex.to\/wp-content\/uploads\/2026\/03\/hgh10-vial-white-50x50.png 50w, https:\/\/slimex.to\/wp-content\/uploads\/2026\/03\/hgh10-vial-white-100x100.png 100w, https:\/\/slimex.to\/wp-content\/uploads\/2026\/03\/hgh10-vial-white.png 1024w\" sizes=\"(max-width: 600px) 100vw, 600px\" \/><\/div>\n\t\t\t\t\t<div class=\"wc-block-grid__product-title\">HGH &#8211; \u013dudsk\u00fd rastov\u00fd horm\u00f3n 10 iu<\/div>\n\t\t\t\t<\/a>\n\t\t\t\t<div class=\"wc-block-grid__product-price price\"><span class=\"woocommerce-Price-amount amount\">26,90&nbsp;<span class=\"woocommerce-Price-currencySymbol\">&euro;<\/span><\/span> <small><\/small><\/div>\n\t\t\t\t\n\t\t\t\t<div class=\"wp-block-button wc-block-grid__product-add-to-cart\"><a href=\"\/sk\/wp-json\/wp\/v2\/pages\/9273?add-to-cart=9254\" aria-label=\"Prida\u0165 do ko\u0161\u00edka: \u201eHGH - \u013dudsk\u00fd rastov\u00fd horm\u00f3n 10 iu\u201c\" data-quantity=\"1\" data-product_id=\"9254\" data-product_sku=\"HGH10\" data-price=\"26.9\" rel=\"nofollow\" class=\"wp-block-button__link  add_to_cart_button ajax_add_to_cart\">Prida\u0165 do ko\u0161\u00edka<\/a><\/div>\n\t\t\t<\/li><li class=\"wc-block-grid__product\">\n\t\t\t\t<a href=\"https:\/\/slimex.to\/sk\/produkt\/sema-semaglutid-5-mg\/\" class=\"wc-block-grid__product-link\">\n\t\t\t\t\t\n\t\t\t\t\t<div class=\"wc-block-grid__product-image\"><img decoding=\"async\" width=\"600\" height=\"600\" src=\"https:\/\/slimex.to\/wp-content\/uploads\/2026\/03\/sema5-vial-white-600x600.png\" class=\"attachment-woocommerce_thumbnail size-woocommerce_thumbnail\" alt=\"SEMA \u2013 Semaglutid 5 mg\" srcset=\"https:\/\/slimex.to\/wp-content\/uploads\/2026\/03\/sema5-vial-white-600x600.png 600w, https:\/\/slimex.to\/wp-content\/uploads\/2026\/03\/sema5-vial-white-900x900.png 900w, https:\/\/slimex.to\/wp-content\/uploads\/2026\/03\/sema5-vial-white-768x768.png 768w, https:\/\/slimex.to\/wp-content\/uploads\/2026\/03\/sema5-vial-white-700x700.png 700w, https:\/\/slimex.to\/wp-content\/uploads\/2026\/03\/sema5-vial-white-50x50.png 50w, https:\/\/slimex.to\/wp-content\/uploads\/2026\/03\/sema5-vial-white-100x100.png 100w, https:\/\/slimex.to\/wp-content\/uploads\/2026\/03\/sema5-vial-white.png 1024w\" sizes=\"(max-width: 600px) 100vw, 600px\" \/><\/div>\n\t\t\t\t\t<div class=\"wc-block-grid__product-title\">SEMA \u2013 Semaglutid 5 mg<\/div>\n\t\t\t\t<\/a>\n\t\t\t\t<div class=\"wc-block-grid__product-price price\"><span class=\"woocommerce-Price-amount amount\">89,90&nbsp;<span class=\"woocommerce-Price-currencySymbol\">&euro;<\/span><\/span> <small><\/small><\/div>\n\t\t\t\t\n\t\t\t\t<div class=\"wp-block-button wc-block-grid__product-add-to-cart\"><a href=\"\/sk\/wp-json\/wp\/v2\/pages\/9273?add-to-cart=9246\" aria-label=\"Prida\u0165 do ko\u0161\u00edka: \u201eSEMA \u2013 Semaglutid 5 mg\u201c\" data-quantity=\"1\" data-product_id=\"9246\" data-product_sku=\"SEMA5\" data-price=\"89.9\" rel=\"nofollow\" class=\"wp-block-button__link  add_to_cart_button ajax_add_to_cart\">Prida\u0165 do ko\u0161\u00edka<\/a><\/div>\n\t\t\t<\/li><li class=\"wc-block-grid__product\">\n\t\t\t\t<a href=\"https:\/\/slimex.to\/sk\/produkt\/sema-semaglutid-2-mg\/\" class=\"wc-block-grid__product-link\">\n\t\t\t\t\t\n\t\t\t\t\t<div class=\"wc-block-grid__product-image\"><img decoding=\"async\" width=\"600\" height=\"600\" src=\"https:\/\/slimex.to\/wp-content\/uploads\/2026\/03\/sema2-vial-white-600x600.png\" class=\"attachment-woocommerce_thumbnail size-woocommerce_thumbnail\" alt=\"SEMA - Semaglutid 2 mg\" srcset=\"https:\/\/slimex.to\/wp-content\/uploads\/2026\/03\/sema2-vial-white-600x600.png 600w, https:\/\/slimex.to\/wp-content\/uploads\/2026\/03\/sema2-vial-white-900x900.png 900w, https:\/\/slimex.to\/wp-content\/uploads\/2026\/03\/sema2-vial-white-768x768.png 768w, https:\/\/slimex.to\/wp-content\/uploads\/2026\/03\/sema2-vial-white-700x700.png 700w, https:\/\/slimex.to\/wp-content\/uploads\/2026\/03\/sema2-vial-white-50x50.png 50w, https:\/\/slimex.to\/wp-content\/uploads\/2026\/03\/sema2-vial-white-100x100.png 100w, https:\/\/slimex.to\/wp-content\/uploads\/2026\/03\/sema2-vial-white.png 1024w\" sizes=\"(max-width: 600px) 100vw, 600px\" \/><\/div>\n\t\t\t\t\t<div class=\"wc-block-grid__product-title\">SEMA &#8211; Semaglutid 2 mg<\/div>\n\t\t\t\t<\/a>\n\t\t\t\t<div class=\"wc-block-grid__product-price price\"><span class=\"woocommerce-Price-amount amount\">39,90&nbsp;<span class=\"woocommerce-Price-currencySymbol\">&euro;<\/span><\/span> <small><\/small><\/div>\n\t\t\t\t\n\t\t\t\t<div class=\"wp-block-button wc-block-grid__product-add-to-cart\"><a href=\"\/sk\/wp-json\/wp\/v2\/pages\/9273?add-to-cart=9250\" aria-label=\"Prida\u0165 do ko\u0161\u00edka: \u201eSEMA - Semaglutid 2 mg\u201c\" data-quantity=\"1\" data-product_id=\"9250\" data-product_sku=\"SEMA2\" data-price=\"39.9\" rel=\"nofollow\" class=\"wp-block-button__link  add_to_cart_button ajax_add_to_cart\">Prida\u0165 do ko\u0161\u00edka<\/a><\/div>\n\t\t\t<\/li><li class=\"wc-block-grid__product\">\n\t\t\t\t<a href=\"https:\/\/slimex.to\/sk\/produkt\/tirze-tirzepatid-10-mg\/\" class=\"wc-block-grid__product-link\">\n\t\t\t\t\t\n\t\t\t\t\t<div class=\"wc-block-grid__product-image\"><img loading=\"lazy\" decoding=\"async\" width=\"600\" height=\"600\" src=\"https:\/\/slimex.to\/wp-content\/uploads\/2026\/03\/tirze10-vial-white-600x600.png\" class=\"attachment-woocommerce_thumbnail size-woocommerce_thumbnail\" alt=\"TIRZE - Tirzepatid 10 mg\" srcset=\"https:\/\/slimex.to\/wp-content\/uploads\/2026\/03\/tirze10-vial-white-600x600.png 600w, https:\/\/slimex.to\/wp-content\/uploads\/2026\/03\/tirze10-vial-white-900x900.png 900w, https:\/\/slimex.to\/wp-content\/uploads\/2026\/03\/tirze10-vial-white-768x768.png 768w, https:\/\/slimex.to\/wp-content\/uploads\/2026\/03\/tirze10-vial-white-700x700.png 700w, https:\/\/slimex.to\/wp-content\/uploads\/2026\/03\/tirze10-vial-white-50x50.png 50w, https:\/\/slimex.to\/wp-content\/uploads\/2026\/03\/tirze10-vial-white-100x100.png 100w, https:\/\/slimex.to\/wp-content\/uploads\/2026\/03\/tirze10-vial-white.png 1024w\" sizes=\"(max-width: 600px) 100vw, 600px\" \/><\/div>\n\t\t\t\t\t<div class=\"wc-block-grid__product-title\">TIRZE &#8211; Tirzepatid 10 mg<\/div>\n\t\t\t\t<\/a>\n\t\t\t\t<div class=\"wc-block-grid__product-price price\"><span class=\"woocommerce-Price-amount amount\">109,90&nbsp;<span class=\"woocommerce-Price-currencySymbol\">&euro;<\/span><\/span> <small><\/small><\/div>\n\t\t\t\t\n\t\t\t\t<div class=\"wp-block-button wc-block-grid__product-add-to-cart\"><a href=\"\/sk\/wp-json\/wp\/v2\/pages\/9273?add-to-cart=9237\" aria-label=\"Prida\u0165 do ko\u0161\u00edka: \u201eTIRZE - Tirzepatid 10 mg\u201c\" data-quantity=\"1\" data-product_id=\"9237\" data-product_sku=\"TIRZE10\" data-price=\"109.9\" rel=\"nofollow\" class=\"wp-block-button__link  add_to_cart_button ajax_add_to_cart\">Prida\u0165 do ko\u0161\u00edka<\/a><\/div>\n\t\t\t<\/li><\/ul><\/div><\/div>\n<\/div>\n","protected":false},"excerpt":{"rendered":"","protected":false},"author":1,"featured_media":0,"parent":0,"menu_order":0,"comment_status":"closed","ping_status":"closed","template":"","meta":{"inline_featured_image":false,"iawp_total_views":5,"footnotes":""},"class_list":["post-9273","page","type-page","status-publish","hentry"],"yoast_head":"<!-- This site is optimized with the Yoast SEO Premium plugin v27.2 (Yoast SEO v27.5) - https:\/\/yoast.com\/product\/yoast-seo-premium-wordpress\/ -->\n<title>Ko\u0161\u00edk - SLIMEX<\/title>\n<meta name=\"robots\" content=\"index, follow, max-snippet:-1, max-image-preview:large, max-video-preview:-1\" \/>\n<link rel=\"canonical\" href=\"https:\/\/slimex.to\/sk\/kosik-2\/\" \/>\n<meta property=\"og:locale\" content=\"sk_SK\" \/>\n<meta property=\"og:type\" content=\"article\" \/>\n<meta property=\"og:title\" content=\"Ko\u0161\u00edk\" \/>\n<meta property=\"og:url\" content=\"https:\/\/slimex.to\/sk\/kosik-2\/\" \/>\n<meta property=\"og:site_name\" content=\"SLIMEX\" \/>\n<meta property=\"article:modified_time\" content=\"2026-03-15T11:08:27+00:00\" \/>\n<meta name=\"twitter:card\" content=\"summary_large_image\" \/>\n<script type=\"application\/ld+json\" class=\"yoast-schema-graph\">{\"@context\":\"https:\\\/\\\/schema.org\",\"@graph\":[{\"@type\":\"WebPage\",\"@id\":\"https:\\\/\\\/slimex.to\\\/sk\\\/kosik-2\\\/\",\"url\":\"https:\\\/\\\/slimex.to\\\/sk\\\/kosik-2\\\/\",\"name\":\"Ko\u0161\u00edk - SLIMEX\",\"isPartOf\":{\"@id\":\"https:\\\/\\\/slimex.to\\\/sk\\\/#website\"},\"datePublished\":\"2026-01-03T19:54:52+00:00\",\"dateModified\":\"2026-03-15T11:08:27+00:00\",\"breadcrumb\":{\"@id\":\"https:\\\/\\\/slimex.to\\\/sk\\\/kosik-2\\\/#breadcrumb\"},\"inLanguage\":\"sk-SK\",\"potentialAction\":[{\"@type\":\"ReadAction\",\"target\":[\"https:\\\/\\\/slimex.to\\\/sk\\\/kosik-2\\\/\"]}]},{\"@type\":\"BreadcrumbList\",\"@id\":\"https:\\\/\\\/slimex.to\\\/sk\\\/kosik-2\\\/#breadcrumb\",\"itemListElement\":[{\"@type\":\"ListItem\",\"position\":1,\"name\":\"Home\",\"item\":\"https:\\\/\\\/slimex.to\\\/sk\\\/domov\\\/\"},{\"@type\":\"ListItem\",\"position\":2,\"name\":\"Ko\u0161\u00edk\"}]},{\"@type\":\"WebSite\",\"@id\":\"https:\\\/\\\/slimex.to\\\/sk\\\/#website\",\"url\":\"https:\\\/\\\/slimex.to\\\/sk\\\/\",\"name\":\"SLIMEX\",\"description\":\"Highest Quality Peptides\",\"publisher\":{\"@id\":\"https:\\\/\\\/slimex.to\\\/sk\\\/#organization\"},\"potentialAction\":[{\"@type\":\"SearchAction\",\"target\":{\"@type\":\"EntryPoint\",\"urlTemplate\":\"https:\\\/\\\/slimex.to\\\/sk\\\/?s={search_term_string}\"},\"query-input\":{\"@type\":\"PropertyValueSpecification\",\"valueRequired\":true,\"valueName\":\"search_term_string\"}}],\"inLanguage\":\"sk-SK\"},{\"@type\":[\"Organization\",\"Place\",\"MedicalOrganization\"],\"@id\":\"https:\\\/\\\/slimex.to\\\/sk\\\/#organization\",\"name\":\"SLIMEX\",\"alternateName\":\"SLIMEX\",\"url\":\"https:\\\/\\\/slimex.to\\\/sk\\\/\",\"logo\":{\"@id\":\"https:\\\/\\\/slimex.to\\\/sk\\\/kosik-2\\\/#local-main-organization-logo\"},\"image\":{\"@id\":\"https:\\\/\\\/slimex.to\\\/sk\\\/kosik-2\\\/#local-main-organization-logo\"},\"description\":\"We are a medical online provider specializing in research peptides, including retatrutide, delivered with a focus on safety, quality, and evidence-based care.\",\"legalName\":\"CREDIT CREW s.r.o.\",\"foundingDate\":\"2024-08-20\",\"numberOfEmployees\":{\"@type\":\"QuantitativeValue\",\"minValue\":\"11\",\"maxValue\":\"50\"},\"address\":{\"@id\":\"https:\\\/\\\/slimex.to\\\/sk\\\/kosik-2\\\/#local-main-place-address\"},\"telephone\":[],\"contactPoint\":{\"@type\":\"ContactPoint\",\"email\":\"info@slimex.to\"},\"openingHoursSpecification\":[],\"email\":\"info@slimex.to\",\"areaServed\":\"Europe\"},{\"@type\":\"PostalAddress\",\"@id\":\"https:\\\/\\\/slimex.to\\\/sk\\\/kosik-2\\\/#local-main-place-address\",\"streetAddress\":\"Rybn\u00e1 716\\\/24\",\"addressLocality\":\"Prague\",\"postalCode\":\"11000\",\"addressRegion\":\"Czech republic\",\"addressCountry\":\"CZ\"},{\"@type\":\"ImageObject\",\"inLanguage\":\"sk-SK\",\"@id\":\"https:\\\/\\\/slimex.to\\\/sk\\\/kosik-2\\\/#local-main-organization-logo\",\"url\":\"https:\\\/\\\/slimex.to\\\/wp-content\\\/uploads\\\/2026\\\/01\\\/slimex-logo.png\",\"contentUrl\":\"https:\\\/\\\/slimex.to\\\/wp-content\\\/uploads\\\/2026\\\/01\\\/slimex-logo.png\",\"width\":725,\"height\":194,\"caption\":\"SLIMEX\"}]}<\/script>\n<meta name=\"geo.placename\" content=\"Prague\" \/>\n<meta name=\"geo.region\" content=\"\u010cesk\u00e1 republika\" \/>\n<!-- \/ Yoast SEO Premium plugin. -->","yoast_head_json":{"title":"Ko\u0161\u00edk - SLIMEX","robots":{"index":"index","follow":"follow","max-snippet":"max-snippet:-1","max-image-preview":"max-image-preview:large","max-video-preview":"max-video-preview:-1"},"canonical":"https:\/\/slimex.to\/sk\/kosik-2\/","og_locale":"sk_SK","og_type":"article","og_title":"Ko\u0161\u00edk","og_url":"https:\/\/slimex.to\/sk\/kosik-2\/","og_site_name":"SLIMEX","article_modified_time":"2026-03-15T11:08:27+00:00","twitter_card":"summary_large_image","schema":{"@context":"https:\/\/schema.org","@graph":[{"@type":"WebPage","@id":"https:\/\/slimex.to\/sk\/kosik-2\/","url":"https:\/\/slimex.to\/sk\/kosik-2\/","name":"Ko\u0161\u00edk - SLIMEX","isPartOf":{"@id":"https:\/\/slimex.to\/sk\/#website"},"datePublished":"2026-01-03T19:54:52+00:00","dateModified":"2026-03-15T11:08:27+00:00","breadcrumb":{"@id":"https:\/\/slimex.to\/sk\/kosik-2\/#breadcrumb"},"inLanguage":"sk-SK","potentialAction":[{"@type":"ReadAction","target":["https:\/\/slimex.to\/sk\/kosik-2\/"]}]},{"@type":"BreadcrumbList","@id":"https:\/\/slimex.to\/sk\/kosik-2\/#breadcrumb","itemListElement":[{"@type":"ListItem","position":1,"name":"Home","item":"https:\/\/slimex.to\/sk\/domov\/"},{"@type":"ListItem","position":2,"name":"Ko\u0161\u00edk"}]},{"@type":"WebSite","@id":"https:\/\/slimex.to\/sk\/#website","url":"https:\/\/slimex.to\/sk\/","name":"SLIMEX","description":"Highest Quality Peptides","publisher":{"@id":"https:\/\/slimex.to\/sk\/#organization"},"potentialAction":[{"@type":"SearchAction","target":{"@type":"EntryPoint","urlTemplate":"https:\/\/slimex.to\/sk\/?s={search_term_string}"},"query-input":{"@type":"PropertyValueSpecification","valueRequired":true,"valueName":"search_term_string"}}],"inLanguage":"sk-SK"},{"@type":["Organization","Place","MedicalOrganization"],"@id":"https:\/\/slimex.to\/sk\/#organization","name":"SLIMEX","alternateName":"SLIMEX","url":"https:\/\/slimex.to\/sk\/","logo":{"@id":"https:\/\/slimex.to\/sk\/kosik-2\/#local-main-organization-logo"},"image":{"@id":"https:\/\/slimex.to\/sk\/kosik-2\/#local-main-organization-logo"},"description":"We are a medical online provider specializing in research peptides, including retatrutide, delivered with a focus on safety, quality, and evidence-based care.","legalName":"CREDIT CREW s.r.o.","foundingDate":"2024-08-20","numberOfEmployees":{"@type":"QuantitativeValue","minValue":"11","maxValue":"50"},"address":{"@id":"https:\/\/slimex.to\/sk\/kosik-2\/#local-main-place-address"},"telephone":[],"contactPoint":{"@type":"ContactPoint","email":"info@slimex.to"},"openingHoursSpecification":[],"email":"info@slimex.to","areaServed":"Europe"},{"@type":"PostalAddress","@id":"https:\/\/slimex.to\/sk\/kosik-2\/#local-main-place-address","streetAddress":"Rybn\u00e1 716\/24","addressLocality":"Prague","postalCode":"11000","addressRegion":"Czech republic","addressCountry":"CZ"},{"@type":"ImageObject","inLanguage":"sk-SK","@id":"https:\/\/slimex.to\/sk\/kosik-2\/#local-main-organization-logo","url":"https:\/\/slimex.to\/wp-content\/uploads\/2026\/01\/slimex-logo.png","contentUrl":"https:\/\/slimex.to\/wp-content\/uploads\/2026\/01\/slimex-logo.png","width":725,"height":194,"caption":"SLIMEX"}]},"geo.placename":"Prague","geo.region":"\u010cesk\u00e1 republika"},"_links":{"self":[{"href":"https:\/\/slimex.to\/sk\/wp-json\/wp\/v2\/pages\/9273","targetHints":{"allow":["GET"]}}],"collection":[{"href":"https:\/\/slimex.to\/sk\/wp-json\/wp\/v2\/pages"}],"about":[{"href":"https:\/\/slimex.to\/sk\/wp-json\/wp\/v2\/types\/page"}],"author":[{"embeddable":true,"href":"https:\/\/slimex.to\/sk\/wp-json\/wp\/v2\/users\/1"}],"replies":[{"embeddable":true,"href":"https:\/\/slimex.to\/sk\/wp-json\/wp\/v2\/comments?post=9273"}],"version-history":[{"count":1,"href":"https:\/\/slimex.to\/sk\/wp-json\/wp\/v2\/pages\/9273\/revisions"}],"predecessor-version":[{"id":9274,"href":"https:\/\/slimex.to\/sk\/wp-json\/wp\/v2\/pages\/9273\/revisions\/9274"}],"wp:attachment":[{"href":"https:\/\/slimex.to\/sk\/wp-json\/wp\/v2\/media?parent=9273"}],"curies":[{"name":"wp","href":"https:\/\/api.w.org\/{rel}","templated":true}]}}