{"id":9337,"date":"2020-10-14T09:36:36","date_gmt":"2020-10-14T09:36:36","guid":{"rendered":"https:\/\/slimex.to\/velkoobchod\/"},"modified":"2026-03-09T20:10:44","modified_gmt":"2026-03-09T20:10:44","slug":"velkoobchod","status":"publish","type":"page","link":"https:\/\/slimex.to\/sk\/velkoobchod\/","title":{"rendered":"Ve\u013ekoobchod"},"content":{"rendered":"\t\t<div data-elementor-type=\"wp-page\" data-elementor-id=\"9337\" class=\"elementor elementor-9337 elementor-54\">\n\t\t\t\t\t\t<section class=\"elementor-section elementor-top-section elementor-element elementor-element-e114644 elementor-section-full_width elementor-section-height-min-height elementor-section-content-middle elementor-section-stretched elementor-section-height-default elementor-section-items-middle\" data-id=\"e114644\" data-element_type=\"section\" data-e-type=\"section\" data-settings=\"{&quot;stretch_section&quot;:&quot;section-stretched&quot;,&quot;background_background&quot;:&quot;classic&quot;}\">\n\t\t\t\t\t\t<div class=\"elementor-container elementor-column-gap-no\">\n\t\t\t\t\t<div class=\"elementor-column elementor-col-100 elementor-top-column elementor-element elementor-element-65688f6\" data-id=\"65688f6\" data-element_type=\"column\" data-e-type=\"column\">\n\t\t\t<div class=\"elementor-widget-wrap elementor-element-populated\">\n\t\t\t\t\t\t<div class=\"elementor-element elementor-element-4fcb6f5 elementor-position-center elementor-widget-mobile__width-initial elementor-position-above elementor-widget elementor-widget-heading\" data-id=\"4fcb6f5\" data-element_type=\"widget\" data-e-type=\"widget\" data-widget_type=\"heading.default\">\n\t\t\t\t\t<div class=\"elementor-heading-wrapper\" ><div class=\"elementor-heading-wrapper-inner\"><h1 class=\"elementor-heading-title elementor-size-default\">Pr\u00e9miov\u00e1 dod\u00e1vka Retatrutidu pre medic\u00ednskych a v\u00fdskumn\u00fdch partnerov<\/h1><span class=\"sub-title\">Wholesale <span class=\"c-secondary\">Partnership<\/span> Program<\/span><\/div><\/div>\t\t\t\t<\/div>\n\t\t\t\t\t<\/div>\n\t\t<\/div>\n\t\t\t\t\t<\/div>\n\t\t<\/section>\n\t\t\t\t<section class=\"elementor-section elementor-top-section elementor-element elementor-element-b0f09d2 elementor-section-stretched elementor-section-boxed elementor-section-height-default elementor-section-height-default\" data-id=\"b0f09d2\" data-element_type=\"section\" data-e-type=\"section\" data-settings=\"{&quot;stretch_section&quot;:&quot;section-stretched&quot;}\">\n\t\t\t\t\t\t<div class=\"elementor-container elementor-column-gap-no\">\n\t\t\t\t\t<div class=\"elementor-column elementor-col-100 elementor-top-column elementor-element elementor-element-bd30bc4\" data-id=\"bd30bc4\" data-element_type=\"column\" data-e-type=\"column\">\n\t\t\t<div class=\"elementor-widget-wrap elementor-element-populated\">\n\t\t\t\t\t\t<div class=\"elementor-element elementor-element-4af2308 elementor-widget__width-initial elementor-position-center elementor-position-below elementor-widget elementor-widget-heading\" data-id=\"4af2308\" data-element_type=\"widget\" data-e-type=\"widget\" data-widget_type=\"heading.default\">\n\t\t\t\t\t<div class=\"elementor-heading-wrapper\" ><div class=\"elementor-heading-wrapper-inner\"><h2 class=\"elementor-heading-title elementor-size-default\">Sta\u0148te sa partnerom d\u00f4veryhodn\u00e9ho medic\u00ednskeho dod\u00e1vate\u013ea<\/h2><span class=\"sub-title\">We provide reliable bulk supply solutions tailored for licensed clinics, pharmacies, and research institutions.<\/span><\/div><\/div>\t\t\t\t<\/div>\n\t\t\t\t<section class=\"elementor-section elementor-inner-section elementor-element elementor-element-74c1ea9 elementor-section-boxed elementor-section-height-default elementor-section-height-default\" data-id=\"74c1ea9\" data-element_type=\"section\" data-e-type=\"section\">\n\t\t\t\t\t\t<div class=\"elementor-container elementor-column-gap-no\">\n\t\t\t\t\t<div class=\"elementor-column elementor-col-25 elementor-inner-column elementor-element elementor-element-3d7bb5f\" data-id=\"3d7bb5f\" data-element_type=\"column\" data-e-type=\"column\">\n\t\t\t<div class=\"elementor-widget-wrap elementor-element-populated\">\n\t\t\t\t\t\t<div class=\"elementor-element elementor-element-91bd4bb elementor-icon-bg-yes elementor-button-default elementor-widget elementor-widget-featured-box\" data-id=\"91bd4bb\" data-element_type=\"widget\" data-e-type=\"widget\" data-widget_type=\"featured-box.default\">\n\t\t\t\t<div class=\"elementor-widget-container\">\n\t\t\t\t\t<div class=\"elementor-featured-box-wrapper\"><div class=\"elementor-featured-box-top\"><div class=\"elementor-featured-box-icon\"><i class=\"opal-icon-e-pharmacy\" aria-hidden=\"true\" ><\/i><\/div><\/div><div class=\"elementor-featured-box-bottom\"><h3 class=\"elementor-featured-box-title typo-heading\">Licencovan\u00e1 distrib\u00facia<\/h3><p class=\"elementor-featured-box-description\">Ve\u013ekoobchodn\u00fd pr\u00edstup dostupn\u00fd v\u00fdhradne pre overen\u00fdch medic\u00ednskych a v\u00fdskumn\u00fdch profesion\u00e1lov.<\/p><\/div><\/div>\t\t\t\t<\/div>\n\t\t\t\t<\/div>\n\t\t\t\t\t<\/div>\n\t\t<\/div>\n\t\t\t\t<div class=\"elementor-column elementor-col-25 elementor-inner-column elementor-element elementor-element-3f44cb2\" data-id=\"3f44cb2\" data-element_type=\"column\" data-e-type=\"column\">\n\t\t\t<div class=\"elementor-widget-wrap elementor-element-populated\">\n\t\t\t\t\t\t<div class=\"elementor-element elementor-element-fe7aa4a elementor-icon-bg-yes elementor-button-default elementor-widget elementor-widget-featured-box\" data-id=\"fe7aa4a\" data-element_type=\"widget\" data-e-type=\"widget\" data-widget_type=\"featured-box.default\">\n\t\t\t\t<div class=\"elementor-widget-container\">\n\t\t\t\t\t<div class=\"elementor-featured-box-wrapper\"><div class=\"elementor-featured-box-top\"><div class=\"elementor-featured-box-icon\"><i class=\"opal-icon-consultations\" aria-hidden=\"true\" ><\/i><\/div><\/div><div class=\"elementor-featured-box-bottom\"><h3 class=\"elementor-featured-box-title typo-heading\">Konkuren\u010dn\u00e9 objemov\u00e9 ceny<\/h3><p class=\"elementor-featured-box-description\">\u0160trukt\u00farovan\u00e9 cenov\u00e9 \u00farovne navrhnut\u00e9 pre udr\u017eate\u013en\u00e9, dlhodob\u00e9 obchodn\u00e9 partnerstv\u00e1.<\/p><\/div><\/div>\t\t\t\t<\/div>\n\t\t\t\t<\/div>\n\t\t\t\t\t<\/div>\n\t\t<\/div>\n\t\t\t\t<div class=\"elementor-column elementor-col-25 elementor-inner-column elementor-element elementor-element-fd10027\" data-id=\"fd10027\" data-element_type=\"column\" data-e-type=\"column\">\n\t\t\t<div class=\"elementor-widget-wrap elementor-element-populated\">\n\t\t\t\t\t\t<div class=\"elementor-element elementor-element-e91b8dd elementor-icon-bg-yes elementor-button-default elementor-widget elementor-widget-featured-box\" data-id=\"e91b8dd\" data-element_type=\"widget\" data-e-type=\"widget\" data-widget_type=\"featured-box.default\">\n\t\t\t\t<div class=\"elementor-widget-container\">\n\t\t\t\t\t<div class=\"elementor-featured-box-wrapper\"><div class=\"elementor-featured-box-top\"><div class=\"elementor-featured-box-icon\"><i class=\"opal-icon-labs-tests\" aria-hidden=\"true\" ><\/i><\/div><\/div><div class=\"elementor-featured-box-bottom\"><h3 class=\"elementor-featured-box-title typo-heading\">Kvalita a s\u00falad<\/h3><p class=\"elementor-featured-box-description\">Produkty z\u00edskavan\u00e9 a spracov\u00e1van\u00e9 pod\u013ea pr\u00edsnych noriem kvality a skladovania.<\/p><\/div><\/div>\t\t\t\t<\/div>\n\t\t\t\t<\/div>\n\t\t\t\t\t<\/div>\n\t\t<\/div>\n\t\t\t\t<div class=\"elementor-column elementor-col-25 elementor-inner-column elementor-element elementor-element-8b20373\" data-id=\"8b20373\" data-element_type=\"column\" data-e-type=\"column\">\n\t\t\t<div class=\"elementor-widget-wrap elementor-element-populated\">\n\t\t\t\t\t\t<div class=\"elementor-element elementor-element-5979607 elementor-icon-bg-yes elementor-button-default elementor-widget elementor-widget-featured-box\" data-id=\"5979607\" data-element_type=\"widget\" data-e-type=\"widget\" data-widget_type=\"featured-box.default\">\n\t\t\t\t<div class=\"elementor-widget-container\">\n\t\t\t\t\t<div class=\"elementor-featured-box-wrapper\"><div class=\"elementor-featured-box-top\"><div class=\"elementor-featured-box-icon\"><i class=\"opal-icon-authentic\" aria-hidden=\"true\" ><\/i><\/div><\/div><div class=\"elementor-featured-box-bottom\"><h3 class=\"elementor-featured-box-title typo-heading\">Vyhraden\u00e1 podpora \u00fa\u010dtu<\/h3><p class=\"elementor-featured-box-description\">Personalizovan\u00e1 asistencia pre objedn\u00e1vky, koordin\u00e1ciu logistiky a potreby prebiehaj\u00faceho partnerstva.<\/p><\/div><\/div>\t\t\t\t<\/div>\n\t\t\t\t<\/div>\n\t\t\t\t\t<\/div>\n\t\t<\/div>\n\t\t\t\t\t<\/div>\n\t\t<\/section>\n\t\t\t\t\t<\/div>\n\t\t<\/div>\n\t\t\t\t\t<\/div>\n\t\t<\/section>\n\t\t\t\t<section class=\"elementor-section elementor-top-section elementor-element elementor-element-d1275d9 elementor-section-full_width elementor-section-height-min-height elementor-section-content-middle elementor-section-stretched elementor-section-height-default elementor-section-items-middle\" data-id=\"d1275d9\" data-element_type=\"section\" data-e-type=\"section\" data-settings=\"{&quot;stretch_section&quot;:&quot;section-stretched&quot;,&quot;background_background&quot;:&quot;classic&quot;}\">\n\t\t\t\t\t\t<div class=\"elementor-container elementor-column-gap-no\">\n\t\t\t\t\t<div class=\"elementor-column elementor-col-100 elementor-top-column elementor-element elementor-element-9df5cc1\" data-id=\"9df5cc1\" data-element_type=\"column\" data-e-type=\"column\">\n\t\t\t<div class=\"elementor-widget-wrap elementor-element-populated\">\n\t\t\t\t\t\t<div class=\"elementor-element elementor-element-d8ff3b2 elementor-position-center elementor-widget__width-initial elementor-widget-mobile__width-initial elementor-position-below elementor-widget elementor-widget-heading\" data-id=\"d8ff3b2\" data-element_type=\"widget\" data-e-type=\"widget\" data-widget_type=\"heading.default\">\n\t\t\t\t\t<div class=\"elementor-heading-wrapper\" ><div class=\"elementor-heading-wrapper-inner\"><h1 class=\"elementor-heading-title elementor-size-default\">Ste pripraven\u00ed sta\u0165 sa ve\u013ekoobchodn\u00fdm partnerom?<\/h1><\/div><\/div>\t\t\t\t<\/div>\n\t\t\t\t<div class=\"elementor-element elementor-element-c5c9fb0 elementor-align-center elementor-button-primary elementor-widget elementor-widget-button\" data-id=\"c5c9fb0\" data-element_type=\"widget\" data-e-type=\"widget\" data-widget_type=\"button.default\">\n\t\t\t\t\t        <div class=\"elementor-button-wrapper\">\n            <a href=\"https:\/\/slimex.to\/contact\/\" class=\"elementor-button-link elementor-button elementor-size-lg\" target=\"_blank\" rel=\"nofollow\" role=\"button\">\n                        <span class=\"elementor-button-content-wrapper\">\n\t\t\t            <span class=\"elementor-button-text\">Vy\u017eiada\u0165 si ve\u013ekoobchodn\u00e9 inform\u00e1cie<\/span>\n\t\t<\/span>\n\n\n                <\/a>\n        <\/div>\n        \t\t\t\t<\/div>\n\t\t\t\t\t<\/div>\n\t\t<\/div>\n\t\t\t\t\t<\/div>\n\t\t<\/section>\n\t\t\t\t<\/div>\n\t\t","protected":false},"excerpt":{"rendered":"<p>Pr\u00e9miov\u00e1 dod\u00e1vka Retatrutidu pre medic\u00ednskych a v\u00fdskumn\u00fdch partnerov Wholesale Partnership Program Sta\u0148te sa partnerom d\u00f4veryhodn\u00e9ho medic\u00ednskeho dod\u00e1vate\u013ea We provide reliable bulk supply solutions tailored for licensed clinics, pharmacies, and research institutions. Licencovan\u00e1 distrib\u00facia Ve\u013ekoobchodn\u00fd pr\u00edstup dostupn\u00fd v\u00fdhradne pre overen\u00fdch medic\u00ednskych a v\u00fdskumn\u00fdch profesion\u00e1lov. Konkuren\u010dn\u00e9 objemov\u00e9 ceny \u0160trukt\u00farovan\u00e9 cenov\u00e9 \u00farovne navrhnut\u00e9 pre udr\u017eate\u013en\u00e9, dlhodob\u00e9 obchodn\u00e9 partnerstv\u00e1. &hellip; <\/p>\n<p class=\"more-link-wrap\"><a href=\"https:\/\/slimex.to\/sk\/velkoobchod\/\" class=\"more-link\"><i class=\"opal-icon-plus\" aria-hidden=\"true\"><\/i><span>\u010c\u00edtaj viac<span class=\"screen-reader-text\"> &#8222;Ve\u013ekoobchod&#8220;<\/span><\/span><\/a><\/p>\n","protected":false},"author":1,"featured_media":0,"parent":0,"menu_order":0,"comment_status":"closed","ping_status":"closed","template":"page-elementor.php","meta":{"inline_featured_image":false,"iawp_total_views":5,"footnotes":""},"class_list":["post-9337","page","type-page","status-publish","hentry"],"yoast_head":"<!-- This site is optimized with the Yoast SEO Premium plugin v27.2 (Yoast SEO v27.5) - https:\/\/yoast.com\/product\/yoast-seo-premium-wordpress\/ -->\n<title>Ve\u013ekoobchod - SLIMEX<\/title>\n<meta name=\"robots\" content=\"index, follow, max-snippet:-1, max-image-preview:large, max-video-preview:-1\" \/>\n<link rel=\"canonical\" href=\"https:\/\/slimex.to\/sk\/velkoobchod\/\" \/>\n<meta property=\"og:locale\" content=\"sk_SK\" \/>\n<meta property=\"og:type\" content=\"article\" \/>\n<meta property=\"og:title\" content=\"Ve\u013ekoobchod\" \/>\n<meta property=\"og:description\" content=\"Pr\u00e9miov\u00e1 dod\u00e1vka Retatrutidu pre medic\u00ednskych a v\u00fdskumn\u00fdch partnerov Wholesale Partnership Program Sta\u0148te sa partnerom d\u00f4veryhodn\u00e9ho medic\u00ednskeho dod\u00e1vate\u013ea We provide reliable bulk supply solutions tailored for licensed clinics, pharmacies, and research institutions. Licencovan\u00e1 distrib\u00facia Ve\u013ekoobchodn\u00fd pr\u00edstup dostupn\u00fd v\u00fdhradne pre overen\u00fdch medic\u00ednskych a v\u00fdskumn\u00fdch profesion\u00e1lov. Konkuren\u010dn\u00e9 objemov\u00e9 ceny \u0160trukt\u00farovan\u00e9 cenov\u00e9 \u00farovne navrhnut\u00e9 pre udr\u017eate\u013en\u00e9, dlhodob\u00e9 obchodn\u00e9 partnerstv\u00e1. &hellip; \u010c\u00edtaj viac &quot;Ve\u013ekoobchod&quot;\" \/>\n<meta property=\"og:url\" content=\"https:\/\/slimex.to\/sk\/velkoobchod\/\" \/>\n<meta property=\"og:site_name\" content=\"SLIMEX\" \/>\n<meta property=\"article:modified_time\" content=\"2026-03-09T20:10:44+00:00\" \/>\n<meta name=\"twitter:card\" content=\"summary_large_image\" \/>\n<meta name=\"twitter:label1\" content=\"Predpokladan\u00fd \u010das \u010d\u00edtania\" \/>\n\t<meta name=\"twitter:data1\" content=\"1 min\u00fata\" \/>\n<script type=\"application\/ld+json\" class=\"yoast-schema-graph\">{\"@context\":\"https:\\\/\\\/schema.org\",\"@graph\":[{\"@type\":\"WebPage\",\"@id\":\"https:\\\/\\\/slimex.to\\\/sk\\\/velkoobchod\\\/\",\"url\":\"https:\\\/\\\/slimex.to\\\/sk\\\/velkoobchod\\\/\",\"name\":\"Ve\u013ekoobchod - SLIMEX\",\"isPartOf\":{\"@id\":\"https:\\\/\\\/slimex.to\\\/sk\\\/#website\"},\"datePublished\":\"2020-10-14T09:36:36+00:00\",\"dateModified\":\"2026-03-09T20:10:44+00:00\",\"breadcrumb\":{\"@id\":\"https:\\\/\\\/slimex.to\\\/sk\\\/velkoobchod\\\/#breadcrumb\"},\"inLanguage\":\"sk-SK\",\"potentialAction\":[{\"@type\":\"ReadAction\",\"target\":[\"https:\\\/\\\/slimex.to\\\/sk\\\/velkoobchod\\\/\"]}]},{\"@type\":\"BreadcrumbList\",\"@id\":\"https:\\\/\\\/slimex.to\\\/sk\\\/velkoobchod\\\/#breadcrumb\",\"itemListElement\":[{\"@type\":\"ListItem\",\"position\":1,\"name\":\"Home\",\"item\":\"https:\\\/\\\/slimex.to\\\/sk\\\/domov\\\/\"},{\"@type\":\"ListItem\",\"position\":2,\"name\":\"Ve\u013ekoobchod\"}]},{\"@type\":\"WebSite\",\"@id\":\"https:\\\/\\\/slimex.to\\\/sk\\\/#website\",\"url\":\"https:\\\/\\\/slimex.to\\\/sk\\\/\",\"name\":\"SLIMEX\",\"description\":\"Highest Quality Peptides\",\"publisher\":{\"@id\":\"https:\\\/\\\/slimex.to\\\/sk\\\/#organization\"},\"potentialAction\":[{\"@type\":\"SearchAction\",\"target\":{\"@type\":\"EntryPoint\",\"urlTemplate\":\"https:\\\/\\\/slimex.to\\\/sk\\\/?s={search_term_string}\"},\"query-input\":{\"@type\":\"PropertyValueSpecification\",\"valueRequired\":true,\"valueName\":\"search_term_string\"}}],\"inLanguage\":\"sk-SK\"},{\"@type\":[\"Organization\",\"Place\",\"MedicalOrganization\"],\"@id\":\"https:\\\/\\\/slimex.to\\\/sk\\\/#organization\",\"name\":\"SLIMEX\",\"alternateName\":\"SLIMEX\",\"url\":\"https:\\\/\\\/slimex.to\\\/sk\\\/\",\"logo\":{\"@id\":\"https:\\\/\\\/slimex.to\\\/sk\\\/velkoobchod\\\/#local-main-organization-logo\"},\"image\":{\"@id\":\"https:\\\/\\\/slimex.to\\\/sk\\\/velkoobchod\\\/#local-main-organization-logo\"},\"description\":\"We are a medical online provider specializing in research peptides, including retatrutide, delivered with a focus on safety, quality, and evidence-based care.\",\"legalName\":\"CREDIT CREW s.r.o.\",\"foundingDate\":\"2024-08-20\",\"numberOfEmployees\":{\"@type\":\"QuantitativeValue\",\"minValue\":\"11\",\"maxValue\":\"50\"},\"address\":{\"@id\":\"https:\\\/\\\/slimex.to\\\/sk\\\/velkoobchod\\\/#local-main-place-address\"},\"telephone\":[],\"contactPoint\":{\"@type\":\"ContactPoint\",\"email\":\"info@slimex.to\"},\"openingHoursSpecification\":[],\"email\":\"info@slimex.to\",\"areaServed\":\"Europe\"},{\"@type\":\"PostalAddress\",\"@id\":\"https:\\\/\\\/slimex.to\\\/sk\\\/velkoobchod\\\/#local-main-place-address\",\"streetAddress\":\"Rybn\u00e1 716\\\/24\",\"addressLocality\":\"Prague\",\"postalCode\":\"11000\",\"addressRegion\":\"Czech republic\",\"addressCountry\":\"CZ\"},{\"@type\":\"ImageObject\",\"inLanguage\":\"sk-SK\",\"@id\":\"https:\\\/\\\/slimex.to\\\/sk\\\/velkoobchod\\\/#local-main-organization-logo\",\"url\":\"https:\\\/\\\/slimex.to\\\/wp-content\\\/uploads\\\/2026\\\/01\\\/slimex-logo.png\",\"contentUrl\":\"https:\\\/\\\/slimex.to\\\/wp-content\\\/uploads\\\/2026\\\/01\\\/slimex-logo.png\",\"width\":725,\"height\":194,\"caption\":\"SLIMEX\"}]}<\/script>\n<meta name=\"geo.placename\" content=\"Prague\" \/>\n<meta name=\"geo.region\" content=\"\u010cesk\u00e1 republika\" \/>\n<!-- \/ Yoast SEO Premium plugin. -->","yoast_head_json":{"title":"Ve\u013ekoobchod - SLIMEX","robots":{"index":"index","follow":"follow","max-snippet":"max-snippet:-1","max-image-preview":"max-image-preview:large","max-video-preview":"max-video-preview:-1"},"canonical":"https:\/\/slimex.to\/sk\/velkoobchod\/","og_locale":"sk_SK","og_type":"article","og_title":"Ve\u013ekoobchod","og_description":"Pr\u00e9miov\u00e1 dod\u00e1vka Retatrutidu pre medic\u00ednskych a v\u00fdskumn\u00fdch partnerov Wholesale Partnership Program Sta\u0148te sa partnerom d\u00f4veryhodn\u00e9ho medic\u00ednskeho dod\u00e1vate\u013ea We provide reliable bulk supply solutions tailored for licensed clinics, pharmacies, and research institutions. Licencovan\u00e1 distrib\u00facia Ve\u013ekoobchodn\u00fd pr\u00edstup dostupn\u00fd v\u00fdhradne pre overen\u00fdch medic\u00ednskych a v\u00fdskumn\u00fdch profesion\u00e1lov. Konkuren\u010dn\u00e9 objemov\u00e9 ceny \u0160trukt\u00farovan\u00e9 cenov\u00e9 \u00farovne navrhnut\u00e9 pre udr\u017eate\u013en\u00e9, dlhodob\u00e9 obchodn\u00e9 partnerstv\u00e1. &hellip; \u010c\u00edtaj viac \"Ve\u013ekoobchod\"","og_url":"https:\/\/slimex.to\/sk\/velkoobchod\/","og_site_name":"SLIMEX","article_modified_time":"2026-03-09T20:10:44+00:00","twitter_card":"summary_large_image","twitter_misc":{"Predpokladan\u00fd \u010das \u010d\u00edtania":"1 min\u00fata"},"schema":{"@context":"https:\/\/schema.org","@graph":[{"@type":"WebPage","@id":"https:\/\/slimex.to\/sk\/velkoobchod\/","url":"https:\/\/slimex.to\/sk\/velkoobchod\/","name":"Ve\u013ekoobchod - SLIMEX","isPartOf":{"@id":"https:\/\/slimex.to\/sk\/#website"},"datePublished":"2020-10-14T09:36:36+00:00","dateModified":"2026-03-09T20:10:44+00:00","breadcrumb":{"@id":"https:\/\/slimex.to\/sk\/velkoobchod\/#breadcrumb"},"inLanguage":"sk-SK","potentialAction":[{"@type":"ReadAction","target":["https:\/\/slimex.to\/sk\/velkoobchod\/"]}]},{"@type":"BreadcrumbList","@id":"https:\/\/slimex.to\/sk\/velkoobchod\/#breadcrumb","itemListElement":[{"@type":"ListItem","position":1,"name":"Home","item":"https:\/\/slimex.to\/sk\/domov\/"},{"@type":"ListItem","position":2,"name":"Ve\u013ekoobchod"}]},{"@type":"WebSite","@id":"https:\/\/slimex.to\/sk\/#website","url":"https:\/\/slimex.to\/sk\/","name":"SLIMEX","description":"Highest Quality Peptides","publisher":{"@id":"https:\/\/slimex.to\/sk\/#organization"},"potentialAction":[{"@type":"SearchAction","target":{"@type":"EntryPoint","urlTemplate":"https:\/\/slimex.to\/sk\/?s={search_term_string}"},"query-input":{"@type":"PropertyValueSpecification","valueRequired":true,"valueName":"search_term_string"}}],"inLanguage":"sk-SK"},{"@type":["Organization","Place","MedicalOrganization"],"@id":"https:\/\/slimex.to\/sk\/#organization","name":"SLIMEX","alternateName":"SLIMEX","url":"https:\/\/slimex.to\/sk\/","logo":{"@id":"https:\/\/slimex.to\/sk\/velkoobchod\/#local-main-organization-logo"},"image":{"@id":"https:\/\/slimex.to\/sk\/velkoobchod\/#local-main-organization-logo"},"description":"We are a medical online provider specializing in research peptides, including retatrutide, delivered with a focus on safety, quality, and evidence-based care.","legalName":"CREDIT CREW s.r.o.","foundingDate":"2024-08-20","numberOfEmployees":{"@type":"QuantitativeValue","minValue":"11","maxValue":"50"},"address":{"@id":"https:\/\/slimex.to\/sk\/velkoobchod\/#local-main-place-address"},"telephone":[],"contactPoint":{"@type":"ContactPoint","email":"info@slimex.to"},"openingHoursSpecification":[],"email":"info@slimex.to","areaServed":"Europe"},{"@type":"PostalAddress","@id":"https:\/\/slimex.to\/sk\/velkoobchod\/#local-main-place-address","streetAddress":"Rybn\u00e1 716\/24","addressLocality":"Prague","postalCode":"11000","addressRegion":"Czech republic","addressCountry":"CZ"},{"@type":"ImageObject","inLanguage":"sk-SK","@id":"https:\/\/slimex.to\/sk\/velkoobchod\/#local-main-organization-logo","url":"https:\/\/slimex.to\/wp-content\/uploads\/2026\/01\/slimex-logo.png","contentUrl":"https:\/\/slimex.to\/wp-content\/uploads\/2026\/01\/slimex-logo.png","width":725,"height":194,"caption":"SLIMEX"}]},"geo.placename":"Prague","geo.region":"\u010cesk\u00e1 republika"},"_links":{"self":[{"href":"https:\/\/slimex.to\/sk\/wp-json\/wp\/v2\/pages\/9337","targetHints":{"allow":["GET"]}}],"collection":[{"href":"https:\/\/slimex.to\/sk\/wp-json\/wp\/v2\/pages"}],"about":[{"href":"https:\/\/slimex.to\/sk\/wp-json\/wp\/v2\/types\/page"}],"author":[{"embeddable":true,"href":"https:\/\/slimex.to\/sk\/wp-json\/wp\/v2\/users\/1"}],"replies":[{"embeddable":true,"href":"https:\/\/slimex.to\/sk\/wp-json\/wp\/v2\/comments?post=9337"}],"version-history":[{"count":1,"href":"https:\/\/slimex.to\/sk\/wp-json\/wp\/v2\/pages\/9337\/revisions"}],"predecessor-version":[{"id":9354,"href":"https:\/\/slimex.to\/sk\/wp-json\/wp\/v2\/pages\/9337\/revisions\/9354"}],"wp:attachment":[{"href":"https:\/\/slimex.to\/sk\/wp-json\/wp\/v2\/media?parent=9337"}],"curies":[{"name":"wp","href":"https:\/\/api.w.org\/{rel}","templated":true}]}}