{"id":9355,"date":"2026-02-04T12:53:39","date_gmt":"2026-02-04T12:53:39","guid":{"rendered":"https:\/\/slimex.to\/zasady-vratenia-penazi-a-tovaru\/"},"modified":"2026-03-09T20:10:44","modified_gmt":"2026-03-09T20:10:44","slug":"zasady-vratenia-penazi-a-tovaru","status":"publish","type":"page","link":"https:\/\/slimex.to\/sk\/zasady-vratenia-penazi-a-tovaru\/","title":{"rendered":"Z\u00e1sady vr\u00e1tenia pe\u0148az\u00ed a tovaru"},"content":{"rendered":"\n<p><b>Toto je uk\u00e1\u017ekov\u00e1 str\u00e1nka.<\/b><\/p>\n\n<h2 class=\"wp-block-heading\">Preh\u013ead<\/h2>\n\n<p>Na\u0161e z\u00e1sady vr\u00e1tenia pe\u0148az\u00ed a tovaru platia 30 dn\u00ed. Ak od v\u00e1\u0161ho n\u00e1kupu uplynulo 30 dn\u00ed, nem\u00f4\u017eeme v\u00e1m pon\u00faknu\u0165 vr\u00e1tenie pe\u0148az\u00ed v plnej v\u00fd\u0161ke ani v\u00fdmenu tovaru. <\/p>\n\n<p>Aby bolo mo\u017en\u00e9 tovar vr\u00e1ti\u0165, mus\u00ed by\u0165 nepou\u017eit\u00fd a v rovnakom stave, v akom ste ho dostali. Mus\u00ed by\u0165 tie\u017e v p\u00f4vodnom obale. <\/p>\n\n<p>Niektor\u00e9 druhy tovaru s\u00fa osloboden\u00e9 od vr\u00e1tenia. Tovar podliehaj\u00faci skaze, ako s\u00fa potraviny, kvety, noviny alebo \u010dasopisy, nie je mo\u017en\u00e9 vr\u00e1ti\u0165. Taktie\u017e neprij\u00edmame produkty, ktor\u00e9 s\u00fa int\u00edmnym alebo hygienick\u00fdm tovarom, nebezpe\u010dn\u00e9 materi\u00e1ly alebo hor\u013eav\u00e9 kvapaliny \u010di plyny.  <\/p>\n\n<p>\u010eal\u0161ie polo\u017eky, ktor\u00e9 nie je mo\u017en\u00e9 vr\u00e1ti\u0165:<\/p>\n\n<ul class=\"wp-block-list\">\n<li>Dar\u010dekov\u00e9 karty<\/li>\n<li>Softv\u00e9rov\u00e9 produkty na stiahnutie<\/li>\n<li>Niektor\u00e9 polo\u017eky osobnej starostlivosti a zdravotn\u00e9 pom\u00f4cky<\/li>\n<\/ul>\n\n<p>Na dokon\u010denie vr\u00e1tenia tovaru vy\u017eadujeme potvrdenie o k\u00fape alebo doklad o n\u00e1kupe.<\/p>\n\n<p>Pros\u00edme, neposielajte zak\u00fapen\u00fd tovar sp\u00e4\u0165 v\u00fdrobcovi.<\/p>\n\n<p>Existuj\u00fa ur\u010dit\u00e9 situ\u00e1cie, kedy sa poskytuje iba \u010diasto\u010dn\u00e9 vr\u00e1tenie pe\u0148az\u00ed:<\/p>\n\n<ul class=\"wp-block-list\">\n<li>Kniha so zjavn\u00fdmi zn\u00e1mkami pou\u017e\u00edvania<\/li>\n<li>CD, DVD, VHS kazeta, softv\u00e9r, videohra, audiokazeta alebo vinylov\u00e1 plat\u0148a, ktor\u00e1 bola otvoren\u00e1.<\/li>\n<li>Ak\u00e1ko\u013evek polo\u017eka, ktor\u00e1 nie je v p\u00f4vodnom stave, je po\u0161koden\u00e1 alebo jej ch\u00fdbaj\u00fa \u010dasti z d\u00f4vodov, ktor\u00e9 nevznikli na\u0161ou chybou.<\/li>\n<li>Ak\u00e1ko\u013evek polo\u017eka, ktor\u00e1 je vr\u00e1ten\u00e1 viac ako 30 dn\u00ed po doru\u010den\u00ed<\/li>\n<\/ul>\n\n<h2 class=\"wp-block-heading\">Vr\u00e1tenie pe\u0148az\u00ed<\/h2>\n\n<p>Po prijat\u00ed a kontrole vr\u00e1ten\u00e9ho tovaru v\u00e1m po\u0161leme e-mail s ozn\u00e1men\u00edm, \u017ee sme va\u0161u z\u00e1sielku prijali. Taktie\u017e v\u00e1s budeme informova\u0165 o schv\u00e1len\u00ed alebo zamietnut\u00ed vr\u00e1tenia pe\u0148az\u00ed. <\/p>\n\n<p>V pr\u00edpade schv\u00e1lenia bude va\u0161a refund\u00e1cia spracovan\u00e1 a kredit bude automaticky prip\u00edsan\u00fd na va\u0161u kreditn\u00fa kartu alebo p\u00f4vodn\u00fd sp\u00f4sob platby v priebehu ur\u010dit\u00e9ho po\u010dtu dn\u00ed.<\/p>\n\n<h3 class=\"wp-block-heading\">Oneskoren\u00e9 alebo ch\u00fdbaj\u00face vr\u00e1tenie pe\u0148az\u00ed<\/h3>\n\n<p>Ak ste peniaze e\u0161te nedostali, najprv si znova skontrolujte bankov\u00fd \u00fa\u010det.<\/p>\n\n<p>Potom kontaktujte spolo\u010dnos\u0165 vyd\u00e1vaj\u00facu va\u0161u kreditn\u00fa kartu; m\u00f4\u017ee trva\u0165 ur\u010dit\u00fd \u010das, k\u00fdm bude vr\u00e1tenie pe\u0148az\u00ed ofici\u00e1lne za\u00fa\u010dtovan\u00e9.<\/p>\n\n<p>N\u00e1sledne kontaktujte svoju banku. Pred za\u00fa\u010dtovan\u00edm vr\u00e1tenej sumy \u010dasto prebieha ur\u010dit\u00fd \u010das spracovania. <\/p>\n\n<p>Ak ste toto v\u0161etko urobili a peniaze ste st\u00e1le nedostali, kontaktujte n\u00e1s, pros\u00edm, na adrese {email address}.<\/p>\n\n<h3 class=\"wp-block-heading\">Zlacnen\u00fd tovar<\/h3>\n\n<p>Vr\u00e1tenie pe\u0148az\u00ed je mo\u017en\u00e9 len pri tovare za be\u017en\u00fa cenu. Za zlacnen\u00fd tovar nie je mo\u017en\u00e9 vr\u00e1ti\u0165 peniaze. <\/p>\n\n<h2 class=\"wp-block-heading\">V\u00fdmena tovaru<\/h2>\n\n<p>Tovar vymie\u0148ame iba v pr\u00edpade, ak je chybn\u00fd alebo po\u0161koden\u00fd. Ak ho potrebujete vymeni\u0165 za rovnak\u00fd kus, po\u0161lite n\u00e1m e-mail na adresu {email address} a tovar za\u0161lite na: {physical address}. <\/p>\n\n<h2 class=\"wp-block-heading\">Dar\u010deky<\/h2>\n\n<p>Ak bol tovar pri n\u00e1kupe ozna\u010den\u00fd ako dar\u010dek a bol odoslan\u00fd priamo v\u00e1m, dostanete dar\u010dekov\u00fd kredit v hodnote vr\u00e1ten\u00e9ho tovaru. Po prijat\u00ed vr\u00e1ten\u00e9ho tovaru v\u00e1m bude po\u0161tou zaslan\u00fd dar\u010dekov\u00fd certifik\u00e1t. <\/p>\n\n<p>Ak tovar nebol pri n\u00e1kupe ozna\u010den\u00fd ako dar\u010dek, alebo si darca nechal objedn\u00e1vku posla\u0165 k sebe, aby v\u00e1m ju odovzdal nesk\u00f4r, po\u0161leme peniaze darcovi a ten sa o vr\u00e1ten\u00ed tovaru dozvie.<\/p>\n\n<h2 class=\"wp-block-heading\">Zasielanie vr\u00e1ten\u00e9ho tovaru<\/h2>\n\n<p>Ak chcete produkt vr\u00e1ti\u0165, mali by ste ho posla\u0165 po\u0161tou na adresu: {physical address}.<\/p>\n\n<p>Zodpoved\u00e1te za uhradenie vlastn\u00fdch n\u00e1kladov na dopravu pri vr\u00e1ten\u00ed tovaru. N\u00e1klady na dopravu sa nevracaj\u00fa. Ak v\u00e1m bud\u00fa vr\u00e1ten\u00e9 peniaze, n\u00e1klady na sp\u00e4tn\u00fa dopravu bud\u00fa odpo\u010d\u00edtan\u00e9 z vr\u00e1tenej sumy.  <\/p>\n\n<p>V z\u00e1vislosti od toho, kde b\u00fdvate, sa m\u00f4\u017ee \u010das doru\u010denia vymenen\u00e9ho produktu l\u00ed\u0161i\u0165.<\/p>\n\n<p>Ak vraciate drah\u0161\u00ed tovar, mali by ste zv\u00e1\u017ei\u0165 pou\u017eitie sledovate\u013enej prepravnej slu\u017eby alebo zak\u00fapenie poistenia z\u00e1sielky. Nezaru\u010dujeme, \u017ee vr\u00e1ten\u00fd tovar skuto\u010dne dostaneme. <\/p>\n\n<h2 class=\"wp-block-heading\">Potrebujete pomoc?<\/h2>\n\n<p>V pr\u00edpade ot\u00e1zok t\u00fdkaj\u00facich sa vr\u00e1tenia pe\u0148az\u00ed a tovaru n\u00e1s kontaktujte na {email}.<\/p>\n","protected":false},"excerpt":{"rendered":"<p>Toto je uk\u00e1\u017ekov\u00e1 str\u00e1nka. Preh\u013ead Na\u0161e z\u00e1sady vr\u00e1tenia pe\u0148az\u00ed a tovaru platia 30 dn\u00ed. Ak od v\u00e1\u0161ho n\u00e1kupu uplynulo 30 dn\u00ed, nem\u00f4\u017eeme v\u00e1m pon\u00faknu\u0165 vr\u00e1tenie pe\u0148az\u00ed v plnej v\u00fd\u0161ke ani v\u00fdmenu tovaru. Aby bolo mo\u017en\u00e9 tovar vr\u00e1ti\u0165, mus\u00ed by\u0165 nepou\u017eit\u00fd a v rovnakom stave, v akom ste ho dostali. Mus\u00ed by\u0165 tie\u017e v p\u00f4vodnom obale. &hellip; <\/p>\n<p class=\"more-link-wrap\"><a href=\"https:\/\/slimex.to\/sk\/zasady-vratenia-penazi-a-tovaru\/\" class=\"more-link\"><i class=\"opal-icon-plus\" aria-hidden=\"true\"><\/i><span>\u010c\u00edtaj viac<span class=\"screen-reader-text\"> &#8222;Z\u00e1sady vr\u00e1tenia pe\u0148az\u00ed a tovaru&#8220;<\/span><\/span><\/a><\/p>\n","protected":false},"author":1,"featured_media":0,"parent":0,"menu_order":0,"comment_status":"closed","ping_status":"closed","template":"","meta":{"inline_featured_image":false,"iawp_total_views":0,"footnotes":""},"class_list":["post-9355","page","type-page","status-publish","hentry"],"yoast_head":"<!-- This site is optimized with the Yoast SEO Premium plugin v27.2 (Yoast SEO v27.5) - https:\/\/yoast.com\/product\/yoast-seo-premium-wordpress\/ -->\n<title>Z\u00e1sady vr\u00e1tenia pe\u0148az\u00ed a tovaru - SLIMEX<\/title>\n<meta name=\"robots\" content=\"index, follow, max-snippet:-1, max-image-preview:large, max-video-preview:-1\" \/>\n<link rel=\"canonical\" href=\"https:\/\/slimex.to\/sk\/zasady-vratenia-penazi-a-tovaru\/\" \/>\n<meta property=\"og:locale\" content=\"sk_SK\" \/>\n<meta property=\"og:type\" content=\"article\" \/>\n<meta property=\"og:title\" content=\"Z\u00e1sady vr\u00e1tenia pe\u0148az\u00ed a tovaru\" \/>\n<meta property=\"og:description\" content=\"Toto je uk\u00e1\u017ekov\u00e1 str\u00e1nka. Preh\u013ead Na\u0161e z\u00e1sady vr\u00e1tenia pe\u0148az\u00ed a tovaru platia 30 dn\u00ed. Ak od v\u00e1\u0161ho n\u00e1kupu uplynulo 30 dn\u00ed, nem\u00f4\u017eeme v\u00e1m pon\u00faknu\u0165 vr\u00e1tenie pe\u0148az\u00ed v plnej v\u00fd\u0161ke ani v\u00fdmenu tovaru. Aby bolo mo\u017en\u00e9 tovar vr\u00e1ti\u0165, mus\u00ed by\u0165 nepou\u017eit\u00fd a v rovnakom stave, v akom ste ho dostali. Mus\u00ed by\u0165 tie\u017e v p\u00f4vodnom obale. &hellip; \u010c\u00edtaj viac &quot;Z\u00e1sady vr\u00e1tenia pe\u0148az\u00ed a tovaru&quot;\" \/>\n<meta property=\"og:url\" content=\"https:\/\/slimex.to\/sk\/zasady-vratenia-penazi-a-tovaru\/\" \/>\n<meta property=\"og:site_name\" content=\"SLIMEX\" \/>\n<meta property=\"article:modified_time\" content=\"2026-03-09T20:10:44+00:00\" \/>\n<meta name=\"twitter:card\" content=\"summary_large_image\" \/>\n<meta name=\"twitter:label1\" content=\"Predpokladan\u00fd \u010das \u010d\u00edtania\" \/>\n\t<meta name=\"twitter:data1\" content=\"4 min\u00faty\" \/>\n<script type=\"application\/ld+json\" class=\"yoast-schema-graph\">{\"@context\":\"https:\\\/\\\/schema.org\",\"@graph\":[{\"@type\":\"WebPage\",\"@id\":\"https:\\\/\\\/slimex.to\\\/sk\\\/zasady-vratenia-penazi-a-tovaru\\\/\",\"url\":\"https:\\\/\\\/slimex.to\\\/sk\\\/zasady-vratenia-penazi-a-tovaru\\\/\",\"name\":\"Z\u00e1sady vr\u00e1tenia pe\u0148az\u00ed a tovaru - SLIMEX\",\"isPartOf\":{\"@id\":\"https:\\\/\\\/slimex.to\\\/sk\\\/#website\"},\"datePublished\":\"2026-02-04T12:53:39+00:00\",\"dateModified\":\"2026-03-09T20:10:44+00:00\",\"breadcrumb\":{\"@id\":\"https:\\\/\\\/slimex.to\\\/sk\\\/zasady-vratenia-penazi-a-tovaru\\\/#breadcrumb\"},\"inLanguage\":\"sk-SK\",\"potentialAction\":[{\"@type\":\"ReadAction\",\"target\":[\"https:\\\/\\\/slimex.to\\\/sk\\\/zasady-vratenia-penazi-a-tovaru\\\/\"]}]},{\"@type\":\"BreadcrumbList\",\"@id\":\"https:\\\/\\\/slimex.to\\\/sk\\\/zasady-vratenia-penazi-a-tovaru\\\/#breadcrumb\",\"itemListElement\":[{\"@type\":\"ListItem\",\"position\":1,\"name\":\"Home\",\"item\":\"https:\\\/\\\/slimex.to\\\/sk\\\/domov\\\/\"},{\"@type\":\"ListItem\",\"position\":2,\"name\":\"Z\u00e1sady vr\u00e1tenia pe\u0148az\u00ed a tovaru\"}]},{\"@type\":\"WebSite\",\"@id\":\"https:\\\/\\\/slimex.to\\\/sk\\\/#website\",\"url\":\"https:\\\/\\\/slimex.to\\\/sk\\\/\",\"name\":\"SLIMEX\",\"description\":\"Highest Quality Peptides\",\"publisher\":{\"@id\":\"https:\\\/\\\/slimex.to\\\/sk\\\/#organization\"},\"potentialAction\":[{\"@type\":\"SearchAction\",\"target\":{\"@type\":\"EntryPoint\",\"urlTemplate\":\"https:\\\/\\\/slimex.to\\\/sk\\\/?s={search_term_string}\"},\"query-input\":{\"@type\":\"PropertyValueSpecification\",\"valueRequired\":true,\"valueName\":\"search_term_string\"}}],\"inLanguage\":\"sk-SK\"},{\"@type\":[\"Organization\",\"Place\",\"MedicalOrganization\"],\"@id\":\"https:\\\/\\\/slimex.to\\\/sk\\\/#organization\",\"name\":\"SLIMEX\",\"alternateName\":\"SLIMEX\",\"url\":\"https:\\\/\\\/slimex.to\\\/sk\\\/\",\"logo\":{\"@id\":\"https:\\\/\\\/slimex.to\\\/sk\\\/zasady-vratenia-penazi-a-tovaru\\\/#local-main-organization-logo\"},\"image\":{\"@id\":\"https:\\\/\\\/slimex.to\\\/sk\\\/zasady-vratenia-penazi-a-tovaru\\\/#local-main-organization-logo\"},\"description\":\"We are a medical online provider specializing in research peptides, including retatrutide, delivered with a focus on safety, quality, and evidence-based care.\",\"legalName\":\"CREDIT CREW s.r.o.\",\"foundingDate\":\"2024-08-20\",\"numberOfEmployees\":{\"@type\":\"QuantitativeValue\",\"minValue\":\"11\",\"maxValue\":\"50\"},\"address\":{\"@id\":\"https:\\\/\\\/slimex.to\\\/sk\\\/zasady-vratenia-penazi-a-tovaru\\\/#local-main-place-address\"},\"telephone\":[],\"contactPoint\":{\"@type\":\"ContactPoint\",\"email\":\"info@slimex.to\"},\"openingHoursSpecification\":[],\"email\":\"info@slimex.to\",\"areaServed\":\"Europe\"},{\"@type\":\"PostalAddress\",\"@id\":\"https:\\\/\\\/slimex.to\\\/sk\\\/zasady-vratenia-penazi-a-tovaru\\\/#local-main-place-address\",\"streetAddress\":\"Rybn\u00e1 716\\\/24\",\"addressLocality\":\"Prague\",\"postalCode\":\"11000\",\"addressRegion\":\"Czech republic\",\"addressCountry\":\"CZ\"},{\"@type\":\"ImageObject\",\"inLanguage\":\"sk-SK\",\"@id\":\"https:\\\/\\\/slimex.to\\\/sk\\\/zasady-vratenia-penazi-a-tovaru\\\/#local-main-organization-logo\",\"url\":\"https:\\\/\\\/slimex.to\\\/wp-content\\\/uploads\\\/2026\\\/01\\\/slimex-logo.png\",\"contentUrl\":\"https:\\\/\\\/slimex.to\\\/wp-content\\\/uploads\\\/2026\\\/01\\\/slimex-logo.png\",\"width\":725,\"height\":194,\"caption\":\"SLIMEX\"}]}<\/script>\n<meta name=\"geo.placename\" content=\"Prague\" \/>\n<meta name=\"geo.region\" content=\"\u010cesk\u00e1 republika\" \/>\n<!-- \/ Yoast SEO Premium plugin. -->","yoast_head_json":{"title":"Z\u00e1sady vr\u00e1tenia pe\u0148az\u00ed a tovaru - SLIMEX","robots":{"index":"index","follow":"follow","max-snippet":"max-snippet:-1","max-image-preview":"max-image-preview:large","max-video-preview":"max-video-preview:-1"},"canonical":"https:\/\/slimex.to\/sk\/zasady-vratenia-penazi-a-tovaru\/","og_locale":"sk_SK","og_type":"article","og_title":"Z\u00e1sady vr\u00e1tenia pe\u0148az\u00ed a tovaru","og_description":"Toto je uk\u00e1\u017ekov\u00e1 str\u00e1nka. Preh\u013ead Na\u0161e z\u00e1sady vr\u00e1tenia pe\u0148az\u00ed a tovaru platia 30 dn\u00ed. Ak od v\u00e1\u0161ho n\u00e1kupu uplynulo 30 dn\u00ed, nem\u00f4\u017eeme v\u00e1m pon\u00faknu\u0165 vr\u00e1tenie pe\u0148az\u00ed v plnej v\u00fd\u0161ke ani v\u00fdmenu tovaru. Aby bolo mo\u017en\u00e9 tovar vr\u00e1ti\u0165, mus\u00ed by\u0165 nepou\u017eit\u00fd a v rovnakom stave, v akom ste ho dostali. Mus\u00ed by\u0165 tie\u017e v p\u00f4vodnom obale. &hellip; \u010c\u00edtaj viac \"Z\u00e1sady vr\u00e1tenia pe\u0148az\u00ed a tovaru\"","og_url":"https:\/\/slimex.to\/sk\/zasady-vratenia-penazi-a-tovaru\/","og_site_name":"SLIMEX","article_modified_time":"2026-03-09T20:10:44+00:00","twitter_card":"summary_large_image","twitter_misc":{"Predpokladan\u00fd \u010das \u010d\u00edtania":"4 min\u00faty"},"schema":{"@context":"https:\/\/schema.org","@graph":[{"@type":"WebPage","@id":"https:\/\/slimex.to\/sk\/zasady-vratenia-penazi-a-tovaru\/","url":"https:\/\/slimex.to\/sk\/zasady-vratenia-penazi-a-tovaru\/","name":"Z\u00e1sady vr\u00e1tenia pe\u0148az\u00ed a tovaru - SLIMEX","isPartOf":{"@id":"https:\/\/slimex.to\/sk\/#website"},"datePublished":"2026-02-04T12:53:39+00:00","dateModified":"2026-03-09T20:10:44+00:00","breadcrumb":{"@id":"https:\/\/slimex.to\/sk\/zasady-vratenia-penazi-a-tovaru\/#breadcrumb"},"inLanguage":"sk-SK","potentialAction":[{"@type":"ReadAction","target":["https:\/\/slimex.to\/sk\/zasady-vratenia-penazi-a-tovaru\/"]}]},{"@type":"BreadcrumbList","@id":"https:\/\/slimex.to\/sk\/zasady-vratenia-penazi-a-tovaru\/#breadcrumb","itemListElement":[{"@type":"ListItem","position":1,"name":"Home","item":"https:\/\/slimex.to\/sk\/domov\/"},{"@type":"ListItem","position":2,"name":"Z\u00e1sady vr\u00e1tenia pe\u0148az\u00ed a tovaru"}]},{"@type":"WebSite","@id":"https:\/\/slimex.to\/sk\/#website","url":"https:\/\/slimex.to\/sk\/","name":"SLIMEX","description":"Highest Quality Peptides","publisher":{"@id":"https:\/\/slimex.to\/sk\/#organization"},"potentialAction":[{"@type":"SearchAction","target":{"@type":"EntryPoint","urlTemplate":"https:\/\/slimex.to\/sk\/?s={search_term_string}"},"query-input":{"@type":"PropertyValueSpecification","valueRequired":true,"valueName":"search_term_string"}}],"inLanguage":"sk-SK"},{"@type":["Organization","Place","MedicalOrganization"],"@id":"https:\/\/slimex.to\/sk\/#organization","name":"SLIMEX","alternateName":"SLIMEX","url":"https:\/\/slimex.to\/sk\/","logo":{"@id":"https:\/\/slimex.to\/sk\/zasady-vratenia-penazi-a-tovaru\/#local-main-organization-logo"},"image":{"@id":"https:\/\/slimex.to\/sk\/zasady-vratenia-penazi-a-tovaru\/#local-main-organization-logo"},"description":"We are a medical online provider specializing in research peptides, including retatrutide, delivered with a focus on safety, quality, and evidence-based care.","legalName":"CREDIT CREW s.r.o.","foundingDate":"2024-08-20","numberOfEmployees":{"@type":"QuantitativeValue","minValue":"11","maxValue":"50"},"address":{"@id":"https:\/\/slimex.to\/sk\/zasady-vratenia-penazi-a-tovaru\/#local-main-place-address"},"telephone":[],"contactPoint":{"@type":"ContactPoint","email":"info@slimex.to"},"openingHoursSpecification":[],"email":"info@slimex.to","areaServed":"Europe"},{"@type":"PostalAddress","@id":"https:\/\/slimex.to\/sk\/zasady-vratenia-penazi-a-tovaru\/#local-main-place-address","streetAddress":"Rybn\u00e1 716\/24","addressLocality":"Prague","postalCode":"11000","addressRegion":"Czech republic","addressCountry":"CZ"},{"@type":"ImageObject","inLanguage":"sk-SK","@id":"https:\/\/slimex.to\/sk\/zasady-vratenia-penazi-a-tovaru\/#local-main-organization-logo","url":"https:\/\/slimex.to\/wp-content\/uploads\/2026\/01\/slimex-logo.png","contentUrl":"https:\/\/slimex.to\/wp-content\/uploads\/2026\/01\/slimex-logo.png","width":725,"height":194,"caption":"SLIMEX"}]},"geo.placename":"Prague","geo.region":"\u010cesk\u00e1 republika"},"_links":{"self":[{"href":"https:\/\/slimex.to\/sk\/wp-json\/wp\/v2\/pages\/9355","targetHints":{"allow":["GET"]}}],"collection":[{"href":"https:\/\/slimex.to\/sk\/wp-json\/wp\/v2\/pages"}],"about":[{"href":"https:\/\/slimex.to\/sk\/wp-json\/wp\/v2\/types\/page"}],"author":[{"embeddable":true,"href":"https:\/\/slimex.to\/sk\/wp-json\/wp\/v2\/users\/1"}],"replies":[{"embeddable":true,"href":"https:\/\/slimex.to\/sk\/wp-json\/wp\/v2\/comments?post=9355"}],"version-history":[{"count":1,"href":"https:\/\/slimex.to\/sk\/wp-json\/wp\/v2\/pages\/9355\/revisions"}],"predecessor-version":[{"id":9356,"href":"https:\/\/slimex.to\/sk\/wp-json\/wp\/v2\/pages\/9355\/revisions\/9356"}],"wp:attachment":[{"href":"https:\/\/slimex.to\/sk\/wp-json\/wp\/v2\/media?parent=9355"}],"curies":[{"name":"wp","href":"https:\/\/api.w.org\/{rel}","templated":true}]}}