{"id":9365,"date":"2026-01-03T19:45:34","date_gmt":"2026-01-03T19:45:34","guid":{"rendered":"https:\/\/slimex.to\/zasady-ochrany-osobnych-udajov\/"},"modified":"2026-03-09T20:11:03","modified_gmt":"2026-03-09T20:11:03","slug":"zasady-ochrany-osobnych-udajov","status":"publish","type":"page","link":"https:\/\/slimex.to\/sk\/zasady-ochrany-osobnych-udajov\/","title":{"rendered":"Z\u00e1sady ochrany osobn\u00fdch \u00fadajov"},"content":{"rendered":"\n<h2 class=\"wp-block-heading\">Kto sme<\/h2>\n\n<p><strong class=\"privacy-policy-tutorial\">Navrhovan\u00fd text: <\/strong>Adresa na\u0161ej webovej str\u00e1nky je: https:\/\/slimex.to.<\/p>\n\n<h2 class=\"wp-block-heading\">Koment\u00e1re<\/h2>\n\n<p><strong class=\"privacy-policy-tutorial\">Navrhovan\u00fd text: <\/strong>Ke\u010f n\u00e1v\u0161tevn\u00edci zanechaj\u00fa koment\u00e1re na str\u00e1nke, zhroma\u017e\u010fujeme \u00fadaje zobrazen\u00e9 vo formul\u00e1ri koment\u00e1rov, ako aj IP adresu n\u00e1v\u0161tevn\u00edka a re\u0165azec pou\u017e\u00edvate\u013esk\u00e9ho agenta prehliada\u010da, aby sme pomohli s detekciou spamu.<\/p>\n\n<p>Anonymizovan\u00fd re\u0165azec vytvoren\u00fd z va\u0161ej e-mailovej adresy (tie\u017e naz\u00fdvan\u00fd hash) m\u00f4\u017ee by\u0165 poskytnut\u00fd slu\u017ebe Gravatar, aby sa zistilo, \u010di ju pou\u017e\u00edvate. Z\u00e1sady ochrany osobn\u00fdch \u00fadajov slu\u017eby Gravatar s\u00fa dostupn\u00e9 tu: https:\/\/automattic.com\/privacy\/. Po schv\u00e1len\u00ed v\u00e1\u0161ho koment\u00e1ra je v\u00e1\u0161 profilov\u00fd obr\u00e1zok vidite\u013en\u00fd pre verejnos\u0165 v kontexte v\u00e1\u0161ho koment\u00e1ra. <\/p>\n\n<h2 class=\"wp-block-heading\">M\u00e9di\u00e1<\/h2>\n\n<p><strong class=\"privacy-policy-tutorial\">Navrhovan\u00fd text: <\/strong>Ak nahr\u00e1vate obr\u00e1zky na webov\u00fa str\u00e1nku, mali by ste sa vyhn\u00fa\u0165 nahr\u00e1vaniu obr\u00e1zkov s vlo\u017een\u00fdmi \u00fadajmi o polohe (EXIF GPS). N\u00e1v\u0161tevn\u00edci webovej str\u00e1nky si m\u00f4\u017eu stiahnu\u0165 a extrahova\u0165 ak\u00e9ko\u013evek \u00fadaje o polohe z obr\u00e1zkov na webovej str\u00e1nke. <\/p>\n\n<h2 class=\"wp-block-heading\">Cookies<\/h2>\n\n<p><strong class=\"privacy-policy-tutorial\">Navrhovan\u00fd text: <\/strong>Ak zanech\u00e1te koment\u00e1r na na\u0161ej str\u00e1nke, m\u00f4\u017eete s\u00fahlasi\u0165 s ulo\u017een\u00edm v\u00e1\u0161ho mena, e-mailovej adresy a webovej str\u00e1nky do cookies. Tieto sl\u00fa\u017eia pre va\u0161e pohodlie, aby ste nemuseli znova vyp\u013a\u0148a\u0165 svoje \u00fadaje, ke\u010f zanech\u00e1te \u010fal\u0161\u00ed koment\u00e1r. Tieto cookies bud\u00fa platn\u00e9 jeden rok.  <\/p>\n\n<p>Ak nav\u0161t\u00edvite na\u0161u prihlasovaciu str\u00e1nku, nastav\u00edme do\u010dasn\u00fa cookie, aby sme zistili, \u010di v\u00e1\u0161 prehliada\u010d akceptuje cookies. T\u00e1to cookie neobsahuje \u017eiadne osobn\u00e9 \u00fadaje a je zru\u0161en\u00e1 po zatvoren\u00ed prehliada\u010da. <\/p>\n\n<p>Ke\u010f sa prihl\u00e1site, nastav\u00edme aj nieko\u013eko cookies na ulo\u017eenie va\u0161ich prihlasovac\u00edch \u00fadajov a va\u0161ich volieb zobrazenia obrazovky. Prihlasovacie cookies trvaj\u00fa dva dni a cookies pre mo\u017enosti obrazovky trvaj\u00fa rok. Ak vyberiete \u201eZapam\u00e4ta\u0165 si ma\u201c, va\u0161e prihl\u00e1senie pretrv\u00e1 dva t\u00fd\u017edne. Ak sa odhl\u00e1site zo svojho \u00fa\u010dtu, prihlasovacie cookies bud\u00fa odstr\u00e1nen\u00e9.   <\/p>\n\n<p>Ak uprav\u00edte alebo zverejn\u00edte \u010dl\u00e1nok, do v\u00e1\u0161ho prehliada\u010da sa ulo\u017e\u00ed \u010fal\u0161ia cookie. T\u00e1to cookie neobsahuje \u017eiadne osobn\u00e9 \u00fadaje a jednoducho ozna\u010duje ID pr\u00edspevku \u010dl\u00e1nku, ktor\u00fd ste pr\u00e1ve upravili. Platnos\u0165 vypr\u0161\u00ed po 1 dni.  <\/p>\n\n<h2 class=\"wp-block-heading\">Vlo\u017een\u00fd obsah z in\u00fdch webov\u00fdch str\u00e1nok<\/h2>\n\n<p><strong class=\"privacy-policy-tutorial\">Navrhovan\u00fd text: <\/strong>\u010cl\u00e1nky na tejto str\u00e1nke m\u00f4\u017eu obsahova\u0165 vlo\u017een\u00fd obsah (napr. vide\u00e1, obr\u00e1zky, \u010dl\u00e1nky at\u010f.). Vlo\u017een\u00fd obsah z in\u00fdch webov\u00fdch str\u00e1nok sa spr\u00e1va presne rovnako, ako keby n\u00e1v\u0161tevn\u00edk nav\u0161t\u00edvil in\u00fa webov\u00fa str\u00e1nku. <\/p>\n\n<p>Tieto webov\u00e9 str\u00e1nky m\u00f4\u017eu zhroma\u017e\u010fova\u0165 \u00fadaje o v\u00e1s, pou\u017e\u00edva\u0165 cookies, vklada\u0165 dodato\u010dn\u00e9 sledovanie tret\u00edch str\u00e1n a monitorova\u0165 va\u0161u interakciu s t\u00fdmto vlo\u017een\u00fdm obsahom, vr\u00e1tane sledovania va\u0161ej interakcie s vlo\u017een\u00fdm obsahom, ak m\u00e1te \u00fa\u010det a ste prihl\u00e1sen\u00ed na danej webovej str\u00e1nke.<\/p>\n\n<h2 class=\"wp-block-heading\">S k\u00fdm zdie\u013eame va\u0161e \u00fadaje<\/h2>\n\n<p><strong class=\"privacy-policy-tutorial\">Navrhovan\u00fd text: <\/strong>Ak po\u017eiadate o resetovanie hesla, va\u0161a IP adresa bude zahrnut\u00e1 v e-maile na resetovanie.<\/p>\n\n<h2 class=\"wp-block-heading\">Ako dlho uchov\u00e1vame va\u0161e \u00fadaje<\/h2>\n\n<p><strong class=\"privacy-policy-tutorial\">Navrhovan\u00fd text: <\/strong>Ak zanech\u00e1te koment\u00e1r, koment\u00e1r a jeho metad\u00e1ta sa uchov\u00e1vaj\u00fa neobmedzene. Je to preto, aby sme mohli automaticky rozpozna\u0165 a schv\u00e1li\u0165 ak\u00e9ko\u013evek n\u00e1sledn\u00e9 koment\u00e1re namiesto ich dr\u017eania v modera\u010dnom rade. <\/p>\n\n<p>Pre pou\u017e\u00edvate\u013eov, ktor\u00ed sa zaregistruj\u00fa na na\u0161ej webovej str\u00e1nke (ak existuj\u00fa), tie\u017e uklad\u00e1me osobn\u00e9 \u00fadaje, ktor\u00e9 poskytn\u00fa vo svojom pou\u017e\u00edvate\u013eskom profile. V\u0161etci pou\u017e\u00edvatelia m\u00f4\u017eu kedyko\u013evek zobrazi\u0165, upravi\u0165 alebo odstr\u00e1ni\u0165 svoje osobn\u00e9 \u00fadaje (okrem toho, \u017ee nem\u00f4\u017eu zmeni\u0165 svoje pou\u017e\u00edvate\u013esk\u00e9 meno). Spr\u00e1vcovia webov\u00fdch str\u00e1nok m\u00f4\u017eu tie\u017e tieto inform\u00e1cie zobrazi\u0165 a upravi\u0165.  <\/p>\n\n<h2 class=\"wp-block-heading\">Ak\u00e9 pr\u00e1va m\u00e1te k svojim \u00fadajom<\/h2>\n\n<p><strong class=\"privacy-policy-tutorial\">Navrhovan\u00fd text: <\/strong>Ak m\u00e1te \u00fa\u010det na tejto str\u00e1nke alebo ste zanechali koment\u00e1re, m\u00f4\u017eete po\u017eiada\u0165 o exportovan\u00fd s\u00fabor osobn\u00fdch \u00fadajov, ktor\u00e9 o v\u00e1s uchov\u00e1vame, vr\u00e1tane ak\u00fdchko\u013evek \u00fadajov, ktor\u00e9 ste n\u00e1m poskytli. M\u00f4\u017eete tie\u017e po\u017eiada\u0165 o vymazanie ak\u00fdchko\u013evek osobn\u00fdch \u00fadajov, ktor\u00e9 o v\u00e1s uchov\u00e1vame. To nezah\u0155\u0148a \u017eiadne \u00fadaje, ktor\u00e9 sme povinn\u00ed uchov\u00e1va\u0165 z administrat\u00edvnych, pr\u00e1vnych alebo bezpe\u010dnostn\u00fdch d\u00f4vodov.  <\/p>\n\n<h2 class=\"wp-block-heading\">Kam sa posielaj\u00fa va\u0161e \u00fadaje<\/h2>\n\n<p><strong class=\"privacy-policy-tutorial\">Navrhovan\u00fd text: <\/strong>Koment\u00e1re n\u00e1v\u0161tevn\u00edkov m\u00f4\u017eu by\u0165 kontrolovan\u00e9 prostredn\u00edctvom automatizovanej slu\u017eby na detekciu spamu.<\/p>\n","protected":false},"excerpt":{"rendered":"<p>Kto sme Navrhovan\u00fd text: Adresa na\u0161ej webovej str\u00e1nky je: https:\/\/slimex.to. Koment\u00e1re Navrhovan\u00fd text: Ke\u010f n\u00e1v\u0161tevn\u00edci zanechaj\u00fa koment\u00e1re na str\u00e1nke, zhroma\u017e\u010fujeme \u00fadaje zobrazen\u00e9 vo formul\u00e1ri koment\u00e1rov, ako aj IP adresu n\u00e1v\u0161tevn\u00edka a re\u0165azec pou\u017e\u00edvate\u013esk\u00e9ho agenta prehliada\u010da, aby sme pomohli s detekciou spamu. Anonymizovan\u00fd re\u0165azec vytvoren\u00fd z va\u0161ej e-mailovej adresy (tie\u017e naz\u00fdvan\u00fd hash) m\u00f4\u017ee by\u0165 poskytnut\u00fd slu\u017ebe &hellip; <\/p>\n<p class=\"more-link-wrap\"><a href=\"https:\/\/slimex.to\/sk\/zasady-ochrany-osobnych-udajov\/\" class=\"more-link\"><i class=\"opal-icon-plus\" aria-hidden=\"true\"><\/i><span>\u010c\u00edtaj viac<span class=\"screen-reader-text\"> &#8222;Z\u00e1sady ochrany osobn\u00fdch \u00fadajov&#8220;<\/span><\/span><\/a><\/p>\n","protected":false},"author":1,"featured_media":0,"parent":0,"menu_order":0,"comment_status":"closed","ping_status":"closed","template":"","meta":{"inline_featured_image":false,"iawp_total_views":0,"footnotes":""},"class_list":["post-9365","page","type-page","status-publish","hentry"],"yoast_head":"<!-- This site is optimized with the Yoast SEO Premium plugin v27.2 (Yoast SEO v27.5) - https:\/\/yoast.com\/product\/yoast-seo-premium-wordpress\/ -->\n<title>Z\u00e1sady ochrany osobn\u00fdch \u00fadajov - SLIMEX<\/title>\n<meta name=\"robots\" content=\"index, follow, max-snippet:-1, max-image-preview:large, max-video-preview:-1\" \/>\n<link rel=\"canonical\" href=\"https:\/\/slimex.to\/sk\/zasady-ochrany-osobnych-udajov\/\" \/>\n<meta property=\"og:locale\" content=\"sk_SK\" \/>\n<meta property=\"og:type\" content=\"article\" \/>\n<meta property=\"og:title\" content=\"Z\u00e1sady ochrany osobn\u00fdch \u00fadajov\" \/>\n<meta property=\"og:description\" content=\"Kto sme Navrhovan\u00fd text: Adresa na\u0161ej webovej str\u00e1nky je: https:\/\/slimex.to. Koment\u00e1re Navrhovan\u00fd text: Ke\u010f n\u00e1v\u0161tevn\u00edci zanechaj\u00fa koment\u00e1re na str\u00e1nke, zhroma\u017e\u010fujeme \u00fadaje zobrazen\u00e9 vo formul\u00e1ri koment\u00e1rov, ako aj IP adresu n\u00e1v\u0161tevn\u00edka a re\u0165azec pou\u017e\u00edvate\u013esk\u00e9ho agenta prehliada\u010da, aby sme pomohli s detekciou spamu. Anonymizovan\u00fd re\u0165azec vytvoren\u00fd z va\u0161ej e-mailovej adresy (tie\u017e naz\u00fdvan\u00fd hash) m\u00f4\u017ee by\u0165 poskytnut\u00fd slu\u017ebe &hellip; \u010c\u00edtaj viac &quot;Z\u00e1sady ochrany osobn\u00fdch \u00fadajov&quot;\" \/>\n<meta property=\"og:url\" content=\"https:\/\/slimex.to\/sk\/zasady-ochrany-osobnych-udajov\/\" \/>\n<meta property=\"og:site_name\" content=\"SLIMEX\" \/>\n<meta property=\"article:modified_time\" content=\"2026-03-09T20:11:03+00:00\" \/>\n<meta name=\"twitter:card\" content=\"summary_large_image\" \/>\n<meta name=\"twitter:label1\" content=\"Predpokladan\u00fd \u010das \u010d\u00edtania\" \/>\n\t<meta name=\"twitter:data1\" content=\"4 min\u00faty\" \/>\n<script type=\"application\/ld+json\" class=\"yoast-schema-graph\">{\"@context\":\"https:\\\/\\\/schema.org\",\"@graph\":[{\"@type\":\"WebPage\",\"@id\":\"https:\\\/\\\/slimex.to\\\/sk\\\/zasady-ochrany-osobnych-udajov\\\/\",\"url\":\"https:\\\/\\\/slimex.to\\\/sk\\\/zasady-ochrany-osobnych-udajov\\\/\",\"name\":\"Z\u00e1sady ochrany osobn\u00fdch \u00fadajov - SLIMEX\",\"isPartOf\":{\"@id\":\"https:\\\/\\\/slimex.to\\\/sk\\\/#website\"},\"datePublished\":\"2026-01-03T19:45:34+00:00\",\"dateModified\":\"2026-03-09T20:11:03+00:00\",\"breadcrumb\":{\"@id\":\"https:\\\/\\\/slimex.to\\\/sk\\\/zasady-ochrany-osobnych-udajov\\\/#breadcrumb\"},\"inLanguage\":\"sk-SK\",\"potentialAction\":[{\"@type\":\"ReadAction\",\"target\":[\"https:\\\/\\\/slimex.to\\\/sk\\\/zasady-ochrany-osobnych-udajov\\\/\"]}]},{\"@type\":\"BreadcrumbList\",\"@id\":\"https:\\\/\\\/slimex.to\\\/sk\\\/zasady-ochrany-osobnych-udajov\\\/#breadcrumb\",\"itemListElement\":[{\"@type\":\"ListItem\",\"position\":1,\"name\":\"Home\",\"item\":\"https:\\\/\\\/slimex.to\\\/sk\\\/domov\\\/\"},{\"@type\":\"ListItem\",\"position\":2,\"name\":\"Z\u00e1sady ochrany osobn\u00fdch \u00fadajov\"}]},{\"@type\":\"WebSite\",\"@id\":\"https:\\\/\\\/slimex.to\\\/sk\\\/#website\",\"url\":\"https:\\\/\\\/slimex.to\\\/sk\\\/\",\"name\":\"SLIMEX\",\"description\":\"Highest Quality Peptides\",\"publisher\":{\"@id\":\"https:\\\/\\\/slimex.to\\\/sk\\\/#organization\"},\"potentialAction\":[{\"@type\":\"SearchAction\",\"target\":{\"@type\":\"EntryPoint\",\"urlTemplate\":\"https:\\\/\\\/slimex.to\\\/sk\\\/?s={search_term_string}\"},\"query-input\":{\"@type\":\"PropertyValueSpecification\",\"valueRequired\":true,\"valueName\":\"search_term_string\"}}],\"inLanguage\":\"sk-SK\"},{\"@type\":[\"Organization\",\"Place\",\"MedicalOrganization\"],\"@id\":\"https:\\\/\\\/slimex.to\\\/sk\\\/#organization\",\"name\":\"SLIMEX\",\"alternateName\":\"SLIMEX\",\"url\":\"https:\\\/\\\/slimex.to\\\/sk\\\/\",\"logo\":{\"@id\":\"https:\\\/\\\/slimex.to\\\/sk\\\/zasady-ochrany-osobnych-udajov\\\/#local-main-organization-logo\"},\"image\":{\"@id\":\"https:\\\/\\\/slimex.to\\\/sk\\\/zasady-ochrany-osobnych-udajov\\\/#local-main-organization-logo\"},\"description\":\"We are a medical online provider specializing in research peptides, including retatrutide, delivered with a focus on safety, quality, and evidence-based care.\",\"legalName\":\"CREDIT CREW s.r.o.\",\"foundingDate\":\"2024-08-20\",\"numberOfEmployees\":{\"@type\":\"QuantitativeValue\",\"minValue\":\"11\",\"maxValue\":\"50\"},\"address\":{\"@id\":\"https:\\\/\\\/slimex.to\\\/sk\\\/zasady-ochrany-osobnych-udajov\\\/#local-main-place-address\"},\"telephone\":[],\"contactPoint\":{\"@type\":\"ContactPoint\",\"email\":\"info@slimex.to\"},\"openingHoursSpecification\":[],\"email\":\"info@slimex.to\",\"areaServed\":\"Europe\"},{\"@type\":\"PostalAddress\",\"@id\":\"https:\\\/\\\/slimex.to\\\/sk\\\/zasady-ochrany-osobnych-udajov\\\/#local-main-place-address\",\"streetAddress\":\"Rybn\u00e1 716\\\/24\",\"addressLocality\":\"Prague\",\"postalCode\":\"11000\",\"addressRegion\":\"Czech republic\",\"addressCountry\":\"CZ\"},{\"@type\":\"ImageObject\",\"inLanguage\":\"sk-SK\",\"@id\":\"https:\\\/\\\/slimex.to\\\/sk\\\/zasady-ochrany-osobnych-udajov\\\/#local-main-organization-logo\",\"url\":\"https:\\\/\\\/slimex.to\\\/wp-content\\\/uploads\\\/2026\\\/01\\\/slimex-logo.png\",\"contentUrl\":\"https:\\\/\\\/slimex.to\\\/wp-content\\\/uploads\\\/2026\\\/01\\\/slimex-logo.png\",\"width\":725,\"height\":194,\"caption\":\"SLIMEX\"}]}<\/script>\n<meta name=\"geo.placename\" content=\"Prague\" \/>\n<meta name=\"geo.region\" content=\"\u010cesk\u00e1 republika\" \/>\n<!-- \/ Yoast SEO Premium plugin. -->","yoast_head_json":{"title":"Z\u00e1sady ochrany osobn\u00fdch \u00fadajov - SLIMEX","robots":{"index":"index","follow":"follow","max-snippet":"max-snippet:-1","max-image-preview":"max-image-preview:large","max-video-preview":"max-video-preview:-1"},"canonical":"https:\/\/slimex.to\/sk\/zasady-ochrany-osobnych-udajov\/","og_locale":"sk_SK","og_type":"article","og_title":"Z\u00e1sady ochrany osobn\u00fdch \u00fadajov","og_description":"Kto sme Navrhovan\u00fd text: Adresa na\u0161ej webovej str\u00e1nky je: https:\/\/slimex.to. Koment\u00e1re Navrhovan\u00fd text: Ke\u010f n\u00e1v\u0161tevn\u00edci zanechaj\u00fa koment\u00e1re na str\u00e1nke, zhroma\u017e\u010fujeme \u00fadaje zobrazen\u00e9 vo formul\u00e1ri koment\u00e1rov, ako aj IP adresu n\u00e1v\u0161tevn\u00edka a re\u0165azec pou\u017e\u00edvate\u013esk\u00e9ho agenta prehliada\u010da, aby sme pomohli s detekciou spamu. Anonymizovan\u00fd re\u0165azec vytvoren\u00fd z va\u0161ej e-mailovej adresy (tie\u017e naz\u00fdvan\u00fd hash) m\u00f4\u017ee by\u0165 poskytnut\u00fd slu\u017ebe &hellip; \u010c\u00edtaj viac \"Z\u00e1sady ochrany osobn\u00fdch \u00fadajov\"","og_url":"https:\/\/slimex.to\/sk\/zasady-ochrany-osobnych-udajov\/","og_site_name":"SLIMEX","article_modified_time":"2026-03-09T20:11:03+00:00","twitter_card":"summary_large_image","twitter_misc":{"Predpokladan\u00fd \u010das \u010d\u00edtania":"4 min\u00faty"},"schema":{"@context":"https:\/\/schema.org","@graph":[{"@type":"WebPage","@id":"https:\/\/slimex.to\/sk\/zasady-ochrany-osobnych-udajov\/","url":"https:\/\/slimex.to\/sk\/zasady-ochrany-osobnych-udajov\/","name":"Z\u00e1sady ochrany osobn\u00fdch \u00fadajov - SLIMEX","isPartOf":{"@id":"https:\/\/slimex.to\/sk\/#website"},"datePublished":"2026-01-03T19:45:34+00:00","dateModified":"2026-03-09T20:11:03+00:00","breadcrumb":{"@id":"https:\/\/slimex.to\/sk\/zasady-ochrany-osobnych-udajov\/#breadcrumb"},"inLanguage":"sk-SK","potentialAction":[{"@type":"ReadAction","target":["https:\/\/slimex.to\/sk\/zasady-ochrany-osobnych-udajov\/"]}]},{"@type":"BreadcrumbList","@id":"https:\/\/slimex.to\/sk\/zasady-ochrany-osobnych-udajov\/#breadcrumb","itemListElement":[{"@type":"ListItem","position":1,"name":"Home","item":"https:\/\/slimex.to\/sk\/domov\/"},{"@type":"ListItem","position":2,"name":"Z\u00e1sady ochrany osobn\u00fdch \u00fadajov"}]},{"@type":"WebSite","@id":"https:\/\/slimex.to\/sk\/#website","url":"https:\/\/slimex.to\/sk\/","name":"SLIMEX","description":"Highest Quality Peptides","publisher":{"@id":"https:\/\/slimex.to\/sk\/#organization"},"potentialAction":[{"@type":"SearchAction","target":{"@type":"EntryPoint","urlTemplate":"https:\/\/slimex.to\/sk\/?s={search_term_string}"},"query-input":{"@type":"PropertyValueSpecification","valueRequired":true,"valueName":"search_term_string"}}],"inLanguage":"sk-SK"},{"@type":["Organization","Place","MedicalOrganization"],"@id":"https:\/\/slimex.to\/sk\/#organization","name":"SLIMEX","alternateName":"SLIMEX","url":"https:\/\/slimex.to\/sk\/","logo":{"@id":"https:\/\/slimex.to\/sk\/zasady-ochrany-osobnych-udajov\/#local-main-organization-logo"},"image":{"@id":"https:\/\/slimex.to\/sk\/zasady-ochrany-osobnych-udajov\/#local-main-organization-logo"},"description":"We are a medical online provider specializing in research peptides, including retatrutide, delivered with a focus on safety, quality, and evidence-based care.","legalName":"CREDIT CREW s.r.o.","foundingDate":"2024-08-20","numberOfEmployees":{"@type":"QuantitativeValue","minValue":"11","maxValue":"50"},"address":{"@id":"https:\/\/slimex.to\/sk\/zasady-ochrany-osobnych-udajov\/#local-main-place-address"},"telephone":[],"contactPoint":{"@type":"ContactPoint","email":"info@slimex.to"},"openingHoursSpecification":[],"email":"info@slimex.to","areaServed":"Europe"},{"@type":"PostalAddress","@id":"https:\/\/slimex.to\/sk\/zasady-ochrany-osobnych-udajov\/#local-main-place-address","streetAddress":"Rybn\u00e1 716\/24","addressLocality":"Prague","postalCode":"11000","addressRegion":"Czech republic","addressCountry":"CZ"},{"@type":"ImageObject","inLanguage":"sk-SK","@id":"https:\/\/slimex.to\/sk\/zasady-ochrany-osobnych-udajov\/#local-main-organization-logo","url":"https:\/\/slimex.to\/wp-content\/uploads\/2026\/01\/slimex-logo.png","contentUrl":"https:\/\/slimex.to\/wp-content\/uploads\/2026\/01\/slimex-logo.png","width":725,"height":194,"caption":"SLIMEX"}]},"geo.placename":"Prague","geo.region":"\u010cesk\u00e1 republika"},"_links":{"self":[{"href":"https:\/\/slimex.to\/sk\/wp-json\/wp\/v2\/pages\/9365","targetHints":{"allow":["GET"]}}],"collection":[{"href":"https:\/\/slimex.to\/sk\/wp-json\/wp\/v2\/pages"}],"about":[{"href":"https:\/\/slimex.to\/sk\/wp-json\/wp\/v2\/types\/page"}],"author":[{"embeddable":true,"href":"https:\/\/slimex.to\/sk\/wp-json\/wp\/v2\/users\/1"}],"replies":[{"embeddable":true,"href":"https:\/\/slimex.to\/sk\/wp-json\/wp\/v2\/comments?post=9365"}],"version-history":[{"count":1,"href":"https:\/\/slimex.to\/sk\/wp-json\/wp\/v2\/pages\/9365\/revisions"}],"predecessor-version":[{"id":9367,"href":"https:\/\/slimex.to\/sk\/wp-json\/wp\/v2\/pages\/9365\/revisions\/9367"}],"wp:attachment":[{"href":"https:\/\/slimex.to\/sk\/wp-json\/wp\/v2\/media?parent=9365"}],"curies":[{"name":"wp","href":"https:\/\/api.w.org\/{rel}","templated":true}]}}