{"id":9246,"date":"2026-02-22T12:59:38","date_gmt":"2026-02-22T12:59:38","guid":{"rendered":"https:\/\/slimex.to\/product\/sema-semaglutid-5-mg\/"},"modified":"2026-04-16T20:17:00","modified_gmt":"2026-04-16T19:17:00","slug":"sema-semaglutid-5-mg","status":"publish","type":"product","link":"https:\/\/slimex.to\/sk\/produkt\/sema-semaglutid-5-mg\/","title":{"rendered":"SEMA \u2013 Semaglutid 5 mg"},"content":{"rendered":"<p data-start=\"689\" data-end=\"967\"><strong data-start=\"689\" data-end=\"709\">Semaglutid 5 mg<\/strong> je lyofilizovan\u00fd sk\u00fa\u0161obn\u00fd peptid pr\u00e9miovej kvality dod\u00e1van\u00fd v sterilnej sklenenej liekovke s obsahom 5 miligramov na liekovku. Semaglutid selekt\u00edvne cieli na receptor GLP-1 (glukag\u00f3nu podobn\u00fd peptid-1), ktor\u00fd je k\u013e\u00fa\u010dov\u00fdm regul\u00e1torom metabolick\u00fdch sign\u00e1lnych dr\u00e1h. <\/p>\n<p data-start=\"969\" data-end=\"1276\">Tento peptid je extenz\u00edvne \u0161tudovan\u00fd v predklinick\u00fdch a v\u00fdskumn\u00fdch laborat\u00f3rnych podmienkach pre jeho \u00fa\u010dinky na metabolizmus gluk\u00f3zy, energetick\u00fa rovnov\u00e1hu a s\u00favisiace endokrinn\u00e9 dr\u00e1hy. Semaglutid je ur\u010den\u00fd striktne na laborat\u00f3rny v\u00fdskum a vedeck\u00e9 sk\u00famanie a <strong data-start=\"1233\" data-end=\"1275\">nie je schv\u00e1len\u00fd na hum\u00e1nne ani klinick\u00e9 pou\u017eitie<\/strong>. <\/p>\n<hr data-start=\"1278\" data-end=\"1281\">\n<h3 data-start=\"1283\" data-end=\"1310\"><strong data-start=\"1287\" data-end=\"1310\">Mechanizmus \u00fa\u010dinku<\/strong><\/h3>\n<p data-start=\"1312\" data-end=\"1405\">Semaglutid je navrhnut\u00fd tak, aby selekt\u00edvne aktivoval <strong data-start=\"1362\" data-end=\"1381\">receptory GLP-1<\/strong>, ktor\u00e9 sa podie\u013eaj\u00fa na:<\/p>\n<p data-start=\"1407\" data-end=\"1524\">\u2022 Inzul\u00ednovej signaliz\u00e1cii z\u00e1vislej od gluk\u00f3zy<br data-start=\"1444\" data-end=\"1447\">\u2022 V\u00fdskume regul\u00e1cie chuti do jedla a s\u00fdtosti<br data-start=\"1489\" data-end=\"1492\">\u2022 Modul\u00e1cii metabolick\u00fdch dr\u00e1h<\/p>\n<p data-start=\"1526\" data-end=\"1663\">T\u00e1to receptorovo selekt\u00edvna aktivita rob\u00ed zo semaglutidu \u0161iroko pou\u017e\u00edvan\u00fd n\u00e1stroj v laborat\u00f3rnom v\u00fdskume sk\u00famaj\u00facom endokrinn\u00e9 a metabolick\u00e9 procesy.<\/p>\n<hr data-start=\"1665\" data-end=\"1668\">\n<h3 data-start=\"1670\" data-end=\"1699\"><strong data-start=\"1674\" data-end=\"1699\">V\u00fdskumn\u00e9 aplik\u00e1cie<\/strong><\/h3>\n<p data-start=\"1701\" data-end=\"1762\">Semaglutid 5 mg sa be\u017ene pou\u017e\u00edva v laborat\u00f3rnom v\u00fdskume pre:<\/p>\n<p data-start=\"1764\" data-end=\"2041\">\u2022 \u0160t\u00fadie metabolizmu gluk\u00f3zy<br data-start=\"1792\" data-end=\"1795\">\u2022 V\u00fdskum citlivosti na inzul\u00edn<br data-start=\"1825\" data-end=\"1828\">\u2022 Modelovanie chuti do jedla a energetickej rovnov\u00e1hy<br data-start=\"1866\" data-end=\"1869\">\u2022 V\u00fdskum metabolick\u00fdch dr\u00e1h s\u00favisiacich s obezitou<br data-start=\"1913\" data-end=\"1916\">\u2022 Endokrinologick\u00e9 laborat\u00f3rne experimenty<br data-start=\"1954\" data-end=\"1957\">\u2022 Anal\u00fdzu v\u00e4zby na receptory a signaliz\u00e1cie<br data-start=\"1998\" data-end=\"2001\">\u2022 Laborat\u00f3rne vyhodnotenia d\u00e1vkovej odozvy<\/p>\n<p data-start=\"2043\" data-end=\"2163\">Jeho receptorovo \u0161pecifick\u00e1 aktivita umo\u017e\u0148uje v\u00fdskumn\u00edkom \u0161tudova\u0165 metabolick\u00e9 \u00fa\u010dinky sprostredkovan\u00e9 GLP-1 v kontrolovanom prostred\u00ed.<\/p>\n<hr data-start=\"2165\" data-end=\"2168\">\n<h3 data-start=\"2170\" data-end=\"2196\"><strong data-start=\"2174\" data-end=\"2196\">Vedeck\u00fd kontext<\/strong><\/h3>\n<p data-start=\"2198\" data-end=\"2457\">Agonisty receptora GLP-1, ako je semaglutid, s\u00fa vo v\u00fdskume \u0161iroko uv\u00e1dzan\u00e9 pre ich schopnos\u0165 modulova\u0165 metabolick\u00e9 dr\u00e1hy. Zl\u00fa\u010denina je obzvl\u00e1\u0161\u0165 relevantn\u00e1 pre \u0161t\u00fadie sk\u00famaj\u00face metabolick\u00fa regul\u00e1ciu zalo\u017een\u00fa na inkret\u00ednoch a s\u00favisiace endokrinn\u00e9 mechanizmy. <\/p>\n<p data-start=\"2459\" data-end=\"2620\">Semaglutid sa v metabolickom v\u00fdskume pova\u017euje za referen\u010dn\u00fd agonista receptora GLP-1 v\u010faka svojej vysokej receptorovej \u0161pecifickosti a dobre charakterizovan\u00e9mu signaliza\u010dn\u00e9mu profilu.<\/p>\n<hr data-start=\"2622\" data-end=\"2625\">\n<h3 data-start=\"2627\" data-end=\"2657\"><strong data-start=\"2631\" data-end=\"2657\">\u0160pecifik\u00e1cie produktu<\/strong><\/h3>\n<p data-start=\"2659\" data-end=\"2910\"><strong data-start=\"2659\" data-end=\"2676\">N\u00e1zov produktu:<\/strong> Semaglutid<br data-start=\"2688\" data-end=\"2691\"><strong data-start=\"2691\" data-end=\"2703\">Obsah:<\/strong> 5 mg na liekovku<br data-start=\"2717\" data-end=\"2720\"><strong data-start=\"2720\" data-end=\"2729\">Forma:<\/strong> Lyofilizovan\u00fd pr\u00e1\u0161ok<br data-start=\"2748\" data-end=\"2751\"><strong data-start=\"2751\" data-end=\"2761\">Trieda:<\/strong> Len na v\u00fdskumn\u00e9 \u00fa\u010dely<br data-start=\"2779\" data-end=\"2782\"><strong data-start=\"2782\" data-end=\"2793\">\u010cistota:<\/strong> Vysok\u00e1 laborat\u00f3rna \u010distota<br data-start=\"2822\" data-end=\"2825\"><strong data-start=\"2825\" data-end=\"2839\">Balenie:<\/strong> Steriln\u00e1 zape\u010daten\u00e1 sklenen\u00e1 liekovka<br data-start=\"2865\" data-end=\"2868\"><strong data-start=\"2868\" data-end=\"2880\">Skladovanie:<\/strong> Skladujte v chladni\u010dke pri 2 \u2013 8 \u00b0C<\/p>\n<hr data-start=\"2912\" data-end=\"2915\">\n<h3 data-start=\"2917\" data-end=\"2947\"><strong data-start=\"2921\" data-end=\"2947\">Stabilita a manipul\u00e1cia<\/strong><\/h3>\n<p data-start=\"2949\" data-end=\"3046\">Lyofilizovan\u00e1 forma zais\u0165uje dlhodob\u00fa stabilitu pri vhodn\u00fdch laborat\u00f3rnych podmienkach skladovania.<\/p>\n<p data-start=\"3048\" data-end=\"3080\">Odpor\u00fa\u010dan\u00e1 laborat\u00f3rna manipul\u00e1cia:<\/p>\n<p data-start=\"3082\" data-end=\"3227\">\u2022 Skladujte pri teplote 2 \u2013 8 \u00b0C<br data-start=\"3098\" data-end=\"3101\">\u2022 Chr\u00e1\u0148te pred svetlom a vlhkos\u0165ou<br data-start=\"3134\" data-end=\"3137\">\u2022 Vyhnite sa opakovan\u00fdm cyklom zmrazovania a rozmrazovania<br data-start=\"3172\" data-end=\"3175\">\u2022 Rekon\u0161tituujte v steriln\u00fdch laborat\u00f3rnych podmienkach<\/p>\n<p data-start=\"3229\" data-end=\"3318\">Spr\u00e1vna manipul\u00e1cia zachov\u00e1va \u0161truktur\u00e1lnu integritu a zais\u0165uje spo\u013eahliv\u00e9 experiment\u00e1lne v\u00fdsledky.<\/p>\n<hr data-start=\"3320\" data-end=\"3323\">\n<h3 data-start=\"3325\" data-end=\"3356\"><strong data-start=\"3329\" data-end=\"3356\">V\u00fdskumn\u00e1 klasifik\u00e1cia<\/strong><\/h3>\n<p data-start=\"3358\" data-end=\"3448\">Semaglutid je klasifikovan\u00fd ako v\u00fdskumn\u00e1 peptidov\u00e1 zl\u00fa\u010denina ur\u010den\u00e1 v\u00fdhradne na:<\/p>\n<p data-start=\"3450\" data-end=\"3573\">\u2022 In vitro laborat\u00f3rny v\u00fdskum<br data-start=\"3480\" data-end=\"3483\">\u2022 Analytick\u00e9 testovanie<br data-start=\"3503\" data-end=\"3506\">\u2022 Vedeck\u00e9 experimentovanie<br data-start=\"3534\" data-end=\"3537\">\u2022 Kontrolovan\u00e9 v\u00fdskumn\u00e9 aplik\u00e1cie<\/p>\n<p data-start=\"3575\" data-end=\"3648\">Nie je schv\u00e1len\u00fd na terapeutick\u00e9, diagnostick\u00e9, veterin\u00e1rne ani hum\u00e1nne pou\u017eitie.<\/p>\n<hr data-start=\"3650\" data-end=\"3653\">\n<h3 data-start=\"3655\" data-end=\"3679\"><strong data-start=\"3659\" data-end=\"3679\">D\u00f4le\u017eit\u00e9 upozornenie<\/strong><\/h3>\n<p data-start=\"3681\" data-end=\"3751\">Tento produkt sa pred\u00e1va v\u00fdlu\u010dne na laborat\u00f3rne v\u00fdskumn\u00e9 \u00fa\u010dely.<\/p>\n<p data-start=\"3753\" data-end=\"3939\">Nie je ur\u010den\u00fd na \u013eudsk\u00fa konzum\u00e1ciu, lek\u00e1rske pou\u017eitie alebo klinick\u00fa aplik\u00e1ciu. Zak\u00fapen\u00edm tohto produktu kupuj\u00faci potvrdzuje, \u017ee bude pou\u017eit\u00fd v\u00fdlu\u010dne na z\u00e1konn\u00fd vedeck\u00fd v\u00fdskum. <\/p>\n","protected":false},"excerpt":{"rendered":"<p>SEMA \u2013 Semaglutid 5 mg je testovan\u00fd a obsahuje po\u017eadovan\u00e9 mno\u017estvo l\u00e1tky najvy\u0161\u0161ej kvality:<\/p>\n<p><a style=\"color: #008000;\" href=\"https:\/\/slimex.to\/sk\/certifikacie\/\" target=\"_blank\" rel=\"noopener\">\u00bb V\u00fdsledky testov n\u00e1\u0161ho Semaglutide 5 mg<\/a><\/p>\n<p><strong>Semaglutid 5 mg<\/strong> je lyofilizovan\u00fd v\u00fdskumn\u00fd peptid s vysokou \u010distotou dod\u00e1van\u00fd v sterilnej sklenenej liekovke s obsahom 5 mg \u00fa\u010dinnej l\u00e1tky na liekovku. Semaglutid je siln\u00fd agonista receptora GLP-1, \u0161iroko sk\u00faman\u00fd v metabolickom a endokrinologickom v\u00fdskume. Tento produkt je ur\u010den\u00fd v\u00fdhradne na laborat\u00f3rne a vedeck\u00e9 v\u00fdskumn\u00e9 pou\u017eitie.  <\/p>\n<p><strong>Rekon\u0161tit\u00facia:<br \/>\n<\/strong>Pridajte 1,0 mL bakteriostatickej vody \u2192 5,0 mg pre optim\u00e1lnu koncentr\u00e1ciu.<br \/>\n<strong>Skladovanie po rekon\u0161tit\u00facii:<br \/>\n<\/strong>skladujte v chlade pri 2-8 \u00b0C a pou\u017eite do 4 t\u00fd\u017ed\u0148ov.<\/p>\n","protected":false},"featured_media":9247,"template":"","meta":{"inline_featured_image":false,"iawp_total_views":13},"product_brand":[],"product_cat":[111],"product_tag":[],"class_list":{"0":"post-9246","1":"product","2":"type-product","3":"status-publish","4":"has-post-thumbnail","6":"product_cat-peptidy","7":"tm-has-options","9":"first","10":"instock","11":"featured","12":"taxable","13":"shipping-taxable","14":"purchasable","15":"product-type-simple"},"yoast_head":"<!-- This site is optimized with the Yoast SEO Premium plugin v27.2 (Yoast SEO v27.5) - https:\/\/yoast.com\/product\/yoast-seo-premium-wordpress\/ -->\n<title>Semaglutid 5 mg | Vysoko\u010dist\u00fd v\u00fdskumn\u00fd peptid<\/title>\n<meta name=\"description\" content=\"K\u00fapte si semaglutid 5 mg, vysoko\u010dist\u00fd v\u00fdskumn\u00fd peptid. Agonista GLP-1 receptora ur\u010den\u00fd len na laborat\u00f3rny a metabolick\u00fd v\u00fdskum.\" \/>\n<meta name=\"robots\" content=\"index, follow, max-snippet:-1, max-image-preview:large, max-video-preview:-1\" \/>\n<link rel=\"canonical\" href=\"https:\/\/slimex.to\/sk\/produkt\/sema-semaglutid-5-mg\/\" \/>\n<meta property=\"og:locale\" content=\"sk_SK\" \/>\n<meta property=\"og:type\" content=\"article\" \/>\n<meta property=\"og:title\" content=\"SEMA \u2013 Semaglutid 5 mg\" \/>\n<meta property=\"og:description\" content=\"K\u00fapte si semaglutid 5 mg, vysoko\u010dist\u00fd v\u00fdskumn\u00fd peptid. Agonista GLP-1 receptora ur\u010den\u00fd len na laborat\u00f3rny a metabolick\u00fd v\u00fdskum.\" \/>\n<meta property=\"og:url\" content=\"https:\/\/slimex.to\/sk\/produkt\/sema-semaglutid-5-mg\/\" \/>\n<meta property=\"og:site_name\" content=\"SLIMEX\" \/>\n<meta property=\"article:modified_time\" content=\"2026-04-16T19:17:00+00:00\" \/>\n<meta property=\"og:image\" content=\"https:\/\/slimex.to\/wp-content\/uploads\/2026\/03\/sema5-vial-white.png\" \/>\n\t<meta property=\"og:image:width\" content=\"1024\" \/>\n\t<meta property=\"og:image:height\" content=\"1024\" \/>\n\t<meta property=\"og:image:type\" content=\"image\/png\" \/>\n<meta name=\"twitter:card\" content=\"summary_large_image\" \/>\n<meta name=\"twitter:label1\" content=\"Cena\" \/>\n\t<meta name=\"twitter:data1\" content=\"89,90&nbsp;&euro;\" \/>\n\t<meta name=\"twitter:label2\" content=\"Dostupnos\u0165\" \/>\n\t<meta name=\"twitter:data2\" content=\"Na sklade\" \/>\n<script type=\"application\/ld+json\" class=\"yoast-schema-graph\">{\"@context\":\"https:\\\/\\\/schema.org\",\"@graph\":[{\"@type\":\"WebPage\",\"@id\":\"https:\\\/\\\/slimex.to\\\/sk\\\/produkt\\\/sema-semaglutid-5-mg\\\/\",\"url\":\"https:\\\/\\\/slimex.to\\\/sk\\\/produkt\\\/sema-semaglutid-5-mg\\\/\",\"name\":\"Semaglutid 5 mg | Vysoko\u010dist\u00fd v\u00fdskumn\u00fd peptid\",\"isPartOf\":{\"@id\":\"https:\\\/\\\/slimex.to\\\/sk\\\/#website\"},\"primaryImageOfPage\":{\"@id\":\"https:\\\/\\\/slimex.to\\\/sk\\\/produkt\\\/sema-semaglutid-5-mg\\\/#primaryimage\"},\"image\":{\"@id\":\"https:\\\/\\\/slimex.to\\\/sk\\\/produkt\\\/sema-semaglutid-5-mg\\\/#primaryimage\"},\"thumbnailUrl\":\"https:\\\/\\\/slimex.to\\\/wp-content\\\/uploads\\\/2026\\\/03\\\/sema5-vial-white.png\",\"datePublished\":\"2026-02-22T12:59:38+00:00\",\"dateModified\":\"2026-04-16T19:17:00+00:00\",\"description\":\"K\u00fapte si semaglutid 5 mg, vysoko\u010dist\u00fd v\u00fdskumn\u00fd peptid. Agonista GLP-1 receptora ur\u010den\u00fd len na laborat\u00f3rny a metabolick\u00fd v\u00fdskum.\",\"breadcrumb\":{\"@id\":\"https:\\\/\\\/slimex.to\\\/sk\\\/produkt\\\/sema-semaglutid-5-mg\\\/#breadcrumb\"},\"inLanguage\":\"sk-SK\",\"potentialAction\":[{\"@type\":\"ReadAction\",\"target\":[\"https:\\\/\\\/slimex.to\\\/sk\\\/produkt\\\/sema-semaglutid-5-mg\\\/\"]}]},{\"@type\":\"ImageObject\",\"inLanguage\":\"sk-SK\",\"@id\":\"https:\\\/\\\/slimex.to\\\/sk\\\/produkt\\\/sema-semaglutid-5-mg\\\/#primaryimage\",\"url\":\"https:\\\/\\\/slimex.to\\\/wp-content\\\/uploads\\\/2026\\\/03\\\/sema5-vial-white.png\",\"contentUrl\":\"https:\\\/\\\/slimex.to\\\/wp-content\\\/uploads\\\/2026\\\/03\\\/sema5-vial-white.png\",\"width\":1024,\"height\":1024},{\"@type\":\"BreadcrumbList\",\"@id\":\"https:\\\/\\\/slimex.to\\\/sk\\\/produkt\\\/sema-semaglutid-5-mg\\\/#breadcrumb\",\"itemListElement\":[{\"@type\":\"ListItem\",\"position\":1,\"name\":\"Home\",\"item\":\"https:\\\/\\\/slimex.to\\\/sk\\\/domov\\\/\"},{\"@type\":\"ListItem\",\"position\":2,\"name\":\"Obchod\",\"item\":\"https:\\\/\\\/slimex.to\\\/sk\\\/obchod\\\/\"},{\"@type\":\"ListItem\",\"position\":3,\"name\":\"SEMA \u2013 Semaglutid 5 mg\"}]},{\"@type\":\"WebSite\",\"@id\":\"https:\\\/\\\/slimex.to\\\/sk\\\/#website\",\"url\":\"https:\\\/\\\/slimex.to\\\/sk\\\/\",\"name\":\"SLIMEX\",\"description\":\"Highest Quality Peptides\",\"publisher\":{\"@id\":\"https:\\\/\\\/slimex.to\\\/sk\\\/#organization\"},\"potentialAction\":[{\"@type\":\"SearchAction\",\"target\":{\"@type\":\"EntryPoint\",\"urlTemplate\":\"https:\\\/\\\/slimex.to\\\/sk\\\/?s={search_term_string}\"},\"query-input\":{\"@type\":\"PropertyValueSpecification\",\"valueRequired\":true,\"valueName\":\"search_term_string\"}}],\"inLanguage\":\"sk-SK\"},{\"@type\":[\"Organization\",\"Place\",\"MedicalOrganization\"],\"@id\":\"https:\\\/\\\/slimex.to\\\/sk\\\/#organization\",\"name\":\"SLIMEX\",\"alternateName\":\"SLIMEX\",\"url\":\"https:\\\/\\\/slimex.to\\\/sk\\\/\",\"logo\":{\"@id\":\"https:\\\/\\\/slimex.to\\\/sk\\\/produkt\\\/sema-semaglutid-5-mg\\\/#local-main-organization-logo\"},\"image\":{\"@id\":\"https:\\\/\\\/slimex.to\\\/sk\\\/produkt\\\/sema-semaglutid-5-mg\\\/#local-main-organization-logo\"},\"description\":\"We are a medical online provider specializing in research peptides, including retatrutide, delivered with a focus on safety, quality, and evidence-based care.\",\"legalName\":\"CREDIT CREW s.r.o.\",\"foundingDate\":\"2024-08-20\",\"numberOfEmployees\":{\"@type\":\"QuantitativeValue\",\"minValue\":\"11\",\"maxValue\":\"50\"},\"address\":{\"@id\":\"https:\\\/\\\/slimex.to\\\/sk\\\/produkt\\\/sema-semaglutid-5-mg\\\/#local-main-place-address\"},\"telephone\":[],\"contactPoint\":{\"@type\":\"ContactPoint\",\"email\":\"info@slimex.to\"},\"openingHoursSpecification\":[],\"email\":\"info@slimex.to\",\"areaServed\":\"Europe\"},{\"@type\":\"PostalAddress\",\"@id\":\"https:\\\/\\\/slimex.to\\\/sk\\\/produkt\\\/sema-semaglutid-5-mg\\\/#local-main-place-address\",\"streetAddress\":\"Rybn\u00e1 716\\\/24\",\"addressLocality\":\"Prague\",\"postalCode\":\"11000\",\"addressRegion\":\"Czech republic\",\"addressCountry\":\"CZ\"},{\"@type\":\"ImageObject\",\"inLanguage\":\"sk-SK\",\"@id\":\"https:\\\/\\\/slimex.to\\\/sk\\\/produkt\\\/sema-semaglutid-5-mg\\\/#local-main-organization-logo\",\"url\":\"https:\\\/\\\/slimex.to\\\/wp-content\\\/uploads\\\/2026\\\/01\\\/slimex-logo.png\",\"contentUrl\":\"https:\\\/\\\/slimex.to\\\/wp-content\\\/uploads\\\/2026\\\/01\\\/slimex-logo.png\",\"width\":725,\"height\":194,\"caption\":\"SLIMEX\"}]}<\/script>\n<meta property=\"product:price:amount\" content=\"89.90\" \/>\n<meta property=\"product:price:currency\" content=\"EUR\" \/>\n<meta property=\"og:availability\" content=\"instock\" \/>\n<meta property=\"product:availability\" content=\"instock\" \/>\n<meta property=\"product:retailer_item_id\" content=\"SEMA5\" \/>\n<meta property=\"product:condition\" content=\"new\" \/>\n<meta name=\"geo.placename\" content=\"Prague\" \/>\n<meta name=\"geo.region\" content=\"\u010cesk\u00e1 republika\" \/>\n<!-- \/ Yoast SEO Premium plugin. -->","yoast_head_json":{"title":"Semaglutid 5 mg | Vysoko\u010dist\u00fd v\u00fdskumn\u00fd peptid","description":"K\u00fapte si semaglutid 5 mg, vysoko\u010dist\u00fd v\u00fdskumn\u00fd peptid. Agonista GLP-1 receptora ur\u010den\u00fd len na laborat\u00f3rny a metabolick\u00fd v\u00fdskum.","robots":{"index":"index","follow":"follow","max-snippet":"max-snippet:-1","max-image-preview":"max-image-preview:large","max-video-preview":"max-video-preview:-1"},"canonical":"https:\/\/slimex.to\/sk\/produkt\/sema-semaglutid-5-mg\/","og_locale":"sk_SK","og_type":"article","og_title":"SEMA \u2013 Semaglutid 5 mg","og_description":"K\u00fapte si semaglutid 5 mg, vysoko\u010dist\u00fd v\u00fdskumn\u00fd peptid. Agonista GLP-1 receptora ur\u010den\u00fd len na laborat\u00f3rny a metabolick\u00fd v\u00fdskum.","og_url":"https:\/\/slimex.to\/sk\/produkt\/sema-semaglutid-5-mg\/","og_site_name":"SLIMEX","article_modified_time":"2026-04-16T19:17:00+00:00","og_image":[{"width":1024,"height":1024,"url":"https:\/\/slimex.to\/wp-content\/uploads\/2026\/03\/sema5-vial-white.png","type":"image\/png"}],"twitter_card":"summary_large_image","twitter_misc":{"Cena":"89,90&nbsp;&euro;","Dostupnos\u0165":"Na sklade"},"schema":{"@context":"https:\/\/schema.org","@graph":[{"@type":"WebPage","@id":"https:\/\/slimex.to\/sk\/produkt\/sema-semaglutid-5-mg\/","url":"https:\/\/slimex.to\/sk\/produkt\/sema-semaglutid-5-mg\/","name":"Semaglutid 5 mg | Vysoko\u010dist\u00fd v\u00fdskumn\u00fd peptid","isPartOf":{"@id":"https:\/\/slimex.to\/sk\/#website"},"primaryImageOfPage":{"@id":"https:\/\/slimex.to\/sk\/produkt\/sema-semaglutid-5-mg\/#primaryimage"},"image":{"@id":"https:\/\/slimex.to\/sk\/produkt\/sema-semaglutid-5-mg\/#primaryimage"},"thumbnailUrl":"https:\/\/slimex.to\/wp-content\/uploads\/2026\/03\/sema5-vial-white.png","datePublished":"2026-02-22T12:59:38+00:00","dateModified":"2026-04-16T19:17:00+00:00","description":"K\u00fapte si semaglutid 5 mg, vysoko\u010dist\u00fd v\u00fdskumn\u00fd peptid. Agonista GLP-1 receptora ur\u010den\u00fd len na laborat\u00f3rny a metabolick\u00fd v\u00fdskum.","breadcrumb":{"@id":"https:\/\/slimex.to\/sk\/produkt\/sema-semaglutid-5-mg\/#breadcrumb"},"inLanguage":"sk-SK","potentialAction":[{"@type":"ReadAction","target":["https:\/\/slimex.to\/sk\/produkt\/sema-semaglutid-5-mg\/"]}]},{"@type":"ImageObject","inLanguage":"sk-SK","@id":"https:\/\/slimex.to\/sk\/produkt\/sema-semaglutid-5-mg\/#primaryimage","url":"https:\/\/slimex.to\/wp-content\/uploads\/2026\/03\/sema5-vial-white.png","contentUrl":"https:\/\/slimex.to\/wp-content\/uploads\/2026\/03\/sema5-vial-white.png","width":1024,"height":1024},{"@type":"BreadcrumbList","@id":"https:\/\/slimex.to\/sk\/produkt\/sema-semaglutid-5-mg\/#breadcrumb","itemListElement":[{"@type":"ListItem","position":1,"name":"Home","item":"https:\/\/slimex.to\/sk\/domov\/"},{"@type":"ListItem","position":2,"name":"Obchod","item":"https:\/\/slimex.to\/sk\/obchod\/"},{"@type":"ListItem","position":3,"name":"SEMA \u2013 Semaglutid 5 mg"}]},{"@type":"WebSite","@id":"https:\/\/slimex.to\/sk\/#website","url":"https:\/\/slimex.to\/sk\/","name":"SLIMEX","description":"Highest Quality Peptides","publisher":{"@id":"https:\/\/slimex.to\/sk\/#organization"},"potentialAction":[{"@type":"SearchAction","target":{"@type":"EntryPoint","urlTemplate":"https:\/\/slimex.to\/sk\/?s={search_term_string}"},"query-input":{"@type":"PropertyValueSpecification","valueRequired":true,"valueName":"search_term_string"}}],"inLanguage":"sk-SK"},{"@type":["Organization","Place","MedicalOrganization"],"@id":"https:\/\/slimex.to\/sk\/#organization","name":"SLIMEX","alternateName":"SLIMEX","url":"https:\/\/slimex.to\/sk\/","logo":{"@id":"https:\/\/slimex.to\/sk\/produkt\/sema-semaglutid-5-mg\/#local-main-organization-logo"},"image":{"@id":"https:\/\/slimex.to\/sk\/produkt\/sema-semaglutid-5-mg\/#local-main-organization-logo"},"description":"We are a medical online provider specializing in research peptides, including retatrutide, delivered with a focus on safety, quality, and evidence-based care.","legalName":"CREDIT CREW s.r.o.","foundingDate":"2024-08-20","numberOfEmployees":{"@type":"QuantitativeValue","minValue":"11","maxValue":"50"},"address":{"@id":"https:\/\/slimex.to\/sk\/produkt\/sema-semaglutid-5-mg\/#local-main-place-address"},"telephone":[],"contactPoint":{"@type":"ContactPoint","email":"info@slimex.to"},"openingHoursSpecification":[],"email":"info@slimex.to","areaServed":"Europe"},{"@type":"PostalAddress","@id":"https:\/\/slimex.to\/sk\/produkt\/sema-semaglutid-5-mg\/#local-main-place-address","streetAddress":"Rybn\u00e1 716\/24","addressLocality":"Prague","postalCode":"11000","addressRegion":"Czech republic","addressCountry":"CZ"},{"@type":"ImageObject","inLanguage":"sk-SK","@id":"https:\/\/slimex.to\/sk\/produkt\/sema-semaglutid-5-mg\/#local-main-organization-logo","url":"https:\/\/slimex.to\/wp-content\/uploads\/2026\/01\/slimex-logo.png","contentUrl":"https:\/\/slimex.to\/wp-content\/uploads\/2026\/01\/slimex-logo.png","width":725,"height":194,"caption":"SLIMEX"}]},"product_price_amount":"89.90","product_price_currency":"EUR","og_availability":"instock","product_availability":"instock","product_retailer_item_id":"SEMA5","product_condition":"new","geo.placename":"Prague","geo.region":"\u010cesk\u00e1 republika"},"_links":{"self":[{"href":"https:\/\/slimex.to\/sk\/wp-json\/wp\/v2\/product\/9246","targetHints":{"allow":["GET"]}}],"collection":[{"href":"https:\/\/slimex.to\/sk\/wp-json\/wp\/v2\/product"}],"about":[{"href":"https:\/\/slimex.to\/sk\/wp-json\/wp\/v2\/types\/product"}],"wp:featuredmedia":[{"embeddable":true,"href":"https:\/\/slimex.to\/sk\/wp-json\/wp\/v2\/media\/9247"}],"wp:attachment":[{"href":"https:\/\/slimex.to\/sk\/wp-json\/wp\/v2\/media?parent=9246"}],"wp:term":[{"taxonomy":"product_brand","embeddable":true,"href":"https:\/\/slimex.to\/sk\/wp-json\/wp\/v2\/product_brand?post=9246"},{"taxonomy":"product_cat","embeddable":true,"href":"https:\/\/slimex.to\/sk\/wp-json\/wp\/v2\/product_cat?post=9246"},{"taxonomy":"product_tag","embeddable":true,"href":"https:\/\/slimex.to\/sk\/wp-json\/wp\/v2\/product_tag?post=9246"}],"curies":[{"name":"wp","href":"https:\/\/api.w.org\/{rel}","templated":true}]}}